{"id":86,"date":"2020-07-22T23:12:47","date_gmt":"2020-07-23T02:12:47","guid":{"rendered":"https:\/\/wp.ufpel.edu.br\/folkcovid\/?page_id=86"},"modified":"2022-03-06T20:08:44","modified_gmt":"2022-03-06T23:08:44","slug":"publicacoes","status":"publish","type":"page","link":"https:\/\/wp.ufpel.edu.br\/folkcovid\/publicacoes\/","title":{"rendered":"PUBLICA\u00c7\u00d5ES"},"content":{"rendered":"<p><a href=\"https:\/\/cti.ufpel.edu.br\/siepe\/arquivos\/2020\/LA_02155.pdf\">XXIX CIC &#8211; CONCRESSO DE INICIA\u00c7\u00c3O CIENTIFICA UFPEL 2020 &#8211; APRESENTANDO O PROJETO FOLK COVID: DIAGN\u00d3STICO INTERNACIONAL SOBRE OS IMPACTOS DA PANDEMIA DO COVID-19 EM CONTEXTOS FOLCL\u00d3RICOS<\/a><\/p>\n<p><a href=\"https:\/\/proceedings.science\/proceedings\/100172\/_papers\/129627\/download\/fulltext_file3\">VI CONGRESSO NACIONAL DE PESQUISADORES EM DAN\u00c7A 2021 &#8211; ANDA\u00a0<\/a><\/p>\n<p><a href=\"https:\/\/cti.ufpel.edu.br\/siepe\/arquivos\/2021\/LA_02646.pdf\">XXX CIC &#8211; CONGRESSO DE INICIA\u00c7\u00c3O CIENTIFICA 2021 &#8211;\u00a0 PRIMEIROS RESULTADOS DO PROJETO FOLK COVID: DIAGN\u00d3STICO INTERNACIONAL SOBRE OS IMPACTOS DA PANDEMIA DO COVID-19 EM CONTEXTOS<\/a><\/p>\n<p>&nbsp;<\/p>\n","protected":false},"excerpt":{"rendered":"<p>XXIX CIC &#8211; CONCRESSO DE INICIA\u00c7\u00c3O CIENTIFICA UFPEL 2020 &#8211; APRESENTANDO O PROJETO FOLK COVID: DIAGN\u00d3STICO INTERNACIONAL SOBRE OS IMPACTOS DA PANDEMIA DO COVID-19 EM CONTEXTOS FOLCL\u00d3RICOS VI CONGRESSO NACIONAL DE PESQUISADORES EM DAN\u00c7A 2021 &#8211; ANDA\u00a0 XXX CIC &#8211; CONGRESSO DE INICIA\u00c7\u00c3O CIENTIFICA 2021 &#8211;\u00a0 PRIMEIROS RESULTADOS DO PROJETO FOLK COVID: DIAGN\u00d3STICO INTERNACIONAL SOBRE &hellip; <a href=\"https:\/\/wp.ufpel.edu.br\/folkcovid\/publicacoes\/\" class=\"more-link\">Continuar lendo <span class=\"screen-reader-text\">PUBLICA\u00c7\u00d5ES<\/span><\/a><\/p>\n","protected":false},"author":1013,"featured_media":0,"parent":0,"menu_order":0,"comment_status":"closed","ping_status":"closed","template":"","meta":{"footnotes":""},"class_list":["post-86","page","type-page","status-publish","hentry"],"_links":{"self":[{"href":"https:\/\/wp.ufpel.edu.br\/folkcovid\/wp-json\/wp\/v2\/pages\/86","targetHints":{"allow":["GET"]}}],"collection":[{"href":"https:\/\/wp.ufpel.edu.br\/folkcovid\/wp-json\/wp\/v2\/pages"}],"about":[{"href":"https:\/\/wp.ufpel.edu.br\/folkcovid\/wp-json\/wp\/v2\/types\/page"}],"author":[{"embeddable":true,"href":"https:\/\/wp.ufpel.edu.br\/folkcovid\/wp-json\/wp\/v2\/users\/1013"}],"replies":[{"embeddable":true,"href":"https:\/\/wp.ufpel.edu.br\/folkcovid\/wp-json\/wp\/v2\/comments?post=86"}],"version-history":[{"count":4,"href":"https:\/\/wp.ufpel.edu.br\/folkcovid\/wp-json\/wp\/v2\/pages\/86\/revisions"}],"predecessor-version":[{"id":555,"href":"https:\/\/wp.ufpel.edu.br\/folkcovid\/wp-json\/wp\/v2\/pages\/86\/revisions\/555"}],"wp:attachment":[{"href":"https:\/\/wp.ufpel.edu.br\/folkcovid\/wp-json\/wp\/v2\/media?parent=86"}],"curies":[{"name":"wp","href":"https:\/\/api.w.org\/{rel}","templated":true}]}}