{"id":57,"date":"2020-07-22T22:41:23","date_gmt":"2020-07-23T01:41:23","guid":{"rendered":"https:\/\/wp.ufpel.edu.br\/folkcovid\/?page_id=57"},"modified":"2020-12-23T14:51:13","modified_gmt":"2020-12-23T17:51:13","slug":"projeto","status":"publish","type":"page","link":"https:\/\/wp.ufpel.edu.br\/folkcovid\/projeto\/","title":{"rendered":"PROJETO"},"content":{"rendered":"<p style=\"text-align: justify\">O presente projeto de pesquisa se constitui em uma a\u00e7\u00e3o universit\u00e1ria de investiga\u00e7\u00e3o do cen\u00e1rio afetado pela Pandemia do COVID-19, mediante a an\u00e1lise de contextos folcl\u00f3ricos em diferentes pa\u00edses e continentes. A a\u00e7\u00e3o \u00e9 promovida pela <a href=\"https:\/\/portal.ufpel.edu.br\/\">Universidade Federal de Pelotas<\/a>, por meio do Grupo de Pesquisa <a href=\"https:\/\/wp.ufpel.edu.br\/omega\/o-grupo\/\">OMEGA \u2013 Observat\u00f3rio de Mem\u00f3ria, Educa\u00e7\u00e3o, Gesto e Arte<\/a> e do <a href=\"https:\/\/wp.ufpel.edu.br\/nufolk\/\">N\u00facleo de Folclore da UFPel \u2013 NUFOLK<\/a> (Centro de Artes), em parceria com a <a href=\"http:\/\/www.abrasoffa.org.br\/\">ABRASOFFA \u2013 Associa\u00e7\u00e3o Brasileira de Organizadores de Festivais de Folclore e Artes Populares<\/a> (S\u00e3o Paulo) e com apoio de diferentes universidades e institui\u00e7\u00f5es dentro e fora do Brasil como a <a href=\"https:\/\/www.furb.br\/\">FURB &#8211; Universidade Regional de Blumenau<\/a> (Santa Catarina), a <a href=\"http:\/\/www.upv.es\/\">UPV &#8211; Universitat Polit\u00e8cnica de Val\u00e8ncia<\/a> (Espanha), a <a href=\"http:\/\/abambae.blogspot.com\/\">Abamba\u00e9 Companhia de Dan\u00e7as Brasileiras<\/a> (Pelotas\/RS) e a <a href=\"https:\/\/www.instagram.com\/encuentroamericaunida\/\">Asociaci\u00f3n Civil Am\u00e9rica Unida<\/a> (Ciudad del Plata\/Uruguai). O estudo visa mapear, analisar e refletir sobre os impactos da Pandemia do Covid 19 em contextos folcl\u00f3ricos, especialmente no que se refere \u00e0 realiza\u00e7\u00e3o e\/ou adapta\u00e7\u00e3o dos mesmos, sua continuidade e\/ou postergamento, bem como refletir acerca dos poss\u00edveis impactos sofridos e a proje\u00e7\u00e3o de desdobramentos para o futuro. Trata-se de uma<br \/>\npesquisa quanti-qualitativa com realiza\u00e7\u00e3o de uma enquete on line para contatar agentes que atuam em contextos folcl\u00f3ricos, no Brasil e no exterior, de modo a coletar dados para posterior tabula\u00e7\u00e3o, an\u00e1lise e difus\u00e3o\/publica\u00e7\u00e3o, em torno de quest\u00f5es que envolvem os impactos sofridos pela Pandemia do Covid-19. Este projeto foi aprovado pelo Comit\u00ea de \u00c9tica em Pesquisa (UFPel\/Plataforma Brasil) sob CAAE n\u00ba 39669720.2.0000.5317.<\/p>\n<p style=\"text-align: justify\"><strong>Palavras-chave<\/strong>:<\/p>\n<p style=\"text-align: justify\">Covid-19 &#8211; Impactos da Pandemia &#8211; Gest\u00e3o de Eventos &#8211; Folclore e<br \/>\nArtes Populares<\/p>\n","protected":false},"excerpt":{"rendered":"<p>O presente projeto de pesquisa se constitui em uma a\u00e7\u00e3o universit\u00e1ria de investiga\u00e7\u00e3o do cen\u00e1rio afetado pela Pandemia do COVID-19, mediante a an\u00e1lise de contextos folcl\u00f3ricos em diferentes pa\u00edses e continentes. A a\u00e7\u00e3o \u00e9 promovida pela Universidade Federal de Pelotas, por meio do Grupo de Pesquisa OMEGA \u2013 Observat\u00f3rio de Mem\u00f3ria, Educa\u00e7\u00e3o, Gesto e Arte &hellip; <a href=\"https:\/\/wp.ufpel.edu.br\/folkcovid\/projeto\/\" class=\"more-link\">Continuar lendo <span class=\"screen-reader-text\">PROJETO<\/span><\/a><\/p>\n","protected":false},"author":1013,"featured_media":0,"parent":0,"menu_order":0,"comment_status":"closed","ping_status":"closed","template":"","meta":{"footnotes":""},"class_list":["post-57","page","type-page","status-publish","hentry"],"_links":{"self":[{"href":"https:\/\/wp.ufpel.edu.br\/folkcovid\/wp-json\/wp\/v2\/pages\/57","targetHints":{"allow":["GET"]}}],"collection":[{"href":"https:\/\/wp.ufpel.edu.br\/folkcovid\/wp-json\/wp\/v2\/pages"}],"about":[{"href":"https:\/\/wp.ufpel.edu.br\/folkcovid\/wp-json\/wp\/v2\/types\/page"}],"author":[{"embeddable":true,"href":"https:\/\/wp.ufpel.edu.br\/folkcovid\/wp-json\/wp\/v2\/users\/1013"}],"replies":[{"embeddable":true,"href":"https:\/\/wp.ufpel.edu.br\/folkcovid\/wp-json\/wp\/v2\/comments?post=57"}],"version-history":[{"count":8,"href":"https:\/\/wp.ufpel.edu.br\/folkcovid\/wp-json\/wp\/v2\/pages\/57\/revisions"}],"predecessor-version":[{"id":435,"href":"https:\/\/wp.ufpel.edu.br\/folkcovid\/wp-json\/wp\/v2\/pages\/57\/revisions\/435"}],"wp:attachment":[{"href":"https:\/\/wp.ufpel.edu.br\/folkcovid\/wp-json\/wp\/v2\/media?parent=57"}],"curies":[{"name":"wp","href":"https:\/\/api.w.org\/{rel}","templated":true}]}}