{"id":488,"date":"2020-12-28T16:04:13","date_gmt":"2020-12-28T19:04:13","guid":{"rendered":"https:\/\/wp.ufpel.edu.br\/folkcovid\/?page_id=488"},"modified":"2020-12-28T16:43:41","modified_gmt":"2020-12-28T19:43:41","slug":"metas","status":"publish","type":"page","link":"https:\/\/wp.ufpel.edu.br\/folkcovid\/es\/metas\/","title":{"rendered":"METAS"},"content":{"rendered":"<p><strong>OBJETIVO GENERAL<\/strong><\/p>\n<ul>\n<li>Mapear, analizar y reflexionar sobre los impactos de la pandemia Covid-19 en contextos folkl\u00f3ricos.<\/li>\n<\/ul>\n<p><strong>OBJETIVOS ESPEC\u00cdFICOS<\/strong><\/p>\n<ul>\n<li>Identificar eventos populares programados para 2020 y 2021, centrarse en festivales de folklore y exposiciones de arte tradicional;<\/li>\n<li>Recopilar informaci\u00f3n sobre las caracter\u00edsticas y el rendimiento de los festivales de folklore y muestras de arte tradicional en los a\u00f1os identificados;<\/li>\n<li>Detectar posibles desarrollos generados por la pandemia Covid-19 en estos eventos y su continuidad;<\/li>\n<li>Percibir y comprender aspectos socioecon\u00f3micos, art\u00edstico-culturales, tur\u00edsticos, problemas pol\u00edticos y emocionales derivados del contexto pand\u00e9mico en el panorama de eventos. folklore mapeado;<\/li>\n<li>Difundir el proyecto y sus resultados en diferentes frentes, a trav\u00e9s de informes y publicaciones acad\u00e9micas que reflejan y presentan los resultados desarrollados.<\/li>\n<\/ul>\n","protected":false},"excerpt":{"rendered":"<p>OBJETIVO GENERAL Mapear, analizar y reflexionar sobre los impactos de la pandemia Covid-19 en contextos folkl\u00f3ricos. OBJETIVOS ESPEC\u00cdFICOS Identificar eventos populares programados para 2020 y 2021, centrarse en festivales de folklore y exposiciones de arte tradicional; Recopilar informaci\u00f3n sobre las caracter\u00edsticas y el rendimiento de los festivales de folklore y muestras de arte tradicional en &hellip; <a href=\"https:\/\/wp.ufpel.edu.br\/folkcovid\/es\/metas\/\" class=\"more-link\">Continuar lendo <span class=\"screen-reader-text\">METAS<\/span><\/a><\/p>\n","protected":false},"author":1013,"featured_media":0,"parent":0,"menu_order":0,"comment_status":"closed","ping_status":"closed","template":"","meta":{"footnotes":""},"class_list":["post-488","page","type-page","status-publish","hentry"],"_links":{"self":[{"href":"https:\/\/wp.ufpel.edu.br\/folkcovid\/wp-json\/wp\/v2\/pages\/488","targetHints":{"allow":["GET"]}}],"collection":[{"href":"https:\/\/wp.ufpel.edu.br\/folkcovid\/wp-json\/wp\/v2\/pages"}],"about":[{"href":"https:\/\/wp.ufpel.edu.br\/folkcovid\/wp-json\/wp\/v2\/types\/page"}],"author":[{"embeddable":true,"href":"https:\/\/wp.ufpel.edu.br\/folkcovid\/wp-json\/wp\/v2\/users\/1013"}],"replies":[{"embeddable":true,"href":"https:\/\/wp.ufpel.edu.br\/folkcovid\/wp-json\/wp\/v2\/comments?post=488"}],"version-history":[{"count":3,"href":"https:\/\/wp.ufpel.edu.br\/folkcovid\/wp-json\/wp\/v2\/pages\/488\/revisions"}],"predecessor-version":[{"id":513,"href":"https:\/\/wp.ufpel.edu.br\/folkcovid\/wp-json\/wp\/v2\/pages\/488\/revisions\/513"}],"wp:attachment":[{"href":"https:\/\/wp.ufpel.edu.br\/folkcovid\/wp-json\/wp\/v2\/media?parent=488"}],"curies":[{"name":"wp","href":"https:\/\/api.w.org\/{rel}","templated":true}]}}