{"id":472,"date":"2020-12-28T15:58:43","date_gmt":"2020-12-28T18:58:43","guid":{"rendered":"https:\/\/wp.ufpel.edu.br\/folkcovid\/?page_id=472"},"modified":"2020-12-28T16:27:33","modified_gmt":"2020-12-28T19:27:33","slug":"calendario","status":"publish","type":"page","link":"https:\/\/wp.ufpel.edu.br\/folkcovid\/es\/calendario\/","title":{"rendered":"PROGRAMA"},"content":{"rendered":"<p><strong>PROGRAMA<\/strong> (Previsi\u00f3n: a\u00f1o-mes \/ etapa)<\/p>\n<p>&nbsp;<\/p>\n<p><strong>2020<\/strong><\/p>\n<p>Octubre: Presentaci\u00f3n al Comit\u00e9 de \u00c9tica;<\/p>\n<p>Octubre y noviembre: producci\u00f3n y validaci\u00f3n de instrumentos de recolecci\u00f3n;<\/p>\n<p>Noviembre: mapeamento de contextos populares;<\/p>\n<p>Diciembre: Producci\u00f3n y Mantenimiento de las Herramientas de Difusi\u00f3n (sitio web, plataformas de redes sociales, etc.);<\/p>\n<p>&nbsp;<\/p>\n<p><strong>2021<\/strong><\/p>\n<p>Enero a marzo: recopilaci\u00f3n de datos;<\/p>\n<p>Abril y mayo: tabulaci\u00f3n y tratamiento de los datos recopilados;<\/p>\n<p>Junio \u200b\u200by julio: An\u00e1lisis de datos cuantitativos &#8211; 1a fase;<\/p>\n<p>Agosto: Divulgaci\u00f3n de los resultados del an\u00e1lisis de datos cuantitativos &#8211; Primera fase;<\/p>\n<p>Septiembre a diciembre: An\u00e1lisis de datos cualitativos &#8211; 2da fase;<\/p>\n<p>Diciembre: Divulgaci\u00f3n de los resultados del an\u00e1lisis de datos cualitativos &#8211; 2da fase;<\/p>\n<p>&nbsp;<\/p>\n<p><strong>2022<\/strong><\/p>\n<p>Enero a marzo: elaboraci\u00f3n del informe de investigaci\u00f3n;<\/p>\n<p>Marzo a julio: Redacci\u00f3n de textos cient\u00edficos y env\u00edo para publicaci\u00f3n en revistas y eventos cient\u00edficos;<\/p>\n<p>Julio: regreso a los contextos investigados y finalizaci\u00f3n del proyecto.<\/p>\n<p>&nbsp;<\/p>\n","protected":false},"excerpt":{"rendered":"<p>PROGRAMA (Previsi\u00f3n: a\u00f1o-mes \/ etapa) &nbsp; 2020 Octubre: Presentaci\u00f3n al Comit\u00e9 de \u00c9tica; Octubre y noviembre: producci\u00f3n y validaci\u00f3n de instrumentos de recolecci\u00f3n; Noviembre: mapeamento de contextos populares; Diciembre: Producci\u00f3n y Mantenimiento de las Herramientas de Difusi\u00f3n (sitio web, plataformas de redes sociales, etc.); &nbsp; 2021 Enero a marzo: recopilaci\u00f3n de datos; Abril y mayo: &hellip; <a href=\"https:\/\/wp.ufpel.edu.br\/folkcovid\/es\/calendario\/\" class=\"more-link\">Continuar lendo <span class=\"screen-reader-text\">PROGRAMA<\/span><\/a><\/p>\n","protected":false},"author":1013,"featured_media":0,"parent":0,"menu_order":0,"comment_status":"closed","ping_status":"closed","template":"","meta":{"footnotes":""},"class_list":["post-472","page","type-page","status-publish","hentry"],"_links":{"self":[{"href":"https:\/\/wp.ufpel.edu.br\/folkcovid\/wp-json\/wp\/v2\/pages\/472","targetHints":{"allow":["GET"]}}],"collection":[{"href":"https:\/\/wp.ufpel.edu.br\/folkcovid\/wp-json\/wp\/v2\/pages"}],"about":[{"href":"https:\/\/wp.ufpel.edu.br\/folkcovid\/wp-json\/wp\/v2\/types\/page"}],"author":[{"embeddable":true,"href":"https:\/\/wp.ufpel.edu.br\/folkcovid\/wp-json\/wp\/v2\/users\/1013"}],"replies":[{"embeddable":true,"href":"https:\/\/wp.ufpel.edu.br\/folkcovid\/wp-json\/wp\/v2\/comments?post=472"}],"version-history":[{"count":2,"href":"https:\/\/wp.ufpel.edu.br\/folkcovid\/wp-json\/wp\/v2\/pages\/472\/revisions"}],"predecessor-version":[{"id":499,"href":"https:\/\/wp.ufpel.edu.br\/folkcovid\/wp-json\/wp\/v2\/pages\/472\/revisions\/499"}],"wp:attachment":[{"href":"https:\/\/wp.ufpel.edu.br\/folkcovid\/wp-json\/wp\/v2\/media?parent=472"}],"curies":[{"name":"wp","href":"https:\/\/api.w.org\/{rel}","templated":true}]}}