{"id":464,"date":"2020-12-28T15:56:04","date_gmt":"2020-12-28T18:56:04","guid":{"rendered":"https:\/\/wp.ufpel.edu.br\/folkcovid\/?page_id=464"},"modified":"2020-12-28T16:23:57","modified_gmt":"2020-12-28T19:23:57","slug":"beneficios-proyectados","status":"publish","type":"page","link":"https:\/\/wp.ufpel.edu.br\/folkcovid\/es\/beneficios-proyectados\/","title":{"rendered":"BENEFICIOS PROYECTADOS"},"content":{"rendered":"<p style=\"text-align: justify\">En cuanto a los beneficios inmediatos y potenciales de la investigaci\u00f3n para los participantes involucrados, es el acceso a los datos generales del estudio, para que podamos presentar a las instituciones nacionales y organizaciones internacionales para buscar pol\u00edticas culturales p\u00fablicas y \/ o privadas que ayuden organizadores de eventos folkl\u00f3ricos, siendo un beneficio para toda la comunidad, as\u00ed como como la comprensi\u00f3n de las diferentes realidades por las que atraviesa cada evento. Puede, todav\u00eda, contribuir, si es posible, a la creaci\u00f3n de pol\u00edticas que minimicen los posibles impactos. efectos negativos generados por la pandemia en contextos populares.<\/p>\n<p>&nbsp;<\/p>\n","protected":false},"excerpt":{"rendered":"<p>En cuanto a los beneficios inmediatos y potenciales de la investigaci\u00f3n para los participantes involucrados, es el acceso a los datos generales del estudio, para que podamos presentar a las instituciones nacionales y organizaciones internacionales para buscar pol\u00edticas culturales p\u00fablicas y \/ o privadas que ayuden organizadores de eventos folkl\u00f3ricos, siendo un beneficio para toda &hellip; <a href=\"https:\/\/wp.ufpel.edu.br\/folkcovid\/es\/beneficios-proyectados\/\" class=\"more-link\">Continuar lendo <span class=\"screen-reader-text\">BENEFICIOS PROYECTADOS<\/span><\/a><\/p>\n","protected":false},"author":1013,"featured_media":0,"parent":0,"menu_order":0,"comment_status":"closed","ping_status":"closed","template":"","meta":{"footnotes":""},"class_list":["post-464","page","type-page","status-publish","hentry"],"_links":{"self":[{"href":"https:\/\/wp.ufpel.edu.br\/folkcovid\/wp-json\/wp\/v2\/pages\/464","targetHints":{"allow":["GET"]}}],"collection":[{"href":"https:\/\/wp.ufpel.edu.br\/folkcovid\/wp-json\/wp\/v2\/pages"}],"about":[{"href":"https:\/\/wp.ufpel.edu.br\/folkcovid\/wp-json\/wp\/v2\/types\/page"}],"author":[{"embeddable":true,"href":"https:\/\/wp.ufpel.edu.br\/folkcovid\/wp-json\/wp\/v2\/users\/1013"}],"replies":[{"embeddable":true,"href":"https:\/\/wp.ufpel.edu.br\/folkcovid\/wp-json\/wp\/v2\/comments?post=464"}],"version-history":[{"count":2,"href":"https:\/\/wp.ufpel.edu.br\/folkcovid\/wp-json\/wp\/v2\/pages\/464\/revisions"}],"predecessor-version":[{"id":497,"href":"https:\/\/wp.ufpel.edu.br\/folkcovid\/wp-json\/wp\/v2\/pages\/464\/revisions\/497"}],"wp:attachment":[{"href":"https:\/\/wp.ufpel.edu.br\/folkcovid\/wp-json\/wp\/v2\/media?parent=464"}],"curies":[{"name":"wp","href":"https:\/\/api.w.org\/{rel}","templated":true}]}}