{"id":443,"date":"2020-12-23T15:15:55","date_gmt":"2020-12-23T18:15:55","guid":{"rendered":"https:\/\/wp.ufpel.edu.br\/folkcovid\/?page_id=443"},"modified":"2020-12-28T15:55:00","modified_gmt":"2020-12-28T18:55:00","slug":"beneficios-projetados","status":"publish","type":"page","link":"https:\/\/wp.ufpel.edu.br\/folkcovid\/beneficios-projetados\/","title":{"rendered":"BENEF\u00cdCIOS PROJETADOS"},"content":{"rendered":"<p style=\"text-align: justify\">Quanto aos benef\u00edcios imediatos e potenciais da pesquisa aos participantes envolvidos \u00e9 o acesso aos dados gerais do estudo, para podermos apresentar a institui\u00e7\u00f5es nacionais e internacionais para busca por pol\u00edticas culturais p\u00fablicas e\/ou privadas que auxiliem os organizadores de eventos folcl\u00f3ricos, sendo um benef\u00edcio para toda a comunidade, bem como a compreens\u00e3o das diferentes realidades que cada evento passa. Pode, ainda, contribuir, se poss\u00edvel, com a gesta\u00e7\u00e3o de pol\u00edticas que minimizem poss\u00edveis impactos negativos gerados pela pandemia nos contextos folcl\u00f3ricos.<\/p>\n","protected":false},"excerpt":{"rendered":"<p>Quanto aos benef\u00edcios imediatos e potenciais da pesquisa aos participantes envolvidos \u00e9 o acesso aos dados gerais do estudo, para podermos apresentar a institui\u00e7\u00f5es nacionais e internacionais para busca por pol\u00edticas culturais p\u00fablicas e\/ou privadas que auxiliem os organizadores de eventos folcl\u00f3ricos, sendo um benef\u00edcio para toda a comunidade, bem como a compreens\u00e3o das diferentes &hellip; <a href=\"https:\/\/wp.ufpel.edu.br\/folkcovid\/beneficios-projetados\/\" class=\"more-link\">Continuar lendo <span class=\"screen-reader-text\">BENEF\u00cdCIOS PROJETADOS<\/span><\/a><\/p>\n","protected":false},"author":1013,"featured_media":0,"parent":0,"menu_order":0,"comment_status":"closed","ping_status":"closed","template":"","meta":{"footnotes":""},"class_list":["post-443","page","type-page","status-publish","hentry"],"_links":{"self":[{"href":"https:\/\/wp.ufpel.edu.br\/folkcovid\/wp-json\/wp\/v2\/pages\/443","targetHints":{"allow":["GET"]}}],"collection":[{"href":"https:\/\/wp.ufpel.edu.br\/folkcovid\/wp-json\/wp\/v2\/pages"}],"about":[{"href":"https:\/\/wp.ufpel.edu.br\/folkcovid\/wp-json\/wp\/v2\/types\/page"}],"author":[{"embeddable":true,"href":"https:\/\/wp.ufpel.edu.br\/folkcovid\/wp-json\/wp\/v2\/users\/1013"}],"replies":[{"embeddable":true,"href":"https:\/\/wp.ufpel.edu.br\/folkcovid\/wp-json\/wp\/v2\/comments?post=443"}],"version-history":[{"count":1,"href":"https:\/\/wp.ufpel.edu.br\/folkcovid\/wp-json\/wp\/v2\/pages\/443\/revisions"}],"predecessor-version":[{"id":445,"href":"https:\/\/wp.ufpel.edu.br\/folkcovid\/wp-json\/wp\/v2\/pages\/443\/revisions\/445"}],"wp:attachment":[{"href":"https:\/\/wp.ufpel.edu.br\/folkcovid\/wp-json\/wp\/v2\/media?parent=443"}],"curies":[{"name":"wp","href":"https:\/\/api.w.org\/{rel}","templated":true}]}}