{"id":439,"date":"2020-12-23T15:11:59","date_gmt":"2020-12-23T18:11:59","guid":{"rendered":"https:\/\/wp.ufpel.edu.br\/folkcovid\/?page_id=439"},"modified":"2020-12-28T15:59:26","modified_gmt":"2020-12-28T18:59:26","slug":"metodologia","status":"publish","type":"page","link":"https:\/\/wp.ufpel.edu.br\/folkcovid\/metodologia\/","title":{"rendered":"METODOLOGIA"},"content":{"rendered":"<p style=\"text-align: justify\">Esta pesquisa caracteriza-se por ser quanti-qualitativa quanto \u00e0 abordagem e do tipo descritiva quanto aos objetivos, pois se observa, registra, analisa e correlaciona fatos ou fen\u00f4menos (vari\u00e1veis) sem manipul\u00e1-los. Recolheremos dados da pr\u00f3pria realidade do fen\u00f4meno (organizadores e diretores de eventos folcl\u00f3ricos) e, para tanto, a popula\u00e7\u00e3o deste estudo \u00e9 caracterizada por diretores\/organizadores de eventos folcl\u00f3ricos de todos os continentes.<\/p>\n<p style=\"text-align: justify\">Espera-se ter a participa\u00e7\u00e3o de uma amostragem que contemple, no m\u00ednimo:<br \/>\n&#8211; 100 diretores\/organizadores de eventos folcl\u00f3ricos;<br \/>\n&#8211; sendo destes, pelo menos, de 90 eventos folcl\u00f3ricos diferentes;<br \/>\n&#8211; sendo destes, pelo menos, 30 no Brasil e 60 no exterior;<br \/>\n&#8211; sendo destes, pelo menos, de 30 pa\u00edses diferentes;<br \/>\n&#8211; sendo destes, pelo menos, de tr\u00eas continentes diferentes, garantindo a representatividade de uma grande parcela da popula\u00e7\u00e3o estudada.<\/p>\n<p style=\"text-align: justify\">Para o levantamento de dados ser\u00e1 utilizado instrumento pr\u00f3prio das ci\u00eancias humanas, a saber, question\u00e1rio, que ser\u00e1 disponibilizado on-line em site pr\u00f3prio da pesquisa e por meio de nossa lista de e-mails, obtida a partir de nossas participa\u00e7\u00f5es em festivais de folclore. O question\u00e1rio contempla perguntas quest\u00f5es abertas e fechadas, sendo que as perguntas abertas permitem aos participantes responderem livremente de forma discursiva, expondo suas opini\u00f5es e sua linguagem pr\u00f3pria acerca do assunto abordado. Quanto \u00e0s perguntas fechadas, apresentam aos participantes v\u00e1rias alternativas de respostas, para que assim seja escolhida a que melhor se adeque ao seu ponto de vista. Algumas quest\u00f5es podem ser assinaladas mais de uma resposta. Esperamos criar uma grande network, onde os participantes que responderam, possam ainda indicar outros participantes para termos uma maior abrang\u00eancia em n\u00fameros e diferentes contextos.<\/p>\n<p style=\"text-align: justify\">Este projeto foi aprovado pelo Comit\u00ea de \u00c9tica em Pesquisa da Universidade Federal de Pelotas (UFPel\/Plataforma Brasil) sob CAAE n\u00ba 39669720.2.0000.5317.<\/p>\n","protected":false},"excerpt":{"rendered":"<p>Esta pesquisa caracteriza-se por ser quanti-qualitativa quanto \u00e0 abordagem e do tipo descritiva quanto aos objetivos, pois se observa, registra, analisa e correlaciona fatos ou fen\u00f4menos (vari\u00e1veis) sem manipul\u00e1-los. Recolheremos dados da pr\u00f3pria realidade do fen\u00f4meno (organizadores e diretores de eventos folcl\u00f3ricos) e, para tanto, a popula\u00e7\u00e3o deste estudo \u00e9 caracterizada por diretores\/organizadores de eventos &hellip; <a href=\"https:\/\/wp.ufpel.edu.br\/folkcovid\/metodologia\/\" class=\"more-link\">Continuar lendo <span class=\"screen-reader-text\">METODOLOGIA<\/span><\/a><\/p>\n","protected":false},"author":1013,"featured_media":0,"parent":0,"menu_order":0,"comment_status":"closed","ping_status":"closed","template":"","meta":{"footnotes":""},"class_list":["post-439","page","type-page","status-publish","hentry"],"_links":{"self":[{"href":"https:\/\/wp.ufpel.edu.br\/folkcovid\/wp-json\/wp\/v2\/pages\/439","targetHints":{"allow":["GET"]}}],"collection":[{"href":"https:\/\/wp.ufpel.edu.br\/folkcovid\/wp-json\/wp\/v2\/pages"}],"about":[{"href":"https:\/\/wp.ufpel.edu.br\/folkcovid\/wp-json\/wp\/v2\/types\/page"}],"author":[{"embeddable":true,"href":"https:\/\/wp.ufpel.edu.br\/folkcovid\/wp-json\/wp\/v2\/users\/1013"}],"replies":[{"embeddable":true,"href":"https:\/\/wp.ufpel.edu.br\/folkcovid\/wp-json\/wp\/v2\/comments?post=439"}],"version-history":[{"count":3,"href":"https:\/\/wp.ufpel.edu.br\/folkcovid\/wp-json\/wp\/v2\/pages\/439\/revisions"}],"predecessor-version":[{"id":475,"href":"https:\/\/wp.ufpel.edu.br\/folkcovid\/wp-json\/wp\/v2\/pages\/439\/revisions\/475"}],"wp:attachment":[{"href":"https:\/\/wp.ufpel.edu.br\/folkcovid\/wp-json\/wp\/v2\/media?parent=439"}],"curies":[{"name":"wp","href":"https:\/\/api.w.org\/{rel}","templated":true}]}}