{"id":436,"date":"2020-12-23T14:56:09","date_gmt":"2020-12-23T17:56:09","guid":{"rendered":"https:\/\/wp.ufpel.edu.br\/folkcovid\/?page_id=436"},"modified":"2020-12-23T14:56:09","modified_gmt":"2020-12-23T17:56:09","slug":"objetivos","status":"publish","type":"page","link":"https:\/\/wp.ufpel.edu.br\/folkcovid\/objetivos\/","title":{"rendered":"OBJETIVOS"},"content":{"rendered":"<p><strong>OBJETIVO GERAL<\/strong><\/p>\n<p>\u2022 Mapear, analisar e refletir sobre os impactos da Pandemia do Covid-19 em contextos<br \/>\nfolcl\u00f3ricos.<\/p>\n<p><strong>OBJETIVOS ESPEC\u00cdFICOS<\/strong><\/p>\n<p>\u2022 Identificar eventos folcl\u00f3ricos com realiza\u00e7\u00e3o prevista para os anos de 2020 e 2021,com foco em festivais de folclore e mostras de artes tradicionais;<\/p>\n<p>\u2022 Coletar informa\u00e7\u00f5es sobre as caracter\u00edsticas e realiza\u00e7\u00e3o de festivais de folclore e mostras de artes tradicionais nos anos identificados;<\/p>\n<p>\u2022 Detectar poss\u00edveis desdobramentos gerados pela Pandemia do Covid-19 nestes<br \/>\neventos e em sua continuidade;<\/p>\n<p>\u2022 Perceber e compreender impactos s\u00f3cio-econ\u00f4micos, art\u00edstico-culturais, tur\u00edsticos, pol\u00edticos e emocionais decorrentes do contexto pand\u00eamico no cen\u00e1rio dos eventos folcl\u00f3ricos mapeados;<\/p>\n<p>\u2022 Divulgar o projeto e seus resultados em diferentes frentes, mediante relat\u00f3rios e<br \/>\npublica\u00e7\u00f5es acad\u00eamicas que reflitam e apresentem os resultados desenvolvidos.<\/p>\n","protected":false},"excerpt":{"rendered":"<p>OBJETIVO GERAL \u2022 Mapear, analisar e refletir sobre os impactos da Pandemia do Covid-19 em contextos folcl\u00f3ricos. OBJETIVOS ESPEC\u00cdFICOS \u2022 Identificar eventos folcl\u00f3ricos com realiza\u00e7\u00e3o prevista para os anos de 2020 e 2021,com foco em festivais de folclore e mostras de artes tradicionais; \u2022 Coletar informa\u00e7\u00f5es sobre as caracter\u00edsticas e realiza\u00e7\u00e3o de festivais de folclore &hellip; <a href=\"https:\/\/wp.ufpel.edu.br\/folkcovid\/objetivos\/\" class=\"more-link\">Continuar lendo <span class=\"screen-reader-text\">OBJETIVOS<\/span><\/a><\/p>\n","protected":false},"author":1013,"featured_media":0,"parent":0,"menu_order":0,"comment_status":"closed","ping_status":"closed","template":"","meta":{"footnotes":""},"class_list":["post-436","page","type-page","status-publish","hentry"],"_links":{"self":[{"href":"https:\/\/wp.ufpel.edu.br\/folkcovid\/wp-json\/wp\/v2\/pages\/436","targetHints":{"allow":["GET"]}}],"collection":[{"href":"https:\/\/wp.ufpel.edu.br\/folkcovid\/wp-json\/wp\/v2\/pages"}],"about":[{"href":"https:\/\/wp.ufpel.edu.br\/folkcovid\/wp-json\/wp\/v2\/types\/page"}],"author":[{"embeddable":true,"href":"https:\/\/wp.ufpel.edu.br\/folkcovid\/wp-json\/wp\/v2\/users\/1013"}],"replies":[{"embeddable":true,"href":"https:\/\/wp.ufpel.edu.br\/folkcovid\/wp-json\/wp\/v2\/comments?post=436"}],"version-history":[{"count":1,"href":"https:\/\/wp.ufpel.edu.br\/folkcovid\/wp-json\/wp\/v2\/pages\/436\/revisions"}],"predecessor-version":[{"id":438,"href":"https:\/\/wp.ufpel.edu.br\/folkcovid\/wp-json\/wp\/v2\/pages\/436\/revisions\/438"}],"wp:attachment":[{"href":"https:\/\/wp.ufpel.edu.br\/folkcovid\/wp-json\/wp\/v2\/media?parent=436"}],"curies":[{"name":"wp","href":"https:\/\/api.w.org\/{rel}","templated":true}]}}