{"id":415,"date":"2020-12-22T14:41:40","date_gmt":"2020-12-22T17:41:40","guid":{"rendered":"https:\/\/wp.ufpel.edu.br\/folkcovid\/?page_id=415"},"modified":"2021-01-05T14:12:03","modified_gmt":"2021-01-05T17:12:03","slug":"consentimiento-libre-y-clarificado","status":"publish","type":"page","link":"https:\/\/wp.ufpel.edu.br\/folkcovid\/es\/proyecto\/consentimiento-libre-y-clarificado\/","title":{"rendered":"CONSENTIMIENTO LIBRE Y CLARIFICADO"},"content":{"rendered":"<p><a href=\"https:\/\/wp.ufpel.edu.br\/folkcovid\/files\/2021\/01\/Terminos-y-condiciones-de-participacion-en-la-investigacion_Folkcovid.pdf\">T\u00e9rminos y condiciones de participaci\u00f3n en la investigaci\u00f3n_Folkcovid<\/a><\/p>\n","protected":false},"excerpt":{"rendered":"<p>T\u00e9rminos y condiciones de participaci\u00f3n en la investigaci\u00f3n_Folkcovid<\/p>\n","protected":false},"author":1013,"featured_media":0,"parent":292,"menu_order":0,"comment_status":"closed","ping_status":"closed","template":"","meta":{"footnotes":""},"class_list":["post-415","page","type-page","status-publish","hentry"],"_links":{"self":[{"href":"https:\/\/wp.ufpel.edu.br\/folkcovid\/wp-json\/wp\/v2\/pages\/415","targetHints":{"allow":["GET"]}}],"collection":[{"href":"https:\/\/wp.ufpel.edu.br\/folkcovid\/wp-json\/wp\/v2\/pages"}],"about":[{"href":"https:\/\/wp.ufpel.edu.br\/folkcovid\/wp-json\/wp\/v2\/types\/page"}],"author":[{"embeddable":true,"href":"https:\/\/wp.ufpel.edu.br\/folkcovid\/wp-json\/wp\/v2\/users\/1013"}],"replies":[{"embeddable":true,"href":"https:\/\/wp.ufpel.edu.br\/folkcovid\/wp-json\/wp\/v2\/comments?post=415"}],"version-history":[{"count":3,"href":"https:\/\/wp.ufpel.edu.br\/folkcovid\/wp-json\/wp\/v2\/pages\/415\/revisions"}],"predecessor-version":[{"id":533,"href":"https:\/\/wp.ufpel.edu.br\/folkcovid\/wp-json\/wp\/v2\/pages\/415\/revisions\/533"}],"up":[{"embeddable":true,"href":"https:\/\/wp.ufpel.edu.br\/folkcovid\/wp-json\/wp\/v2\/pages\/292"}],"wp:attachment":[{"href":"https:\/\/wp.ufpel.edu.br\/folkcovid\/wp-json\/wp\/v2\/media?parent=415"}],"curies":[{"name":"wp","href":"https:\/\/api.w.org\/{rel}","templated":true}]}}