{"id":406,"date":"2020-12-22T14:24:30","date_gmt":"2020-12-22T17:24:30","guid":{"rendered":"https:\/\/wp.ufpel.edu.br\/folkcovid\/?page_id=406"},"modified":"2020-12-23T15:46:22","modified_gmt":"2020-12-23T18:46:22","slug":"termo","status":"publish","type":"page","link":"https:\/\/wp.ufpel.edu.br\/folkcovid\/termo\/","title":{"rendered":"TERMO DE CONSENTIMENTO LIVRE E ESCLARECIDO"},"content":{"rendered":"<p style=\"text-align: justify\"><a href=\"https:\/\/wp.ufpel.edu.br\/folkcovid\/files\/2020\/12\/Termos-e-Condicoes-de-Participacao-na-Pesquisa_FolkCovid-1-1.pdf\">Termos e Condi\u00e7\u00f5es de Participa\u00e7\u00e3o na Pesquisa_FolkCovid <\/a><\/p>\n","protected":false},"excerpt":{"rendered":"<p>Termos e Condi\u00e7\u00f5es de Participa\u00e7\u00e3o na Pesquisa_FolkCovid<\/p>\n","protected":false},"author":1013,"featured_media":0,"parent":0,"menu_order":0,"comment_status":"closed","ping_status":"closed","template":"","meta":{"footnotes":""},"class_list":["post-406","page","type-page","status-publish","hentry"],"_links":{"self":[{"href":"https:\/\/wp.ufpel.edu.br\/folkcovid\/wp-json\/wp\/v2\/pages\/406","targetHints":{"allow":["GET"]}}],"collection":[{"href":"https:\/\/wp.ufpel.edu.br\/folkcovid\/wp-json\/wp\/v2\/pages"}],"about":[{"href":"https:\/\/wp.ufpel.edu.br\/folkcovid\/wp-json\/wp\/v2\/types\/page"}],"author":[{"embeddable":true,"href":"https:\/\/wp.ufpel.edu.br\/folkcovid\/wp-json\/wp\/v2\/users\/1013"}],"replies":[{"embeddable":true,"href":"https:\/\/wp.ufpel.edu.br\/folkcovid\/wp-json\/wp\/v2\/comments?post=406"}],"version-history":[{"count":5,"href":"https:\/\/wp.ufpel.edu.br\/folkcovid\/wp-json\/wp\/v2\/pages\/406\/revisions"}],"predecessor-version":[{"id":412,"href":"https:\/\/wp.ufpel.edu.br\/folkcovid\/wp-json\/wp\/v2\/pages\/406\/revisions\/412"}],"wp:attachment":[{"href":"https:\/\/wp.ufpel.edu.br\/folkcovid\/wp-json\/wp\/v2\/media?parent=406"}],"curies":[{"name":"wp","href":"https:\/\/api.w.org\/{rel}","templated":true}]}}