{"id":292,"date":"2020-10-26T12:19:02","date_gmt":"2020-10-26T15:19:02","guid":{"rendered":"https:\/\/wp.ufpel.edu.br\/folkcovid\/?page_id=292"},"modified":"2020-12-28T16:59:21","modified_gmt":"2020-12-28T19:59:21","slug":"proyecto","status":"publish","type":"page","link":"https:\/\/wp.ufpel.edu.br\/folkcovid\/es\/proyecto\/","title":{"rendered":"PROYECTO"},"content":{"rendered":"<p style=\"text-align: justify\">El presente proyecto de investigaci\u00f3n constituye una acci\u00f3n universitaria de investigaci\u00f3n del panorama afectado por la Pandemia COVID-19, a trav\u00e9s del an\u00e1lisis de contextos folkl\u00f3ricos en diferentes pa\u00edses y continentes. La acci\u00f3n es impulsada por la <a href=\"https:\/\/portal.ufpel.edu.br\/\">Universidad Federal de Pelotas<\/a>, a trav\u00e9s del <a href=\"https:\/\/wp.ufpel.edu.br\/omega\/\">Grupo de Investigaci\u00f3n OMEGA &#8211; Observatorio de Memoria, Educaci\u00f3n, Gesto y Arte<\/a> y el <a href=\"https:\/\/wp.ufpel.edu.br\/nufolk\/\">Centro de Folklore UFPel<\/a> &#8211; NUFOLK (Centro de Artes), en asociaci\u00f3n con <a href=\"http:\/\/www.abrasoffa.org.br\/\">ABRASOFFA &#8211; Asociaci\u00f3n Brasile\u00f1a de Organizadores de Festivales de Folklore y Artes Populares<\/a> (S\u00e3o Paulo) y con el apoyo de diferentes universidades e instituciones dentro y fuera de Brasil como <a href=\"https:\/\/www.furb.br\/\">FURB &#8211; Universidad Regional de Blumenau<\/a> (Santa Catarina), la<a href=\"http:\/\/www.upv.es\/\"> UPV &#8211; Universitat Polit\u00e9cnica de Valencia<\/a> (Espa\u00f1a), <a href=\"http:\/\/abambae.blogspot.com\/\">Abamba\u00e9 Companhia de Dan\u00e7as Brasileiras<\/a> (Pelotas \/ RS) y la <a href=\"https:\/\/www.instagram.com\/encuentroamericaunida\/\">Asociaci\u00f3n Civil Am\u00e9rica Unida<\/a> (Ciudad del Plata \/ Uruguay). El estudio tiene como objetivo mapear, analizar y reflexionar sobre los impactos de la pandemia Covid-19 en contextos populares, especialmente con respecto a la realizaci\u00f3n y \/ o adaptaci\u00f3n de ellos mismos, su continuidad y \/ o postergaci\u00f3n, as\u00ed como reflexionar sobre los posibles impactos sufridos y la proyecci\u00f3n de desarrollos a futuro. Es una investigaci\u00f3n cuantitativa y cualitativa con una encuesta en l\u00ednea para contactar agentes que trabajan en contextos populares, en Brasil y en el exterior, con el fin de recopilar datos para posterior tabulaci\u00f3n, an\u00e1lisis y difusi\u00f3n \/ publicaci\u00f3n, en torno a cuestiones que involucran impactos sufridos por la pandemia Covid-19. Este proyecto fue aprobado por la \u00c9tica en Investigaci\u00f3n (UFPel \/ Plataforma Brasil) bajo CAAE n\u00ba 39669720.2.0000.5317.<\/p>\n<p style=\"text-align: justify\"><strong>Palabras clave:<\/strong><\/p>\n<p style=\"text-align: justify\">Covid-19 &#8211; Impactos de la pandemia &#8211; Gesti\u00f3n de eventos &#8211; Folklore y Artes Populares.<\/p>\n","protected":false},"excerpt":{"rendered":"<p>El presente proyecto de investigaci\u00f3n constituye una acci\u00f3n universitaria de investigaci\u00f3n del panorama afectado por la Pandemia COVID-19, a trav\u00e9s del an\u00e1lisis de contextos folkl\u00f3ricos en diferentes pa\u00edses y continentes. La acci\u00f3n es impulsada por la Universidad Federal de Pelotas, a trav\u00e9s del Grupo de Investigaci\u00f3n OMEGA &#8211; Observatorio de Memoria, Educaci\u00f3n, Gesto y Arte &hellip; <a href=\"https:\/\/wp.ufpel.edu.br\/folkcovid\/es\/proyecto\/\" class=\"more-link\">Continuar lendo <span class=\"screen-reader-text\">PROYECTO<\/span><\/a><\/p>\n","protected":false},"author":1013,"featured_media":0,"parent":0,"menu_order":0,"comment_status":"closed","ping_status":"closed","template":"","meta":{"footnotes":""},"class_list":["post-292","page","type-page","status-publish","hentry"],"_links":{"self":[{"href":"https:\/\/wp.ufpel.edu.br\/folkcovid\/wp-json\/wp\/v2\/pages\/292","targetHints":{"allow":["GET"]}}],"collection":[{"href":"https:\/\/wp.ufpel.edu.br\/folkcovid\/wp-json\/wp\/v2\/pages"}],"about":[{"href":"https:\/\/wp.ufpel.edu.br\/folkcovid\/wp-json\/wp\/v2\/types\/page"}],"author":[{"embeddable":true,"href":"https:\/\/wp.ufpel.edu.br\/folkcovid\/wp-json\/wp\/v2\/users\/1013"}],"replies":[{"embeddable":true,"href":"https:\/\/wp.ufpel.edu.br\/folkcovid\/wp-json\/wp\/v2\/comments?post=292"}],"version-history":[{"count":4,"href":"https:\/\/wp.ufpel.edu.br\/folkcovid\/wp-json\/wp\/v2\/pages\/292\/revisions"}],"predecessor-version":[{"id":515,"href":"https:\/\/wp.ufpel.edu.br\/folkcovid\/wp-json\/wp\/v2\/pages\/292\/revisions\/515"}],"wp:attachment":[{"href":"https:\/\/wp.ufpel.edu.br\/folkcovid\/wp-json\/wp\/v2\/media?parent=292"}],"curies":[{"name":"wp","href":"https:\/\/api.w.org\/{rel}","templated":true}]}}