{"id":266,"date":"2020-10-26T11:54:05","date_gmt":"2020-10-26T14:54:05","guid":{"rendered":"https:\/\/wp.ufpel.edu.br\/folkcovid\/?page_id=266"},"modified":"2021-05-17T20:33:57","modified_gmt":"2021-05-17T23:33:57","slug":"banco-de-datos","status":"publish","type":"page","link":"https:\/\/wp.ufpel.edu.br\/folkcovid\/es\/banco-de-datos\/","title":{"rendered":"BANCO DE DATOS"},"content":{"rendered":"<p><strong>Participantes:\u00a0<\/strong><\/p>\n<p><em><strong>Brasil<\/strong><\/em><\/p>\n<ul>\n<li><strong>Nome do Evento:<\/strong> Mostra Encontro de Etnias<br \/>\n<strong>Local de Realiza\u00e7\u00e3o:<\/strong> Luiz Alves \/ Santa Catarina<br \/>\n<strong>Per\u00edodo de Realiza\u00e7\u00e3o:<\/strong> Maio<br \/>\n<strong>Respons\u00e1vel:<\/strong> Henrique Lemke<br \/>\n<strong>Vincula\u00e7\u00e3o do Evento: <\/strong>Prefeitura Municipal de Luiz Alves \/ Aecla Associa\u00e7\u00e3o Esportiva e Cultural Luiz Alves<br \/>\n<strong>\u00c1reas Envolvidas:<\/strong> Dan\u00e7a.<\/li>\n<li><strong>Nome do Evento:<\/strong> Festival Encontro internacional de etnias<br \/>\n<strong>Local de Realiza\u00e7\u00e3o:<\/strong> Barra velha \u2013 Itapema \u2013 Pi\u00e7arras &#8211; Luiz Alves \/ Santa Catarina<br \/>\n<strong>Per\u00edodo de Realiza\u00e7\u00e3o:<\/strong> Entre Janeiro e Abril<br \/>\n<strong>Respons\u00e1vel:<\/strong> Rudimar do Nascimento<br \/>\n<strong>Vincula\u00e7\u00e3o do Evento:<\/strong> Associa\u00e7\u00e3o de amigos do grupo folcl\u00f3rico tropeiros do litoral<br \/>\n<strong>\u00c1reas Envolvidas:<\/strong> Dan\u00e7a, Musica, Artesanato, Gastronomia, Indumentaria.<\/li>\n<li><strong>Nome do Evento:<\/strong> Mostra Tarde Negra<br \/>\n<strong>Local de Realiza\u00e7\u00e3o:<\/strong> S\u00e3o Miguel dos Campos \/ Alagoas<br \/>\n<strong>Per\u00edodo de Realiza\u00e7\u00e3o:<\/strong> Novembro<br \/>\n<strong>Respons\u00e1vel:<\/strong> Bruno Rog\u00e9rio Duarte da Silva<br \/>\n<strong>Vincula\u00e7\u00e3o do Evento:<\/strong> Universidade Estadual de Alagoas<br \/>\n<strong>\u00c1reas Envolvidas:<\/strong> Dan\u00e7a, Musica, Artesanato, Gastronomia, Indumentaria.<\/li>\n<li><strong>Nome do Evento:<\/strong> Festival Festa Mundial do Folclore<br \/>\n<strong>Local de Realiza\u00e7\u00e3o:<\/strong> Ca\u00e7apava do Sul \/ Rio Grande do Sul<br \/>\n<strong>Per\u00edodo de Realiza\u00e7\u00e3o:<\/strong> Julho\/Agosto<br \/>\n<strong>Respons\u00e1vel:<\/strong> Luiz Delfino Albarnaz<br \/>\n<strong>Vincula\u00e7\u00e3o do Evento:<\/strong> Grupo de Arte Nativa Os Chimangos<br \/>\n<strong>\u00c1reas Envolvidas:<\/strong> Dan\u00e7a.<\/li>\n<li><strong>Nome do Evento:<\/strong> Festival Arabesque by Badria<br \/>\n<strong>Local de Realiza\u00e7\u00e3o:<\/strong> Itaja\u00ed \/ Santa Catarina<br \/>\n<strong>Per\u00edodo de Realiza\u00e7\u00e3o:<\/strong> Fevereiro e Mar\u00e7o<br \/>\n<strong>Respons\u00e1vel:<\/strong> Vanessa Iara de Santana<br \/>\n<strong>Vincula\u00e7\u00e3o do Evento:<\/strong> Est\u00fadio de Dan\u00e7a do Ventre Badria.<br \/>\n<strong>\u00c1reas Envolvidas:<\/strong> Dan\u00e7a, Musica.<\/li>\n<li><strong>Nome do Evento:<\/strong> Festival Nacional de Coreografias de Xangri-L\u00e1<br \/>\n<strong>Local de Realiza\u00e7\u00e3o:<\/strong> Xangri-L\u00e1 \/ Rio Grande do Sul<br \/>\n<strong>Per\u00edodo de Realiza\u00e7\u00e3o:<\/strong> Setembro<br \/>\n<strong>Respons\u00e1vel: <\/strong>Janini Delfino Carneiro<br \/>\n<strong>Vincula\u00e7\u00e3o do Evento:<\/strong> Prefeitura Municipal de Xangri-L\u00e1 \/ CTG 20 DE Setembro<br \/>\n<strong>\u00c1reas Envolvidas:<\/strong> Dan\u00e7a, Musica.<\/li>\n<li><strong>Nome do Evento:<\/strong> Festival Mirim de Dan\u00e7as Tradicionais Ga\u00fachas<br \/>\n<strong>Local de Realiza\u00e7\u00e3o:<\/strong> Santa Maria &#8211; Rio Grande do Sul<br \/>\n<strong>Per\u00edodo de Realiza\u00e7\u00e3o:<\/strong> Julho<br \/>\n<strong>Respons\u00e1vel:<\/strong> Jos\u00e9 Mario de Bem\/Carlinhos Lima<br \/>\n<strong>Vincula\u00e7\u00e3o do Evento:<\/strong> Centro de Pesquisas Folcl\u00f3ricas Pi\u00e1 do Sul<br \/>\n<strong>\u00c1reas Envolvidas:<\/strong> Dan\u00e7a, Musica, Indumentaria.<\/li>\n<li><strong>Nome do Evento:<\/strong> Festa Tanz in Blumenau<br \/>\n<strong>Local de Realiza\u00e7\u00e3o:<\/strong> Blumenau \/ Santa Catarina<br \/>\n<strong>Per\u00edodo de Realiza\u00e7\u00e3o:<\/strong> Junho<br \/>\n<strong>Respons\u00e1vel:<\/strong> AFG<br \/>\n<strong>Vincula\u00e7\u00e3o do Evento:<\/strong> Prefeitura Municipal \/ Funda\u00e7\u00e3o Cultural<br \/>\n<strong>\u00c1reas Envolvidas:<\/strong> Dan\u00e7a, Musica, Artesanato.<\/li>\n<li><strong>Nome do Evento:<\/strong> F\u00f3rum de Quadrilhas Juninas<br \/>\n<strong>Local de Realiza\u00e7\u00e3o:<\/strong> Salvador \/ Bahia<br \/>\n<strong>Per\u00edodo de Realiza\u00e7\u00e3o:<\/strong> Agosto<br \/>\n<strong>Respons\u00e1vel:<\/strong> Soiane Gomes<br \/>\n<strong>Vincula\u00e7\u00e3o do Evento:<\/strong> F\u00f3rum Permanente de Quadrilhas Juninas \/ Grupo Gira\/CNPQ \/ Escola de Dan\u00e7a da Universidade Federal da Bahia<br \/>\n<strong>\u00c1reas Envolvidas:<\/strong> F\u00f3rum com mesas tem\u00e1ticas, oficinas e apresenta\u00e7\u00f5es art\u00edsticas.<\/li>\n<li><strong>Nome do Evento:<\/strong> Festival Canto dos Pinheirais<br \/>\n<strong>Local de Realiza\u00e7\u00e3o:<\/strong> Itinerante no Estado do Paran\u00e1<br \/>\n<strong>Per\u00edodo de Realiza\u00e7\u00e3o:<\/strong> Novembro<br \/>\n<strong>Respons\u00e1vel:<\/strong> Jorge Luiz ZImmer da Silva<br \/>\n<strong>Vincula\u00e7\u00e3o do Evento:<\/strong> Sem Vinculo<br \/>\n<strong>\u00c1reas Envolvidas:<\/strong> Musica, Gastronomia, Indumentaria.<\/li>\n<li><strong>Nome do Evento:<\/strong> Festival Internacional Folclore e Artes Populares de Pelotas &#8211; FIFAP<br \/>\n<strong>Local de Realiza\u00e7\u00e3o:<\/strong> Pelotas \/ Rio Grande do Sul<br \/>\n<strong>Per\u00edodo de Realiza\u00e7\u00e3o:<\/strong> Outubro<br \/>\n<strong>Respons\u00e1vel:<\/strong> Carmen Hoffmann \/ Diego Pereira \/ Beliza Gonzales<br \/>\n<strong>Vincula\u00e7\u00e3o do Evento:<\/strong> Universidade Federal de Pelotas \/ Instituto Federal de Educa\u00e7\u00e3o, Ci\u00eancia e Tecnologia Sul-Riograndense (IF- SUL Campus Pelotas) \/ Abamba\u00e9 Companhia de Dan\u00e7as Brasileiras \/ Prefeitura Municipal de Pelotas<br \/>\n<strong>\u00c1reas Envolvidas:<\/strong> Dan\u00e7a, Musica, Artesanato, Gastronomia, Indumentaria.<\/li>\n<li><strong>Nome do Evento:<\/strong> Festival Internacional de Folclore do Brasil<br \/>\n<strong>Local de Realiza\u00e7\u00e3o:<\/strong> Agrestina, Caruaru \/ Pernambuco \u2013 Santos \/ S\u00e3o-Paulo<br \/>\n<strong>Per\u00edodo de Realiza\u00e7\u00e3o:<\/strong> Agosto<br \/>\n<strong>Respons\u00e1vel:<\/strong> Helena Louren\u00e7o<br \/>\n<strong>Vincula\u00e7\u00e3o do Evento:<\/strong> ABrasOFFA &#8211; Associa\u00e7\u00e3o Brasileira dos Organizadores de Festivais de Folclore e Artes Populares<br \/>\n<strong>\u00c1reas Envolvidas:<\/strong> Dan\u00e7a, Musica, Artesanato, Gastronomia.<\/li>\n<\/ul>\n<p><em><strong>Bolivia\u00a0<\/strong><\/em><br \/>\n<strong><br \/>\n<\/strong><\/p>\n<ul>\n<li>Nome do Evento: Festival Internacional de Danza &#8221; Latinoamerica en tus manos&#8221;<br \/>\nLocal de Realiza\u00e7\u00e3o: Sucre \/ Bolivia<br \/>\nPer\u00edodo de Realiza\u00e7\u00e3o: Fevereiro<br \/>\nRespons\u00e1vel: Ariadna Garnica \/ Osmar Mercado<br \/>\nVincula\u00e7\u00e3o do Evento: Ballet Folklorico SAT<br \/>\n\u00c1reas Envolvidas: Dan\u00e7a.<\/li>\n<\/ul>\n<p><em><strong>Canada\u00a0<\/strong><\/em><\/p>\n<ul>\n<li>Nome do Evento: The Edmonton Folk Music Festival<br \/>\nLocal de Realiza\u00e7\u00e3o: Edmonton \/ Alberta<br \/>\nPer\u00edodo de Realiza\u00e7\u00e3o: Agosto<br \/>\nRespons\u00e1vel: Richard Stuart<br \/>\nVincula\u00e7\u00e3o do Evento: The Edmonton Folk Music Festival Society<br \/>\n\u00c1reas Envolvidas: Musica, Artesanato.<\/li>\n<\/ul>\n<p><strong><br \/>\n<em>Col\u00f4mbia<\/p>\n<p><\/em><\/strong><\/p>\n<ul>\n<li>Nome do Evento: Festival de Danzas Macoco de Oro<br \/>\nLocal de Realiza\u00e7\u00e3o: Baranoa \/ Col\u00f4mbia<br \/>\nPer\u00edodo de Realiza\u00e7\u00e3o: Outubro<br \/>\nRespons\u00e1vel: Ger\u00f3nimo Silvera Consuegra<br \/>\nVincula\u00e7\u00e3o do Evento: Grupo de Danzas Quero Tamb\u00f3<br \/>\n\u00c1reas Envolvidas: Dan\u00e7a, Musica.<\/li>\n<li>Nome do Evento: Festival de danza Zaquesazipa<br \/>\nLocal de Realiza\u00e7\u00e3o: Funza \/ Col\u00f4mbia<br \/>\nPer\u00edodo de Realiza\u00e7\u00e3o: Outubro<br \/>\nRespons\u00e1vel: Juan David Barbosa \/ Ang\u00e9lica Cuitiva Souza<br \/>\nVincula\u00e7\u00e3o do Evento: Centro Cultural Bacat\u00e1<br \/>\n\u00c1reas Envolvidas: Dan\u00e7a, Musica, Indumentaria.<\/li>\n<li>Nome do Evento: Encuentro Internacional Itinerante de Danzas Folcl\u00f3ricas<br \/>\nLocal de Realiza\u00e7\u00e3o: Bogot\u00e1. pero es itinerante Rep\u00fablica de Colombia<br \/>\nPer\u00edodo de Realiza\u00e7\u00e3o: Junho<br \/>\nRespons\u00e1vel: Miguel Dario Melodiaz<br \/>\nVincula\u00e7\u00e3o do Evento: Agrupacion Folclorica Tequendama<br \/>\n\u00c1reas Envolvidas: Dan\u00e7a.<\/li>\n<li>Nome do Evento: Festival Internacional El Yopo<br \/>\nLocal de Realiza\u00e7\u00e3o: Yopal \u2013 Casanare \/ Col\u00f4mbia<br \/>\nPer\u00edodo de Realiza\u00e7\u00e3o: Dezembro<br \/>\nRespons\u00e1vel: Elvis Yefer Sanchez<br \/>\nVincula\u00e7\u00e3o do Evento: Sem Vinculo<br \/>\n\u00c1reas Envolvidas: Dan\u00e7a, Musica.<\/li>\n<\/ul>\n<p><em><strong>Cro\u00e1cia<\/strong><\/em><\/p>\n<ul>\n<li>Nome do Evento: \u0110akovo Embroidery Festival<br \/>\nLocal de Realiza\u00e7\u00e3o: \u0110akovo, Croatia, Slavonia, Osijek-Baranja county<br \/>\nPer\u00edodo de Realiza\u00e7\u00e3o: Junho \/ Julho<br \/>\nRespons\u00e1vel: Marin Mandari\u0107 \/ Marija Burek<br \/>\nVincula\u00e7\u00e3o do Evento: City of \u0110akovo and \u0110akovo Tourist Board<br \/>\n\u00c1reas Envolvidas: Dan\u00e7a, Musica, Artesanato, Gastronomia, Literatura, Indumentarias.<\/li>\n<li>Nome do Evento: Folk Festival Folkofonija<br \/>\nLocal de Realiza\u00e7\u00e3o: Varazdin \/ Croatia<br \/>\nPer\u00edodo de Realiza\u00e7\u00e3o: Junho \/ Julho<br \/>\nRespons\u00e1vel: Folkofonija<br \/>\nVincula\u00e7\u00e3o do Evento: Varazdin City, ministry of coulture Croatia, Varazdin county<br \/>\n\u00c1reas Envolvidas: Dan\u00e7a, Musica, Artesanato, Gastronomia, Indumentarias.<\/p>\n<p><strong><em>Espanha\u00a0<\/em><\/p>\n<p><\/strong><\/li>\n<li>Nome do Evento: Festival folklorico de los pueblos del mundo<br \/>\nLocal de Realiza\u00e7\u00e3o: Navalmoral de la Mata. Caceres. Extremadura. Espa\u00f1a<br \/>\nPer\u00edodo de Realiza\u00e7\u00e3o: Agosto<br \/>\nRespons\u00e1vel: Maria de los Angeles Sanchez Mendez<br \/>\nVincula\u00e7\u00e3o do Evento: Federacion Extreme\u00f1a de Folklore<br \/>\n\u00c1reas Envolvidas: Dan\u00e7a, Musica.<\/li>\n<li>Nome do Evento: Festival internacional de los Pueblos del Mundo<br \/>\nLocal de Realiza\u00e7\u00e3o: Navalmoral de la Mata.Extremadura..ESPA\u00d1A<br \/>\nPer\u00edodo de Realiza\u00e7\u00e3o: Agosto<br \/>\nRespons\u00e1vel: Angelines S\u00e1nchez Mendez<br \/>\nVincula\u00e7\u00e3o do Evento: Federacion Extreme\u00f1a del Foklore<br \/>\n\u00c1reas Envolvidas: Dan\u00e7a, Musica.<\/li>\n<\/ul>\n<p><strong><br \/>\n<em>Holanda<\/em> <\/strong><\/p>\n<ul>\n<li>Nome do Evento: SIVO-Festival<br \/>\nLocal de Realiza\u00e7\u00e3o: Borger \/ Holanda<br \/>\nPer\u00edodo de Realiza\u00e7\u00e3o: Julho \/ Agosto<br \/>\nRespons\u00e1vel: Geert Nijhof<br \/>\nVincula\u00e7\u00e3o do Evento: SemVinculo<br \/>\n\u00c1reas Envolvidas: Dan\u00e7a, Musica, Artesanato, Gastronomia, Indumentaria.<\/p>\n<p><em><strong>M\u00e9xico<\/strong><\/em><\/li>\n<li>Nome do Evento: Temporada anual de presentaci\u00f3n de espect\u00e1culos de Ballet Folkl\u00f3rico BUAP<br \/>\nLocal de Realiza\u00e7\u00e3o: Puebla \/ M\u00e9xico<br \/>\nPer\u00edodo de Realiza\u00e7\u00e3o: De Fevereiro \u00e0 dezembro.<br \/>\nRespons\u00e1vel: Roberto Crist\u00f3bal Ram\u00edrez Macip<br \/>\nVincula\u00e7\u00e3o do Evento: Benem\u00e9rita Universidad Aut\u00f3noma de Puebla &#8211; Complejo Cultural Universitario<br \/>\n\u00c1reas Envolvidas: Dan\u00e7a, Musica, Indumentaria.<\/li>\n<\/ul>\n<p>&nbsp;<\/p>\n<p><em><strong>Paraguai<\/strong><\/em><strong><br \/>\n<\/strong><\/p>\n<ul>\n<li>Nome do Evento: Por Siempre Danza<br \/>\nLocal de Realiza\u00e7\u00e3o: San Lorenzo \/Paraguay<br \/>\nPer\u00edodo de Realiza\u00e7\u00e3o: Outubro<br \/>\nRespons\u00e1vel: Adriana Cabrera \/ Lourdes Nataloni<br \/>\nVincula\u00e7\u00e3o do Evento: Sem Vinculo<br \/>\n\u00c1reas Envolvidas: Dan\u00e7a<\/li>\n<\/ul>\n<p>Nome do Evento: Festival Internacional Neike Paraguay \u00d1e&#8217;,e<br \/>\nLocal de Realiza\u00e7\u00e3o: Asuncion \/ Paraguay<br \/>\nPer\u00edodo de Realiza\u00e7\u00e3o: Agosto<br \/>\nRespons\u00e1vel: Lic. Guillermo Zavala<br \/>\nVincula\u00e7\u00e3o do Evento: Fundaci\u00f3n Paraguay \u00d1e&#8217;e<br \/>\n\u00c1reas Envolvidas: Dan\u00e7a, Musica, Artesanato, Gastronomia.<br \/>\n<strong><br \/>\n<em>Peru<\/em><\/strong><em>\u00a0<\/em><\/p>\n<ul>\n<li>Nome do Evento: Encuentro Binacional de Danza<br \/>\nLocal de Realiza\u00e7\u00e3o: Cusco \/ Peru<br \/>\nPer\u00edodo de Realiza\u00e7\u00e3o: Agosto<br \/>\nRespons\u00e1vel: Lic. Jose Luque Cutipa<br \/>\nVincula\u00e7\u00e3o do Evento: Centro de Investigaci\u00f3n y Difusi\u00f3n de Arte y Folklore PERU DANZA<br \/>\n\u00c1reas Envolvidas: Dan\u00e7a, Musica.<\/li>\n<\/ul>\n<p>&nbsp;<\/p>\n<p><em><strong>Portugal<\/strong><br \/>\n<\/em><\/p>\n<ul>\n<li>Nome do Evento: Festival FOLKMON\u00c7AO &#8211; O Mundo a Dan\u00e7ar<br \/>\nLocal de Realiza\u00e7\u00e3o: Norte de Portugal \u2013 Distrito de Viana do castelo \u2013 Galiza \/ Espanha<br \/>\nPer\u00edodo de Realiza\u00e7\u00e3o: Julho \/ Agosto<br \/>\nRespons\u00e1vel: Boaventura Rodrigues<br \/>\nVincula\u00e7\u00e3o do Evento: Rancho Folclorico Casa Barbeita \u2013 Municipios de: Mon\u00e7ao, Melga\u00e7o, Valencia, Vila Nova Cerveira, Paredes Coura, Ponte Lima, Ponte Barca, Arcos Valdevez \/ Portugal \u2013 Salvaterra de Mi\u00f1o, Vilanova de Arousa \/ Espanha<br \/>\n\u00c1reas Envolvidas: Dan\u00e7a, Musica, Artesanato, Gastronomia, Indumentarias.<\/li>\n<li>Nome do Evento: Festival Interfolk<br \/>\nLocal de Realiza\u00e7\u00e3o: Torres Novas \/ Portugal<br \/>\nPer\u00edodo de Realiza\u00e7\u00e3o: 12 a 20 de Agosto<br \/>\nRespons\u00e1vel: Carlos Manuel Sim\u00f5es Rodrigues<br \/>\nVincula\u00e7\u00e3o do Evento: Rancho folcl\u00f3rico e Etnogr\u00e1fico do Casal Sentista<br \/>\n\u00c1reas Envolvidas: Dan\u00e7a, Musica, Artesanato, Gastronomia, Indumentaria.<\/p>\n<p><em><strong>Urugua<\/strong>i<\/em><\/li>\n<li>Nome do Evento: Encuentro internacional de folclore y arte popular Am\u00e9rica Unida<br \/>\nLocal de Realiza\u00e7\u00e3o: Ciudad del Plata, San Jos\u00e9 \/ Uruguay<br \/>\nPer\u00edodo de Realiza\u00e7\u00e3o: Setembro<br \/>\nRespons\u00e1vel: Gustavo Verno \/ Aramilta Pereira \/ Graciela Fernandez \/ Daniel Pintado \/ Adriana Wohlwend \/ William Ferro \/ Gladys Rey \/ Zully Laclau \/ Andr\u00e9s Sosa<br \/>\nVincula\u00e7\u00e3o do Evento: Asociaci\u00f3n civil Am\u00e9rica Unida<br \/>\n\u00c1reas Envolvidas: Dan\u00e7a, Musica, Artesanato, Gastronomia, Indumentarias, Cultura Popular.<\/li>\n<\/ul>\n","protected":false},"excerpt":{"rendered":"<p>Participantes:\u00a0 Brasil Nome do Evento: Mostra Encontro de Etnias Local de Realiza\u00e7\u00e3o: Luiz Alves \/ Santa Catarina Per\u00edodo de Realiza\u00e7\u00e3o: Maio Respons\u00e1vel: Henrique Lemke Vincula\u00e7\u00e3o do Evento: Prefeitura Municipal de Luiz Alves \/ Aecla Associa\u00e7\u00e3o Esportiva e Cultural Luiz Alves \u00c1reas Envolvidas: Dan\u00e7a. Nome do Evento: Festival Encontro internacional de etnias Local de Realiza\u00e7\u00e3o: Barra &hellip; <a href=\"https:\/\/wp.ufpel.edu.br\/folkcovid\/es\/banco-de-datos\/\" class=\"more-link\">Continuar lendo <span class=\"screen-reader-text\">BANCO DE DATOS<\/span><\/a><\/p>\n","protected":false},"author":1013,"featured_media":0,"parent":0,"menu_order":0,"comment_status":"closed","ping_status":"closed","template":"","meta":{"footnotes":""},"class_list":["post-266","page","type-page","status-publish","hentry"],"_links":{"self":[{"href":"https:\/\/wp.ufpel.edu.br\/folkcovid\/wp-json\/wp\/v2\/pages\/266","targetHints":{"allow":["GET"]}}],"collection":[{"href":"https:\/\/wp.ufpel.edu.br\/folkcovid\/wp-json\/wp\/v2\/pages"}],"about":[{"href":"https:\/\/wp.ufpel.edu.br\/folkcovid\/wp-json\/wp\/v2\/types\/page"}],"author":[{"embeddable":true,"href":"https:\/\/wp.ufpel.edu.br\/folkcovid\/wp-json\/wp\/v2\/users\/1013"}],"replies":[{"embeddable":true,"href":"https:\/\/wp.ufpel.edu.br\/folkcovid\/wp-json\/wp\/v2\/comments?post=266"}],"version-history":[{"count":4,"href":"https:\/\/wp.ufpel.edu.br\/folkcovid\/wp-json\/wp\/v2\/pages\/266\/revisions"}],"predecessor-version":[{"id":551,"href":"https:\/\/wp.ufpel.edu.br\/folkcovid\/wp-json\/wp\/v2\/pages\/266\/revisions\/551"}],"wp:attachment":[{"href":"https:\/\/wp.ufpel.edu.br\/folkcovid\/wp-json\/wp\/v2\/media?parent=266"}],"curies":[{"name":"wp","href":"https:\/\/api.w.org\/{rel}","templated":true}]}}