{"id":61,"date":"2019-05-06T17:26:04","date_gmt":"2019-05-06T20:26:04","guid":{"rendered":"https:\/\/wp.ufpel.edu.br\/folcloreeeducacao\/?page_id=61"},"modified":"2019-05-08T15:31:49","modified_gmt":"2019-05-08T18:31:49","slug":"oficinas-de-producao-artesanal-e-com-dobraduras-de-brinquedos-e-personagens-do-folclore","status":"publish","type":"page","link":"https:\/\/wp.ufpel.edu.br\/folcloreeeducacao\/acoes\/oficinas-de-producao-artesanal-e-com-dobraduras-de-brinquedos-e-personagens-do-folclore\/","title":{"rendered":"Oficinas de produ\u00e7\u00e3o artesanal  e com dobraduras de brinquedos e personagens do Folclore"},"content":{"rendered":"<p><span style=\"font-family: arial, helvetica, sans-serif\">Oficinas para professores das escolas da rede e para acad\u00eamicos dos cursos da UFPEL que ensinam a produzir materiais sobre o Folclore Nacional e local para atuarem com seus alunos nas escolas.<\/span><\/p>\n<p>&nbsp;<\/p>\n<p><img class=\"alignnone size-medium wp-image-77\" src=\"https:\/\/wp.ufpel.edu.br\/folcloreeeducacao\/files\/2019\/05\/20190508_091121-400x300.jpg\" alt=\"\" width=\"400\" height=\"300\" \/><\/p>\n<p>&nbsp;<\/p>\n<p><span style=\"font-family: arial, helvetica, sans-serif\"><strong>Objetivos:<\/strong><\/span><\/p>\n<p><span style=\"font-family: arial, helvetica, sans-serif\">&#8211; Produzir jogos e brincadeiras folcl\u00f3ricas com materiais diversos.<\/span><br \/>\n<span style=\"font-family: arial, helvetica, sans-serif\">&#8211; Produzir personagens do Folclore Nacional e local com dobraduras e materiais diversos.<\/span><br \/>\n<span style=\"font-family: arial, helvetica, sans-serif\">&#8211; Fornecer informa\u00e7\u00f5es, materiais e t\u00e9cnicas de produ\u00e7\u00e3o de materiais sobre folclore para docentes do munic\u00edpio.<\/span><\/p>\n<p><img class=\"alignnone size-medium wp-image-80\" src=\"https:\/\/wp.ufpel.edu.br\/folcloreeeducacao\/files\/2019\/05\/20190508_105437-400x300.jpg\" alt=\"\" width=\"400\" height=\"300\" \/> <img class=\"alignnone size-medium wp-image-81\" src=\"https:\/\/wp.ufpel.edu.br\/folcloreeeducacao\/files\/2019\/05\/20190508_105422-400x300.jpg\" alt=\"\" width=\"400\" height=\"300\" \/><\/p>\n<p><span style=\"font-size: 10pt;font-family: arial, helvetica, sans-serif\">*Fonte imagens; Arquivo pessoal de Rose Adriana Andrade de Miranda<\/span><\/p>\n","protected":false},"excerpt":{"rendered":"<p>Oficinas para professores das escolas da rede e para acad\u00eamicos dos cursos da UFPEL que ensinam a produzir materiais sobre o Folclore Nacional e local para atuarem com seus alunos nas escolas. &nbsp; &nbsp; Objetivos: &#8211; Produzir jogos e brincadeiras folcl\u00f3ricas com materiais diversos. &#8211; Produzir personagens do Folclore Nacional e local com dobraduras e [&hellip;]<\/p>\n","protected":false},"author":922,"featured_media":21,"parent":52,"menu_order":0,"comment_status":"closed","ping_status":"closed","template":"","meta":{"footnotes":""},"class_list":["post-61","page","type-page","status-publish","has-post-thumbnail","hentry"],"_links":{"self":[{"href":"https:\/\/wp.ufpel.edu.br\/folcloreeeducacao\/wp-json\/wp\/v2\/pages\/61","targetHints":{"allow":["GET"]}}],"collection":[{"href":"https:\/\/wp.ufpel.edu.br\/folcloreeeducacao\/wp-json\/wp\/v2\/pages"}],"about":[{"href":"https:\/\/wp.ufpel.edu.br\/folcloreeeducacao\/wp-json\/wp\/v2\/types\/page"}],"author":[{"embeddable":true,"href":"https:\/\/wp.ufpel.edu.br\/folcloreeeducacao\/wp-json\/wp\/v2\/users\/922"}],"replies":[{"embeddable":true,"href":"https:\/\/wp.ufpel.edu.br\/folcloreeeducacao\/wp-json\/wp\/v2\/comments?post=61"}],"version-history":[{"count":5,"href":"https:\/\/wp.ufpel.edu.br\/folcloreeeducacao\/wp-json\/wp\/v2\/pages\/61\/revisions"}],"predecessor-version":[{"id":83,"href":"https:\/\/wp.ufpel.edu.br\/folcloreeeducacao\/wp-json\/wp\/v2\/pages\/61\/revisions\/83"}],"up":[{"embeddable":true,"href":"https:\/\/wp.ufpel.edu.br\/folcloreeeducacao\/wp-json\/wp\/v2\/pages\/52"}],"wp:featuredmedia":[{"embeddable":true,"href":"https:\/\/wp.ufpel.edu.br\/folcloreeeducacao\/wp-json\/wp\/v2\/media\/21"}],"wp:attachment":[{"href":"https:\/\/wp.ufpel.edu.br\/folcloreeeducacao\/wp-json\/wp\/v2\/media?parent=61"}],"curies":[{"name":"wp","href":"https:\/\/api.w.org\/{rel}","templated":true}]}}