{"id":55,"date":"2019-05-05T23:16:08","date_gmt":"2019-05-06T02:16:08","guid":{"rendered":"https:\/\/wp.ufpel.edu.br\/folcloreeeducacao\/?page_id=55"},"modified":"2019-05-08T15:34:38","modified_gmt":"2019-05-08T18:34:38","slug":"oficina-de-dobraduras-sobre-folclore","status":"publish","type":"page","link":"https:\/\/wp.ufpel.edu.br\/folcloreeeducacao\/acoes\/oficina-de-dobraduras-sobre-folclore\/","title":{"rendered":"Oficina de dobraduras sobre Folclore"},"content":{"rendered":"<p>Oficinas com dobraduras sobre Folclore para professoras de Educa\u00e7\u00e3o infantil, professoras dos Anos Iniciais do Ensino fundamental, e acad\u00eamicos da UFPEL, que trabalham com elementos do patrim\u00f4nio cultural e auxiliam no trabalho com o desenvolvimento da concentra\u00e7\u00e3o e da criatividade dos aluno.<\/p>\n<p><img class=\"alignnone size-medium wp-image-21 aligncenter\" src=\"https:\/\/wp.ufpel.edu.br\/folcloreeeducacao\/files\/2019\/04\/56830027_2255235901382381_588797650724192256_n-297x400.jpg\" alt=\"\" width=\"297\" height=\"400\" \/><\/p>\n","protected":false},"excerpt":{"rendered":"<p>Oficinas com dobraduras sobre Folclore para professoras de Educa\u00e7\u00e3o infantil, professoras dos Anos Iniciais do Ensino fundamental, e acad\u00eamicos da UFPEL, que trabalham com elementos do patrim\u00f4nio cultural e auxiliam no trabalho com o desenvolvimento da concentra\u00e7\u00e3o e da criatividade dos aluno.<\/p>\n","protected":false},"author":922,"featured_media":0,"parent":52,"menu_order":0,"comment_status":"closed","ping_status":"closed","template":"","meta":{"footnotes":""},"class_list":["post-55","page","type-page","status-publish","hentry"],"_links":{"self":[{"href":"https:\/\/wp.ufpel.edu.br\/folcloreeeducacao\/wp-json\/wp\/v2\/pages\/55","targetHints":{"allow":["GET"]}}],"collection":[{"href":"https:\/\/wp.ufpel.edu.br\/folcloreeeducacao\/wp-json\/wp\/v2\/pages"}],"about":[{"href":"https:\/\/wp.ufpel.edu.br\/folcloreeeducacao\/wp-json\/wp\/v2\/types\/page"}],"author":[{"embeddable":true,"href":"https:\/\/wp.ufpel.edu.br\/folcloreeeducacao\/wp-json\/wp\/v2\/users\/922"}],"replies":[{"embeddable":true,"href":"https:\/\/wp.ufpel.edu.br\/folcloreeeducacao\/wp-json\/wp\/v2\/comments?post=55"}],"version-history":[{"count":2,"href":"https:\/\/wp.ufpel.edu.br\/folcloreeeducacao\/wp-json\/wp\/v2\/pages\/55\/revisions"}],"predecessor-version":[{"id":84,"href":"https:\/\/wp.ufpel.edu.br\/folcloreeeducacao\/wp-json\/wp\/v2\/pages\/55\/revisions\/84"}],"up":[{"embeddable":true,"href":"https:\/\/wp.ufpel.edu.br\/folcloreeeducacao\/wp-json\/wp\/v2\/pages\/52"}],"wp:attachment":[{"href":"https:\/\/wp.ufpel.edu.br\/folcloreeeducacao\/wp-json\/wp\/v2\/media?parent=55"}],"curies":[{"name":"wp","href":"https:\/\/api.w.org\/{rel}","templated":true}]}}