{"id":52,"date":"2019-05-05T23:07:10","date_gmt":"2019-05-06T02:07:10","guid":{"rendered":"https:\/\/wp.ufpel.edu.br\/folcloreeeducacao\/?page_id=52"},"modified":"2019-05-05T23:07:10","modified_gmt":"2019-05-06T02:07:10","slug":"acoes","status":"publish","type":"page","link":"https:\/\/wp.ufpel.edu.br\/folcloreeeducacao\/acoes\/","title":{"rendered":"A\u00e7\u00f5es"},"content":{"rendered":"<p>O projeto Folclore e Educa\u00e7\u00e3o desenvolve diversas a\u00e7\u00f5es com o objetivo de produzir materiais did\u00e1ticos. Com essas a\u00e7\u00f5es esperamos expandir a intera\u00e7\u00e3o comunit\u00e1ria, bem como instrumentalizar os acad\u00eamicos da UFPEL e os professores das escolas de Educa\u00e7\u00e3o B\u00e1sica em suas atividades com cultura popular e folclore.<br \/>\nTamb\u00e9m esperamos a produ\u00e7\u00e3o de um reposit\u00f3rio de materiais que possam ser acessados e utilizados pelos professores da rede atrav\u00e9s da nossa p\u00e1gina.<\/p>\n","protected":false},"excerpt":{"rendered":"<p>O projeto Folclore e Educa\u00e7\u00e3o desenvolve diversas a\u00e7\u00f5es com o objetivo de produzir materiais did\u00e1ticos. Com essas a\u00e7\u00f5es esperamos expandir a intera\u00e7\u00e3o comunit\u00e1ria, bem como instrumentalizar os acad\u00eamicos da UFPEL e os professores das escolas de Educa\u00e7\u00e3o B\u00e1sica em suas atividades com cultura popular e folclore. Tamb\u00e9m esperamos a produ\u00e7\u00e3o de um reposit\u00f3rio de materiais [&hellip;]<\/p>\n","protected":false},"author":922,"featured_media":0,"parent":0,"menu_order":0,"comment_status":"closed","ping_status":"closed","template":"","meta":{"footnotes":""},"class_list":["post-52","page","type-page","status-publish","hentry"],"_links":{"self":[{"href":"https:\/\/wp.ufpel.edu.br\/folcloreeeducacao\/wp-json\/wp\/v2\/pages\/52","targetHints":{"allow":["GET"]}}],"collection":[{"href":"https:\/\/wp.ufpel.edu.br\/folcloreeeducacao\/wp-json\/wp\/v2\/pages"}],"about":[{"href":"https:\/\/wp.ufpel.edu.br\/folcloreeeducacao\/wp-json\/wp\/v2\/types\/page"}],"author":[{"embeddable":true,"href":"https:\/\/wp.ufpel.edu.br\/folcloreeeducacao\/wp-json\/wp\/v2\/users\/922"}],"replies":[{"embeddable":true,"href":"https:\/\/wp.ufpel.edu.br\/folcloreeeducacao\/wp-json\/wp\/v2\/comments?post=52"}],"version-history":[{"count":1,"href":"https:\/\/wp.ufpel.edu.br\/folcloreeeducacao\/wp-json\/wp\/v2\/pages\/52\/revisions"}],"predecessor-version":[{"id":53,"href":"https:\/\/wp.ufpel.edu.br\/folcloreeeducacao\/wp-json\/wp\/v2\/pages\/52\/revisions\/53"}],"wp:attachment":[{"href":"https:\/\/wp.ufpel.edu.br\/folcloreeeducacao\/wp-json\/wp\/v2\/media?parent=52"}],"curies":[{"name":"wp","href":"https:\/\/api.w.org\/{rel}","templated":true}]}}