{"id":43,"date":"2019-05-04T23:33:54","date_gmt":"2019-05-05T02:33:54","guid":{"rendered":"https:\/\/wp.ufpel.edu.br\/folcloreeeducacao\/?page_id=43"},"modified":"2020-06-12T23:37:56","modified_gmt":"2020-06-13T02:37:56","slug":"integrantes","status":"publish","type":"page","link":"https:\/\/wp.ufpel.edu.br\/folcloreeeducacao\/parcerias\/integrantes\/","title":{"rendered":"Integrantes"},"content":{"rendered":"<p><strong>Coordenadora do projeto<\/strong><\/p>\n<p>Rose Adriana Andrade de Miranda<\/p>\n<p>rosemiranda.educampoufpel@gmail.com<\/p>\n<p>&nbsp;<\/p>\n<p><strong>Servidores Colaboradores\u00a0<\/strong><\/p>\n<p>Analisa Zorzi<\/p>\n<p>Daiana San Martins Goulart<\/p>\n<p>Edgar \u00c1vila Gandra<\/p>\n<p>Heloisa Helena Duval de Azevedo<\/p>\n<p>&nbsp;<\/p>\n<p><strong>Discente Bolsista (2020)<\/strong><\/p>\n<p>Alexandre Henzel Barcelos (Extens\u00e3o &#8211; Pedagogia)<\/p>\n<p>&nbsp;<\/p>\n<p><strong>Discentes Bolsistas (2019)<\/strong><\/p>\n<p>Alexandre Henzel Barcelos (Ensino &#8211; Pedagogia)<\/p>\n<p>Geraldo Oliveira da Silva (Extens\u00e3o &#8211; Matem\u00e1tica)<\/p>\n<p>&nbsp;<\/p>\n<p><strong>Discentes Colaboradores (2020)<\/strong><\/p>\n<p>Bruna Leticia da Silva Bueno (Psicologia)<\/p>\n<p>Isabela Maria Santos Silva (Cinema de Anima\u00e7\u00e3o)<\/p>\n<p>Jennifer Xavier dos Passos (Pedagogia)<\/p>\n<p>Raphael Henrique do Ros\u00e1rio Gon\u00e7alves\u00a0(Design Gr\u00e1fico)<\/p>\n<p>Tanise Soares Nogueira (Pedagogia)<\/p>\n<p>&nbsp;<\/p>\n<p><strong>Discentes Colaboradores (2019)<\/strong><\/p>\n<p>Bruna Leticia da Silva Bueno (Psicologia)<\/p>\n<p>Isabela Maria Santos Silva (Cinema de Anima\u00e7\u00e3o)<\/p>\n<p>Jennifer Xavier dos Passos (Pedagogia)<\/p>\n<p>Kerolin Cardoso Lulhier (Jornalismo)<\/p>\n<p>Maressa Stephany Carvalho Santos (Design Gr\u00e1fico)<\/p>\n<p>Mateus Brum de Armas (Cinema e Audiovisual)<\/p>\n<p>Mayara Goulart Brasil (Pedagogia)<\/p>\n<p>Pedro Henrique Bernardes Bandeira Tibery (Pedagogia)<\/p>\n<p>Raphael Henrique do Ros\u00e1rio Gon\u00e7alves\u00a0(Design Gr\u00e1fico)<\/p>\n<p>Tanise Soares Nogueira (Pedagogia)<\/p>\n<p>Vanessa da Silva Borges (Pedagogia)<\/p>\n<p>&nbsp;<\/p>\n<p><strong>Colaboradores Externos (2020)<\/strong><\/p>\n<p>Ana Maria Feij\u00f3 B\u00f3rio Xavier (Pedagoga)<\/p>\n<p>Carlos Ricardo Carreira de Andrade (Professor de Educa\u00e7\u00e3o F\u00edsica)<\/p>\n<p>Vanessa da Silva Borges (Pedagoga)<\/p>\n<p>&nbsp;<\/p>\n<p>&nbsp;<\/p>\n","protected":false},"excerpt":{"rendered":"<p>Coordenadora do projeto Rose Adriana Andrade de Miranda rosemiranda.educampoufpel@gmail.com &nbsp; Servidores Colaboradores\u00a0 Analisa Zorzi Daiana San Martins Goulart Edgar \u00c1vila Gandra Heloisa Helena Duval de Azevedo &nbsp; Discente Bolsista (2020) Alexandre Henzel Barcelos (Extens\u00e3o &#8211; Pedagogia) &nbsp; Discentes Bolsistas (2019) Alexandre Henzel Barcelos (Ensino &#8211; Pedagogia) Geraldo Oliveira da Silva (Extens\u00e3o &#8211; Matem\u00e1tica) &nbsp; Discentes [&hellip;]<\/p>\n","protected":false},"author":922,"featured_media":0,"parent":34,"menu_order":0,"comment_status":"closed","ping_status":"closed","template":"","meta":{"footnotes":""},"class_list":["post-43","page","type-page","status-publish","hentry"],"_links":{"self":[{"href":"https:\/\/wp.ufpel.edu.br\/folcloreeeducacao\/wp-json\/wp\/v2\/pages\/43","targetHints":{"allow":["GET"]}}],"collection":[{"href":"https:\/\/wp.ufpel.edu.br\/folcloreeeducacao\/wp-json\/wp\/v2\/pages"}],"about":[{"href":"https:\/\/wp.ufpel.edu.br\/folcloreeeducacao\/wp-json\/wp\/v2\/types\/page"}],"author":[{"embeddable":true,"href":"https:\/\/wp.ufpel.edu.br\/folcloreeeducacao\/wp-json\/wp\/v2\/users\/922"}],"replies":[{"embeddable":true,"href":"https:\/\/wp.ufpel.edu.br\/folcloreeeducacao\/wp-json\/wp\/v2\/comments?post=43"}],"version-history":[{"count":5,"href":"https:\/\/wp.ufpel.edu.br\/folcloreeeducacao\/wp-json\/wp\/v2\/pages\/43\/revisions"}],"predecessor-version":[{"id":169,"href":"https:\/\/wp.ufpel.edu.br\/folcloreeeducacao\/wp-json\/wp\/v2\/pages\/43\/revisions\/169"}],"up":[{"embeddable":true,"href":"https:\/\/wp.ufpel.edu.br\/folcloreeeducacao\/wp-json\/wp\/v2\/pages\/34"}],"wp:attachment":[{"href":"https:\/\/wp.ufpel.edu.br\/folcloreeeducacao\/wp-json\/wp\/v2\/media?parent=43"}],"curies":[{"name":"wp","href":"https:\/\/api.w.org\/{rel}","templated":true}]}}