{"id":34,"date":"2019-05-04T23:20:07","date_gmt":"2019-05-05T02:20:07","guid":{"rendered":"https:\/\/wp.ufpel.edu.br\/folcloreeeducacao\/?page_id=34"},"modified":"2019-05-04T23:20:07","modified_gmt":"2019-05-05T02:20:07","slug":"parcerias","status":"publish","type":"page","link":"https:\/\/wp.ufpel.edu.br\/folcloreeeducacao\/parcerias\/","title":{"rendered":"Parcerias"},"content":{"rendered":"<p>O Projeto Folclore e Educa\u00e7\u00e3o conta com um grande n\u00fameros de parceiros.<\/p>\n","protected":false},"excerpt":{"rendered":"<p>O Projeto Folclore e Educa\u00e7\u00e3o conta com um grande n\u00fameros de parceiros.<\/p>\n","protected":false},"author":922,"featured_media":0,"parent":0,"menu_order":0,"comment_status":"closed","ping_status":"closed","template":"","meta":{"footnotes":""},"class_list":["post-34","page","type-page","status-publish","hentry"],"_links":{"self":[{"href":"https:\/\/wp.ufpel.edu.br\/folcloreeeducacao\/wp-json\/wp\/v2\/pages\/34","targetHints":{"allow":["GET"]}}],"collection":[{"href":"https:\/\/wp.ufpel.edu.br\/folcloreeeducacao\/wp-json\/wp\/v2\/pages"}],"about":[{"href":"https:\/\/wp.ufpel.edu.br\/folcloreeeducacao\/wp-json\/wp\/v2\/types\/page"}],"author":[{"embeddable":true,"href":"https:\/\/wp.ufpel.edu.br\/folcloreeeducacao\/wp-json\/wp\/v2\/users\/922"}],"replies":[{"embeddable":true,"href":"https:\/\/wp.ufpel.edu.br\/folcloreeeducacao\/wp-json\/wp\/v2\/comments?post=34"}],"version-history":[{"count":2,"href":"https:\/\/wp.ufpel.edu.br\/folcloreeeducacao\/wp-json\/wp\/v2\/pages\/34\/revisions"}],"predecessor-version":[{"id":41,"href":"https:\/\/wp.ufpel.edu.br\/folcloreeeducacao\/wp-json\/wp\/v2\/pages\/34\/revisions\/41"}],"wp:attachment":[{"href":"https:\/\/wp.ufpel.edu.br\/folcloreeeducacao\/wp-json\/wp\/v2\/media?parent=34"}],"curies":[{"name":"wp","href":"https:\/\/api.w.org\/{rel}","templated":true}]}}