{"id":204,"date":"2021-08-04T23:00:50","date_gmt":"2021-08-05T02:00:50","guid":{"rendered":"https:\/\/wp.ufpel.edu.br\/folcloreeeducacao\/?page_id=204"},"modified":"2021-08-05T00:34:19","modified_gmt":"2021-08-05T03:34:19","slug":"lendas-e-dobraduras","status":"publish","type":"page","link":"https:\/\/wp.ufpel.edu.br\/folcloreeeducacao\/lendas-e-dobraduras\/","title":{"rendered":"V\u00eddeos e Materiais Sobre Lendas e Dobraduras"},"content":{"rendered":"<p style=\"text-align: justify\">Este espa\u00e7o foi criado para compartilhar v\u00eddeos e materiais com orienta\u00e7\u00f5es para trabalhar com lendas e dobraduras.<\/p>\n<p>&nbsp;<\/p>\n<p><strong><span style=\"font-size: 14pt\">Vit\u00f3ria R\u00e9gia (dobradura)<\/span><\/strong><\/p>\n<p>No primeiro v\u00eddeo a acad\u00eamica de Licenciatura em Pedagogia Tamara Dias Nunes apresenta orienta\u00e7\u00f5es sobre a montagem da dobradura da Vit\u00f3ria R\u00e9gia<\/p>\n<p><a href=\"https:\/\/drive.google.com\/file\/d\/1JfLa1VSG4r77P06iM8t8b1ECif09SGWb\/view?usp=sharing\">Dobradura da Vit\u00f3ria R\u00e9gia \u00a0<\/a>(Link do v\u00eddeo)<\/p>\n<p><img class=\"size-medium wp-image-209 alignleft\" src=\"https:\/\/wp.ufpel.edu.br\/folcloreeeducacao\/files\/2021\/08\/Vitoria-R2-241x400.jpg\" alt=\"Vitoria Regia Dobradura\" width=\"241\" height=\"400\" srcset=\"https:\/\/wp.ufpel.edu.br\/folcloreeeducacao\/files\/2021\/08\/Vitoria-R2-241x400.jpg 241w, https:\/\/wp.ufpel.edu.br\/folcloreeeducacao\/files\/2021\/08\/Vitoria-R2.jpg 459w\" sizes=\"(max-width: 241px) 100vw, 241px\" \/><\/p>\n","protected":false},"excerpt":{"rendered":"<p>Este espa\u00e7o foi criado para compartilhar v\u00eddeos e materiais com orienta\u00e7\u00f5es para trabalhar com lendas e dobraduras. &nbsp; Vit\u00f3ria R\u00e9gia (dobradura) No primeiro v\u00eddeo a acad\u00eamica de Licenciatura em Pedagogia Tamara Dias Nunes apresenta orienta\u00e7\u00f5es sobre a montagem da dobradura da Vit\u00f3ria R\u00e9gia Dobradura da Vit\u00f3ria R\u00e9gia \u00a0(Link do v\u00eddeo)<\/p>\n","protected":false},"author":922,"featured_media":0,"parent":0,"menu_order":0,"comment_status":"closed","ping_status":"closed","template":"","meta":{"footnotes":""},"class_list":["post-204","page","type-page","status-publish","hentry"],"_links":{"self":[{"href":"https:\/\/wp.ufpel.edu.br\/folcloreeeducacao\/wp-json\/wp\/v2\/pages\/204","targetHints":{"allow":["GET"]}}],"collection":[{"href":"https:\/\/wp.ufpel.edu.br\/folcloreeeducacao\/wp-json\/wp\/v2\/pages"}],"about":[{"href":"https:\/\/wp.ufpel.edu.br\/folcloreeeducacao\/wp-json\/wp\/v2\/types\/page"}],"author":[{"embeddable":true,"href":"https:\/\/wp.ufpel.edu.br\/folcloreeeducacao\/wp-json\/wp\/v2\/users\/922"}],"replies":[{"embeddable":true,"href":"https:\/\/wp.ufpel.edu.br\/folcloreeeducacao\/wp-json\/wp\/v2\/comments?post=204"}],"version-history":[{"count":5,"href":"https:\/\/wp.ufpel.edu.br\/folcloreeeducacao\/wp-json\/wp\/v2\/pages\/204\/revisions"}],"predecessor-version":[{"id":207,"href":"https:\/\/wp.ufpel.edu.br\/folcloreeeducacao\/wp-json\/wp\/v2\/pages\/204\/revisions\/207"}],"wp:attachment":[{"href":"https:\/\/wp.ufpel.edu.br\/folcloreeeducacao\/wp-json\/wp\/v2\/media?parent=204"}],"curies":[{"name":"wp","href":"https:\/\/api.w.org\/{rel}","templated":true}]}}