{"id":2,"date":"2019-04-17T19:21:58","date_gmt":"2019-04-17T22:21:58","guid":{"rendered":"https:\/\/wp.ufpel.edu.br\/folcloreeeducacao\/?page_id=2"},"modified":"2019-10-03T22:32:06","modified_gmt":"2019-10-04T01:32:06","slug":"inicio","status":"publish","type":"page","link":"https:\/\/wp.ufpel.edu.br\/folcloreeeducacao\/inicio\/","title":{"rendered":"Apresenta\u00e7\u00e3o"},"content":{"rendered":"\r\n<p style=\"text-align: justify\">O grupo\u00a0 Folclore e Educa\u00e7\u00e3o \u00e9 fruto da articula\u00e7\u00e3o de docentes e discentes que participam do PET GAPE, NUFOLK, do LAM\/LIFE, de docentes que atuaram no ECO de Folclore do extinto Curso de Licenciatura em\u00a0 Educa\u00e7\u00e3o do Campo da UFPEL e de pesquisas que trabalham com Cultura popular do Centro de Artes (vinculadas ao grupo de estudos OMEGA) e da Faculdade de Educa\u00e7\u00e3o (vinculadas ao grupo de pesquisa GAPE). Esses grupos reuniram-se por estarem organizando materiais did\u00e1ticos para trabalhar com Cultura Popular e Folclore nas escolas p\u00fablicas e pela necessidade de aprofundarem quest\u00f5es relativas a esses dois temas e suas rela\u00e7\u00f5es com a Educa\u00e7\u00e3o, mais especificamente, com Educa\u00e7\u00e3o Popular. O grupo tamb\u00e9m procura investir intensamente na autonomia e autoria dos acad\u00eamicos envolvidos atrav\u00e9s da produ\u00e7\u00e3o de materiais para Educa\u00e7\u00e3o B\u00e1sica, estudos orientados e participa\u00e7\u00e3o em eventos.<\/p>\r\n<p>&nbsp;<\/p>\r\n<p><img class=\"aligncenter wp-image-157 size-medium\" src=\"https:\/\/wp.ufpel.edu.br\/folcloreeeducacao\/files\/2019\/10\/logo-folclore-e-educa\u00e7\u00e3o-400x300.jpg\" alt=\"\" width=\"400\" height=\"300\" \/><\/p>\r\n<p>&nbsp;<\/p>\r\n<p>&nbsp;<\/p>\r\n<p><strong>Breve hist\u00f3rico<\/strong><\/p>\r\n<p style=\"text-align: justify\">O projeto de&#8221; Folclore e Educa\u00e7\u00e3o&#8221; surgiu em 2016, dentro do curso de licenciatura em Educa\u00e7\u00e3o do Campo a Dist\u00e2ncia da UFPEL, atrav\u00e9s de uma necessidade apresentada pelos acad\u00eamicos do polo Universit\u00e1rio EAD de S\u00e3o Jos\u00e9 do Norte, que estavam vinculados ao referido curso. No in\u00edcio ele foi um projeto de ensino com o objetivo de estudar\/aprofundar quest\u00f5es referentes ao Folclore, \u00e0 Cultura popular e \u00e0s rela\u00e7\u00f5es desses com a Educa\u00e7\u00e3o. De 2016 \u00e0 setembro de 2018 os participantes do projeto de ensino desenvolveram diversas a\u00e7\u00f5es de extens\u00e3o vinculadas aos grupos UAB\/UFPEL, PET\/GAPE, LAM\/LIFE e NUFOLK. Ao longo desse tempo o grupo passou a ser pressionado a come\u00e7ar a oferecer oficinas e cursos para professores da rede de ensino bem como qualificar os materiais produzidos estendendo o acesso a comunidade.<br \/>Esse projeto tamb\u00e9m est\u00e1 vinculado ao projeto de pesquisa &#8220;Cultura Litor\u00e2nea do RS: semelhan\u00e7as e diferen\u00e7as entre comunidades da orla da lagoa e comunidades da orla mar\u00edtima&#8221; que tem o objetivo de mapear as manifesta\u00e7\u00f5es culturais do litoral ga\u00facho, bem como assessorar e produzir materiais para as escolas p\u00fablicas dessa regi\u00e3o.<br \/>Como projeto de extens\u00e3o nossa proposta passa a desenvolver materiais sobre folclore para a\u00e7\u00f5es junto a alunos surdos, da UFPel e da rede de ensino, bem como a oferecer oficinas em diversas \u00e1reas do conhecimento para professores da rede p\u00fablica que abordem assuntos relacionados aos conte\u00fados de folclore e cultura popular.<\/p>\r\n","protected":false},"excerpt":{"rendered":"<p>O grupo\u00a0 Folclore e Educa\u00e7\u00e3o \u00e9 fruto da articula\u00e7\u00e3o de docentes e discentes que participam do PET GAPE, NUFOLK, do LAM\/LIFE, de docentes que atuaram no ECO de Folclore do extinto Curso de Licenciatura em\u00a0 Educa\u00e7\u00e3o do Campo da UFPEL e de pesquisas que trabalham com Cultura popular do Centro de Artes (vinculadas ao grupo [&hellip;]<\/p>\n","protected":false},"author":922,"featured_media":0,"parent":0,"menu_order":1,"comment_status":"closed","ping_status":"closed","template":"","meta":{"footnotes":""},"class_list":["post-2","page","type-page","status-publish","hentry"],"_links":{"self":[{"href":"https:\/\/wp.ufpel.edu.br\/folcloreeeducacao\/wp-json\/wp\/v2\/pages\/2","targetHints":{"allow":["GET"]}}],"collection":[{"href":"https:\/\/wp.ufpel.edu.br\/folcloreeeducacao\/wp-json\/wp\/v2\/pages"}],"about":[{"href":"https:\/\/wp.ufpel.edu.br\/folcloreeeducacao\/wp-json\/wp\/v2\/types\/page"}],"author":[{"embeddable":true,"href":"https:\/\/wp.ufpel.edu.br\/folcloreeeducacao\/wp-json\/wp\/v2\/users\/922"}],"replies":[{"embeddable":true,"href":"https:\/\/wp.ufpel.edu.br\/folcloreeeducacao\/wp-json\/wp\/v2\/comments?post=2"}],"version-history":[{"count":4,"href":"https:\/\/wp.ufpel.edu.br\/folcloreeeducacao\/wp-json\/wp\/v2\/pages\/2\/revisions"}],"predecessor-version":[{"id":159,"href":"https:\/\/wp.ufpel.edu.br\/folcloreeeducacao\/wp-json\/wp\/v2\/pages\/2\/revisions\/159"}],"wp:attachment":[{"href":"https:\/\/wp.ufpel.edu.br\/folcloreeeducacao\/wp-json\/wp\/v2\/media?parent=2"}],"curies":[{"name":"wp","href":"https:\/\/api.w.org\/{rel}","templated":true}]}}