{"id":93,"date":"2020-08-11T15:43:11","date_gmt":"2020-08-11T18:43:11","guid":{"rendered":"https:\/\/wp.ufpel.edu.br\/fivrs\/?page_id=93"},"modified":"2026-05-17T16:01:21","modified_gmt":"2026-05-17T19:01:21","slug":"mostra","status":"publish","type":"page","link":"https:\/\/wp.ufpel.edu.br\/fivrs\/","title":{"rendered":"In\u00edcio"},"content":{"rendered":"<p style=\"text-align: center;\"><img loading=\"lazy\" decoding=\"async\" class=\"alignnone size-full wp-image-380\" src=\"https:\/\/wp.ufpel.edu.br\/fivrs\/files\/2026\/05\/FIVRS-LOGO-EDITAL.jpg\" alt=\"\" width=\"800\" height=\"489\" srcset=\"https:\/\/wp.ufpel.edu.br\/fivrs\/files\/2026\/05\/FIVRS-LOGO-EDITAL.jpg 800w, https:\/\/wp.ufpel.edu.br\/fivrs\/files\/2026\/05\/FIVRS-LOGO-EDITAL-400x245.jpg 400w, https:\/\/wp.ufpel.edu.br\/fivrs\/files\/2026\/05\/FIVRS-LOGO-EDITAL-768x469.jpg 768w\" sizes=\"auto, (max-width: 706px) 89vw, (max-width: 767px) 82vw, 740px\" \/><\/p>\n<p style=\"text-align: center;\"><span style=\"font-size: 14pt;\"><b>7\u00ba Festival Internacional de Videodan\u00e7a do RS \u2013 FIVRS 2026\u00a0<\/b><\/span><\/p>\n<p style=\"text-align: center;\"><a href=\"https:\/\/wp.ufpel.edu.br\/fivrs\/\">https:\/\/wp.ufpel.edu.br\/fivrs\/<\/a><br \/>\n<a href=\"https:\/\/www.instagram.com\/fivrs.videodanca\/\">https:\/\/www.instagram.com\/fivrs.videodanca\/<\/a><br \/>\n<a href=\"https:\/\/www.facebook.com\/1o.FIVRS\/\">https:\/\/www.facebook.com\/1o.FIVRS\/<\/a><\/p>\n<p style=\"text-align: center;\"><span style=\"font-size: 18pt; color: #ff6600;\"><b>Inscri\u00e7\u00f5es at\u00e9 12 de junho de 2026<\/b><\/span><\/p>\n<p><span style=\"font-weight: 400;\">Este edital tem por objetivo a sele\u00e7\u00e3o de videodan\u00e7as \u2013 em seu amplo espectro de abrang\u00eancia audiovisual \u2013 para o <\/span><b>7\u00ba Festival Internacional de Videodan\u00e7a do RS \u2013 FIVRS 2026<\/b><span style=\"font-weight: 400;\">, evento realizado pelo Programa de P\u00f3s-Gradua\u00e7\u00e3o em Artes (PPGArtes) e pelo Curso de Dan\u00e7a da Universidade Federal de Pelotas (UFPel) em parceria com a Funda\u00e7\u00e3o Ecarta, Porto Alegre.<\/span><\/p>\n<p><b>PARTICIPA\u00c7\u00c3O<\/b><\/p>\n<p><b>Inscri\u00e7\u00f5es gratuitas;\u00a0<\/b><\/p>\n<p><b>Proponentes maiores de 18<\/b><span style=\"font-weight: 400;\"> anos, de qualquer nacionalidade;<\/span><\/p>\n<p><span style=\"font-weight: 400;\">Cada proponente poder\u00e1 inscrever <\/span><b>APENAS<\/b> <b>UMA <\/b><span style=\"font-weight: 400;\">videodan\u00e7a;<\/span><\/p>\n<p><span style=\"font-weight: 400;\">Videodan\u00e7as realizadas em grupo ou por coletivos dever\u00e3o ser inscritas por <\/span><b>uma<\/b> <b>\u00fanica <\/b><span style=\"font-weight: 400;\">pessoa, respons\u00e1vel como proponente pela inscri\u00e7\u00e3o;<\/span><\/p>\n<p><span style=\"font-weight: 400;\">Produ\u00e7\u00f5es conclu\u00eddas a partir de <\/span><b>2024<\/b><span style=\"font-weight: 400;\">;<\/span><\/p>\n<p><span style=\"font-weight: 400;\">Produ\u00e7\u00f5es que sejam consideradas <\/span><b>lesivas aos Direitos Humanos<\/b><span style=\"font-weight: 400;\"> ser\u00e3o previamente desclassificadas;<\/span><\/p>\n<p><span style=\"font-weight: 400;\">Cada proponente \u00e9 respons\u00e1vel pelos <\/span><b>direitos<\/b><span style=\"font-weight: 400;\"> referentes \u00e0 trilha sonora e \u00e0s imagens das videodan\u00e7as inscritas;<\/span><\/p>\n<p><b>N\u00e3o haver\u00e1<\/b><span style=\"font-weight: 400;\"> premia\u00e7\u00e3o;\u00a0<\/span><\/p>\n<p><span style=\"font-weight: 400;\">O ato da inscri\u00e7\u00e3o <\/span><b>autoriza<\/b><span style=\"font-weight: 400;\"> que a videodan\u00e7a seja utilizada para fins de divulga\u00e7\u00e3o do FIVRS;<\/span><\/p>\n<p><span style=\"font-weight: 400;\">O ato da inscri\u00e7\u00e3o <\/span><b>autoriza<\/b><span style=\"font-weight: 400;\"> que a videodan\u00e7a passe a integrar a videoteca do FIVRS;\u00a0<\/span><\/p>\n<p><span style=\"font-weight: 400;\">O ato da inscri\u00e7\u00e3o <\/span><b>autoriza<\/b><span style=\"font-weight: 400;\"> que a videodan\u00e7a seja exibida em mostras do FIVRS, no Brasil e no exterior, com fins culturais, art\u00edsticos e educativos, e sem fins lucrativos.\u00a0<\/span><\/p>\n<p><b>CARACTER\u00cdSTICAS DA VIDEODAN\u00c7A<\/b><\/p>\n<p><b>Tem\u00e1tica livre<\/b><span style=\"font-weight: 400;\">;<\/span><\/p>\n<p><b>Dura\u00e7\u00e3o m\u00e1xima de 10 (dez) minutos<\/b><span style=\"font-weight: 400;\">, inclu\u00eddos os cr\u00e9ditos;<\/span><\/p>\n<p><b>Recursos assistivos<\/b><span style=\"font-weight: 400;\"> &#8211; audiodescri\u00e7\u00e3o, legendas, libras &#8211; n\u00e3o s\u00e3o exigidos, mas ser\u00e3o apreciados;<\/span><\/p>\n<p><span style=\"font-weight: 400;\">Apresenta\u00e7\u00e3o em quaisquer uma das <\/span><b>extens\u00f5es<\/b><span style=\"font-weight: 400;\"> padr\u00e3o utilizadas atualmente (AVI, MOV, WMV, MP4, etc), com resolu\u00e7\u00e3o m\u00ednima de 720p (HD) \u2013 ideal <\/span><b>sugerido 1920x1980p<\/b><span style=\"font-weight: 400;\"> ou, no m\u00ednimo, 1280x720p.<\/span><\/p>\n<p><span style=\"font-weight: 400;\">Submiss\u00e3o por meio de <\/span><b><i>link<\/i><\/b><b> que permita a descarga do arquivo<\/b><span style=\"font-weight: 400;\">.\u00a0<\/span><\/p>\n<p><b>SELE\u00c7\u00c3O<\/b><br \/>\n<span style=\"font-weight: 400;\">Ser\u00e1 realizada por uma <\/span><b>Comiss\u00e3o Avaliadora Internacional convidada<\/b><span style=\"font-weight: 400;\">;\u00a0<\/span><\/p>\n<p><span style=\"background-color: #ff6600;\"><span style=\"font-weight: 400;\">Ser\u00e1 divulgada no dia <\/span><b>01 de julho de 2026<\/b><span style=\"font-weight: 400;\"> nas p\u00e1ginas institucionais do FIVRS, do PPGArtes UFPel e da ECARTA, bem como em suas respectivas redes sociais.\u00a0<\/span><\/span><\/p>\n<p><b>INSCRI\u00c7\u00d5ES<\/b><span style=\"font-weight: 400;\"><br \/>\n<\/span> <span style=\"font-weight: 400;\">At\u00e9 o dia <\/span><b>12 de junho de 2026 <\/b><span style=\"font-weight: 400;\">pelo formul\u00e1rio:\u00a0<span style=\"background-color: #ff6600;\">\u00a0<\/span><\/span><span style=\"background-color: #ff6600;\"><a style=\"background-color: #ff6600;\" href=\"https:\/\/forms.gle\/eN1XMGVmFZBayu3L7\"><span style=\"font-weight: 400;\">https:\/\/forms.gle\/eN1XMGVmFZBayu3L7<\/span><\/a><span style=\"font-weight: 400;\">\u00a0<\/span><\/span><\/p>\n<p><b>CONTATO: <\/b><span style=\"background-color: #ff6600;\"><a style=\"background-color: #ff6600;\" href=\"mailto:fivrs.festival.2026@gmail.com\"><span style=\"font-weight: 400;\">fivrs.festival.2026@gmail.com<\/span><\/a><\/span><\/p>\n<p><b>CRONOGRAMA<\/b><\/p>\n<p><strong>12 maio 2026 \u2014 <\/strong>Lan\u00e7amento do edital<br \/>\n<strong>12 de maio a 12 de junho de 2026<b> \u2014 <\/b><\/strong>Submiss\u00e3o das videodan\u00e7as<br \/>\n<strong>01 de julho de 2026<b> \u2014 <\/b><\/strong>Resultado da sele\u00e7\u00e3o<br \/>\n<strong>07 de julho a 09 de agosto de 2026<b> \u2014 <\/b><\/strong>Exibi\u00e7\u00e3o\u00a0 ECARTA Porto Alegre\/ RS<br \/>\n<strong>07 de julho a 09 de agosto de 2026<b> \u2014 <\/b><\/strong>Exibi\u00e7\u00e3o no canal do FIVRS YouTube<\/p>\n<p><b>ORGANIZA\u00c7\u00c3O<\/b><\/p>\n<p><b>Diretoras\u00a0<\/b><br \/>\nCarmen Anita Hoffmann \u2013 UFPel<br \/>\nRos\u00e2ngela Fachel \u2013 UFPel<\/p>\n<p><b>Comiss\u00e3o organizadora<\/b><br \/>\nCarmen Anita Hoffmann \u2013 UFPel<br \/>\nRos\u00e2ngela Fachel \u2013 UFPel<br \/>\nM\u00f4nica Fagundes Dantas &#8211; UFRGS<br \/>\nAna Sede\u00f1o-Valdell\u00f3s &#8211; Universidad de M\u00e1laga<br \/>\nCarlise Scalamato \u2013 UFSM<br \/>\nRebeca Recuero \u2013 UFPel<br \/>\nLuana Echevengua Arrieche &#8211; IFSul<br \/>\nHamilton Bittencourt \u2013 UFPel<br \/>\nPedro Tavares Filho \u2013 UFPel<br \/>\nLarissa Schip \u2013 UFPel<br \/>\nMarcos J\u00falio Fuhr \u2013 Funda\u00e7\u00e3o ECARTA<br \/>\nAndr\u00e9 Venzon \u2013 Funda\u00e7\u00e3o ECARTA<br \/>\nVal\u00e9ria Och\u00f4a \u2013 Funda\u00e7\u00e3o ECARTA<br \/>\nStela Pastore \u2013 Funda\u00e7\u00e3o ECARTA<br \/>\nElisabete Crucillo \u2013 Funda\u00e7\u00e3o ECARTA<\/p>\n<div style=\"background-color: #f04323; height: 20px; width: 100%; text-align: justify;\"><\/div>\n","protected":false},"excerpt":{"rendered":"<p>7\u00ba Festival Internacional de Videodan\u00e7a do RS \u2013 FIVRS 2026\u00a0 https:\/\/wp.ufpel.edu.br\/fivrs\/ https:\/\/www.instagram.com\/fivrs.videodanca\/ https:\/\/www.facebook.com\/1o.FIVRS\/ Inscri\u00e7\u00f5es at\u00e9 12 de junho de 2026 Este edital tem por objetivo a sele\u00e7\u00e3o de videodan\u00e7as \u2013 em seu amplo espectro de abrang\u00eancia audiovisual \u2013 para o 7\u00ba Festival Internacional de Videodan\u00e7a do RS \u2013 FIVRS 2026, evento realizado pelo Programa de &hellip; <\/p>\n<p class=\"link-more\"><a href=\"https:\/\/wp.ufpel.edu.br\/fivrs\/\" class=\"more-link\">Continue lendo<span class=\"screen-reader-text\"> &#8220;In\u00edcio&#8221;<\/span><\/a><\/p>\n","protected":false},"author":1047,"featured_media":0,"parent":0,"menu_order":1,"comment_status":"closed","ping_status":"closed","template":"","meta":{"_crdt_document":"","footnotes":""},"class_list":["post-93","page","type-page","status-publish","hentry"],"_links":{"self":[{"href":"https:\/\/wp.ufpel.edu.br\/fivrs\/wp-json\/wp\/v2\/pages\/93","targetHints":{"allow":["GET"]}}],"collection":[{"href":"https:\/\/wp.ufpel.edu.br\/fivrs\/wp-json\/wp\/v2\/pages"}],"about":[{"href":"https:\/\/wp.ufpel.edu.br\/fivrs\/wp-json\/wp\/v2\/types\/page"}],"author":[{"embeddable":true,"href":"https:\/\/wp.ufpel.edu.br\/fivrs\/wp-json\/wp\/v2\/users\/1047"}],"replies":[{"embeddable":true,"href":"https:\/\/wp.ufpel.edu.br\/fivrs\/wp-json\/wp\/v2\/comments?post=93"}],"version-history":[{"count":3,"href":"https:\/\/wp.ufpel.edu.br\/fivrs\/wp-json\/wp\/v2\/pages\/93\/revisions"}],"predecessor-version":[{"id":385,"href":"https:\/\/wp.ufpel.edu.br\/fivrs\/wp-json\/wp\/v2\/pages\/93\/revisions\/385"}],"wp:attachment":[{"href":"https:\/\/wp.ufpel.edu.br\/fivrs\/wp-json\/wp\/v2\/media?parent=93"}],"curies":[{"name":"wp","href":"https:\/\/api.w.org\/{rel}","templated":true}]}}