{"id":43,"date":"2020-07-27T17:58:08","date_gmt":"2020-07-27T20:58:08","guid":{"rendered":"https:\/\/wp.ufpel.edu.br\/fivrs\/?page_id=43"},"modified":"2025-07-03T17:32:52","modified_gmt":"2025-07-03T20:32:52","slug":"equipe","status":"publish","type":"page","link":"https:\/\/wp.ufpel.edu.br\/fivrs\/equipe\/","title":{"rendered":"Organiza\u00e7\u00e3o"},"content":{"rendered":"<p style=\"text-align: justify;\"><strong>DIRETORAS<\/strong><br \/>\nCarmen Anita Hoffmann \u2013 UFPel<br \/>\nRos\u00e2ngela Fachel \u2013 UFPel<\/p>\n<p style=\"text-align: justify;\"><strong>COMISS\u00c3O ORGANIZADORA<\/strong><br \/>\nCarmen Anita Hoffmann \u2013 UFPel<br \/>\nRos\u00e2ngela Fachel \u2013 UFPel<br \/>\nM\u00f4nica Fagundes Dantas &#8211; UFRGS<br \/>\nAna Sede\u00f1o-Valdell\u00f3s &#8211; Universidad de M\u00e1laga<br \/>\nCarlise Scalamato \u2013 UFSM<br \/>\nRebeca Recuero \u2013 UFPel<br \/>\nLuana Echevengua Arrieche &#8211; IFSul<br \/>\nHamilton Bittencourt \u2013 UFPel<br \/>\nPedro Tavares Filho \u2013 UFPel<br \/>\nLarissa Schip \u2013 UFPel<br \/>\nMarcos J\u00falio Fuhr \u2013 Funda\u00e7\u00e3o ECARTA<br \/>\nAndr\u00e9 Venzon \u2013 Funda\u00e7\u00e3o ECARTA<br \/>\nVal\u00e9ria Och\u00f4a \u2013 Funda\u00e7\u00e3o ECARTA<br \/>\nStela Pastore \u2013 Funda\u00e7\u00e3o ECARTA<br \/>\nElisabete Crucillo \u2013 Funda\u00e7\u00e3o ECARTA<\/p>\n<table style=\"width: 100%; border-collapse: collapse; border-style: none; background-color: #ffffff;\" border=\"0\">\n<tbody>\n<tr>\n<td style=\"width: 100%;\">\n<p style=\"text-align: justify;\"><span style=\"color: #000000;\"><strong>\u00a0REALIZA\u00c7\u00c3O<\/strong><\/span><\/p>\n<p><img loading=\"lazy\" decoding=\"async\" class=\"wp-image-349 alignnone\" src=\"https:\/\/wp.ufpel.edu.br\/fivrs\/files\/2025\/07\/REALIZACAO-2025.png\" alt=\"\" width=\"275\" height=\"138\" srcset=\"https:\/\/wp.ufpel.edu.br\/fivrs\/files\/2025\/07\/REALIZACAO-2025.png 968w, https:\/\/wp.ufpel.edu.br\/fivrs\/files\/2025\/07\/REALIZACAO-2025-400x201.png 400w, https:\/\/wp.ufpel.edu.br\/fivrs\/files\/2025\/07\/REALIZACAO-2025-768x386.png 768w\" sizes=\"auto, (max-width: 275px) 100vw, 275px\" \/><\/p>\n<p style=\"text-align: justify;\"><span style=\"color: #000000;\"><strong>\u00a0APOIO<\/strong><\/span><\/p>\n<p><img loading=\"lazy\" decoding=\"async\" class=\"alignnone wp-image-348\" src=\"https:\/\/wp.ufpel.edu.br\/fivrs\/files\/2025\/07\/APOIO-2025-scaled.png\" alt=\"\" width=\"748\" height=\"138\" srcset=\"https:\/\/wp.ufpel.edu.br\/fivrs\/files\/2025\/07\/APOIO-2025-scaled.png 2560w, https:\/\/wp.ufpel.edu.br\/fivrs\/files\/2025\/07\/APOIO-2025-400x74.png 400w, https:\/\/wp.ufpel.edu.br\/fivrs\/files\/2025\/07\/APOIO-2025-1024x189.png 1024w, https:\/\/wp.ufpel.edu.br\/fivrs\/files\/2025\/07\/APOIO-2025-768x142.png 768w, https:\/\/wp.ufpel.edu.br\/fivrs\/files\/2025\/07\/APOIO-2025-1536x283.png 1536w, https:\/\/wp.ufpel.edu.br\/fivrs\/files\/2025\/07\/APOIO-2025-2048x378.png 2048w\" sizes=\"auto, (max-width: 706px) 89vw, (max-width: 767px) 82vw, 740px\" \/><\/td>\n<\/tr>\n<\/tbody>\n<\/table>\n<p style=\"text-align: justify;\"><a href=\"https:\/\/www.instagram.com\/fivrs.videodanca\/\">https:\/\/www.instagram.com\/fivrs.videodanca\/<\/a><br \/>\n<a href=\"https:\/\/www.facebook.com\/1o.FIVRS\/\">https:\/\/www.facebook.com\/1o.FIVRS\/<\/a><br \/>\n<a href=\"https:\/\/wp.ufpel.edu.br\/fivrs\/\">https:\/\/wp.ufpel.edu.br\/fivrs\/<\/a><\/p>\n<p><strong>CONTATO<\/strong><br \/>\nEmail: <a href=\"mailto:fivrs.videodanca@gmail.com\">fivrs.videodanca@gmail.com<\/a><\/p>\n<div style=\"background-color: #f04323; height: 20px; width: 100%;\"><\/div>\n","protected":false},"excerpt":{"rendered":"<p>DIRETORAS Carmen Anita Hoffmann \u2013 UFPel Ros\u00e2ngela Fachel \u2013 UFPel COMISS\u00c3O ORGANIZADORA Carmen Anita Hoffmann \u2013 UFPel Ros\u00e2ngela Fachel \u2013 UFPel M\u00f4nica Fagundes Dantas &#8211; UFRGS Ana Sede\u00f1o-Valdell\u00f3s &#8211; Universidad de M\u00e1laga Carlise Scalamato \u2013 UFSM Rebeca Recuero \u2013 UFPel Luana Echevengua Arrieche &#8211; IFSul Hamilton Bittencourt \u2013 UFPel Pedro Tavares Filho \u2013 UFPel Larissa &hellip; <\/p>\n<p class=\"link-more\"><a href=\"https:\/\/wp.ufpel.edu.br\/fivrs\/equipe\/\" class=\"more-link\">Continue lendo<span class=\"screen-reader-text\"> &#8220;Organiza\u00e7\u00e3o&#8221;<\/span><\/a><\/p>\n","protected":false},"author":1047,"featured_media":0,"parent":0,"menu_order":5,"comment_status":"closed","ping_status":"closed","template":"","meta":{"footnotes":""},"class_list":["post-43","page","type-page","status-publish","hentry"],"_links":{"self":[{"href":"https:\/\/wp.ufpel.edu.br\/fivrs\/wp-json\/wp\/v2\/pages\/43","targetHints":{"allow":["GET"]}}],"collection":[{"href":"https:\/\/wp.ufpel.edu.br\/fivrs\/wp-json\/wp\/v2\/pages"}],"about":[{"href":"https:\/\/wp.ufpel.edu.br\/fivrs\/wp-json\/wp\/v2\/types\/page"}],"author":[{"embeddable":true,"href":"https:\/\/wp.ufpel.edu.br\/fivrs\/wp-json\/wp\/v2\/users\/1047"}],"replies":[{"embeddable":true,"href":"https:\/\/wp.ufpel.edu.br\/fivrs\/wp-json\/wp\/v2\/comments?post=43"}],"version-history":[{"count":21,"href":"https:\/\/wp.ufpel.edu.br\/fivrs\/wp-json\/wp\/v2\/pages\/43\/revisions"}],"predecessor-version":[{"id":352,"href":"https:\/\/wp.ufpel.edu.br\/fivrs\/wp-json\/wp\/v2\/pages\/43\/revisions\/352"}],"wp:attachment":[{"href":"https:\/\/wp.ufpel.edu.br\/fivrs\/wp-json\/wp\/v2\/media?parent=43"}],"curies":[{"name":"wp","href":"https:\/\/api.w.org\/{rel}","templated":true}]}}