{"id":40,"date":"2020-07-27T17:54:45","date_gmt":"2020-07-27T20:54:45","guid":{"rendered":"https:\/\/wp.ufpel.edu.br\/fivrs\/?page_id=40"},"modified":"2025-08-14T12:13:50","modified_gmt":"2025-08-14T15:13:50","slug":"comissao-avaliadora","status":"publish","type":"page","link":"https:\/\/wp.ufpel.edu.br\/fivrs\/comissao-avaliadora\/","title":{"rendered":"Comiss\u00e3o avaliadora"},"content":{"rendered":"<p><b>COMISS\u00c3O\u00a0 AVALIADORA 2025<\/b><\/p>\n<p style=\"text-align: justify;\"><strong><img loading=\"lazy\" decoding=\"async\" class=\"wp-image-308 alignright\" src=\"https:\/\/wp.ufpel.edu.br\/fivrs\/files\/2024\/07\/Ana-Seden\u0303o-Valdello\u0301s-200x200.jpg\" alt=\"\" width=\"300\" height=\"300\" srcset=\"https:\/\/wp.ufpel.edu.br\/fivrs\/files\/2024\/07\/Ana-Seden\u0303o-Valdello\u0301s-200x200.jpg 200w, https:\/\/wp.ufpel.edu.br\/fivrs\/files\/2024\/07\/Ana-Seden\u0303o-Valdello\u0301s-400x400.jpg 400w, https:\/\/wp.ufpel.edu.br\/fivrs\/files\/2024\/07\/Ana-Seden\u0303o-Valdello\u0301s-1024x1024.jpg 1024w, https:\/\/wp.ufpel.edu.br\/fivrs\/files\/2024\/07\/Ana-Seden\u0303o-Valdello\u0301s-768x768.jpg 768w, https:\/\/wp.ufpel.edu.br\/fivrs\/files\/2024\/07\/Ana-Seden\u0303o-Valdello\u0301s-100x100.jpg 100w, https:\/\/wp.ufpel.edu.br\/fivrs\/files\/2024\/07\/Ana-Seden\u0303o-Valdello\u0301s.jpg 1536w\" sizes=\"auto, (max-width: 300px) 100vw, 300px\" \/>Ana Sede\u00f1o Valdell\u00f3s &#8211; ESPANHA<\/strong><\/p>\n<p align=\"justify\">Criadora e diretora audiovisual, doutora em Comunica\u00e7\u00e3o Audiovisual e Professora do Departamento de Comunica\u00e7\u00e3o e Publicidade Audiovisual da Universidade de M\u00e1laga (Espanha). \u00c9 autora dos livros <em>Lenguaje del videoclip<\/em> (2002), <em>La m\u00fasica contempor\u00e1nea en el cine<\/em> (2005), <em>Historia del videoarte en Espa\u00f1a<\/em> (2011) e <em>An\u00e1lisis del cine Contempor\u00e1neo: Estrategias est\u00e9ticas, narrativas y de puesta en escena<\/em> (2013). Seus interesses de pesquisa incluem as rela\u00e7\u00f5es entre m\u00fasica, meios audiovisuais e as pr\u00e1ticas audiovisuais na cena contempor\u00e2nea sob uma perspectiva hist\u00f3rica e\/ou educativa, com \u00eanfase em produ\u00e7\u00f5es art\u00edsticas, como videojockey, mapping e videodan\u00e7a.<\/p>\n<p align=\"justify\">Creadora y realizadora audiovisual, doctora en Comunicaci\u00f3n Audiovisual y Profesora del Departamento de Comunicaci\u00f3n Audiovisual y Publicidad de la Universidad de M\u00e1laga (Espa\u00f1a). Es autora de los libros <em>Lenguaje del videoclip<\/em> (2002),<em> La M\u00fasica contempor\u00e1nea en el cine<\/em> (2005), <em>Historia del videoarte en Espa\u00f1a<\/em> (2011) y <em>An\u00e1lisis del cine contempor\u00e1neo: Estrategias est\u00e9ticas, narrativas y de puesta en escena<\/em> (2013). Sus l\u00edneas de investigaci\u00f3n incluyen la relaci\u00f3n entre la m\u00fasica, los medios audiovisuales y las pr\u00e1cticas audiovisuales en la escena contempor\u00e1nea desde una perspectiva hist\u00f3rica y\/o educativa, con \u00e9nfasis en producciones art\u00edsticas como el videojockey, el mapping y la videodanza.<\/p>\n<p>&nbsp;<\/p>\n<p><img loading=\"lazy\" decoding=\"async\" class=\"wp-image-353 alignright\" src=\"https:\/\/wp.ufpel.edu.br\/fivrs\/files\/2025\/08\/Andre-Rosa.jpg\" alt=\"\" width=\"300\" height=\"300\" srcset=\"https:\/\/wp.ufpel.edu.br\/fivrs\/files\/2025\/08\/Andre-Rosa.jpg 400w, https:\/\/wp.ufpel.edu.br\/fivrs\/files\/2025\/08\/Andre-Rosa-200x200.jpg 200w, https:\/\/wp.ufpel.edu.br\/fivrs\/files\/2025\/08\/Andre-Rosa-100x100.jpg 100w\" sizes=\"auto, (max-width: 300px) 100vw, 300px\" \/><\/p>\n<p align=\"left\"><b><strong>Andr\u00e9 Rosa<\/strong> &#8211; BRASIL<\/b><\/p>\n<p align=\"justify\">Pesquisador e artista, Licenciado em Dan\u00e7a e Mestre em Artes C\u00eanicas pela Universidade Federal do Rio Grande do Norte, atua nas \u00e1reas de dan\u00e7a e videodan\u00e7a, com uma produ\u00e7\u00e3o que abrange tanto a investiga\u00e7\u00e3o te\u00f3rica quanto a pr\u00e1tica po\u00e9tica, premiada nacional e internacionalmente. H\u00e1 10 anos, \u00e9 membro da Companhia de Dan\u00e7a do Teatro Alberto Maranh\u00e3o. Participou de mais de 50 festivais na \u00e1rea de dan\u00e7a e foi realizador de dois Festivais de Videodan\u00e7a: em Natal (RN) e Recife (PE). Nos anos de 2018 e 2019, implementou o projeto &#8220;Videodan\u00e7ando na Escola&#8221; com alunos do ensino fundamental, por meio do programa &#8220;Mais Educa\u00e7\u00e3o&#8221; em Natal\/RN. Em 2020, participou do projeto Desbordamientos (Brasil &#8211; Argentina) da REDIV &#8211; Rede Iberoamericana de Videodan\u00e7a. Atualmente, \u00e9 diretor art\u00edstico do Cinese Grupo de Dan\u00e7a Contempor\u00e2nea, desenvolvendo espet\u00e1culos c\u00eanicos tecnol\u00f3gicos e videodan\u00e7a em colabora\u00e7\u00e3o com o grupo.<\/p>\n<p align=\"justify\">Investigador y artista, licenciado en Danza y M\u00e1ster en Artes Esc\u00e9nicas por la Universidad Federal de Rio Grande do Norte, trabaja en danza y videodanza, con una obra que abarca tanto la investigaci\u00f3n te\u00f3rica como la pr\u00e1ctica po\u00e9tica, con premiaciones nacionales e internacionales. Durante 10 a\u00f1os, ha sido miembro de la Compa\u00f1\u00eda de Danza del Teatro Alberto Maranh\u00e3o. Ha participado en m\u00e1s de 50 festivales de danza y dirigido dos Festivales de Videodanza: en Natal, Rio Grande do Norte, y Recife, Pernambuco. En 2018 y 2019, implement\u00f3 el proyecto &#8220;Videodanza en las Escuelas&#8221; con estudiantes de primaria a trav\u00e9s del programa &#8220;M\u00e1s Educaci\u00f3n&#8221; en Natal, Rio Grande do Norte. En 2020, particip\u00f3 en el proyecto &#8220;Desbordamientos&#8221; (Brasil-Argentina) de REDIV (Red Iberoamericana de Videodanza). Actualmente es director art\u00edstico del Grupo de Danza Contempor\u00e1nea de Cinese, donde desarrolla performances tecnol\u00f3gicas y videodanza en colaboraci\u00f3n.<\/p>\n<p>&nbsp;<\/p>\n<p><img loading=\"lazy\" decoding=\"async\" class=\"alignright wp-image-354\" src=\"https:\/\/wp.ufpel.edu.br\/fivrs\/files\/2025\/08\/Diego-Carrera.jpg\" alt=\"\" width=\"300\" height=\"300\" srcset=\"https:\/\/wp.ufpel.edu.br\/fivrs\/files\/2025\/08\/Diego-Carrera.jpg 400w, https:\/\/wp.ufpel.edu.br\/fivrs\/files\/2025\/08\/Diego-Carrera-200x200.jpg 200w, https:\/\/wp.ufpel.edu.br\/fivrs\/files\/2025\/08\/Diego-Carrera-100x100.jpg 100w\" sizes=\"auto, (max-width: 300px) 100vw, 300px\" \/><\/p>\n<p style=\"text-align: justify;\"><b>Diego Carrera &#8211; URUGUAI<\/b><\/p>\n<p align=\"justify\">Realizador e editor audiovisual, mestre em Teoria e Cr\u00edtica da Produ\u00e7\u00e3o Audiovisual e, atualmente, professor adjunto da Faculdade de Letras da Universidade da Rep\u00fablica, Uruguai, onde atua h\u00e1 mais de 25 anos na \u00e1rea de Fotografia, Cinema e V\u00eddeo. Tamb\u00e9m trabalhou em outras faculdades p\u00fablicas e privadas do pa\u00eds. Foi diretor do Festival Internacional de Videodan\u00e7a do Uruguai (Fivu) entre 2007 e 2017. Tamb\u00e9m trabalhou em produ\u00e7\u00f5es de dan\u00e7a, criando visuais c\u00eanicos. Ministrou aulas e palestras em diversas regi\u00f5es da Argentina, Brasil, Col\u00f4mbia, Cuba e M\u00e9xico, publicando livros e artigos sobre o tema. Pesquisador certificado pela Comiss\u00e3o Setorial de Pesquisa Cient\u00edfica do Uruguai. Tem em seu curr\u00edculo pesquisas sobre as rela\u00e7\u00f5es entre dan\u00e7a e tecnologia, hist\u00f3ria da dan\u00e7a independente e, atualmente, trabalha em projetos de document\u00e1rios transmidi\u00e1ticos com o projeto TransmediaUy.<\/p>\n<p align=\"justify\">Realizador y editor audiovisual, Magister en Teor\u00eda y Cr\u00edtica del Producto Audiovisual y, actualmente, Profesor Adjunto de la Facultad de Artes de la Universidad de la Rep\u00fablica, Uruguay. Donde se ha desempe\u00f1ado por m\u00e1s de 25 a\u00f1os en la Unidad Acad\u00e9mica Foto Cine y Video. Ha trabajado para otras Facultades p\u00fablicas y privadas en el pa\u00eds. Director del Festival Internacional de Videodanza del Uruguay (Fivu) entre 2007 y 2017. Tambi\u00e9n ha trabajado para obras de danza realizando visuales escenogr\u00e1ficos. Ha impartido clases y ponencias en varias localidades de Argentina, Brasil, Colombia, Cuba y M\u00e9xico publicando libros y art\u00edculos al respecto. Investigador certificado por la Comisi\u00f3n Sectorial de Investigaci\u00f3n Cient\u00edfica de Uruguay. Ha investigado sobre temas de danza con mediaci\u00f3n tecnol\u00f3gica, historia de la danza independiente y actualmente en documental transmedia con el proyecto TransmediaUy.<\/p>\n<p>&nbsp;<\/p>\n<p style=\"text-align: justify;\"><strong><img loading=\"lazy\" decoding=\"async\" class=\"alignright wp-image-355\" src=\"https:\/\/wp.ufpel.edu.br\/fivrs\/files\/2025\/08\/Matheus-Brusa.jpg\" alt=\"\" width=\"300\" height=\"300\" srcset=\"https:\/\/wp.ufpel.edu.br\/fivrs\/files\/2025\/08\/Matheus-Brusa.jpg 400w, https:\/\/wp.ufpel.edu.br\/fivrs\/files\/2025\/08\/Matheus-Brusa-200x200.jpg 200w, https:\/\/wp.ufpel.edu.br\/fivrs\/files\/2025\/08\/Matheus-Brusa-100x100.jpg 100w\" sizes=\"auto, (max-width: 300px) 100vw, 300px\" \/><\/strong><b>Matheus Brusa &#8211; RS, BRASIL<\/b><strong><br \/>\n<\/strong><\/p>\n<p align=\"justify\">Diretor, core\u00f3grafo, professor de dan\u00e7a contempor\u00e2nea e composi\u00e7\u00e3o coreogr\u00e1fica, produtor e editor de videodan\u00e7a, jurado, cen\u00f3grafo, iluminador, palestrante e compositor de trilhas sonoras, graduado em Dan\u00e7a com especializa\u00e7\u00e3o em Corpo e Cultura pela Universidade de Caxias do Sul. Acumula mais de 75 pr\u00eamios especiais em festivais de dan\u00e7a, incluindo 4 Pr\u00eamios FUNARTE, 2 pr\u00eamios Rumos Ita\u00fa Cultural (Dan\u00e7a e V\u00eddeo-Dan\u00e7a) e 54 premia\u00e7\u00f5es no Festival de Joinville. Atuou como jurado do Grupo Especial do Carnaval de S\u00e3o Paulo entre 2016 e 2023. Suas v\u00eddeodan\u00e7as foram selecionadas para festivais nacionais e internacionais de destaque, como o Dan\u00e7a em Foco e o projeto QuarentenaProjetada da M\u00eddia NINJA, que exibiram seus trabalhos em 10 cidades brasileiras e em 15 pa\u00edses. Atualmente, \u00e9 diretor art\u00edstico, core\u00f3grafo, cen\u00f3grafo, iluminador e professor no N\u00facleo Art\u00edstico Ballet Marg\u00f4 e na Cia. Matheus Brusa.<\/p>\n<p align=\"justify\">Director, core\u00f3grafo, profesor de danza contempor\u00e1nea y composici\u00f3n coreogr\u00e1fica, productor y editor de videodanza, jurado, escen\u00f3grafo, dise\u00f1ador de iluminaci\u00f3n, conferencista y compositor de bandas sonoras. Licenciado en Danza con especializaci\u00f3n en Cuerpo y Cultura por la Universidad de Caxias do Sul. Ha ganado m\u00e1s de 75 premios especiales en festivales de danza, incluyendo cuatro Premios FUNARTE, 2 Premios Rumos Ita\u00fa Cultural (Danza y Videodanza) y 54 premios en el Festival de Joinville. Fue jurado del Grupo Especial del Carnaval de S\u00e3o Paulo de 2016 a 2023. Sus videodanzas han sido seleccionadas para destacados festivales nacionales e internacionales, como Dan\u00e7a em Foco y el proyecto QuarentenaProjetada de M\u00eddia NINJA, que han exhibido su trabajo en 10 ciudades brasile\u00f1as y 15 pa\u00edses. Actualmente es director art\u00edstico, core\u00f3grafo, escen\u00f3grafo, dise\u00f1ador de iluminaci\u00f3n y profesor del N\u00facleo Art\u00edstico Ballet Marg\u00f4 y Cia. Matheus Brusa.<\/p>\n<p>&nbsp;<\/p>\n<p style=\"text-align: justify;\"><strong><img loading=\"lazy\" decoding=\"async\" class=\"wp-image-356 alignright\" src=\"https:\/\/wp.ufpel.edu.br\/fivrs\/files\/2025\/08\/Mayra-Huerta.jpg\" alt=\"\" width=\"300\" height=\"300\" srcset=\"https:\/\/wp.ufpel.edu.br\/fivrs\/files\/2025\/08\/Mayra-Huerta.jpg 400w, https:\/\/wp.ufpel.edu.br\/fivrs\/files\/2025\/08\/Mayra-Huerta-200x200.jpg 200w, https:\/\/wp.ufpel.edu.br\/fivrs\/files\/2025\/08\/Mayra-Huerta-100x100.jpg 100w\" sizes=\"auto, (max-width: 300px) 100vw, 300px\" \/><\/strong><b>Mayra Huerta Jim\u00e9nez &#8211; M\u00c9XICO<\/b><strong><br \/>\n<\/strong><\/p>\n<p align=\"justify\">Artista, pesquisadora e professora, doutora em Artes Visuais e Intermidi\u00e1ticas pela Universidade Polit\u00e9cnica de Val\u00eancia. \u00c9 professora pesquisadora na Faculdade de Letras da Universidade Aut\u00f4noma da Baixa Calif\u00f3rnia (UBAC). Integra a Faculdade de Imagem e Cria\u00e7\u00e3o. Desenvolve pesquisas sobre o v\u00eddeo como meio criativo no noroeste do M\u00e9xico e desenvolve pr\u00e1ticas art\u00edsticas contempor\u00e2neas com audiovisual, fotografia e instala\u00e7\u00e3o. Integra a Rede Ibero-Americana de Pesquisa Narrativa Audiovisual (Rede INAV). Atualmente, integra o Sistema Nacional de Pesquisadores (SNI) do M\u00e9xico e \u00e9 diretora da Facultade de Artes Tijuana da UABC.<\/p>\n<p align=\"justify\">Artista, pesquisadora, docente, doctora en Artes Visuales e Intermedia por la Universidad Polit\u00e9cnica de Valencia. Es profesora investigadora en la Facultad de Artes de la Universidad Aut\u00f3noma de Baja California (UBAC). Integrante del Cuerpo Acad\u00e9mico Imagen y Creaci\u00f3n. Realiza investigaci\u00f3n sobre el video como medio de creaci\u00f3n en el noroeste de M\u00e9xico, desarrolla la pr\u00e1ctica art\u00edstica contempor\u00e1nea con los medios audiovisuales, fotograf\u00eda as\u00ed como la instalaci\u00f3n. Pertenece a la Red Iberoamericana de Investigaci\u00f3n Narrativas Audiovisuales (Red INAV). Actualmente es miembro del Sistema Nacional de Investigadores (SNI) en M\u00e9xico y es directora de la Facultad de Artes Tijuana de la UABC.<\/p>\n<div style=\"background-color: #2f1b50; height: 20px; width: 100%;\"><\/div>\n","protected":false},"excerpt":{"rendered":"<p>COMISS\u00c3O\u00a0 AVALIADORA 2025 Ana Sede\u00f1o Valdell\u00f3s &#8211; ESPANHA Criadora e diretora audiovisual, doutora em Comunica\u00e7\u00e3o Audiovisual e Professora do Departamento de Comunica\u00e7\u00e3o e Publicidade Audiovisual da Universidade de M\u00e1laga (Espanha). \u00c9 autora dos livros Lenguaje del videoclip (2002), La m\u00fasica contempor\u00e1nea en el cine (2005), Historia del videoarte en Espa\u00f1a (2011) e An\u00e1lisis del cine &hellip; <\/p>\n<p class=\"link-more\"><a href=\"https:\/\/wp.ufpel.edu.br\/fivrs\/comissao-avaliadora\/\" class=\"more-link\">Continue lendo<span class=\"screen-reader-text\"> &#8220;Comiss\u00e3o avaliadora&#8221;<\/span><\/a><\/p>\n","protected":false},"author":1047,"featured_media":0,"parent":0,"menu_order":4,"comment_status":"closed","ping_status":"closed","template":"","meta":{"footnotes":""},"class_list":["post-40","page","type-page","status-publish","hentry"],"_links":{"self":[{"href":"https:\/\/wp.ufpel.edu.br\/fivrs\/wp-json\/wp\/v2\/pages\/40","targetHints":{"allow":["GET"]}}],"collection":[{"href":"https:\/\/wp.ufpel.edu.br\/fivrs\/wp-json\/wp\/v2\/pages"}],"about":[{"href":"https:\/\/wp.ufpel.edu.br\/fivrs\/wp-json\/wp\/v2\/types\/page"}],"author":[{"embeddable":true,"href":"https:\/\/wp.ufpel.edu.br\/fivrs\/wp-json\/wp\/v2\/users\/1047"}],"replies":[{"embeddable":true,"href":"https:\/\/wp.ufpel.edu.br\/fivrs\/wp-json\/wp\/v2\/comments?post=40"}],"version-history":[{"count":4,"href":"https:\/\/wp.ufpel.edu.br\/fivrs\/wp-json\/wp\/v2\/pages\/40\/revisions"}],"predecessor-version":[{"id":362,"href":"https:\/\/wp.ufpel.edu.br\/fivrs\/wp-json\/wp\/v2\/pages\/40\/revisions\/362"}],"wp:attachment":[{"href":"https:\/\/wp.ufpel.edu.br\/fivrs\/wp-json\/wp\/v2\/media?parent=40"}],"curies":[{"name":"wp","href":"https:\/\/api.w.org\/{rel}","templated":true}]}}