{"id":335,"date":"2025-07-03T16:40:43","date_gmt":"2025-07-03T19:40:43","guid":{"rendered":"https:\/\/wp.ufpel.edu.br\/fivrs\/?page_id=335"},"modified":"2025-07-03T17:10:01","modified_gmt":"2025-07-03T20:10:01","slug":"edicao-2024","status":"publish","type":"page","link":"https:\/\/wp.ufpel.edu.br\/fivrs\/inicio\/edicao-2024\/","title":{"rendered":"Edi\u00e7\u00e3o 2024"},"content":{"rendered":"<p style=\"text-align: justify;\"><b>VIDEODAN\u00c7AS SELECIONADAS &#8211; FIVRS 2024<\/b><\/p>\n<p>A simple plan (2023, 4&#8242;), de Arturo Marinho, Buenos Aires &#8211; Argentina.<\/p>\n<p>Alcantarilla (2024, 4&#8217;32&#8221;), de Javier Ballesteros Quiroz, Estefan\u00eda Galindo L\u00f3pez, Laura G\u00f3mez e Santiago Navas, Col\u00f4mbia.<\/p>\n<p>Becoming (2023, 5&#8242;), de Anabella Lenzu, Argentina \/ Nova Iorque &#8211; EUA.<\/p>\n<p>Blue Swimming (2024, 8&#8242;), de Danilo Bracchi, Bel\u00e9m do Par\u00e1, PA &#8211; Brasil.<\/p>\n<p>butoh dub acci\u00f3n cuerpo beige (2024, 04&#8217;52&#8221;), de Osvaldo Cibils, Uruguai \/ Barcelona &#8211; Espanha.<\/p>\n<p>Choose-your-own-dance film: &#8220;It&#8217;s a metaphor for something but I don&#8217;t know what.&#8221; (2023, 4&#8217;18&#8221;), de SueKi Yee, Mal\u00e1sia \/ Berlim &#8211; Alemanha.<\/p>\n<p>Coca quintucha (2022, 4&#8217;15&#8221;), de Augusto Navarro Cabrera, Cusco &#8211; Per\u00fa.<\/p>\n<p>Contrapeso (2022, 8\u201944&#8243;), de Kati Kallio, Yeinner Chicas, Finl\u00e2ndia \/ Nicar\u00e1gua.<\/p>\n<p>Corpo-cais (2024, 5&#8217;37&#8221;), de Maryah Monteiro e Douglas Froemming, Florian\u00f3polis, SC &#8211; Brasil.<\/p>\n<p>Crescendo (2023, 11&#8217;05&#8221;), de Candela Abril Rodr\u00edguez, Julieta Centuri\u00f3n, Agustina Fecha, Rodrigo Ricobene, Lourdes Cort\u00e9s e Sol Migliorisi, Buenos Aires &#8211; Argentina.<\/p>\n<p>Curto-circuito (2023, 8&#8242;), de Jeronimo Eichler, Rio de Janeiro, RJ &#8211; Brasil.<\/p>\n<p>Do you hear the nature? (2024, 10&#8217;36&#8221;), de Soete Declercq, B\u00e9lgica \/ Lisboa &#8211; Portugal.<\/p>\n<p>Dulce (2023, 4&#8217;45&#8221;), de Pedro H. M. Marques e Paul Bessa, S\u00e3o Paulo, SP &#8211; Brasil.<\/p>\n<p>Escava\u00e7\u00e3o (2023, 5&#8242;), de Alexander Ries de Oliveira, Rio de Janeiro, RJ &#8211; Brasil.<\/p>\n<p>Fisura (2022, 3&#8217;19&#8221;), de Gabriel Led\u00f3n Flores, Tijuana &#8211; M\u00e9xico.<\/p>\n<p>Flores Rotas (2023, 9&#8217;40&#8221;), de Manuel Hern\u00e1ndez e Rodrigo Vald\u00e9s, Xalapa &#8211; Mexico.<\/p>\n<p>FLUXA: Interl\u00fadio (2024, 4&#8217;24&#8221;), de Rafaela Oliveira de Oliveira, Bel\u00e9m, PA &#8211; Brasil.<\/p>\n<p>Fresta Po\u00e9tica &#8211; Chegada, com audiodescri\u00e7\u00e3o (2022, 5&#8217;34&#8221;), de Fernanda Amaral, S\u00e3o Paulo, SP &#8211; Brasil.<\/p>\n<p>Ghosts dissolve in light \/ haiku for ancestors (2024, 2&#8217;15&#8221;), de Andrea Hackl e Christian Chamoun, \u00c1ustria \/ Amsterd\u00e3, Pa\u00edses Baixos.<\/p>\n<p>Identidades en danza: Myrsa, (2023, 4&#8217;36&#8221;), de Julia Martinez Heimann, Natalia Laclau e Josefina Itoiz, Buenos Aires &#8211; Argentina.<\/p>\n<p>Inter library loan (2024, 8&#8242;), de Marta Renzi, Nyack, Nova Iorque &#8211; EUA.<\/p>\n<p>J&#8217;en veux \u00e0 personne (2024, 2&#8217;50&#8221;), de Ana Bezzi, Bruno Vasques e Frederick B\u00e9d\u00e9, Porto Alegre, RS &#8211; Brasil \/ Fran\u00e7a.<\/p>\n<p>Kajo (2023, 6&#8217;30&#8221;), de Vilma Tihil\u00e4, Helsinki &#8211; Finl\u00e2nda.<\/p>\n<p>Kingdom (2024, 8&#8217;25&#8221;), de Jagoda Turlik, Vars\u00f3via &#8211; Pol\u00f4nia.<\/p>\n<p>La passion avant gardiste (2023, 7&#8242;), de Masafumi Oda, Inagi-City, T\u00f3quio &#8211; Jap\u00e3o.<\/p>\n<p>Larvar (2023, 9&#8217;30&#8221;), de Robson Farias Gomes, Bel\u00e9m, PA &#8211; Brasil<\/p>\n<p>Madres del monte (2023, 4&#8217;07&#8221;), de Carolina Lozano Hern\u00e1ndez e Taller de Folklore Leyendas en Danza, Tucum\u00e1n &#8211; Argentina.<\/p>\n<p>Maio de 2024 (2024, 5&#8217;20&#8221;), de Igor Ferraz Pretto, Porto Alegre, RS &#8211; Brasil.<\/p>\n<p>Mari\u00f4 &#8211; eu t\u00f4 aqui (2023, 5&#8217;13&#8221;), de H\u00e9vylla Maria da Silva, Brena Maria, Cadu Marques, Cahhi Silva e Janete Marques, S\u00e3o Lu\u00eds, Ma &#8211; Brasil.<\/p>\n<p>Otras maneras de decir &#8220;Te quiero&#8221; (2023, 7&#8217;58&#8221;), de Wilber Mendoza, Cidade do M\u00e9xico, M\u00e9xico.<\/p>\n<p>Rebeli\u00f3n plastica (2024, 5&#8217;15&#8221;), de Gisela Paola Segovia, Daiana Dolores Velazques, Constanza Aguirre Gomez, Raffaella Gigli, Maria Florencia Gatti, Agustina Luz Herrera e Martina Moyano, San Nicolas, BsAs &#8211; Argentina.<\/p>\n<p>Rua do lazer (2023, 6&#8217;16&#8221;), de Gleysson Costa Moreira, Amanda Orminda, Ana Caldas, Kamila Grattan, Kellen Bittencourt, Laura Le\u00e3o, Eliade Oliveira, Luiz Guilherme Barbosa dos Santos e Hheennrrii, Goi\u00e2nia &#8211; GO &#8211; Brasil.<\/p>\n<p>Sangria (2023, 9&#8217;13&#8221;), de Domingos Jr, Recife, PE &#8211; Brasil.<\/p>\n<p>Sangue de narcisa (2024, 9&#8217;54&#8221;), de Dani Dur\u00e3es, Curitiba, PR &#8211; Brasil.<\/p>\n<p>Silent movements &#8211; drumming raindrops (2024, 4&#8217;33&#8221;), de Johannes Christopher Gerard e Jana Schm\u00fcck, Alemanha \/ Haia &#8211; Pa\u00edses Baixos.<\/p>\n<p>Studiolo 2 (2023-2024, 8&#8243;08&#8243;), de Patricia Teixeira de Souza, Liara Bertasso, Alana Meneghel, Sarah Ferreira, Gustavo Medeiros, Diego Nunes, Carla Mara Bizol e Giselle Paes, Imbituba, SC &#8211; Brasil.<\/p>\n<p>Sublime (2022, 4&#8242;), de Pablo Salgado Xavier e Larissa Salgado de Oliveira, Bras\u00edlia, DF &#8211; Brasil.<\/p>\n<p>Sympoiesis (2022, 6&#8217;35&#8221;), de Ana Baer e Rocio Luna, Morelia &#8211; M\u00e9xico \/ Texas &#8211; EUA.<\/p>\n<p>The dream of a young girl before dawn (2024, 8&#8217;38&#8221;), de Subin Ayyampuzha e Elsa Joseph, \u00cdndia \/ Coventry, Inglaterra &#8211; Reino Unido.<\/p>\n<p>Tiempo l\u00edquido (2024, 4&#8217;23&#8221;), de Kareen Lorena Labb\u00e9 Weber, Daniela Viafora, Nataly, Camilo Pincheira, Christian Saavedra, Agust\u00edn Collins e Javier Salazar, Chile.<\/p>\n<p>Transgress\u00e3o (2023, 6&#8217;05&#8221;), de Danielle Teixeira Tavares Monteiro, Belo Horizonte, MG &#8211; Brasil.<\/p>\n<p>(un)leaving Los Valles (2024, 3&#8217;48&#8221;), de Blas PAYRI, Valencia &#8211; Espanha.<\/p>\n<p>Unboxing (2022, 5&#8242;), de Isadora Lobo, Bras\u00edlia, DF &#8211; Brasil.<\/p>\n<p>Urb\u00e1 Terra Bartzelona (2024, 5&#8217;04&#8221;), de Heike Salzer, Haywards Heath, Inglaterra &#8211; Reino Unido.<\/p>\n<p>Vibrante a\u00f1il (2024, 6&#8217;10&#8221;), de Daniela Cano, Col\u00f4mbia.<\/p>\n<p>Viento apacible (2023, 8&#8242;), de Marta Arjona e Maite Blasco, Valls &#8211; Espanha.<\/p>\n<p>&nbsp;<\/p>\n<p><b>COMISS\u00c3O\u00a0 AVALIADORA 2024<\/b><\/p>\n<p style=\"text-align: justify;\"><strong><img loading=\"lazy\" decoding=\"async\" class=\"wp-image-308 alignright\" src=\"https:\/\/wp.ufpel.edu.br\/fivrs\/files\/2024\/07\/Ana-Seden\u0303o-Valdello\u0301s-200x200.jpg\" alt=\"\" width=\"300\" height=\"300\" srcset=\"https:\/\/wp.ufpel.edu.br\/fivrs\/files\/2024\/07\/Ana-Seden\u0303o-Valdello\u0301s-200x200.jpg 200w, https:\/\/wp.ufpel.edu.br\/fivrs\/files\/2024\/07\/Ana-Seden\u0303o-Valdello\u0301s-400x400.jpg 400w, https:\/\/wp.ufpel.edu.br\/fivrs\/files\/2024\/07\/Ana-Seden\u0303o-Valdello\u0301s-1024x1024.jpg 1024w, https:\/\/wp.ufpel.edu.br\/fivrs\/files\/2024\/07\/Ana-Seden\u0303o-Valdello\u0301s-768x768.jpg 768w, https:\/\/wp.ufpel.edu.br\/fivrs\/files\/2024\/07\/Ana-Seden\u0303o-Valdello\u0301s-100x100.jpg 100w, https:\/\/wp.ufpel.edu.br\/fivrs\/files\/2024\/07\/Ana-Seden\u0303o-Valdello\u0301s.jpg 1536w\" sizes=\"auto, (max-width: 300px) 100vw, 300px\" \/>Ana Sede\u00f1o Valdell\u00f3s &#8211; ESPANHA<\/strong><\/p>\n<p align=\"justify\">Criadora e diretora audiovisual com doutorado em Comunica\u00e7\u00e3o Audiovisual e Professora do Departamento de Comunica\u00e7\u00e3o e Publicidade Audiovisual da Universidade de M\u00e1laga (Espanha). Suas linhas de pesquisa incluem as rela\u00e7\u00f5es entre m\u00fasica, meios audiovisuais e as pr\u00e1ticas audiovisuais na cena contempor\u00e2nea sob uma perspectiva hist\u00f3rica e\/ou educativa, com \u00eanfase em produ\u00e7\u00f5es art\u00edsticas, como videojockey, mapping e videodan\u00e7a. \u00c9 autora dos livros <em>Lenguaje del videoclip<\/em> (2002), <em>La m\u00fasica contempor\u00e1nea en el cine<\/em> (2005), <em>Historia del videoarte en Espa\u00f1a<\/em> (2011) e <em>An\u00e1lisis del cine Contempor\u00e1neo: Estrategias est\u00e9ticas, narrativas y de puesta en escena<\/em> (2013).<\/p>\n<p align=\"justify\">Creadora y realizadora audiovisual, doctora en Comunicaci\u00f3n Audiovisual y Profesora del Departamento de Comunicaci\u00f3n Audiovisual y Publicidad de la Universidad de M\u00e1laga (Espa\u00f1a). Sus l\u00edneas de investigaci\u00f3n incluyen la relaci\u00f3n entre la m\u00fasica, los medios audiovisuales y las pr\u00e1cticas audiovisuales en la escena contempor\u00e1nea desde una perspectiva hist\u00f3rica y\/o educativa, con \u00e9nfasis en producciones art\u00edsticas como el videojockey, el mapping y la videodanza. Es autora de los libros <i>Lenguaje del videoclip<\/i> (2002), <i>La M\u00fasica contempor\u00e1nea en el cine<\/i> (2005), <i>Historia del videoarte en Espa\u00f1a<\/i> (2011) y <i>An\u00e1lisis del cine contempor\u00e1neo: Estrategias est\u00e9ticas, narrativas y de puesta en escena<\/i> (2013).<\/p>\n<p>&nbsp;<\/p>\n<p><img loading=\"lazy\" decoding=\"async\" class=\"alignright wp-image-309\" src=\"https:\/\/wp.ufpel.edu.br\/fivrs\/files\/2024\/07\/Diego-Mac-200x200.png\" alt=\"\" width=\"300\" height=\"300\" srcset=\"https:\/\/wp.ufpel.edu.br\/fivrs\/files\/2024\/07\/Diego-Mac-200x200.png 200w, https:\/\/wp.ufpel.edu.br\/fivrs\/files\/2024\/07\/Diego-Mac-400x400.png 400w, https:\/\/wp.ufpel.edu.br\/fivrs\/files\/2024\/07\/Diego-Mac-1024x1024.png 1024w, https:\/\/wp.ufpel.edu.br\/fivrs\/files\/2024\/07\/Diego-Mac-768x768.png 768w, https:\/\/wp.ufpel.edu.br\/fivrs\/files\/2024\/07\/Diego-Mac-100x100.png 100w, https:\/\/wp.ufpel.edu.br\/fivrs\/files\/2024\/07\/Diego-Mac.png 1080w\" sizes=\"auto, (max-width: 300px) 100vw, 300px\" \/><\/p>\n<p align=\"left\"><b>Diego Mac &#8211; BRASIL<\/b><\/p>\n<p align=\"justify\">Diretor de dan\u00e7a, videoartista, artista 3D, produtor cultural. Doutorando em Artes C\u00eanicas (UFRGS). Graduado em Dan\u00e7a (ULBRA). Mestre (UFRGS) e especialista (FEEVALE) em Po\u00e9ticas Visuais. Diretor da Macarenando Dance Concept. Diretor art\u00edstico da Muovere Cia de Dan\u00e7a. Atualmente, dedica-se \u00e0 cria\u00e7\u00e3o art\u00edstica baseada no hibridismo entre dan\u00e7a e anima\u00e7\u00e3o\/simula\u00e7\u00e3o 3D, blockchains, metaversos e NFTs. Suas cria\u00e7\u00f5es participaram de mais de 30 eventos no Canad\u00e1, EUA, It\u00e1lia, M\u00e9xico, Espanha, Brasil, Argentina, Paraguai, Jap\u00e3o, Alemanha, Indon\u00e9sia, Uruguai, com curadoria de Art&amp;Vault, Artcrush, SpaceMontage, Transient Labs, Artpacks, HUG e A2 Accelerate Art. Recebeu o Pr\u00eamio A\u00e7orianos de Dan\u00e7a 2022 como Personalidade do Ano pelo trabalho inovador em dan\u00e7a 3D e o Pr\u00eamio Trajet\u00f3rias Culturais por sua carreira.<\/p>\n<p align=\"justify\">Director de danza, videoartista, artista 3D, productor cultural. Doctorando en Artes Esc\u00e9nicas (UFRGS). Licenciado en Danza (ULBRA). Maestr\u00eda (UFRGS) y especializaci\u00f3n (FEEVALE) en Po\u00e9tica Visual. Director de Macarenando Dance Concept. Director art\u00edstico de Muovere Cia de Dan\u00e7a. Actualmente se dedica a la creaci\u00f3n art\u00edstica basada en el hibridismo entre danza y animaci\u00f3n\/simulaci\u00f3n 3D, blockchain, metaversos y NFTs. Sus creaciones han participado en m\u00e1s de 30 eventos en Canad\u00e1, EEUU, Italia, M\u00e9xico, Espa\u00f1a, Brasil, Argentina, Paraguay, Jap\u00f3n, Alemania, Indonesia y Uruguay, comisariados por Art&amp;Vault, Artcrush, SpaceMontage, Transient Labs, Artpacks, HUG y A2 Accelerate Art. Recibi\u00f3 el Premio A\u00e7orianos de Danza 2022 como Personalidad del A\u00f1o por su innovador trabajo en danza 3D y el Premio Trayectorias Culturales por su trayectoria.<\/p>\n<p>&nbsp;<\/p>\n<p style=\"text-align: justify;\"><strong><img loading=\"lazy\" decoding=\"async\" class=\"alignright wp-image-310\" src=\"https:\/\/wp.ufpel.edu.br\/fivrs\/files\/2024\/07\/Jesse-da-Cruz-400x400.jpg\" alt=\"\" width=\"300\" height=\"300\" srcset=\"https:\/\/wp.ufpel.edu.br\/fivrs\/files\/2024\/07\/Jesse-da-Cruz-400x400.jpg 400w, https:\/\/wp.ufpel.edu.br\/fivrs\/files\/2024\/07\/Jesse-da-Cruz-1024x1024.jpg 1024w, https:\/\/wp.ufpel.edu.br\/fivrs\/files\/2024\/07\/Jesse-da-Cruz-200x200.jpg 200w, https:\/\/wp.ufpel.edu.br\/fivrs\/files\/2024\/07\/Jesse-da-Cruz-768x768.jpg 768w, https:\/\/wp.ufpel.edu.br\/fivrs\/files\/2024\/07\/Jesse-da-Cruz-100x100.jpg 100w, https:\/\/wp.ufpel.edu.br\/fivrs\/files\/2024\/07\/Jesse-da-Cruz.jpg 1080w\" sizes=\"auto, (max-width: 300px) 100vw, 300px\" \/><\/strong><b>Jesse da Cruz &#8211; BRASIL<\/b><\/p>\n<p align=\"justify\">Pai de Gustavo e Fanon Cruz, Professor Adjunto da Universidade Federal de Santa Maria (UFSM\/RS) no Curso de Dan\u00e7a &#8211; Licenciatura do Centro de Educa\u00e7\u00e3o F\u00edsica e Desporto (CEFD) e coordenador 2024\/2025. Doutor em Educa\u00e7\u00e3o (PPGE-UFPR), Mestre em Educa\u00e7\u00e3o (PPGE-FURB). Brincante, Pesquisador, Artista do Ax\u00e8, Pai Solo e Professor que tem como foco o estudo do Corpo Negro na Dan\u00e7a, cuja pesquisa \u00e9 baseado nas Artes a partir da epistemologia do Sens\u00edvel pelas encruzilhadas metodol\u00f3gicas da A\/r\/togr\u00e1fica e da B\/Ori\/grafia. Membro do NEABI UFSM e colaborador do NEAB UFPR e FURB. L\u00edder do grupo de pesquisa Laborat\u00f3rio CRUZO (pesquisa e Cria\u00e7\u00e3o c\u00eanica &#8211; CNPQ) e coordenador do projeto MOJUBA: Dan\u00e7as Populares Brasileiras.<\/p>\n<p align=\"justify\">Padre de Gustavo y Fanon Cruz, Profesor Adjunto de la Universidad Federal de Santa Mar\u00eda (UFSM\/RS) en el Curso de Danza &#8211; Licenciatura en el Centro de Educaci\u00f3n F\u00edsica y Deportes (CEFD) y coordinador 2024\/2025. Doctorado en Educaci\u00f3n (PPGE-UFPR), Mag\u00edster en Educaci\u00f3n (PPGE-FURB). Jugador, Investigador, Artista Ax\u00e8, Padre Solista y Profesor que se centra en el estudio del Cuerpo Negro en la Danza, cuya investigaci\u00f3n se fundamenta en las Artes desde la epistemolog\u00eda de lo Sensible a trav\u00e9s del cruce metodol\u00f3gico de A\/r\/tografia y B\/Ori. \/ortograf\u00eda. Miembro de NEABI UFSM y colaborador de NEAB UFPR y FURB. L\u00edder del grupo de investigaci\u00f3n Laboratorio CRUZO (investigaci\u00f3n y creaci\u00f3n esc\u00e9nica &#8211; CNPQ) y coordinador del proyecto MOJUBA: Danzas Populares Brasile\u00f1as.<\/p>\n<p>&nbsp;<\/p>\n<p style=\"text-align: justify;\"><strong><img loading=\"lazy\" decoding=\"async\" class=\"alignright wp-image-311\" src=\"https:\/\/wp.ufpel.edu.br\/fivrs\/files\/2024\/07\/Soraya-Vargas-Rojas--200x200.jpg\" alt=\"\" width=\"300\" height=\"310\" srcset=\"https:\/\/wp.ufpel.edu.br\/fivrs\/files\/2024\/07\/Soraya-Vargas-Rojas--387x400.jpg 387w, https:\/\/wp.ufpel.edu.br\/fivrs\/files\/2024\/07\/Soraya-Vargas-Rojas--992x1024.jpg 992w, https:\/\/wp.ufpel.edu.br\/fivrs\/files\/2024\/07\/Soraya-Vargas-Rojas--768x793.jpg 768w, https:\/\/wp.ufpel.edu.br\/fivrs\/files\/2024\/07\/Soraya-Vargas-Rojas-.jpg 1080w\" sizes=\"auto, (max-width: 300px) 100vw, 300px\" \/><\/strong><b>Soraya Vargas Rojas &#8211; COL\u00d4MBIA<\/b><strong><br \/>\n<\/strong><\/p>\n<p align=\"justify\">Dan\u00e7arina, core\u00f3grafa, artista interdisciplinar e professora de dan\u00e7a. Pesquisa as rela\u00e7\u00f5es entre dan\u00e7a e tecnologia, videodan\u00e7a, dan\u00e7a e outras linguagens. Diretora da produtora independente Histeria CinemaDanza. Cofundadora e Codiretora da Funda\u00e7\u00e3o Imagen en Movimiento. Pioneira da Videodan\u00e7a na Col\u00f4mbia, desde 1997. Codiretora do Festival Colombiano de Videodan\u00e7a VIDEOMOVimiento, desde 2004. Membra ativa da Rede Ibero-Americana de Dan\u00e7a REDIV. Diretora de document\u00e1rios de dan\u00e7a, dirigiu coreografias para Videodanza com pessoas interessadas \u200b\u200bno formato, com e sem forma\u00e7\u00e3o espec\u00edfica em dan\u00e7a ou nas artes do corpo. Vencedora de v\u00e1rios pr\u00eamios como bailarina, como core\u00f3grafa e como diretora de videodan\u00e7as em eventos nacionais e internacionais. Avaliadora e curadora de diversos Festivais e Encontros de Dan\u00e7a e Videodan\u00e7a, nacionais e internacionais. Vencedora do Contextos Territ\u00f3rios de Resid\u00eancias Rurais, IDARTES 2022.<\/p>\n<p align=\"justify\">Bailarina, core\u00f3grafa, artista interdisciplinaria y profesora de danza. Investiga las relaciones entre danza y tecnolog\u00eda, videodanza, danza y otros lenguajes. Director de la productora independiente Histeria CinemaDanza. Cofundador y Codirector de la Fundaci\u00f3n Imagen en Movimiento. Pionero de la Videodanza en Colombia, desde 1997. Codirector del Festival Colombiano de Videodanza VIDEOMOVimiento, desde 2004. Miembro activo de la Red Iberoamericana de Danza REDIV. Directora de documentales de danza, dirigi\u00f3 coreograf\u00edas para Videodanza con personas interesadas en el formato, con y sin formaci\u00f3n espec\u00edfica en danza o artes corporales. Ganadora de varios premios como bailarina, core\u00f3grafa y directora de videodanza en eventos nacionales e internacionales. Evaluadora y comisaria de varios Festivales y Encuentros de Danza y Videodanza nacionales e internacionales. Ganador de Contextos Territoriales de Residencias Rurales, IDARTES 2022.<\/p>\n<div style=\"background-color: #a6ce39; height: 20px; width: 100%;\"><\/div>\n","protected":false},"excerpt":{"rendered":"<p>VIDEODAN\u00c7AS SELECIONADAS &#8211; FIVRS 2024 A simple plan (2023, 4&#8242;), de Arturo Marinho, Buenos Aires &#8211; Argentina. Alcantarilla (2024, 4&#8217;32&#8221;), de Javier Ballesteros Quiroz, Estefan\u00eda Galindo L\u00f3pez, Laura G\u00f3mez e Santiago Navas, Col\u00f4mbia. Becoming (2023, 5&#8242;), de Anabella Lenzu, Argentina \/ Nova Iorque &#8211; EUA. Blue Swimming (2024, 8&#8242;), de Danilo Bracchi, Bel\u00e9m do Par\u00e1, &hellip; <\/p>\n<p class=\"link-more\"><a href=\"https:\/\/wp.ufpel.edu.br\/fivrs\/inicio\/edicao-2024\/\" class=\"more-link\">Continue lendo<span class=\"screen-reader-text\"> &#8220;Edi\u00e7\u00e3o 2024&#8221;<\/span><\/a><\/p>\n","protected":false},"author":1047,"featured_media":0,"parent":12,"menu_order":0,"comment_status":"closed","ping_status":"closed","template":"","meta":{"footnotes":""},"class_list":["post-335","page","type-page","status-publish","hentry"],"_links":{"self":[{"href":"https:\/\/wp.ufpel.edu.br\/fivrs\/wp-json\/wp\/v2\/pages\/335","targetHints":{"allow":["GET"]}}],"collection":[{"href":"https:\/\/wp.ufpel.edu.br\/fivrs\/wp-json\/wp\/v2\/pages"}],"about":[{"href":"https:\/\/wp.ufpel.edu.br\/fivrs\/wp-json\/wp\/v2\/types\/page"}],"author":[{"embeddable":true,"href":"https:\/\/wp.ufpel.edu.br\/fivrs\/wp-json\/wp\/v2\/users\/1047"}],"replies":[{"embeddable":true,"href":"https:\/\/wp.ufpel.edu.br\/fivrs\/wp-json\/wp\/v2\/comments?post=335"}],"version-history":[{"count":2,"href":"https:\/\/wp.ufpel.edu.br\/fivrs\/wp-json\/wp\/v2\/pages\/335\/revisions"}],"predecessor-version":[{"id":345,"href":"https:\/\/wp.ufpel.edu.br\/fivrs\/wp-json\/wp\/v2\/pages\/335\/revisions\/345"}],"up":[{"embeddable":true,"href":"https:\/\/wp.ufpel.edu.br\/fivrs\/wp-json\/wp\/v2\/pages\/12"}],"wp:attachment":[{"href":"https:\/\/wp.ufpel.edu.br\/fivrs\/wp-json\/wp\/v2\/media?parent=335"}],"curies":[{"name":"wp","href":"https:\/\/api.w.org\/{rel}","templated":true}]}}