{"id":25,"date":"2020-07-27T17:39:20","date_gmt":"2020-07-27T20:39:20","guid":{"rendered":"https:\/\/wp.ufpel.edu.br\/fivrs\/?page_id=25"},"modified":"2023-05-11T09:50:32","modified_gmt":"2023-05-11T12:50:32","slug":"trabalhos-selecionados","status":"publish","type":"page","link":"https:\/\/wp.ufpel.edu.br\/fivrs\/inicio\/trabalhos-selecionados\/","title":{"rendered":"Edi\u00e7\u00e3o 2020"},"content":{"rendered":"<p style=\"text-align: justify;\">O <strong>1\u00ba Festival Internacional de Videodan\u00e7a do Rio Grande do Sul \u2013 FIVRS <\/strong>nasce como uma iniciativa do Programa de P\u00f3s-Gradua\u00e7\u00e3o Mestrado em Artes Visuais e do Curso de Dan\u00e7a da Universidade Federal de Pelotas (UFPel), em parceria com a Funda\u00e7\u00e3o Ecarta, por meio da difus\u00e3o de uma convocat\u00f3ria internacional (de mar\u00e7o a abril de 2020) a artistas e realizadores. A sele\u00e7\u00e3o dos trabalhos ficou a cargo do comit\u00ea de avaliadores convidados, formado por Ximena Monroy Rocha, diretora e curadora do festival <em>Agite y Sirva \u2013 Festival <\/em><em>Itinerante de Videodanza<\/em>, do M\u00e9xico; Ladys Gonzales, diretora do Corporalidad expandida, Argentina; Paulo Caudas, diretor art\u00edstico e curador do Dan\u00e7a em Foco, Brasil; e Ana Sede\u00f1o Valdell\u00f3s, criadora audiovisual e professora da Universidad de Malaga, Espanha.<\/p>\n<p><img loading=\"lazy\" decoding=\"async\" class=\"alignnone wp-image-18 size-full\" src=\"https:\/\/wp.ufpel.edu.br\/fivrs\/files\/2020\/07\/cropped-Mosaico2-scaled-1.jpg\" alt=\"\" width=\"1400\" height=\"732\" srcset=\"https:\/\/wp.ufpel.edu.br\/fivrs\/files\/2020\/07\/cropped-Mosaico2-scaled-1.jpg 1400w, https:\/\/wp.ufpel.edu.br\/fivrs\/files\/2020\/07\/cropped-Mosaico2-scaled-1-400x209.jpg 400w, https:\/\/wp.ufpel.edu.br\/fivrs\/files\/2020\/07\/cropped-Mosaico2-scaled-1-1024x535.jpg 1024w, https:\/\/wp.ufpel.edu.br\/fivrs\/files\/2020\/07\/cropped-Mosaico2-scaled-1-768x402.jpg 768w, https:\/\/wp.ufpel.edu.br\/fivrs\/files\/2020\/07\/cropped-Mosaico2-scaled-1-383x200.jpg 383w\" sizes=\"auto, (max-width: 706px) 89vw, (max-width: 767px) 82vw, 740px\" \/><\/p>\n<p style=\"text-align: justify;\">O 1\u00ba. FIVRS recebeu trabalhos oriundos de 15 estados do Brasil \u2013 Rio Grande do Norte, Rio Grande do Sul, Minas Gerais, Cear\u00e1, S\u00e3o Paulo, Pernambuco, Paran\u00e1, Sergipe, Amap\u00e1, Par\u00e1, Goi\u00e1s, Para\u00edba, Santa Catarina, Distrito Federal e Rio de Janeiro \u2013 e pa\u00edses da Europa, Am\u00e9rica do Norte e do Sul \u2013 Argentina, Bol\u00edvia, Chile, Espanha, Estados Unidos, Fran\u00e7a, It\u00e1lia, M\u00e9xico e Portugal.<\/p>\n<p><strong>TRABALHOS SELECIONADOS 2020<\/strong><\/p>\n<p><em>Abaixo do Equador<\/em>, de Adriano Andr\u00e9 Rosa da Silva \u2013 Natal\/RN \u2013 Brasil<br \/>\n<em>ANOD<\/em>, de Marta Arjona \u2013 Valls \/ Sarral \/Espanha<br \/>\n<em>Bicho<\/em>, de Felipe Rocha Bittencourt \u2013 S\u00e3o Paulo\/SP \u2013 Brasil<br \/>\n<em>Caminhada<\/em>, de Luiza Monteiro e Souza \u2013 Bel\u00e9m\/PA \u2013 Brasil<br \/>\n<em>Cidade Coreogr\u00e1fica<\/em>, de Paulo Henrique Albuquerque Pontes \u2013 Recife\/Brasil<br \/>\n<em>Contrapontos<\/em>, de Guilherme Barbosa Schulze \u2013 Jo\u00e3o Pessoa\/PB \u2013 Brasil<br \/>\n<em>Corpo-Som\u00e1tico<\/em>, de Rafaela Pereira \u2013 Aparecida de Goi\u00e2nia\/Brasil<br \/>\n<em>Estar a Par \u2013 passo a passo<\/em>, de Tales Frey \u2013 Catanduva-SP \u2013 Brasil \/Porto \u2013<br \/>\nPortugal<br \/>\n<em>Fardo<\/em>, de Leda Siloto \u2013 Assis\/SP \u2013 Brasil<br \/>\n<em>Fim dos Tempos<\/em>, de Edson Ferraz \u2013 Porto Alegre\/RS \u2013 Brasil<br \/>\n<em>Hold me<\/em>, de Rafael Bolacha \u2013 S\u00e3o Paulo\/SP \u2013 Brasil<br \/>\n<em>Impulso<\/em>, de Michel Schettert \u2013 Rio de Janeiro\/RJ \u2013 Brasil<br \/>\n<em>Inside (Inhabited Landscapes)<\/em>, de Carmen Porras \u2013 Granada\/ Espanha<br \/>\n<em>La Loba<\/em>, de Edielson Vidal \u2013 Bel\u00e9m\/PA \u2013 Brasil<br \/>\n<em>Moiado<\/em>, de Victor Yuri \u2013 Ribeir\u00e3o Preto\/SP \u2013 Brasil<br \/>\n<em>O Grito<\/em>, de Larissa Aparecida Kremer \u2013 Blumenau\/SC \u2013 Brasil<br \/>\n<em>Obra<\/em>, de Maria Luiza Teodoro Guimar\u00e3es \u2013 Uberl\u00e2ndia\/Minas Gerais \u2013 Brasil<br \/>\n<em>Orlo Hem<\/em>, de Filomena Rusciano \u2013 Sant&#8217;Agata de&#8217;goti\/It\u00e1lia<br \/>\n<em>Pogo<\/em>, de Ana Carvajal \u2013 Santiago\/Chile<br \/>\n<em>Ru\u00eddo<\/em>, de Ge\u00f3rgia de Macedo Garcia \u2013 Porto Alegre\/RS \u2013 Brasil<br \/>\n<em>Soliloquio<\/em>, de Lorena L\u00f3pez Aguado \u2013 Ciudad de M\u00e9xico\/M\u00e9xico<br \/>\n<em>The last children<\/em>, de Fu LE \u2013 Fran\u00e7a<br \/>\n<em>Ut(r)opical<\/em>, de Martin Pablo Groisman \u2013 Buenos Aires, Argentina<br \/>\n<em>VDO 1.6<\/em>, de Kepa Landa \u2013 Espanha<br \/>\n<em>Verde que te quiero ladrillo<\/em>, de Esteban Rodriguez \u2013 Bol\u00edvia<\/p>\n<p><b>COMISS\u00c3O AVALIADORA<\/b><\/p>\n<p>Ximena Monroy Rocha (M\u00e9xico)<br \/>\nLadys Gonzalez (Argentina)<br \/>\nPaulo Caldas (Brasil)<br \/>\nAna Sede\u00f1o Valdell\u00f3s (Espanha)<\/p>\n<div style=\"background-color: #e4ac21; height: 20px; width: 100%;\"><\/div>\n","protected":false},"excerpt":{"rendered":"<p>O 1\u00ba Festival Internacional de Videodan\u00e7a do Rio Grande do Sul \u2013 FIVRS nasce como uma iniciativa do Programa de P\u00f3s-Gradua\u00e7\u00e3o Mestrado em Artes Visuais e do Curso de Dan\u00e7a da Universidade Federal de Pelotas (UFPel), em parceria com a Funda\u00e7\u00e3o Ecarta, por meio da difus\u00e3o de uma convocat\u00f3ria internacional (de mar\u00e7o a abril de &hellip; <\/p>\n<p class=\"link-more\"><a href=\"https:\/\/wp.ufpel.edu.br\/fivrs\/inicio\/trabalhos-selecionados\/\" class=\"more-link\">Continue lendo<span class=\"screen-reader-text\"> &#8220;Edi\u00e7\u00e3o 2020&#8221;<\/span><\/a><\/p>\n","protected":false},"author":1047,"featured_media":0,"parent":12,"menu_order":3,"comment_status":"closed","ping_status":"closed","template":"","meta":{"footnotes":""},"class_list":["post-25","page","type-page","status-publish","hentry"],"_links":{"self":[{"href":"https:\/\/wp.ufpel.edu.br\/fivrs\/wp-json\/wp\/v2\/pages\/25","targetHints":{"allow":["GET"]}}],"collection":[{"href":"https:\/\/wp.ufpel.edu.br\/fivrs\/wp-json\/wp\/v2\/pages"}],"about":[{"href":"https:\/\/wp.ufpel.edu.br\/fivrs\/wp-json\/wp\/v2\/types\/page"}],"author":[{"embeddable":true,"href":"https:\/\/wp.ufpel.edu.br\/fivrs\/wp-json\/wp\/v2\/users\/1047"}],"replies":[{"embeddable":true,"href":"https:\/\/wp.ufpel.edu.br\/fivrs\/wp-json\/wp\/v2\/comments?post=25"}],"version-history":[{"count":12,"href":"https:\/\/wp.ufpel.edu.br\/fivrs\/wp-json\/wp\/v2\/pages\/25\/revisions"}],"predecessor-version":[{"id":262,"href":"https:\/\/wp.ufpel.edu.br\/fivrs\/wp-json\/wp\/v2\/pages\/25\/revisions\/262"}],"up":[{"embeddable":true,"href":"https:\/\/wp.ufpel.edu.br\/fivrs\/wp-json\/wp\/v2\/pages\/12"}],"wp:attachment":[{"href":"https:\/\/wp.ufpel.edu.br\/fivrs\/wp-json\/wp\/v2\/media?parent=25"}],"curies":[{"name":"wp","href":"https:\/\/api.w.org\/{rel}","templated":true}]}}