{"id":199,"date":"2022-05-01T21:24:27","date_gmt":"2022-05-02T00:24:27","guid":{"rendered":"https:\/\/wp.ufpel.edu.br\/fivrs\/?page_id=199"},"modified":"2023-05-11T09:48:56","modified_gmt":"2023-05-11T12:48:56","slug":"edicao-2021","status":"publish","type":"page","link":"https:\/\/wp.ufpel.edu.br\/fivrs\/inicio\/edicao-2021\/","title":{"rendered":"Edi\u00e7\u00e3o 2021"},"content":{"rendered":"<p><strong>2\u00ba Festival Internacional de Videodan\u00e7a do RS \u2013 FIVRS<\/strong><\/p>\n<p>https:\/\/www.youtube.com\/watch?v=Z2AvzpIUEm4<\/p>\n<p><strong>TRABALHOS SELECIONADOS 2021<\/strong><\/p>\n<p style=\"text-align: justify;\">\u00c1guas que correm, mulheres que dan\u00e7am (2021), Grupo Baila Cassino: Daniela Llopart Castro, Rebeca San Martins, Nat\u00e1lia Camargo &#8211; Pelotas, RS, Brasil<\/p>\n<p style=\"text-align: justify;\">AMO (2021), M\u00f4nica Fagundes Dantas, Alex Sernambi, Suzi Weber &#8211; Porto Alegre, RS, Brasil<\/p>\n<p style=\"text-align: justify;\">Arbasoei (2021), Ikerne Mendieta &#8211; Granada, Espanha<\/p>\n<p style=\"text-align: justify;\">Asab (2021), Ariane Mondo &#8211; Natal, RN, Brasil<\/p>\n<p style=\"text-align: justify;\">Atoto\u00f3 &#8211; Interditos e mist\u00e9rios do negrocorpo (2019), Caroline Ribeiro Paz, B\u00e1rbara Cezano &#8211; Pelotas, RS, Brasil<\/p>\n<p style=\"text-align: justify;\">BAHtucada (2020), Ederson Zaneti Vergara &#8211; Pelotas, RS, Brasil<\/p>\n<p style=\"text-align: justify;\">be still (2020), Nicole Manoochehri &#8211; Los Angeles, EUA<\/p>\n<p style=\"text-align: justify;\">Cap 14 \u2013 parte 2: &#8230;olhar para al\u00e9m do que se v\u00ea&#8230;um convite a percep\u00e7\u00e3o\u2026 (2021), Andreza Aguida, Tiago Nogueira, Rog\u00e9rio Ortiz &#8211; S\u00e3o Paulo, SP, Brasil<\/p>\n<p style=\"text-align: justify;\">Celestial Body (2021), Danielle Suzanne Willis Denton, Texas, EUA<br \/>\nchicharras (2021), Carola Reboredo &#8211; La calera, Argentina<\/p>\n<p style=\"text-align: justify;\">Cont\u00e1gio (2019), Nicole Correa Freitas, Porto Alegre, RS, Brasil<\/p>\n<p style=\"text-align: justify;\">Dan\u00e7a sem medo &#8211; Dance without fear (2020), Sol Dugatkin &#8211; Santiago, Chile<\/p>\n<p style=\"text-align: justify;\">Desverrante (2020), Mathias Lobo, Alexandre Tadra, Rodrigo de Castro &#8211; Curitiba, PR, Brasil<\/p>\n<p style=\"text-align: justify;\">ECDISE (2021), Tain\u00e1 Madruga Romero &#8211; Pelotas, RS, Brasil<\/p>\n<p style=\"text-align: justify;\">Ela ousou saber (2020), Luciana Campos, Ingrid Laurentino, Ana Carolina G. Martins, Naira Silva, Amanda Freitas Faria, Luciana Campos &#8211; Mogi das Cruzes, SP, Brasil<\/p>\n<p style=\"text-align: justify;\">Encobertos (2019), Lilian Seixas Gra\u00e7a &#8211; Salvador, Ba, Brasil<\/p>\n<p style=\"text-align: justify;\">Ensaio para o in\u00edcio do fim (2021), Raquel Machado Pereira &#8211; Hortol\u00e2ndia, SP, Brasil<\/p>\n<p style=\"text-align: justify;\">Entre Estrelas e Ra\u00edzes (2021), Giselle Paes Horacio &#8211; Capivari de Baixo, SC, Brasil<\/p>\n<p style=\"text-align: justify;\">Fio Condutor (2020), Tales Frey &#8211; Porto, Portugal<\/p>\n<p style=\"text-align: justify;\">Glare (2020), Smangaliso Ngwenya &#8211; Johannesburg, Africa do Sul<br \/>\nInterlocu\u00e7\u00f5es com a Cidade (2020), Fernanda Amaral &#8211; S\u00e3o Paulo, SP, Brasil<\/p>\n<p style=\"text-align: justify;\">Invisible (2020), Diana Vignolles, Gast\u00f3n Fleitas, Franco Quagliardi, Lilian Que\u00f1\u00f3n, Guadalupe Dominguez &#8211; Buenos Aires, Argentina<\/p>\n<p style=\"text-align: justify;\">Irrational (2020), Francesca Poglie, Martina Beraldo, Luca Ghedini, Nicola Lunardelli &#8211; Barcelona, Espanha<\/p>\n<p style=\"text-align: justify;\">La tarde infinita (2021), Melanie Alfie &#8211; Buenos Aires, Argentina<\/p>\n<p style=\"text-align: justify;\">Lim\u00edtrofe (2020), Sof\u00eda del Mar Collins, Maidelise R\u00edos Medina &#8211; San Juan, Porto Rico<\/p>\n<p style=\"text-align: justify;\">Luvemba (2021), Maria Clara Laet de Almeida e Silva &#8211; S\u00e3o Paulo, SP, Brasil<\/p>\n<p style=\"text-align: justify;\">Maromba (2021), Monica da Silva e Souza &#8211; Parintins, AM, Brasil<\/p>\n<p style=\"text-align: justify;\">Mat\u00e9ria Bruta (2019), Renan de Lima Turci &#8211; Curitiba, PR, Brasil<\/p>\n<p style=\"text-align: justify;\">Misunderstandings (Fraintendimenti) (2020), Alexandre Manuel, Jimmie Santoni, Elisa Carletti, Federica Squadroni &#8211; Jesi, It\u00e1lia<\/p>\n<p style=\"text-align: justify;\">Morada (2021), Luisa Cunha Machala &#8211; Belo Horizonte, MG, Brasil<\/p>\n<p style=\"text-align: justify;\">Mujeres Infinitas (2020), Mar\u00eda Claudia Mej\u00eda Alvarez &#8211; Medell\u00edn, Colombia<\/p>\n<p style=\"text-align: justify;\">ON LOCK (2021), Azize Sousami &#8211; Londres, Inglaterra<\/p>\n<p style=\"text-align: justify;\">Os Espa\u00e7os Entre N\u00f3s (2021), M\u00f4nica Yumi Jardim da Silveira, Adeniran Balthazar, Bianca Meciano, Henrique Soares Dias, Mateus Paludetti &#8211; Campinas, SP, Brasil<\/p>\n<p style=\"text-align: justify;\">Out of the folds of women (2020), Anabella Lenzu &#8211; Nova Iorque, EUA<\/p>\n<p style=\"text-align: justify;\">QU4RT (2020), Fernando Quinteros Muniz &#8211; Porto Alegre, RS, Brasil<\/p>\n<p style=\"text-align: justify;\">Redoma (2021), Pedro Vitor Pontes Ferraz &#8211; Recife, PE, Brasil<\/p>\n<p style=\"text-align: justify;\">Seres do Meio (2021), Rua em Cena Companhia de Dan\u00e7a &#8211; Pelotas, RS, Brasil<\/p>\n<p style=\"text-align: justify;\">Skin to Nature (2021), SueKi Yee &#8211; Penang, Mal\u00e1sia<\/p>\n<p style=\"text-align: justify;\">SOLO (2020), Uladzimir Slizhyk &#8211; Bielorrusia<\/p>\n<p style=\"text-align: justify;\">Suspended (2020), Filomena Rusciano &#8211; Sant&#8217;Agata de&#8217; Goti, It\u00e1lia<\/p>\n<p style=\"text-align: justify;\">TEMOR (2020), Adriano Andr\u00e9 Rosa da Silva, Alvaro Dantas, Cl\u00e9bio Oliveira, Jania Santos &#8211; Natal, RN, Brasil<\/p>\n<p style=\"text-align: justify;\">The neighbor\/O vizinho (2021), Flakorojas &#8211; Bruxelas, B\u00e9lgica<\/p>\n<p style=\"text-align: justify;\">Travessias (2020), Maryah Monteiro &#8211; Rio de Janeiro, RJ, Brasil<\/p>\n<p style=\"text-align: justify;\">Trilog\u00eda Monocrom\u00e1tica: Negro (2019), Fausto Jij\u00f3n Quelal &#8211; Cidade do M\u00e9xico, M\u00e9xico<\/p>\n<p style=\"text-align: justify;\">Whispers to Myself (2021), Ana Claudia Marra, S\u00e3o Paulo, SP, Brasil<\/p>\n<p>&nbsp;<\/p>\n<p><b>COMISS\u00c3O AVALIADORA<\/b><\/p>\n<p style=\"text-align: justify;\"><strong><a href=\"https:\/\/wp.ufpel.edu.br\/fivrs\/files\/2021\/08\/Ana-Sedeno_Valdellos.jpg\"><img loading=\"lazy\" decoding=\"async\" class=\"alignright wp-image-158 size-thumbnail\" src=\"https:\/\/wp.ufpel.edu.br\/fivrs\/files\/2021\/08\/Ana-Sedeno_Valdellos-200x200.jpg\" alt=\"\" width=\"200\" height=\"200\" srcset=\"https:\/\/wp.ufpel.edu.br\/fivrs\/files\/2021\/08\/Ana-Sedeno_Valdellos-200x200.jpg 200w, https:\/\/wp.ufpel.edu.br\/fivrs\/files\/2021\/08\/Ana-Sedeno_Valdellos-400x400.jpg 400w, https:\/\/wp.ufpel.edu.br\/fivrs\/files\/2021\/08\/Ana-Sedeno_Valdellos-100x100.jpg 100w, https:\/\/wp.ufpel.edu.br\/fivrs\/files\/2021\/08\/Ana-Sedeno_Valdellos.jpg 620w\" sizes=\"auto, (max-width: 200px) 100vw, 200px\" \/><\/a>Ana Sede\u00f1o Valdell\u00f3s<\/strong> \u00e9 Doutora em Comunica\u00e7\u00e3o Audiovisual e Professora <span style=\"font-size: 1rem;\">do Departamento de Comunica\u00e7\u00e3o e Publicidade Audiovisual da Universidad de M\u00e1laga (UMA), Espanha. Suas linhas de pesquisa incluem as rela\u00e7\u00f5es entre m\u00fasica e meios audiovisuais, e as pr\u00e1ticas audiovisuais na cena contempor\u00e2nea sob uma perspectiva hist\u00f3rica e educativa, com \u00eanfase em produ\u00e7\u00f5es art\u00edsticas, como videojockey, mapping e videodan\u00e7a. A respeito desta tem\u00e1tica publicou v\u00e1rios livros, como Lenguaje del videoclipe (UMA, 2002), La m\u00fasica contempor\u00e1nea en el cine (2006), Historia del videoarte en Espa\u00f1a (2011), An\u00e1lisis del cine Contempor\u00e1neo: Estrategias est\u00e9ticas, narrativas y de puesta en escena (2013), e artigos em renomadas revistas, como Comunicar, Latina de Comunicaci\u00f3n Social, Historia y Comunicaci\u00f3n Social, \u00c1rea Abierta e Raz\u00f3n y Palabra. No \u00e2mbito da cria\u00e7\u00e3o audiovisual dirigiu v\u00e1rias videocria\u00e7\u00f5es e um document\u00e1rio, e trabalhou como diretora de produ\u00e7\u00e3o em v\u00e1rios videoclipes e curtas-metragens.<\/span><\/p>\n<p>&nbsp;<\/p>\n<p><a href=\"https:\/\/wp.ufpel.edu.br\/fivrs\/files\/2021\/08\/Denise-Matta.jpg\"><img loading=\"lazy\" decoding=\"async\" class=\"alignright wp-image-159 size-thumbnail\" src=\"https:\/\/wp.ufpel.edu.br\/fivrs\/files\/2021\/08\/Denise-Matta-200x200.jpg\" alt=\"\" width=\"200\" height=\"200\" srcset=\"https:\/\/wp.ufpel.edu.br\/fivrs\/files\/2021\/08\/Denise-Matta-200x200.jpg 200w, https:\/\/wp.ufpel.edu.br\/fivrs\/files\/2021\/08\/Denise-Matta-400x400.jpg 400w, https:\/\/wp.ufpel.edu.br\/fivrs\/files\/2021\/08\/Denise-Matta-100x100.jpg 100w, https:\/\/wp.ufpel.edu.br\/fivrs\/files\/2021\/08\/Denise-Matta.jpg 616w\" sizes=\"auto, (max-width: 200px) 100vw, 200px\" \/><\/a><\/p>\n<p style=\"text-align: justify;\"><strong>Denise Matta<\/strong> \u00e9 publicit\u00e1ria, bailarina, professora de dan\u00e7a e performance. Diretora da Cia de dan\u00e7a Abrindo Portas e do IMARP &#8211; Mostra Internacional de Dan\u00e7a &#8211; Imagens em Movimento &#8211; Videodan\u00e7a, na cidade de Ribeir\u00e3o Preto\/SP\/Brasil e membro da REDIV &#8211; Rede Iberoamericana de Videodan\u00e7a desde 2017.<\/p>\n<p>&nbsp;<\/p>\n<p>&nbsp;<\/p>\n<p style=\"text-align: justify;\"><strong><a href=\"https:\/\/wp.ufpel.edu.br\/fivrs\/files\/2021\/08\/Leonel-Brum.jpg\"><img loading=\"lazy\" decoding=\"async\" class=\"alignright wp-image-160 size-thumbnail\" src=\"https:\/\/wp.ufpel.edu.br\/fivrs\/files\/2021\/08\/Leonel-Brum-200x200.jpg\" alt=\"\" width=\"200\" height=\"200\" srcset=\"https:\/\/wp.ufpel.edu.br\/fivrs\/files\/2021\/08\/Leonel-Brum-200x200.jpg 200w, https:\/\/wp.ufpel.edu.br\/fivrs\/files\/2021\/08\/Leonel-Brum-400x400.jpg 400w, https:\/\/wp.ufpel.edu.br\/fivrs\/files\/2021\/08\/Leonel-Brum-100x100.jpg 100w, https:\/\/wp.ufpel.edu.br\/fivrs\/files\/2021\/08\/Leonel-Brum.jpg 620w\" sizes=\"auto, (max-width: 200px) 100vw, 200px\" \/><\/a>Leonel Brum<\/strong> \u00e9 Doutor em Artes Visuais pela Escola de Belas Artes da Universidade Federal do Rio de Janeiro (UFRJ). Realizou pesquisa p\u00f3s-doutoral pela Universidade de Lisboa (Ulisboa), de 2017 a 2018. \u00c9 professor e coordenador dos cursos de dan\u00e7a do Instituto de Cultura e Arte da Universidade Federal do Cear\u00e1 &#8211; ICA\/UFC e coordenador do Midiadan\u00e7a: laborat\u00f3rio de dan\u00e7a e multim\u00eddia. Tamb\u00e9m atua como coordenador da equipe brasileira do projeto TEPe: Technologically Expanded Performance (2018-2020), uma parceria entre a UFC (apoio Funcap) e Ulisboa (apoio FCT) representada pelo prof. Dr. Daniel T\u00e9rcio, em Portugal. \u00c9 membro do Conselho Consultivo da Rede Ibero-americana de Videodan\u00e7a para produ\u00e7\u00e3o da Bienal Corpo, Imagem e Movimento, Madri\/Espanha (2019). Possui mestrado em Comunica\u00e7\u00e3o e Semi\u00f3tica pela Pontif\u00edcia Universidade Cat\u00f3lica de S\u00e3o Paulo (PUC\/SP) e gradua\u00e7\u00e3o em Arquitetura e Urbanismo pela Universidade Gama Filho (UGF\/RJ). Foi coordenador de dan\u00e7a da Funda\u00e7\u00e3o Nacional de Artes (Funarte\/MinC) onde atuou tamb\u00e9m nas rela\u00e7\u00f5es internacionais das \u00e1reas de dan\u00e7a, teatro e circo. Atuou como bailarino e core\u00f3grafo e possui experi\u00eancia nas \u00e1reas da dan\u00e7a, videodan\u00e7a, dan\u00e7a contempor\u00e2nea, dan\u00e7a afro-brasileira, teatro, curadoria, gest\u00e3o cultural e pol\u00edticas p\u00fablicas para as Artes. Foi presidente da Comiss\u00e3o de Elabora\u00e7\u00e3o do Plano de Cultura da Universidade Federal do Cear\u00e1 (2015).<\/p>\n<p>&nbsp;<\/p>\n<p style=\"text-align: justify;\"><strong><a href=\"https:\/\/wp.ufpel.edu.br\/fivrs\/files\/2021\/08\/Jose-Alirio-Pena.jpg\"><img loading=\"lazy\" decoding=\"async\" class=\"alignright wp-image-161 size-thumbnail\" src=\"https:\/\/wp.ufpel.edu.br\/fivrs\/files\/2021\/08\/Jose-Alirio-Pena-200x200.jpg\" alt=\"\" width=\"200\" height=\"200\" srcset=\"https:\/\/wp.ufpel.edu.br\/fivrs\/files\/2021\/08\/Jose-Alirio-Pena-200x200.jpg 200w, https:\/\/wp.ufpel.edu.br\/fivrs\/files\/2021\/08\/Jose-Alirio-Pena-400x400.jpg 400w, https:\/\/wp.ufpel.edu.br\/fivrs\/files\/2021\/08\/Jose-Alirio-Pena-100x100.jpg 100w, https:\/\/wp.ufpel.edu.br\/fivrs\/files\/2021\/08\/Jose-Alirio-Pena.jpg 620w\" sizes=\"auto, (max-width: 200px) 100vw, 200px\" \/><\/a>Jose Alirio Pe\u00f1a<\/strong> \u00e9 venezuelano, atualmente radicado na Argentina. \u00c9 doutorando em Ci\u00eancias Sociais e mestre em Scientiarum en Comunicaci\u00f3n Social pela Universidad Central de Venezuela-UCV, Caracas, Venezuela; e estudou cinema na Escuela de Cine y Televisi\u00f3n de Caracas &#8211; ESCINETV, Caracas, Venezuela. \u00c9 Director de Produ\u00e7\u00e3o da FUNDACI\u00d3N FAMCINE com sede na Venezuela; Produtor Executivo e Diretor do CINEVERSATIL &#8211; Festival Internacional de Cortometrajes sobre Diversidade, Argentina; Produtor Geral do Festival Internacional de Cine y V\u00eddeo Verde de Venezuela &#8211; FESTIVERD. \u00c9 membro fundador da Red Iberoamericana de Investigadores en Narrativas Audiovisuales &#8211; REDINAV, e cofundador da Red Diversidad en el Cine Latinoamericano y Caribe\u00f1o &#8211; DIVERCILAC. Autor e coautor de livros e artigos sobre cinema venezuelano, cinema ecol\u00f3gico e cinema sobre diversidade sexual. Foi jurado em diversos festivais, como: DIVA FILM FEST (Chile), DIGO FILM FESTIVAL (Brasil), MORCEGO-VERMELHO (Brasil) e Festival Internacional de Cine de Guayaquil (Equador).<\/p>\n<p>&nbsp;<\/p>\n<p style=\"text-align: justify;\"><strong><a href=\"https:\/\/wp.ufpel.edu.br\/fivrs\/files\/2021\/08\/Wanda-Lopez-Trelles.jpg\"><img loading=\"lazy\" decoding=\"async\" class=\"alignright wp-image-162 size-thumbnail\" src=\"https:\/\/wp.ufpel.edu.br\/fivrs\/files\/2021\/08\/Wanda-Lopez-Trelles-200x200.jpg\" alt=\"\" width=\"200\" height=\"200\" srcset=\"https:\/\/wp.ufpel.edu.br\/fivrs\/files\/2021\/08\/Wanda-Lopez-Trelles-200x200.jpg 200w, https:\/\/wp.ufpel.edu.br\/fivrs\/files\/2021\/08\/Wanda-Lopez-Trelles-400x400.jpg 400w, https:\/\/wp.ufpel.edu.br\/fivrs\/files\/2021\/08\/Wanda-Lopez-Trelles-100x100.jpg 100w, https:\/\/wp.ufpel.edu.br\/fivrs\/files\/2021\/08\/Wanda-Lopez-Trelles.jpg 620w\" sizes=\"auto, (max-width: 200px) 100vw, 200px\" \/><\/a><\/strong><\/p>\n<p style=\"text-align: justify;\"><strong>Wanda L\u00f3pez Trelles<\/strong> \u00e9 Designer de Imagem e Som e P\u00f3s-graduada em Converg\u00eancia Multim\u00eddia pela Universidad de Buenos Aires (UBA). Estudos em Realiza\u00e7\u00e3o Cenogr\u00e1fica (Instituto del Teatro Col\u00f3n); Edi\u00e7\u00e3o \/ Foto \/ Dire\u00e7\u00e3o de Arte (Sindicato de Cine Argentino); C\u00e2mara e Ilumina\u00e7\u00e3o (Associa\u00e7\u00e3o Argentina de Documentaristas). Artista intermidi\u00e1tica-multim\u00eddia. Fot\u00f3grafa. Curadora. Cria It\u00edn Producciones. Realiza projetos art\u00edsticos (audiovisuais, resid\u00eancias, performance) de forma abrangente a partir de uma perspectiva de Direitos Humanos e G\u00eanero. Dirigiu 7 filmes pr\u00f3prios e realizou produ\u00e7\u00f5es para UNICEF, COPRETI, Funda\u00e7\u00e3o Kine, Fundo para Mulheres do Sul e Minist\u00e9rio da Educa\u00e7\u00e3o da Na\u00e7\u00e3o Argentina. Programa Ciclos de Cine Debate sobre G\u00eanero e Direitos Humanos para diversas organiza\u00e7\u00f5es sociais. Facilitadora de Cinema Comunit\u00e1rio, fotografia e TIC em diversos contextos e comunidades. Investigadora de Artes Liminales no Instituto de Artes del Espet\u00e1culo. Membra ativista da MUA (Mujeres Audiovisuales Argentinas), REDIV (Red Iberoamericana de Videodanza), e da RAFMA (Red Argentina de Festivales y Muestras Audiovisuales da Argentina). Cofundadora e codiretora do Proyecto Corporalidad Expandida.<\/p>\n<div style=\"background-color: #2f1b50; height: 20px; width: 100%;\"><\/div>\n","protected":false},"excerpt":{"rendered":"<p>2\u00ba Festival Internacional de Videodan\u00e7a do RS \u2013 FIVRS https:\/\/www.youtube.com\/watch?v=Z2AvzpIUEm4 TRABALHOS SELECIONADOS 2021 \u00c1guas que correm, mulheres que dan\u00e7am (2021), Grupo Baila Cassino: Daniela Llopart Castro, Rebeca San Martins, Nat\u00e1lia Camargo &#8211; Pelotas, RS, Brasil AMO (2021), M\u00f4nica Fagundes Dantas, Alex Sernambi, Suzi Weber &#8211; Porto Alegre, RS, Brasil Arbasoei (2021), Ikerne Mendieta &#8211; Granada, &hellip; <\/p>\n<p class=\"link-more\"><a href=\"https:\/\/wp.ufpel.edu.br\/fivrs\/inicio\/edicao-2021\/\" class=\"more-link\">Continue lendo<span class=\"screen-reader-text\"> &#8220;Edi\u00e7\u00e3o 2021&#8221;<\/span><\/a><\/p>\n","protected":false},"author":1047,"featured_media":0,"parent":12,"menu_order":0,"comment_status":"closed","ping_status":"closed","template":"","meta":{"footnotes":""},"class_list":["post-199","page","type-page","status-publish","hentry"],"_links":{"self":[{"href":"https:\/\/wp.ufpel.edu.br\/fivrs\/wp-json\/wp\/v2\/pages\/199","targetHints":{"allow":["GET"]}}],"collection":[{"href":"https:\/\/wp.ufpel.edu.br\/fivrs\/wp-json\/wp\/v2\/pages"}],"about":[{"href":"https:\/\/wp.ufpel.edu.br\/fivrs\/wp-json\/wp\/v2\/types\/page"}],"author":[{"embeddable":true,"href":"https:\/\/wp.ufpel.edu.br\/fivrs\/wp-json\/wp\/v2\/users\/1047"}],"replies":[{"embeddable":true,"href":"https:\/\/wp.ufpel.edu.br\/fivrs\/wp-json\/wp\/v2\/comments?post=199"}],"version-history":[{"count":4,"href":"https:\/\/wp.ufpel.edu.br\/fivrs\/wp-json\/wp\/v2\/pages\/199\/revisions"}],"predecessor-version":[{"id":260,"href":"https:\/\/wp.ufpel.edu.br\/fivrs\/wp-json\/wp\/v2\/pages\/199\/revisions\/260"}],"up":[{"embeddable":true,"href":"https:\/\/wp.ufpel.edu.br\/fivrs\/wp-json\/wp\/v2\/pages\/12"}],"wp:attachment":[{"href":"https:\/\/wp.ufpel.edu.br\/fivrs\/wp-json\/wp\/v2\/media?parent=199"}],"curies":[{"name":"wp","href":"https:\/\/api.w.org\/{rel}","templated":true}]}}