{"id":145,"date":"2021-08-16T14:59:52","date_gmt":"2021-08-16T17:59:52","guid":{"rendered":"https:\/\/wp.ufpel.edu.br\/fivrs\/?page_id=145"},"modified":"2025-09-11T12:00:19","modified_gmt":"2025-09-11T15:00:19","slug":"selecionados","status":"publish","type":"page","link":"https:\/\/wp.ufpel.edu.br\/fivrs\/selecionados\/","title":{"rendered":"Selecionados 2025"},"content":{"rendered":"<p style=\"text-align: justify;\"><b>VIDEODAN\u00c7AS SELECIONADAS &#8211; FIVRS 2025<\/b><\/p>\n<p style=\"text-align: justify;\"><em>A Ru\u00edna que Dan\u00e7a<\/em> (2023, 6\u201956&#8243;), de Binho Signorelli e Gab Multini (Gurini) &#8211; Campinas, SP, Brasil.<\/p>\n<p style=\"text-align: justify;\"><em>AFROBR<\/em> (2024, 1\u201921&#8243;), de Ademir de Jesus Santos Junior, Jadson Tit\u00e2nio e Brunu Chico &#8211; Vit\u00f3ria, ES, Brasil.<\/p>\n<p style=\"text-align: justify;\"><em>\u00c1gua Dormida<\/em> (2024, 7\u201941&#8243;), de Maria Luiza Fran\u00e7a, Flora Guimar\u00e3es e Rua Duarte &#8211; Rio de Janeiro, RJ, Brasil.<\/p>\n<p style=\"text-align: justify;\"><em>Aurora<\/em> (2024, 6\u201928&#8243;), de Leonardo Villa, Companhia P\u00e1ssaro de Press\u00e1gio &#8211; S\u00e3o Paulo, SP, Brasil \/ M\u00e9xico.<\/p>\n<p style=\"text-align: justify;\"><em>Bailar o Morir<\/em> (2025, 6&#8242;). de Ale L\u00f3pez H &#8211; Buenos Aires, Argentina.<\/p>\n<p style=\"text-align: justify;\"><em>Baleines<\/em> (2024, 8\u201923&#8243;), Compagnie Mossoux-Bont\u00e9 &#8211; Bruxelas, B\u00e9lgica.<\/p>\n<p style=\"text-align: justify;\"><em>c0rp0 de bytes: o encontro<\/em> (2024, 4\u201940\u201d), de Luques Oliveira da Silva &#8211; Curitiba, PR, Brasil.<\/p>\n<p style=\"text-align: justify;\"><em>Cerrado Dan\u00e7a, Sabasqu\u00e1 em Movimento<\/em> (2024, 4\u201950&#8243;), de Bergkamp Pereira Magalh\u00e3es &#8211; Goi\u00e2nia, GO, Brasil.<\/p>\n<p style=\"text-align: justify;\"><em>Chair Deconstruction<\/em> (2024, 8\u201953&#8243;), de Clare Schweitzer &#8211; California, San Francisco, EUA.<\/p>\n<p style=\"text-align: justify;\"><em>CONATUS<\/em> (2023, 10&#8242;), de Ataka Colectivo e Naydu Pulido Farias &#8211; Bogot\u00e1, Colombia.<\/p>\n<p style=\"text-align: justify;\"><em>Corpo dessa praia<\/em> (2025, 10&#8242;), de Marcos Vin\u00edcius Te\u00f3filo de Almeida e Silva &#8211; Recife, PE, Brasil.<\/p>\n<p style=\"text-align: justify;\"><em>Debulho #2<\/em> (2025, 9&#8242;), de B\u00e1rbara Veronez e Ariny Bianchi &#8211; Vit\u00f3ria, ES, Brasil.<\/p>\n<p style=\"text-align: justify;\"><em>Dial\u00e9ctica<\/em> (2025, 7\u201905&#8243;), de Uma Taylor e Bernarda Feuillade &#8211; Buenos Aires, Argentina.<\/p>\n<p style=\"text-align: justify;\"><em>Disco<\/em> (2025, 6\u201934\u201d), de Marcelo Cabrera e Airton Tomazzoni, N\u00facleo Imagem e dan\u00e7a de Imb\u00e9 (NIDI) &#8211; Imb\u00e9, RS, Brasil.<\/p>\n<p style=\"text-align: justify;\"><em>Duet for 2<\/em> (2025, 5\u201919\u201d), de Brigitte Valobra e Wald &#8211; Val\u00eancia, Espanha.<\/p>\n<p style=\"text-align: justify;\"><em>Dunas City<\/em> (2025, 2\u201950&#8243;), de C\u00e1tia Fernandes de Carvalho e Anderson Roberto Cruz da Silveira &#8211; Projeto Unificado Dan\u00e7a no Bairro &#8211; Pelotas, RS, Brasil.<\/p>\n<p style=\"text-align: justify;\"><em>Hain, enlazadores de energ\u00edas<\/em> (2024, 10&#8242;), de Wanda L\u00f3pez Trelles &#8211; Buenos Aires, Argentina \/ Espanha \/ Costa Rica.<\/p>\n<p style=\"text-align: justify;\"><em>Incubo<\/em> (2025, 7\u20191&#8243;), de Cynthia Candelas &#8211; Cidade do M\u00e9xico, M\u00e9xico.<\/p>\n<p style=\"text-align: justify;\"><em>Mi Piel Mi Rareza<\/em> (2024, 7\u201935&#8243;), de Marcela Santa Mar\u00eda Silva e Diego Alejandro, Chile.<\/p>\n<p style=\"text-align: justify;\"><em>MOON LIGHT, A Glint of Light on Broken Glass<\/em> (2025, 4&#8242;), de Andrea Hackl &#8211; Pa\u00edses Baixos \/ Portugal \/ \u00c1ustria.<\/p>\n<p style=\"text-align: justify;\"><em>Mr Nature<\/em> (2024, 07&#8242;), de Mboko Lopiki &#8211; Goma, Rep\u00fablica Democr\u00e1tica do Congo.<\/p>\n<p style=\"text-align: justify;\"><em>Mulheres de Arrimo<\/em> (2024, 10&#8242;) Mariana Jorge, Elisa Costa e Nara C\u00e1lipo &#8211; Campinas, SP, Brasil.<\/p>\n<p style=\"text-align: justify;\"><em>Mu\u00f1eca Porfi\u00e1<\/em> (2025, 3\u201948&#8243;), de Sabine Greppo, Javiera Araya e Utopias bailables Company &#8211; Lyon, Fran\u00e7a.<\/p>\n<p style=\"text-align: justify;\"><em>Ode Maritima<\/em> (2024, 6&#8242;), de Fu Le, Magalie Lanriot e Roel Q Seeber &#8211; Arles, Fran\u00e7a \/ Lisboa, Portugal.<\/p>\n<p style=\"text-align: justify;\"><em>OMNIA CITRA MORTEM<\/em> (2024, 8\u201926&#8242;), de Esther Avila Schmidt, J\u00falia Zucchetto, Larissa Toniolo, Rafaela Zaremski, Manoela Cargnelutti e Lauren Diel &#8211; Santa Maria, RS, Brasil.<\/p>\n<p style=\"text-align: justify;\"><em>\u00d4ta Boba<\/em> (2024, 9&#8217;41&#8221;), de Edu O. &#8211; Salvador, BA, Brasil.<\/p>\n<p style=\"text-align: justify;\"><em>P\u00e1ssara<\/em> (2024, 4&#8242;), de Sarah Ferreira &#8211; Florian\u00f3polis &#8211; SC, Brasil.<\/p>\n<p style=\"text-align: justify;\"><em>Pele de Foca<\/em> (2025, 05\u201904&#8243;, de Fernanda Mendes e Otilia Fran\u00e7oso &#8211; Ubatuba, SP, Brasil.<\/p>\n<p style=\"text-align: justify;\"><em>Pulso Colectivo<\/em> (2024, 6\u201950&#8243;), de Leoranny Petit &#8211; M\u00e9rida, Venezuela.<\/p>\n<p style=\"text-align: justify;\"><em>Quem ser\u00e1?<\/em> (2025, 2\u201955&#8243;), de Kenne Felipe Alves Vieira &#8211; Itaj\u00e1, RN, Brasil.<\/p>\n<p style=\"text-align: justify;\"><em>Qui\u00e9n sabe, Alicia<\/em> (2024, 7&#8242; 21&#8243;), de Dinah Schonhaut &#8211; Buenos Aires, Argentina.<\/p>\n<p style=\"text-align: justify;\"><em>Seliberation #3<\/em> (2024, 6&#8242;), de Estela Lapponi &#8211; S\u00e3o Paulo, SP, Brasil.<\/p>\n<p style=\"text-align: justify;\"><em>Sensuum<\/em> (2025, 7\u201909&#8243;), de Cristina Duque, Tamiana Yanandi Naranjo Bonilla e Alejandra Nu\u00f1ez Bayas &#8211; Quito, Ecuador.<\/p>\n<p style=\"text-align: justify;\"><em>Shame<\/em> (2024, 5&#8242;), de Hadi Moussally, Paris &#8211; Fran\u00e7a \/ L\u00edbano.<\/p>\n<p style=\"text-align: justify;\"><em>Sin T\u00edtulo<\/em> (2024, 3&#8217;28&#8221;), de C\u00e9sar Ulloa Cu\u00e9llar &#8211; Lima, Peru.<\/p>\n<p style=\"text-align: justify;\"><em>Sob esta crosta de osso e pele<\/em> (2023, 5\u201924&#8243;), de Gabriel Mafort Gomes Paleari e Victor Macedo, Londrina, PR, Brasil.<\/p>\n<p style=\"text-align: justify;\"><em>SOMOS predadores<\/em> (2024 2&#8217;54&#8221;), de Allan Brasileiro Ribeiro Xavier de Andrade Rocha &#8211; Curitiba, PR, Brasil.<\/p>\n<p style=\"text-align: justify;\"><em>Tentativa de Habitar Bag\u00e9 Vol. 2 pt. 5: Daniele &#8211; Dan\u00e7a Flamenca<\/em> (2024, 6\u201943&#8243;), de Wagner Ferreira Previtali &#8211; Bag\u00e9, RS, Brasil.<\/p>\n<p style=\"text-align: justify;\"><em>TerraMontes<\/em> (2024, 5&#8242;), de Ana Baer Carrillo e Heike Salzer &#8211; San Marcos, TX, EUA \/ Londres, Reino Unido.<\/p>\n<p style=\"text-align: justify;\"><em>There was no plan B<\/em> (2025, 5\u201940&#8243;), de Libertad Pozo, Paco Utray y Luis Lamadrid &#8211; Madrid, Espanha.<\/p>\n<p style=\"text-align: justify;\"><em>Wombskin<\/em> (2023, 9\u201940&#8243;), de Rute Vitorino, CORPO Companhia de Dan\u00e7a &#8211; Leiria, Portugal.<\/p>\n<p style=\"text-align: justify;\"><em>ZUMO<\/em> (2024, 9:37&#8243;), de Maxmiler Junio &#8211; Belo Horizonte, MG, Brasil.<\/p>\n<div style=\"background-color: #a6ce39; height: 20px; width: 100%; text-align: justify;\"><\/div>\n","protected":false},"excerpt":{"rendered":"<p>VIDEODAN\u00c7AS SELECIONADAS &#8211; FIVRS 2025 A Ru\u00edna que Dan\u00e7a (2023, 6\u201956&#8243;), de Binho Signorelli e Gab Multini (Gurini) &#8211; Campinas, SP, Brasil. AFROBR (2024, 1\u201921&#8243;), de Ademir de Jesus Santos Junior, Jadson Tit\u00e2nio e Brunu Chico &#8211; Vit\u00f3ria, ES, Brasil. \u00c1gua Dormida (2024, 7\u201941&#8243;), de Maria Luiza Fran\u00e7a, Flora Guimar\u00e3es e Rua Duarte &#8211; Rio &hellip; <\/p>\n<p class=\"link-more\"><a href=\"https:\/\/wp.ufpel.edu.br\/fivrs\/selecionados\/\" class=\"more-link\">Continue lendo<span class=\"screen-reader-text\"> &#8220;Selecionados 2025&#8221;<\/span><\/a><\/p>\n","protected":false},"author":1047,"featured_media":0,"parent":0,"menu_order":0,"comment_status":"closed","ping_status":"closed","template":"","meta":{"footnotes":""},"class_list":["post-145","page","type-page","status-publish","hentry"],"_links":{"self":[{"href":"https:\/\/wp.ufpel.edu.br\/fivrs\/wp-json\/wp\/v2\/pages\/145","targetHints":{"allow":["GET"]}}],"collection":[{"href":"https:\/\/wp.ufpel.edu.br\/fivrs\/wp-json\/wp\/v2\/pages"}],"about":[{"href":"https:\/\/wp.ufpel.edu.br\/fivrs\/wp-json\/wp\/v2\/types\/page"}],"author":[{"embeddable":true,"href":"https:\/\/wp.ufpel.edu.br\/fivrs\/wp-json\/wp\/v2\/users\/1047"}],"replies":[{"embeddable":true,"href":"https:\/\/wp.ufpel.edu.br\/fivrs\/wp-json\/wp\/v2\/comments?post=145"}],"version-history":[{"count":4,"href":"https:\/\/wp.ufpel.edu.br\/fivrs\/wp-json\/wp\/v2\/pages\/145\/revisions"}],"predecessor-version":[{"id":377,"href":"https:\/\/wp.ufpel.edu.br\/fivrs\/wp-json\/wp\/v2\/pages\/145\/revisions\/377"}],"wp:attachment":[{"href":"https:\/\/wp.ufpel.edu.br\/fivrs\/wp-json\/wp\/v2\/media?parent=145"}],"curies":[{"name":"wp","href":"https:\/\/api.w.org\/{rel}","templated":true}]}}