{"id":12,"date":"2020-07-27T17:23:11","date_gmt":"2020-07-27T20:23:11","guid":{"rendered":"https:\/\/wp.ufpel.edu.br\/fivrs\/?page_id=12"},"modified":"2023-05-11T09:46:31","modified_gmt":"2023-05-11T12:46:31","slug":"inicio","status":"publish","type":"page","link":"https:\/\/wp.ufpel.edu.br\/fivrs\/inicio\/","title":{"rendered":"FIVRS"},"content":{"rendered":"<p style=\"text-align: justify;\">A Videodan\u00e7a \u00e9 uma arte h\u00edbrida que imbrica as linguagens das artes do v\u00eddeo, da dan\u00e7a, do corpo e do movimento em um amplo espectro de conforma\u00e7\u00f5es que, em sintonia com as transforma\u00e7\u00f5es tecnol\u00f3gicas, socioculturais e art\u00edsticas, est\u00e1 em constante devir, expandindo-se e ressignificando-se em diferentes ambientes e plataformas, e, pouco a pouco, definindo seu espa\u00e7o no campo das artes nacional e internacional. Com uma mirada que emerge do sul do Brasil, o <strong>FIVRS<\/strong> tem com desejo promover e visibilizar reflex\u00f5es e debates acerca da videodan\u00e7a e de suas mutantes e mut\u00e1veis conforma\u00e7\u00f5es.<\/p>\n<p style=\"text-align: justify;\"><span style=\"font-weight: 400;\">O Festival Internacional de Videodan\u00e7a do Rio Grande do Sul \u2013 FIVRS nasceu do encontro dos projetos de investiga\u00e7\u00e3o das professoras pesquisadoras Ros\u00e2ngela Fachel e Carmen Anita Hoffmann, como uma proposta art\u00edstica e curatorial extensionista, realizada no \u00e2mbito do Mestrado em Artes Visuais e do Curso de Dan\u00e7a da Universidade Federal de Pelotas (UFPel) em parceria com a Funda\u00e7\u00e3o Ecarta de Porto Alegre e com o apoio da Red Iberoamericana de Investigaci\u00f3n en Narrativas Audiovisuales &#8211; RedINAV, do Curso de Dan\u00e7a Licenciatura da Universidade Federal de Santa Maria (UFSM), e do Museu Museu de Arte Leopoldo Gotuzzo &#8211; MALG, com o intuito de investigar e de promover a videodan\u00e7a na regi\u00e3o sul do Brasil. <\/span><\/p>\n<p style=\"text-align: justify;\">Contato<br \/>\nEmail: <a href=\"mailto:fivrs.videodanca@gmail.com\">fivrs.videodanca@gmail.com<\/a><\/p>\n<div style=\"background-color: #e4ac21; height: 20px; width: 100%;\"><\/div>\n","protected":false},"excerpt":{"rendered":"<p>A Videodan\u00e7a \u00e9 uma arte h\u00edbrida que imbrica as linguagens das artes do v\u00eddeo, da dan\u00e7a, do corpo e do movimento em um amplo espectro de conforma\u00e7\u00f5es que, em sintonia com as transforma\u00e7\u00f5es tecnol\u00f3gicas, socioculturais e art\u00edsticas, est\u00e1 em constante devir, expandindo-se e ressignificando-se em diferentes ambientes e plataformas, e, pouco a pouco, definindo seu &hellip; <\/p>\n<p class=\"link-more\"><a href=\"https:\/\/wp.ufpel.edu.br\/fivrs\/inicio\/\" class=\"more-link\">Continue lendo<span class=\"screen-reader-text\"> &#8220;FIVRS&#8221;<\/span><\/a><\/p>\n","protected":false},"author":1047,"featured_media":0,"parent":0,"menu_order":2,"comment_status":"closed","ping_status":"closed","template":"","meta":{"footnotes":""},"class_list":["post-12","page","type-page","status-publish","hentry"],"_links":{"self":[{"href":"https:\/\/wp.ufpel.edu.br\/fivrs\/wp-json\/wp\/v2\/pages\/12","targetHints":{"allow":["GET"]}}],"collection":[{"href":"https:\/\/wp.ufpel.edu.br\/fivrs\/wp-json\/wp\/v2\/pages"}],"about":[{"href":"https:\/\/wp.ufpel.edu.br\/fivrs\/wp-json\/wp\/v2\/types\/page"}],"author":[{"embeddable":true,"href":"https:\/\/wp.ufpel.edu.br\/fivrs\/wp-json\/wp\/v2\/users\/1047"}],"replies":[{"embeddable":true,"href":"https:\/\/wp.ufpel.edu.br\/fivrs\/wp-json\/wp\/v2\/comments?post=12"}],"version-history":[{"count":14,"href":"https:\/\/wp.ufpel.edu.br\/fivrs\/wp-json\/wp\/v2\/pages\/12\/revisions"}],"predecessor-version":[{"id":258,"href":"https:\/\/wp.ufpel.edu.br\/fivrs\/wp-json\/wp\/v2\/pages\/12\/revisions\/258"}],"wp:attachment":[{"href":"https:\/\/wp.ufpel.edu.br\/fivrs\/wp-json\/wp\/v2\/media?parent=12"}],"curies":[{"name":"wp","href":"https:\/\/api.w.org\/{rel}","templated":true}]}}