{"id":998,"date":"2023-03-20T16:43:21","date_gmt":"2023-03-20T19:43:21","guid":{"rendered":"https:\/\/wp.ufpel.edu.br\/fisioterapia\/?page_id=998"},"modified":"2023-03-20T16:47:29","modified_gmt":"2023-03-20T19:47:29","slug":"formacao-complementar","status":"publish","type":"page","link":"https:\/\/wp.ufpel.edu.br\/fisioterapia\/formacao-complementar\/","title":{"rendered":"Forma\u00e7\u00e3o Complementar"},"content":{"rendered":"\n<p>A Forma\u00e7\u00e3o Complementar (FC) dever\u00e1 somar 225 horas em atividades de:<\/p>\n\n\n\n<p>&#8211; Ensino;<\/p>\n\n\n\n<p>&#8211; Pesquisa;<\/p>\n\n\n\n<p>&#8211; Extens\u00e3o;<\/p>\n\n\n\n<p>&#8211; Est\u00e1gios n\u00e3o obrigat\u00f3rios na \u00e1rea do curso (*somente do 7\u00b0 semestre do curso em diante).<\/p>\n\n\n\n<p>Consulte o PPC do curso de Fisioterapia dispon\u00edvel neste site para informa\u00e7\u00f5es mais detalhadas sobre cada atividade (ANEXO I &#8211; REGULAMENTO DA FORMA\u00c7\u00c3O COMPLEMENTAR E DISCIPLINAS OPTATIVAS: p\u00e1ginas 41 e 42; e 122 a 126).<\/p>\n\n\n\n<p>Os certificados e comprovantes s\u00f3 ser\u00e3o considerados v\u00e1lidos quando realizados a partir da data de ingresso do (da) discente no curso em diante.<\/p>\n\n\n\n<figure class=\"wp-block-table\"><table><tbody><tr><td><strong>ENSINO (m\u00e1ximo 70 h)<\/strong><\/td><td class=\"has-text-align-center\" data-align=\"center\"><strong>Carga hor\u00e1ria m\u00e1xima contabilizada<\/strong><\/td><\/tr><tr><td>Cursos de l\u00edngua estrangeira<\/td><td class=\"has-text-align-center\" data-align=\"center\">30 h<\/td><\/tr><tr><td>Cursos de inform\u00e1tica<\/td><td class=\"has-text-align-center\" data-align=\"center\">20 h<\/td><\/tr><tr><td>Monitoria<\/td><td class=\"has-text-align-center\" data-align=\"center\">40 h<\/td><\/tr><tr><td>Participa\u00e7\u00e3o em colegiados<\/td><td class=\"has-text-align-center\" data-align=\"center\">40 h<\/td><\/tr><tr><td>Disciplinas<\/td><td class=\"has-text-align-center\" data-align=\"center\">40 h<\/td><\/tr><tr><td>Projetos de Ensino e as atividades de Ensino da UFPel (Ex. SIIEPE).<\/td><td class=\"has-text-align-center\" data-align=\"center\">40 h<\/td><\/tr><tr><td>&nbsp;<\/td><td class=\"has-text-align-center\" data-align=\"center\">&nbsp;<\/td><\/tr><tr><td><strong>PESQUISA (m\u00e1ximo 80 h)<\/strong><\/td><td class=\"has-text-align-center\" data-align=\"center\"><strong>Carga hor\u00e1ria m\u00e1xima contabilizada<\/strong><\/td><\/tr><tr><td>Participa\u00e7\u00e3o em projetos de pesquisa<\/td><td class=\"has-text-align-center\" data-align=\"center\">60 h<\/td><\/tr><tr><td>Publica\u00e7\u00e3o de artigos cient\u00edficos<\/td><td class=\"has-text-align-center\" data-align=\"center\">40 h por artigo<\/td><\/tr><tr><td>Publica\u00e7\u00e3o de resumos em anais de eventos cient\u00edficos<\/td><td class=\"has-text-align-center\" data-align=\"center\">60 h<\/td><\/tr><tr><td>Participa\u00e7\u00e3o em eventos cient\u00edficos<\/td><td class=\"has-text-align-center\" data-align=\"center\">60 h<\/td><\/tr><tr><td>Participar de comiss\u00e3o organizadora de eventos cient\u00edficos<\/td><td class=\"has-text-align-center\" data-align=\"center\">40 h<\/td><\/tr><tr><td>&nbsp;<\/td><td class=\"has-text-align-center\" data-align=\"center\">&nbsp;<\/td><\/tr><tr><td><strong>EXTENS\u00c3O (m\u00e1ximo 80 h)<\/strong><\/td><td class=\"has-text-align-center\" data-align=\"center\"><strong>Carga hor\u00e1ria m\u00e1xima contabilizada<\/strong><\/td><\/tr><tr><td>Participa\u00e7\u00e3o em cursos de extens\u00e3o<\/td><td class=\"has-text-align-center\" data-align=\"center\">40 h<\/td><\/tr><tr><td>Desenvolvimento de atividades de extens\u00e3o<\/td><td class=\"has-text-align-center\" data-align=\"center\">60 h<\/td><\/tr><tr><td>Apresenta\u00e7\u00e3o de trabalho de extens\u00e3o em eventos da \u00e1rea \/ \u00e1reas afins<\/td><td class=\"has-text-align-center\" data-align=\"center\">60 h<\/td><\/tr><tr><td>&nbsp;<\/td><td class=\"has-text-align-center\" data-align=\"center\">&nbsp;<\/td><\/tr><tr><td><strong>EST\u00c1GIOS (m\u00e1ximo 70 h)<\/strong><\/td><td class=\"has-text-align-center\" data-align=\"center\"><strong>Carga hor\u00e1ria m\u00e1xima contabilizada<\/strong><\/td><\/tr><tr><td>Est\u00e1gios n\u00e3o obrigat\u00f3rios<\/td><td class=\"has-text-align-center\" data-align=\"center\">70 h<\/td><\/tr><\/tbody><\/table><figcaption class=\"wp-element-caption\"><strong>*Este \u00e9 apenas um quadro resumo, consulte a vers\u00e3o do <a href=\"https:\/\/wp.ufpel.edu.br\/fisioterapia\/plano-pedagogico-do-curso-ppc\/\">PPC do curso<\/a> para informa\u00e7\u00f5es detalhadas (p\u00e1ginas 122 a 126).<\/strong><\/figcaption><\/figure>\n\n\n\n<p><\/p>\n\n\n\n<p><a href=\"https:\/\/wp.ufpel.edu.br\/fisioterapia\/files\/2023\/03\/Formac\u0327a\u0303o-Complementar-pagina-Fisio.pdf\"><strong>Clique aqui para acessar a apresenta\u00e7\u00e3o do Coordenador do Curso na reuni\u00e3o realizada dia 1\u00b0 de mar\u00e7o de 2023.<\/strong><\/a><\/p>\n","protected":false},"excerpt":{"rendered":"<p>A Forma\u00e7\u00e3o Complementar (FC) dever\u00e1 somar 225 horas em atividades de: &#8211; Ensino; &#8211; Pesquisa; &#8211; Extens\u00e3o; &#8211; Est\u00e1gios n\u00e3o obrigat\u00f3rios na \u00e1rea do curso (*somente do 7\u00b0 semestre do curso em diante). Consulte o PPC do curso de Fisioterapia dispon\u00edvel neste site para informa\u00e7\u00f5es mais detalhadas sobre cada atividade (ANEXO I &#8211; REGULAMENTO DA [&hellip;]<\/p>\n","protected":false},"author":982,"featured_media":0,"parent":0,"menu_order":0,"comment_status":"closed","ping_status":"closed","template":"","meta":{"jetpack_post_was_ever_published":false,"footnotes":""},"class_list":["post-998","page","type-page","status-publish","hentry"],"jetpack_sharing_enabled":true,"_links":{"self":[{"href":"https:\/\/wp.ufpel.edu.br\/fisioterapia\/wp-json\/wp\/v2\/pages\/998","targetHints":{"allow":["GET"]}}],"collection":[{"href":"https:\/\/wp.ufpel.edu.br\/fisioterapia\/wp-json\/wp\/v2\/pages"}],"about":[{"href":"https:\/\/wp.ufpel.edu.br\/fisioterapia\/wp-json\/wp\/v2\/types\/page"}],"author":[{"embeddable":true,"href":"https:\/\/wp.ufpel.edu.br\/fisioterapia\/wp-json\/wp\/v2\/users\/982"}],"replies":[{"embeddable":true,"href":"https:\/\/wp.ufpel.edu.br\/fisioterapia\/wp-json\/wp\/v2\/comments?post=998"}],"version-history":[{"count":7,"href":"https:\/\/wp.ufpel.edu.br\/fisioterapia\/wp-json\/wp\/v2\/pages\/998\/revisions"}],"predecessor-version":[{"id":1010,"href":"https:\/\/wp.ufpel.edu.br\/fisioterapia\/wp-json\/wp\/v2\/pages\/998\/revisions\/1010"}],"wp:attachment":[{"href":"https:\/\/wp.ufpel.edu.br\/fisioterapia\/wp-json\/wp\/v2\/media?parent=998"}],"curies":[{"name":"wp","href":"https:\/\/api.w.org\/{rel}","templated":true}]}}