{"id":682,"date":"2022-07-05T09:58:17","date_gmt":"2022-07-05T12:58:17","guid":{"rendered":"https:\/\/wp.ufpel.edu.br\/fisioterapia\/?page_id=682"},"modified":"2022-07-05T10:00:55","modified_gmt":"2022-07-05T13:00:55","slug":"liga-de-fisioterapia-hospitalar-lafih","status":"publish","type":"page","link":"https:\/\/wp.ufpel.edu.br\/fisioterapia\/liga-de-fisioterapia-hospitalar-lafih\/","title":{"rendered":"Liga de Fisioterapia Hospitalar (LAFIH)"},"content":{"rendered":"<p><img class=\"aligncenter wp-image-684 size-thumbnail\" src=\"https:\/\/wp.ufpel.edu.br\/fisioterapia\/files\/2022\/07\/Simbolo-da-LAFIH-200x200.jpg\" alt=\"\" width=\"200\" height=\"200\" srcset=\"https:\/\/wp.ufpel.edu.br\/fisioterapia\/files\/2022\/07\/Simbolo-da-LAFIH-200x200.jpg 200w, https:\/\/wp.ufpel.edu.br\/fisioterapia\/files\/2022\/07\/Simbolo-da-LAFIH-400x400.jpg 400w, https:\/\/wp.ufpel.edu.br\/fisioterapia\/files\/2022\/07\/Simbolo-da-LAFIH-768x768.jpg 768w, https:\/\/wp.ufpel.edu.br\/fisioterapia\/files\/2022\/07\/Simbolo-da-LAFIH.jpg 1000w\" sizes=\"(max-width: 200px) 100vw, 200px\" \/><\/p>\n<div>\n<div style=\"text-align: center;\"><strong>Liga de Fisioterapia Hospitalar (LAFIH)<\/strong><\/div>\n<div><\/div>\n<p><strong>Descri\u00e7\u00e3o<\/strong><\/p>\n<p style=\"text-align: justify;\">A Fisioterapia Hospitalar \u00e9 um dos diversos campos de atua\u00e7\u00e3o do fisioterapeuta graduado, sendo um setor muito importante de mercado de trabalho para esse profissional. A \u00e1rea hospitalar proporciona, aos profissionais graduados em Fisioterapia, o trabalho com tratamento de pacientes em ambulat\u00f3rios ligados aos hospitais, enfermarias, unidades de terapia semi-intensiva e em unidades de terapia intensiva (UTIs) entre outras sub\u00e1reas hospitalares. O curso de Fisioterapia da UFPel iniciou em 2020 e essa institui\u00e7\u00e3o possui um Hospital Escola (HE) onde est\u00e3o inseridos nove cursos na \u00e1rea da sa\u00fade: Medicina, Enfermagem, Nutri\u00e7\u00e3o, Psicologia, Terapia Ocupacional, Farm\u00e1cia, Odontologia, Educa\u00e7\u00e3o F\u00edsica e Medicina Veterin\u00e1ria. O objetivo desse projeto \u00e9 de desenvolver a \u00e1rea da Fisioterapia Hospitalar, promovendo discuss\u00e3o continuada em um grupo de estudo, capacitando os (as) participantes ao pensamento cr\u00edtico e aplicado para futuras atua\u00e7\u00f5es pr\u00e1ticas.\u00a0 Atrav\u00e9s de \u00eanfases em Ensino, Pesquisa e Extens\u00e3o, esperamos ao final do projeto, ap\u00f3s participar de leituras de artigos cient\u00edficos e de livros textos, al\u00e9m de preparar, apresentar e discutir semin\u00e1rios, os participantes ter\u00e3o aprimorado seus conhecimentos em fisioterapia hospitalar, na l\u00edngua inglesa e na capacidade de exposi\u00e7\u00e3o e discuss\u00e3o oral. Com o incentivo e maior interesse dos alunos pela \u00e1rea, espera-se aprimorar cada vez mais a atua\u00e7\u00e3o do fisioterapeuta no ambiente hospitalar baseado em evid\u00eancias cient\u00edficas e com eventos locais sobre assuntos relacionados. A\u00e7\u00f5es em extens\u00e3o como f\u00f3runs e congressos locais bem como atividades voltadas \u00e0 comunidade ser\u00e3o fomentadas. Esperamos ainda gerar a\u00e7\u00f5es de pesquisa na \u00e1rea.<\/p>\n<p>&nbsp;<\/p>\n<p><strong>Objetivo<\/strong><\/p>\n<p style=\"text-align: justify;\">Desenvolver a \u00e1rea da Fisioterapia Hospitalar, promovendo discuss\u00e3o continuada em um grupo de estudo, capacitando os (as) participantes ao pensamento cr\u00edtico e aplicado para futuras atua\u00e7\u00f5es pr\u00e1ticas.<\/p>\n<\/div>\n<p>&nbsp;<\/p>\n<p><strong>Membros<\/strong><\/p>\n<p>Prof. Rafael Bueno Orcy (coordenador); Bianca Diel Corr\u00eaa (representante da Diretoria).<\/p>\n<p>&nbsp;<\/p>\n<div>\n<p><b>Quer conhecer um pouco mais?\u00a0<\/b><\/p>\n<p>Contate-nos: <b>ligaacademicalafih@gmail.com<\/b><\/p>\n<p>Ou visite nosso perfil no Instagram:\u00a0<strong>@lafih_ufpel<\/strong><\/p>\n<\/div>\n<div><\/div>\n","protected":false},"excerpt":{"rendered":"<p>Liga de Fisioterapia Hospitalar (LAFIH) Descri\u00e7\u00e3o A Fisioterapia Hospitalar \u00e9 um dos diversos campos de atua\u00e7\u00e3o do fisioterapeuta graduado, sendo um setor muito importante de mercado de trabalho para esse profissional. A \u00e1rea hospitalar proporciona, aos profissionais graduados em Fisioterapia, o trabalho com tratamento de pacientes em ambulat\u00f3rios ligados aos hospitais, enfermarias, unidades de terapia [&hellip;]<\/p>\n","protected":false},"author":982,"featured_media":0,"parent":0,"menu_order":0,"comment_status":"closed","ping_status":"closed","template":"","meta":{"jetpack_post_was_ever_published":false,"footnotes":""},"class_list":["post-682","page","type-page","status-publish","hentry"],"jetpack_sharing_enabled":true,"_links":{"self":[{"href":"https:\/\/wp.ufpel.edu.br\/fisioterapia\/wp-json\/wp\/v2\/pages\/682","targetHints":{"allow":["GET"]}}],"collection":[{"href":"https:\/\/wp.ufpel.edu.br\/fisioterapia\/wp-json\/wp\/v2\/pages"}],"about":[{"href":"https:\/\/wp.ufpel.edu.br\/fisioterapia\/wp-json\/wp\/v2\/types\/page"}],"author":[{"embeddable":true,"href":"https:\/\/wp.ufpel.edu.br\/fisioterapia\/wp-json\/wp\/v2\/users\/982"}],"replies":[{"embeddable":true,"href":"https:\/\/wp.ufpel.edu.br\/fisioterapia\/wp-json\/wp\/v2\/comments?post=682"}],"version-history":[{"count":2,"href":"https:\/\/wp.ufpel.edu.br\/fisioterapia\/wp-json\/wp\/v2\/pages\/682\/revisions"}],"predecessor-version":[{"id":689,"href":"https:\/\/wp.ufpel.edu.br\/fisioterapia\/wp-json\/wp\/v2\/pages\/682\/revisions\/689"}],"wp:attachment":[{"href":"https:\/\/wp.ufpel.edu.br\/fisioterapia\/wp-json\/wp\/v2\/media?parent=682"}],"curies":[{"name":"wp","href":"https:\/\/api.w.org\/{rel}","templated":true}]}}