{"id":654,"date":"2022-07-01T15:22:44","date_gmt":"2022-07-01T18:22:44","guid":{"rendered":"https:\/\/wp.ufpel.edu.br\/fisioterapia\/?page_id=654"},"modified":"2022-07-05T10:05:42","modified_gmt":"2022-07-05T13:05:42","slug":"liga-academica-de-fisioterapia-esportiva-physiosport","status":"publish","type":"page","link":"https:\/\/wp.ufpel.edu.br\/fisioterapia\/liga-academica-de-fisioterapia-esportiva-physiosport\/","title":{"rendered":"Liga Acad\u00eamica de Fisioterapia Esportiva (PhysioSport)"},"content":{"rendered":"<p><span style=\"font-family: georgia, palatino, serif; font-size: 12pt;\"><img class=\"wp-image-656 size-thumbnail aligncenter\" src=\"https:\/\/wp.ufpel.edu.br\/fisioterapia\/files\/2022\/07\/Physiosport-200x200.jpeg\" alt=\"\" width=\"200\" height=\"200\" srcset=\"https:\/\/wp.ufpel.edu.br\/fisioterapia\/files\/2022\/07\/Physiosport-200x200.jpeg 200w, https:\/\/wp.ufpel.edu.br\/fisioterapia\/files\/2022\/07\/Physiosport-400x400.jpeg 400w, https:\/\/wp.ufpel.edu.br\/fisioterapia\/files\/2022\/07\/Physiosport.jpeg 640w\" sizes=\"(max-width: 200px) 100vw, 200px\" \/><\/span><\/p>\n<p style=\"text-align: center;\"><span style=\"font-family: georgia, palatino, serif; font-size: 12pt;\"><strong>Liga Acad\u00eamica de Fisioterapia Esportiva (PhysioSport)<\/strong><\/span><\/p>\n<p style=\"text-align: justify;\"><span style=\"font-family: georgia, palatino, serif; font-size: 12pt;\"><strong>Descri\u00e7\u00e3o<\/strong><\/span><\/p>\n<p style=\"text-align: justify;\"><span style=\"font-family: georgia, palatino, serif; font-size: 12pt;\">A Fisioterapia atua para promover sa\u00fade, voltada para a funcionalidade de v\u00e1rios sistemas do corpo humano. As \u00e1reas de pr\u00e1tica incluem: consult\u00f3rios, cl\u00ednicas, clubes, centros de reabilita\u00e7\u00e3o, institui\u00e7\u00f5es de longa perman\u00eancia, escolas, domic\u00edlios, academias, hospitais, empresas, unidades b\u00e1sicas de sa\u00fade, entre outas, tanto na iniciativa privada como nos servi\u00e7os p\u00fablicos. Neste contexto, dentre as diversas possibilidades de atua\u00e7\u00e3o, destaca-se o meio esportivo, no qual o(a) fisioterapeuta tem um papel fundamental, fazendo parte da equipe multidisciplinar e auxiliando no dia-a-dia do atleta em atividades de preven\u00e7\u00e3o de les\u00e3o, recovery, tratamento de les\u00f5es, retorno para o esporte e em situa\u00e7\u00f5es de primeiros socorros. O presente projeto \u00e9 relacionado ao Laborat\u00f3rio de Estudos em Esportes Coletivos (LeeCol), e pretende potencializar a atua\u00e7\u00e3o fisioterap\u00eautica no meio esportivo.<\/span><\/p>\n<p style=\"text-align: justify;\"><span style=\"font-family: georgia, palatino, serif; font-size: 12pt;\">A PhysioSport \u00e9 uma liga cadastrada e com selo SONAFE (Sociedade Nacional de Fisioterapia Esportiva e da Atividade F\u00edsica).\u00a0<\/span><\/p>\n<p style=\"text-align: justify;\"><span style=\"font-family: georgia, palatino, serif; font-size: 12pt;\"><strong>Objetivo<\/strong><\/span><\/p>\n<p style=\"text-align: justify;\"><span style=\"font-family: georgia, palatino, serif; font-size: 12pt;\"> Desenvolver a \u00e1rea da Fisioterapia Esportiva, promovendo discuss\u00e3o continuada em um grupo de estudo, capacitando os(as) participantes ao pensamento cr\u00edtico e aplicado para futuras atua\u00e7\u00f5es pr\u00e1ticas.<\/span><\/p>\n<p style=\"text-align: justify;\"><span style=\"font-family: georgia, palatino, serif; font-size: 12pt;\"><strong>Membros<\/strong><\/span><\/p>\n<p style=\"text-align: justify;\"><span style=\"font-family: georgia, palatino, serif; font-size: 12pt;\"> Prof. Gustavo Dias Ferreira (Coordenador); Prof.\u00aa Lisiane Piazza Luza (Coordenadora Adjunta); Celso Casarin Neto (presidente); Valqu\u00edria de Oliveira Zaiaskoski (vice-presidente)<\/span><\/p>\n<p style=\"text-align: justify;\"><span style=\"font-family: georgia, palatino, serif; font-size: 12pt;\"><b>Quer conhecer um pouco mais? \u00a0<\/b><\/span><\/p>\n<p style=\"text-align: justify;\"><span style=\"font-family: georgia, palatino, serif; font-size: 12pt;\">Contate-nos: <strong>physiosport.ufpel@gmail.com\u00a0<\/strong><\/span><\/p>\n<p style=\"text-align: justify;\"><span style=\"font-family: georgia, palatino, serif; font-size: 12pt;\">Ou visite nosso perfil no Instagram:\u00a0<strong>@physiosport.ufpel<\/strong><\/span><\/p>\n","protected":false},"excerpt":{"rendered":"<p>Liga Acad\u00eamica de Fisioterapia Esportiva (PhysioSport) Descri\u00e7\u00e3o A Fisioterapia atua para promover sa\u00fade, voltada para a funcionalidade de v\u00e1rios sistemas do corpo humano. As \u00e1reas de pr\u00e1tica incluem: consult\u00f3rios, cl\u00ednicas, clubes, centros de reabilita\u00e7\u00e3o, institui\u00e7\u00f5es de longa perman\u00eancia, escolas, domic\u00edlios, academias, hospitais, empresas, unidades b\u00e1sicas de sa\u00fade, entre outas, tanto na iniciativa privada como nos [&hellip;]<\/p>\n","protected":false},"author":982,"featured_media":0,"parent":0,"menu_order":0,"comment_status":"closed","ping_status":"closed","template":"","meta":{"jetpack_post_was_ever_published":false,"footnotes":""},"class_list":["post-654","page","type-page","status-publish","hentry"],"jetpack_sharing_enabled":true,"_links":{"self":[{"href":"https:\/\/wp.ufpel.edu.br\/fisioterapia\/wp-json\/wp\/v2\/pages\/654","targetHints":{"allow":["GET"]}}],"collection":[{"href":"https:\/\/wp.ufpel.edu.br\/fisioterapia\/wp-json\/wp\/v2\/pages"}],"about":[{"href":"https:\/\/wp.ufpel.edu.br\/fisioterapia\/wp-json\/wp\/v2\/types\/page"}],"author":[{"embeddable":true,"href":"https:\/\/wp.ufpel.edu.br\/fisioterapia\/wp-json\/wp\/v2\/users\/982"}],"replies":[{"embeddable":true,"href":"https:\/\/wp.ufpel.edu.br\/fisioterapia\/wp-json\/wp\/v2\/comments?post=654"}],"version-history":[{"count":4,"href":"https:\/\/wp.ufpel.edu.br\/fisioterapia\/wp-json\/wp\/v2\/pages\/654\/revisions"}],"predecessor-version":[{"id":692,"href":"https:\/\/wp.ufpel.edu.br\/fisioterapia\/wp-json\/wp\/v2\/pages\/654\/revisions\/692"}],"wp:attachment":[{"href":"https:\/\/wp.ufpel.edu.br\/fisioterapia\/wp-json\/wp\/v2\/media?parent=654"}],"curies":[{"name":"wp","href":"https:\/\/api.w.org\/{rel}","templated":true}]}}