{"id":575,"date":"2022-04-20T11:46:29","date_gmt":"2022-04-20T14:46:29","guid":{"rendered":"https:\/\/wp.ufpel.edu.br\/fisioterapia\/?page_id=575"},"modified":"2023-10-10T08:40:22","modified_gmt":"2023-10-10T11:40:22","slug":"estagios","status":"publish","type":"page","link":"https:\/\/wp.ufpel.edu.br\/fisioterapia\/estagios\/","title":{"rendered":"Est\u00e1gios"},"content":{"rendered":"<p style=\"text-align: justify;\">De acordo com a <a href=\"https:\/\/www.coffito.gov.br\/nsite\/?p=3194\">Resolu\u00e7\u00e3o n\u00b0 432, de 27 de setembro de 2013 (COFFITO)<\/a>, que disp\u00f5e sobre o exerc\u00edcio acad\u00eamico de est\u00e1gio n\u00e3o obrigat\u00f3rio, o acad\u00eamico de fisioterapia dever\u00e1 estar devidamente matriculado no curso da UFPel, cursando o est\u00e1gio obrigat\u00f3rio do curso, e no m\u00ednimo o pen\u00faltimo ano do curso. Dever\u00e1 respeitar uma jornada m\u00e1xima de at\u00e9 30 horas semanais. Para o curso de Fisioterapia da UFPel isso representa que o aluno dever\u00e1 estar matriculado em uma das Interven\u00e7\u00f5es em Sa\u00fade e estar cursando minimamente o s\u00e9timo semestre.<\/p>\n<p>Curr\u00edculo do curso: <a href=\"https:\/\/wp.ufpel.edu.br\/fisioterapia\/curriculo-do-curso\/\">https:\/\/wp.ufpel.edu.br\/fisioterapia\/curriculo-do-curso\/<\/a><\/p>\n<p>PPC do curso: <a href=\"https:\/\/wp.ufpel.edu.br\/fisioterapia\/plano-pedagogico-do-curso-ppc\/\">https:\/\/wp.ufpel.edu.br\/fisioterapia\/plano-pedagogico-do-curso-ppc\/<\/a><\/p>\n<p>Resolu\u00e7\u00e3o COFFITO sobre est\u00e1gios: <a href=\"https:\/\/www.coffito.gov.br\/nsite\/?p=3194\">https:\/\/www.coffito.gov.br\/nsite\/?p=3194<\/a><\/p>\n<p>Informa\u00e7\u00f5es PRE\/UFPel sobre est\u00e1gios: <a href=\"https:\/\/wp.ufpel.edu.br\/pre\/estagio\/\">https:\/\/wp.ufpel.edu.br\/pre\/estagio\/<\/a><\/p>\n<p>Para a realiza\u00e7\u00e3o de <strong>est\u00e1gio extracurricular<\/strong>, o aluno deve primeiro consultar a informa\u00e7\u00e3o do par\u00e1grafo acima sobre a Reolu\u00e7\u00e3o COFITO 432 e uma vez atendendo esta premissa, os seguintes passos devem ser realizados:<\/p>\n<p>1) Pedido de conv\u00eanio enviado a UFPeL (enviar para o e-mail do colegiado) pelo local onde o aluno far\u00e1 o est\u00e1gio; 2) Deve constar o nome do local; 3) Contato com o local (telefone, endere\u00e7o, munic\u00edpio e e-mail); 4) Nome da pessoa para contatar no local; 5) Nome do Fisioterapeuta que o aluno ir\u00e1 acompanhar; e 6) Justificativa para a realiza\u00e7\u00e3o do est\u00e1gio pelo aluno.<\/p>\n<p>Ap\u00f3s o Colegiado de curso abre um processo via SEI para aprova\u00e7\u00e3o do conv\u00eanio e posterior in\u00edcio do est\u00e1gio pelo aluno.<\/p>\n\n\n<p><\/p>\n","protected":false},"excerpt":{"rendered":"<p>De acordo com a Resolu\u00e7\u00e3o n\u00b0 432, de 27 de setembro de 2013 (COFFITO), que disp\u00f5e sobre o exerc\u00edcio acad\u00eamico de est\u00e1gio n\u00e3o obrigat\u00f3rio, o acad\u00eamico de fisioterapia dever\u00e1 estar devidamente matriculado no curso da UFPel, cursando o est\u00e1gio obrigat\u00f3rio do curso, e no m\u00ednimo o pen\u00faltimo ano do curso. Dever\u00e1 respeitar uma jornada m\u00e1xima [&hellip;]<\/p>\n","protected":false},"author":982,"featured_media":0,"parent":0,"menu_order":0,"comment_status":"closed","ping_status":"closed","template":"","meta":{"jetpack_post_was_ever_published":false,"footnotes":""},"class_list":["post-575","page","type-page","status-publish","hentry"],"jetpack_sharing_enabled":true,"_links":{"self":[{"href":"https:\/\/wp.ufpel.edu.br\/fisioterapia\/wp-json\/wp\/v2\/pages\/575","targetHints":{"allow":["GET"]}}],"collection":[{"href":"https:\/\/wp.ufpel.edu.br\/fisioterapia\/wp-json\/wp\/v2\/pages"}],"about":[{"href":"https:\/\/wp.ufpel.edu.br\/fisioterapia\/wp-json\/wp\/v2\/types\/page"}],"author":[{"embeddable":true,"href":"https:\/\/wp.ufpel.edu.br\/fisioterapia\/wp-json\/wp\/v2\/users\/982"}],"replies":[{"embeddable":true,"href":"https:\/\/wp.ufpel.edu.br\/fisioterapia\/wp-json\/wp\/v2\/comments?post=575"}],"version-history":[{"count":4,"href":"https:\/\/wp.ufpel.edu.br\/fisioterapia\/wp-json\/wp\/v2\/pages\/575\/revisions"}],"predecessor-version":[{"id":1293,"href":"https:\/\/wp.ufpel.edu.br\/fisioterapia\/wp-json\/wp\/v2\/pages\/575\/revisions\/1293"}],"wp:attachment":[{"href":"https:\/\/wp.ufpel.edu.br\/fisioterapia\/wp-json\/wp\/v2\/media?parent=575"}],"curies":[{"name":"wp","href":"https:\/\/api.w.org\/{rel}","templated":true}]}}