{"id":28,"date":"2020-02-18T11:24:35","date_gmt":"2020-02-18T14:24:35","guid":{"rendered":"https:\/\/wp.ufpel.edu.br\/fisioterapia\/?page_id=28"},"modified":"2020-03-03T10:22:04","modified_gmt":"2020-03-03T13:22:04","slug":"fisioterapia","status":"publish","type":"page","link":"https:\/\/wp.ufpel.edu.br\/fisioterapia\/fisioterapia\/","title":{"rendered":"O que \u00e9 a Fisioterapia?"},"content":{"rendered":"<p style=\"text-align: justify\">\u00a0 \u00a0 \u00a0Fisioterapia \u00e9 definida como a ci\u00eancia dos cuidados f\u00edsicos e da reabilita\u00e7\u00e3o, voltada para a funcionalidade de v\u00e1rios sistemas do corpo humano. Segundo a legisla\u00e7\u00e3o que normatiza as a\u00e7\u00f5es do fisioterapeuta, estes, executam m\u00e9todos e t\u00e9cnicas terap\u00eauticas e recreacionais com a finalidade de restaurar, desenvolver e conservar a capacidade f\u00edsica do paciente. O fisioterapeuta \u00e9 capacitado a avaliar, reavaliar e prescrever tratamento f\u00edsico, \u00f3rteses e pr\u00f3teses, dar diagn\u00f3stico cinesiol\u00f3gico-postural, progn\u00f3stico, interven\u00e7\u00e3o e alta, dentro da sua caracter\u00edstica de assist\u00eancia.<\/p>\n<p style=\"text-align: justify\">\u00a0 \u00a0 \u00a0As habilidades do fisioterapeuta s\u00e3o executadas pela sua pr\u00e1tica em consult\u00f3rios, cl\u00ednicas, clubes, centros de reabilita\u00e7\u00e3o, asilos, escolas, domic\u00edlios, academias, hospitais, empresas, unidades b\u00e1sicas de sa\u00fade, tanto na iniciativa privada como nos servi\u00e7os p\u00fablicos.<\/p>\n<p style=\"text-align: justify\">\u00a0 \u00a0 \u00a0O curso de Fisioterapia da UFPel tem sua sede localizada na unidade acad\u00eamica Escola Superior de Educa\u00e7\u00e3o F\u00edsica. Esta unidade acad\u00eamica possui muitos projetos de extens\u00e3o, proporcionando atendimento \u00e0 comunidade, desde crian\u00e7as a idosos, com ou sem necessidades especiais, proporcionando a participa\u00e7\u00e3o do estudante do curso de Fisioterapia nestes projetos. Al\u00e9m disso, o curso dever\u00e1 desenvolver seus projetos espec\u00edficos de extens\u00e3o a partir dos seus docentes.<br \/>\nAdemais, as Interven\u00e7\u00f5es em Sa\u00fade, componente curricular do curso de fisioterapia, proporcionam a oportunidade de desenvolvimento de novos projetos de ensino pesquisa e extens\u00e3o envolvendo os ambulat\u00f3rios de atendimento nas Unidades B\u00e1sicas de Sa\u00fade, cl\u00ednica escola, hospitais, e demais institui\u00e7\u00f5es conveniadas.<\/p>\n<p style=\"text-align: justify\">\u00a0 \u00a0 \u00a0Desta forma, o curso de Fisioterapia da UFPel, entidade p\u00fablica inserida no contexto social brasileiro, busca atua\u00e7\u00e3o no processo sa\u00fade-doen\u00e7a da popula\u00e7\u00e3o, baseada no conceito de sa\u00fade constitucionalmente estabelecido. A sa\u00fade \u00e9 entendida como um direito fundamental do ser humano, sendo que os n\u00edveis de sa\u00fade expressam a organiza\u00e7\u00e3o social e econ\u00f4mica do Pa\u00eds, tendo a sa\u00fade como determinantes e condicionantes, entre outros, a alimenta\u00e7\u00e3o, a moradia, o saneamento b\u00e1sico, o meio ambiente, o trabalho, a renda, a educa\u00e7\u00e3o, a atividade f\u00edsica, o transporte, o lazer e o acesso aos bens e servi\u00e7os essenciais.<\/p>\n","protected":false},"excerpt":{"rendered":"<p>\u00a0 \u00a0 \u00a0Fisioterapia \u00e9 definida como a ci\u00eancia dos cuidados f\u00edsicos e da reabilita\u00e7\u00e3o, voltada para a funcionalidade de v\u00e1rios sistemas do corpo humano. Segundo a legisla\u00e7\u00e3o que normatiza as a\u00e7\u00f5es do fisioterapeuta, estes, executam m\u00e9todos e t\u00e9cnicas terap\u00eauticas e recreacionais com a finalidade de restaurar, desenvolver e conservar a capacidade f\u00edsica do paciente. O [&hellip;]<\/p>\n","protected":false},"author":982,"featured_media":0,"parent":0,"menu_order":0,"comment_status":"closed","ping_status":"closed","template":"","meta":{"jetpack_post_was_ever_published":false,"footnotes":""},"class_list":["post-28","page","type-page","status-publish","hentry"],"jetpack_sharing_enabled":true,"_links":{"self":[{"href":"https:\/\/wp.ufpel.edu.br\/fisioterapia\/wp-json\/wp\/v2\/pages\/28","targetHints":{"allow":["GET"]}}],"collection":[{"href":"https:\/\/wp.ufpel.edu.br\/fisioterapia\/wp-json\/wp\/v2\/pages"}],"about":[{"href":"https:\/\/wp.ufpel.edu.br\/fisioterapia\/wp-json\/wp\/v2\/types\/page"}],"author":[{"embeddable":true,"href":"https:\/\/wp.ufpel.edu.br\/fisioterapia\/wp-json\/wp\/v2\/users\/982"}],"replies":[{"embeddable":true,"href":"https:\/\/wp.ufpel.edu.br\/fisioterapia\/wp-json\/wp\/v2\/comments?post=28"}],"version-history":[{"count":6,"href":"https:\/\/wp.ufpel.edu.br\/fisioterapia\/wp-json\/wp\/v2\/pages\/28\/revisions"}],"predecessor-version":[{"id":66,"href":"https:\/\/wp.ufpel.edu.br\/fisioterapia\/wp-json\/wp\/v2\/pages\/28\/revisions\/66"}],"wp:attachment":[{"href":"https:\/\/wp.ufpel.edu.br\/fisioterapia\/wp-json\/wp\/v2\/media?parent=28"}],"curies":[{"name":"wp","href":"https:\/\/api.w.org\/{rel}","templated":true}]}}