{"id":1598,"date":"2025-08-29T11:54:37","date_gmt":"2025-08-29T14:54:37","guid":{"rendered":"https:\/\/wp.ufpel.edu.br\/fisioterapia\/?page_id=1598"},"modified":"2025-08-29T11:54:37","modified_gmt":"2025-08-29T14:54:37","slug":"liga-academica-de-fisioterapia-clinica-lafclin","status":"publish","type":"page","link":"https:\/\/wp.ufpel.edu.br\/fisioterapia\/liga-academica-de-fisioterapia-clinica-lafclin\/","title":{"rendered":"Liga Acad\u00eamica de Fisioterapia Cl\u00ednica (LAFCLIN)"},"content":{"rendered":"\n<figure class=\"wp-block-image size-full\"><img width=\"208\" height=\"86\" src=\"https:\/\/wp.ufpel.edu.br\/fisioterapia\/files\/2025\/08\/06444e6c-35bb-4b54-9273-9768112685cf.jpg\" alt=\"\" class=\"wp-image-1600\"\/><\/figure>\n\n\n\n<p><strong>Resumo<\/strong><\/p>\n\n\n\n<p>A Fisioterapia \u00e9 definida como a ci\u00eancia dos cuidados f\u00edsicos e da reabilita\u00e7\u00e3o, voltada para a funcionalidade de v\u00e1rios sistemas do corpo humano. Segundo a legisla\u00e7\u00e3o que normatiza as \u00e1reas do fisioterapeuta, estes, executam m\u00e9todos e t\u00e9cnicas terap\u00eauticas e recreacionais com a finalidade de restaurar, desenvolver e conservar a capacidade f\u00edsica do paciente. O fisioterapeuta \u00e9 capacitado a avaliar, reavaliar e prescrever tratamento f\u00edsico, \u00f3rteses e pr\u00f3teses, dar diagn\u00f3stico cinesiol\u00f3gico-postural, progn\u00f3stico, interven\u00e7\u00e3o e alta, dentro da sua caracter\u00edstica de assist\u00eancia. As habilidades do fisioterapeuta s\u00e3o executadas pela sua pr\u00e1tica em diversos locais, entre elas as cl\u00ednicas de Fisioterapia. Nesta realidade, o profissional est\u00e1 sempre voltado ao aprofundamento de suas habilidades para o melhor atendimento de seus pacientes.<\/p>\n\n\n\n<p><strong>Objetivo Geral<\/strong><\/p>\n\n\n\n<p>Proporcionar aos aluno aprimoramento no atendimento cl\u00ednico de fisioterapia, proporcionando e promovendo discuss\u00e3o continuada em grupo de estudo, capacitando a todos participantes a reflex\u00e3o, pensamento cr\u00edtico e suas aplica\u00e7\u00f5es em situa\u00e7\u00f5es de atendimento cl\u00ednico.<\/p>\n\n\n\n<p><strong>Objetivos Espec\u00edficos<\/strong><\/p>\n\n\n\n<p>&#8211; Formar um grupo de estudantes para o debate com a finalidade de aprimorar e consolidar o conhecimento na \u00e1rea do atendimento cl\u00ednico.<\/p>\n\n\n\n<p>&#8211; Proporcionar atividades pr\u00e1ticas e discuss\u00f5es de casos cl\u00ednicos reais.<\/p>\n\n\n\n<p>&#8211; Proporcionar o desenvolvimento para apresenta\u00e7\u00e3o em eventos cient\u00edficos da \u00e1rea.<\/p>\n\n\n\n<p>&#8211; Estimular os alunos a participa\u00e7\u00e3o de atividades extraclasse, visando o aprimoramento da aprendizagem, minimizando reprova\u00e7\u00f5es e evas\u00e3o do curso.<\/p>\n\n\n\n<p>&#8211; Estimular a apresenta\u00e7\u00e3o de trabalhos e eventos cient\u00edficos e potencializando a pesquisa na \u00e1rea da Fisioterapia.<\/p>\n\n\n\n<p><strong>Professor respons\u00e1vel<\/strong><\/p>\n\n\n\n<p>Fernando Carlos Vinholes Siqueira (Caco)<\/p>\n\n\n\n<p>e-mail: clinicafisioterapia@ufpel.edu.br <\/p>\n","protected":false},"excerpt":{"rendered":"<p>Resumo A Fisioterapia \u00e9 definida como a ci\u00eancia dos cuidados f\u00edsicos e da reabilita\u00e7\u00e3o, voltada para a funcionalidade de v\u00e1rios sistemas do corpo humano. Segundo a legisla\u00e7\u00e3o que normatiza as \u00e1reas do fisioterapeuta, estes, executam m\u00e9todos e t\u00e9cnicas terap\u00eauticas e recreacionais com a finalidade de restaurar, desenvolver e conservar a capacidade f\u00edsica do paciente. O [&hellip;]<\/p>\n","protected":false},"author":982,"featured_media":0,"parent":0,"menu_order":0,"comment_status":"closed","ping_status":"closed","template":"","meta":{"jetpack_post_was_ever_published":false,"footnotes":""},"class_list":["post-1598","page","type-page","status-publish","hentry"],"jetpack_sharing_enabled":true,"_links":{"self":[{"href":"https:\/\/wp.ufpel.edu.br\/fisioterapia\/wp-json\/wp\/v2\/pages\/1598","targetHints":{"allow":["GET"]}}],"collection":[{"href":"https:\/\/wp.ufpel.edu.br\/fisioterapia\/wp-json\/wp\/v2\/pages"}],"about":[{"href":"https:\/\/wp.ufpel.edu.br\/fisioterapia\/wp-json\/wp\/v2\/types\/page"}],"author":[{"embeddable":true,"href":"https:\/\/wp.ufpel.edu.br\/fisioterapia\/wp-json\/wp\/v2\/users\/982"}],"replies":[{"embeddable":true,"href":"https:\/\/wp.ufpel.edu.br\/fisioterapia\/wp-json\/wp\/v2\/comments?post=1598"}],"version-history":[{"count":1,"href":"https:\/\/wp.ufpel.edu.br\/fisioterapia\/wp-json\/wp\/v2\/pages\/1598\/revisions"}],"predecessor-version":[{"id":1601,"href":"https:\/\/wp.ufpel.edu.br\/fisioterapia\/wp-json\/wp\/v2\/pages\/1598\/revisions\/1601"}],"wp:attachment":[{"href":"https:\/\/wp.ufpel.edu.br\/fisioterapia\/wp-json\/wp\/v2\/media?parent=1598"}],"curies":[{"name":"wp","href":"https:\/\/api.w.org\/{rel}","templated":true}]}}