{"id":1102,"date":"2023-07-07T10:28:32","date_gmt":"2023-07-07T13:28:32","guid":{"rendered":"https:\/\/wp.ufpel.edu.br\/fisioterapia\/?page_id=1102"},"modified":"2023-07-07T10:28:32","modified_gmt":"2023-07-07T13:28:32","slug":"grupo-de-estudos-em-avaliacao-e-reabilitacao-do-aparelho-locomotor-gearal","status":"publish","type":"page","link":"https:\/\/wp.ufpel.edu.br\/fisioterapia\/grupo-de-estudos-em-avaliacao-e-reabilitacao-do-aparelho-locomotor-gearal\/","title":{"rendered":"Grupo de Estudos em Avalia\u00e7\u00e3o e Reabilita\u00e7\u00e3o do Aparelho Locomotor (GEARAL)"},"content":{"rendered":"<div class=\"wp-block-image\">\n<figure class=\"aligncenter size-medium is-resized\"><img src=\"https:\/\/wp.ufpel.edu.br\/fisioterapia\/files\/2023\/07\/LOGO-gearal-2-400x400.png\" alt=\"\" class=\"wp-image-1105\" width=\"300\" height=\"300\" srcset=\"https:\/\/wp.ufpel.edu.br\/fisioterapia\/files\/2023\/07\/LOGO-gearal-2-400x400.png 400w, https:\/\/wp.ufpel.edu.br\/fisioterapia\/files\/2023\/07\/LOGO-gearal-2-1024x1024.png 1024w, https:\/\/wp.ufpel.edu.br\/fisioterapia\/files\/2023\/07\/LOGO-gearal-2-200x200.png 200w, https:\/\/wp.ufpel.edu.br\/fisioterapia\/files\/2023\/07\/LOGO-gearal-2-768x768.png 768w, https:\/\/wp.ufpel.edu.br\/fisioterapia\/files\/2023\/07\/LOGO-gearal-2-1536x1536.png 1536w, https:\/\/wp.ufpel.edu.br\/fisioterapia\/files\/2023\/07\/LOGO-gearal-2.png 1563w\" sizes=\"(max-width: 300px) 100vw, 300px\" \/><\/figure>\n<\/div>\n\n\n<h2 class=\"wp-block-heading has-text-align-center\"><strong>Grupo de Estudos em Avalia\u00e7\u00e3o e Reabilita\u00e7\u00e3o do Aparelho Locomotor (GEARAL)<\/strong><\/h2>\n\n\n\n<p><\/p>\n\n\n\n<p class=\"has-regular-font-size\"><strong>Descri\u00e7\u00e3o<\/strong><br>A fisioterapia musculoesquel\u00e9tica caracteriza-se como um dos grandes campos de atua\u00e7\u00e3o do profissional fisioterapeuta, a qual tem como objetivo avaliar, propor orienta\u00e7\u00f5es educativas bem como estrat\u00e9gias de reabilita\u00e7\u00e3o para as diversas afec\u00e7\u00f5es que acometem o sistema locomotor e repercutem na perda da capacidade funcional. Este grupo de estudos pretende oportunizar aos acad\u00eamicos do curso de Fisioterapia da UFPel a possibilidade de aprofundar seus estudos na \u00e1rea da fisioterapia musculoesquel\u00e9tica, pautados nas melhores evid\u00eancias cient\u00edficas dispon\u00edveis sobre o assunto, bem como desenvolver ao longo do tempo a\u00e7\u00f5es de pesquisa, a fim de aproximar os acad\u00eamicos do meio cientifico, desenvolvendo estudos que possam contribuir para o avan\u00e7o no conhecimento na \u00e1rea, bem como a\u00e7\u00f5es de extens\u00e3o, aproximando a comunidade da universidade e propondo a\u00e7\u00f5es que visem melhorar a qualidade de vida e funcionalidade da popula\u00e7\u00e3o.<\/p>\n\n\n\n<p><strong>Objetivo<\/strong><br>Aprofundar o conhecimento quanto \u00e0 avalia\u00e7\u00e3o e reabilita\u00e7\u00e3o do aparelho locomotor, promovendo discuss\u00f5es de forma continuada por meio de um grupo de estudos, capacitando os(as) participantes ao pensamento cr\u00edtico e cient\u00edfico aplicado para futuras atua\u00e7\u00f5es pr\u00e1ticas.<\/p>\n\n\n\n<p>Coordenadores: Prof\u00aa. Lisiane Piazza Luza e Prof. Francisco Xavier de Ara\u00fajo<\/p>\n\n\n\n<p><strong>Quer conhecer um pouco mais e acompanhar nossas atividades?<\/strong><br>Visite nosso perfil no Instagram: <strong>@gearalufpel<\/strong><\/p>\n","protected":false},"excerpt":{"rendered":"<p>Grupo de Estudos em Avalia\u00e7\u00e3o e Reabilita\u00e7\u00e3o do Aparelho Locomotor (GEARAL) Descri\u00e7\u00e3oA fisioterapia musculoesquel\u00e9tica caracteriza-se como um dos grandes campos de atua\u00e7\u00e3o do profissional fisioterapeuta, a qual tem como objetivo avaliar, propor orienta\u00e7\u00f5es educativas bem como estrat\u00e9gias de reabilita\u00e7\u00e3o para as diversas afec\u00e7\u00f5es que acometem o sistema locomotor e repercutem na perda da capacidade funcional. [&hellip;]<\/p>\n","protected":false},"author":982,"featured_media":0,"parent":0,"menu_order":0,"comment_status":"closed","ping_status":"closed","template":"","meta":{"jetpack_post_was_ever_published":false,"footnotes":""},"class_list":["post-1102","page","type-page","status-publish","hentry"],"jetpack_sharing_enabled":true,"_links":{"self":[{"href":"https:\/\/wp.ufpel.edu.br\/fisioterapia\/wp-json\/wp\/v2\/pages\/1102","targetHints":{"allow":["GET"]}}],"collection":[{"href":"https:\/\/wp.ufpel.edu.br\/fisioterapia\/wp-json\/wp\/v2\/pages"}],"about":[{"href":"https:\/\/wp.ufpel.edu.br\/fisioterapia\/wp-json\/wp\/v2\/types\/page"}],"author":[{"embeddable":true,"href":"https:\/\/wp.ufpel.edu.br\/fisioterapia\/wp-json\/wp\/v2\/users\/982"}],"replies":[{"embeddable":true,"href":"https:\/\/wp.ufpel.edu.br\/fisioterapia\/wp-json\/wp\/v2\/comments?post=1102"}],"version-history":[{"count":5,"href":"https:\/\/wp.ufpel.edu.br\/fisioterapia\/wp-json\/wp\/v2\/pages\/1102\/revisions"}],"predecessor-version":[{"id":1109,"href":"https:\/\/wp.ufpel.edu.br\/fisioterapia\/wp-json\/wp\/v2\/pages\/1102\/revisions\/1109"}],"wp:attachment":[{"href":"https:\/\/wp.ufpel.edu.br\/fisioterapia\/wp-json\/wp\/v2\/media?parent=1102"}],"curies":[{"name":"wp","href":"https:\/\/api.w.org\/{rel}","templated":true}]}}