{"id":607,"date":"2018-04-07T16:54:02","date_gmt":"2018-04-07T19:54:02","guid":{"rendered":"https:\/\/wp.ufpel.edu.br\/fisiologiavegetal\/?page_id=607"},"modified":"2018-04-13T13:49:36","modified_gmt":"2018-04-13T16:49:36","slug":"egressos","status":"publish","type":"page","link":"https:\/\/wp.ufpel.edu.br\/fisiologiavegetal\/egressos\/","title":{"rendered":"Egressos"},"content":{"rendered":"<ul>\n<li>Anderson Carlos Marafon Pesquisador da EMBRAPA Tabuleiros Costeiros-AL<\/li>\n<li>Antelmo Ralph Falqueto 07\/03\/2008 Professor UFES<\/li>\n<li>Cristina Rodrigues Mendes 07\/03\/2008 Atua na Iniciativa Privada<\/li>\n<li>In\u00eas Ang\u00e9lica C. Gomes 26\/01\/2008 Professora UFRA, Campus Parauapebas\/PA<\/li>\n<li>Maria da Gra\u00e7a de S. Lima 07\/07\/2008 Pesquisadora da FEPAGRO-RS<\/li>\n<li>Rodrigo N. da Silva 30\/09\/2009 Professor IFSul &#8211; Pelotas-RS<\/li>\n<li>Patr\u00edcia Madruga Marini Exdiscente e ex bolsista PNPD do PPGFV &#8211; Professora efetiva &#8211; IFSul\/Alegrete<\/li>\n<li>Fl\u00e1via Angelo Beduhn 21\/05\/2010 Profissional Aut\u00f4nomo<\/li>\n<li>Caroline Leivas Moraes 25\/07\/2011 Bolsista Doc Fix -FAPERGS-UFPEL<\/li>\n<li>Cristina Ferreira Larr\u00e9 29\/09\/2011 Funcion\u00e1ria P\u00fablica Federal-UFPEL<\/li>\n<li>Emanuela Garbin Martinazzo 01\/11\/2011 Professora Adjunta da FURG<\/li>\n<li>Fabiano Sim\u00f5es 25\/04\/2011 Professor UERGS-Vacaria-RS<\/li>\n<li>M\u00e1rcia Vaz Ribeiro 31\/10\/2011 Bolsista PNPD-\u2013UFPEL<\/li>\n<li>Camila Pinho de Sousa 13\/08\/2012 Professora Adjunta &#8211; UFRRJ<\/li>\n<li>Let\u00edcia Carvalho Benitez 02\/05\/2012 Ex discente e ex Bolsista Doc Fix-FAPERGS-UFPEL Professora Adjunta na UF Campina Grande-Campus Cajazeiras-PB<\/li>\n<li>Rita de C\u00e1ssia P. de Moraes 04\/05\/2012 Professora UFPEL<\/li>\n<li>Ana L\u00facia P. N. da Silva 28\/09\/2012 Funcion\u00e1ria P\u00fablica Municipal- SANEP-Pelotas-RS<\/li>\n<li>Fabiana Carrett Timm 31\/07\/2012 Bolsista PDJ-EMBRAPA Clima Temperado<\/li>\n<li>Cristina Copstein Cuchiara 01\/11\/2013 Bolsista PDJ &#8211; Fitossanidade\/UFPel e Professora Substituta do IF-Sul Pelotas<\/li>\n<li>Ilda Mariclei de C. da Silva 29\/11\/2013 Professora URCAMP- Santana do Livramento-RS<\/li>\n<li>Milene Concei\u00e7\u00e3o Lima 05\/04\/2013 Professora tempor\u00e1ria IF-SUL<\/li>\n<li>Mirian de Farias Ribeiro 28\/03\/2013 Assistente administrativa &#8211; UFPel Aline Scheer da Silva 17\/12\/2013 Atua na iniciativa privada-Banrisul-RS<\/li>\n<li>Anelise Perboni Professora concursada Universidade ecnol\u00f3gica Federal do Paran\u00e1, Campus Pato Branco. Cristina Moll H\u00fcther 28\/03\/2014 Bolsista PNPD\/UFRJ<\/li>\n<li>Elisia Rodrigues Corr\u00eaa 21\/05\/2014 Professora Adjunta da UFPel<\/li>\n<li>Fernanda Reolon Tonel 08\/12\/2014 Bolsista PNPD do PPGFV &#8211; UFPel<\/li>\n<li>Alitcia Moraes Kleinowski 29\/01\/2015 Bolsista PNPD do PPGFV &#8211; UFPel<\/li>\n<li>Davi Silva Dalberto 23\/02\/2015 Professor Adjunto \u2013 Universidade Federal do Amap\u00e1 &#8211; UNIFAP<\/li>\n<li>Anderson Augusto Schock Professor Ensino M\u00e9dio Escola Estadual Nereu Ramos, Itaja\u00ed &#8211; SC<\/li>\n<li>Junior Borella 06\/05\/2015 Bolsista PNPD do PPGFV &#8211; UFPel (2017); PNPD UFRRJ<\/li>\n<li>Let\u00edcia Neutzling Rickes Bolsista PNPD do PPG em Fitossanidade &#8211; UFPel<\/li>\n<li>Carlos Davi Santos e Silva T\u00e9cnico de Laborat\u00f3rio de Biologia da UFS e Professor de Ensino M\u00e9dio em Aracaj\u00fa-SE<\/li>\n<li>Isabel Lopes Vighi 10\/03\/2016 Bolsista PDJ-CNPq no PPGCTA da Universidade Federal de Pelotas<\/li>\n<li>Fabiana Fonseca dos Santos 19\/05\/2016 Profissional aut\u00f4noma em Bento Gon\u00e7alves-RS<\/li>\n<li>Victor Mouzinho Spinelli 16\/09\/2016 Bolsista de P\u00f3s-doutorado (FAPERO &#8211; CAPES) na Embrapa Rond\u00f4nia (CPAFRO) e Professor da Faculdades Integradas Apar\u00edcio Carvalho (FIMCA)<\/li>\n<li>Gabriela Peres Moraes 23\/06\/2017 Bolsista de P\u00f3s-Doutorado bolsista da FAURG<\/li>\n<li>Kassia Luiza Teixeira Cocco Bolsista de P\u00f3s-Doutorado PDJ-CNPq na Embrapa Clima Temperado<\/li>\n<li>Liana Vivian Ferreira Contratada como Professora do Ensino B\u00e1sico em Escola Estadual no Rio Grande do Sul<\/li>\n<li>Nat\u00e1lia Silveira Correa 12\/02\/2017 Auxiliar Administrativo &#8211; Faculdades Anhanguera.<\/li>\n<li><\/li>\n<li><em>Dentre os Egressos do Mestrado destaca-se<\/em>:<\/li>\n<li>Alessandra Vollmann 03\/02\/2016 Professora visitantes na Unidade de Ensino Superior do Vale do Igua\u00e7u, UNIGUA\u00c7U.<\/li>\n<li>Manuel Urbano Ferreira Junior Pesquisador do Instituto Agron\u00f4mico Pernambucano &#8211; Recife<\/li>\n<li>Rodrigo Fernando Eichholz 08\/05\/2015 Vigilante Ambiental &#8211; Prefeitura Municipal de Pelotas-RS<\/li>\n<li>Ilisandra Zanandrea Ex mestranda Ex Bolsista PNPD do PPGFV-UFPEL Professora Adjunta na Universidade Federal do Maranh\u00e3o-S\u00e3o Luis<\/li>\n<li>Luciana Rodrigues Nogueira 15\/04\/2011 Professora no Instituto Federal Sul- Rio-Grandense (IFSUL), Campus Santana do Livramento-RS.<\/li>\n<li>Daniela De Conti \u2013 Professara contratada da FVA \u2013 Faculdade do Vale do Arangu\u00e1 \u2013 Ararangu\u00e1-SC \u2013 Tutora do Programa Institucional de Apoio Pedag\u00f3gico aos Estudantes (PIAPE) na UFSC Campus Ararangu\u00e1-SC.<\/li>\n<li>Aline das Gra\u00e7as Souza \u2013 ex bolsista PNPD-CAPES do PPGFV (11\/2014 \u00e0 12\/2017) &#8211; Professora no Instituto Federal de Roraima, da Universidade Aberta do Brasil e Faculdade Roraimense de Ensino Superior.<\/li>\n<li>Daiane Pinho Benemann \u2013 ex bolsista PDJ-CNPq do PPGFV\u2013 Profissional liberal com empresa de biotecnologia incubada dentro do Laborat\u00f3rio de Cultura de Tecidos de Plantas, do Departamento de Bot\u00e2nica da UFPel.<\/li>\n<li><\/li>\n<li><em>Outros Discentes que tiveram passagem pelo PPGFV<\/em>: Juliana Magalh\u00e3es Bandeira &#8211; ex aluna de mestrado e ex bolsista PNPD do PPGFV &#8211; Professora concursada do IF-Sul S\u00e3o Borja Elizete Beatriz Radmann &#8211; ex bolsista PNPD do PPGFV &#8211; Professora concursada da UNPAMPA &#8211; Itaqu\u00ed-RS<\/li>\n<\/ul>\n","protected":false},"excerpt":{"rendered":"<p>Anderson Carlos Marafon Pesquisador da EMBRAPA Tabuleiros Costeiros-AL Antelmo Ralph Falqueto 07\/03\/2008 Professor UFES Cristina Rodrigues Mendes 07\/03\/2008 Atua na Iniciativa Privada In\u00eas Ang\u00e9lica C. Gomes 26\/01\/2008 Professora UFRA, Campus Parauapebas\/PA Maria da Gra\u00e7a de S. Lima 07\/07\/2008 Pesquisadora da FEPAGRO-RS Rodrigo N. da Silva 30\/09\/2009 Professor IFSul &#8211; Pelotas-RS Patr\u00edcia Madruga Marini Exdiscente e [&hellip;]<\/p>\n","protected":false},"author":407,"featured_media":0,"parent":0,"menu_order":0,"comment_status":"closed","ping_status":"closed","template":"","meta":{"jetpack_post_was_ever_published":false,"footnotes":""},"class_list":["post-607","page","type-page","status-publish","hentry","post"],"jetpack_sharing_enabled":true,"jetpack_shortlink":"https:\/\/wp.me\/P8OIzg-9N","_links":{"self":[{"href":"https:\/\/wp.ufpel.edu.br\/fisiologiavegetal\/wp-json\/wp\/v2\/pages\/607","targetHints":{"allow":["GET"]}}],"collection":[{"href":"https:\/\/wp.ufpel.edu.br\/fisiologiavegetal\/wp-json\/wp\/v2\/pages"}],"about":[{"href":"https:\/\/wp.ufpel.edu.br\/fisiologiavegetal\/wp-json\/wp\/v2\/types\/page"}],"author":[{"embeddable":true,"href":"https:\/\/wp.ufpel.edu.br\/fisiologiavegetal\/wp-json\/wp\/v2\/users\/407"}],"replies":[{"embeddable":true,"href":"https:\/\/wp.ufpel.edu.br\/fisiologiavegetal\/wp-json\/wp\/v2\/comments?post=607"}],"version-history":[{"count":5,"href":"https:\/\/wp.ufpel.edu.br\/fisiologiavegetal\/wp-json\/wp\/v2\/pages\/607\/revisions"}],"predecessor-version":[{"id":617,"href":"https:\/\/wp.ufpel.edu.br\/fisiologiavegetal\/wp-json\/wp\/v2\/pages\/607\/revisions\/617"}],"wp:attachment":[{"href":"https:\/\/wp.ufpel.edu.br\/fisiologiavegetal\/wp-json\/wp\/v2\/media?parent=607"}],"curies":[{"name":"wp","href":"https:\/\/api.w.org\/{rel}","templated":true}]}}