{"id":26,"date":"2017-06-02T09:10:10","date_gmt":"2017-06-02T12:10:10","guid":{"rendered":"https:\/\/wp.ufpel.edu.br\/fisiologiavegetal\/?page_id=26"},"modified":"2017-06-02T09:34:09","modified_gmt":"2017-06-02T12:34:09","slug":"dissertacoes-1998-2007","status":"publish","type":"page","link":"https:\/\/wp.ufpel.edu.br\/fisiologiavegetal\/dissertacoes-1998-2007\/","title":{"rendered":"Disserta\u00e7\u00f5es 1998 &#8211; 2007"},"content":{"rendered":"<h1>2007<\/h1>\n<h2>DISSERTA\u00c7\u00d5ES<\/h2>\n<p>&nbsp;<\/p>\n<ul>\n<li>T\u00edtulo: GERMINA\u00c7\u00c3O, VIGOR DE SEMENTES E CRESCIMENTO DE PL\u00c2NTULAS DE TOMATEIRO SOB DIFERENTES CONDI\u00c7\u00d5ES NUTRICIONAIS<\/li>\n<li>Mestrando(a): TATIANA RAQUEL L\u00d6WE<\/li>\n<li>Orientador: DARIO MUNT DE MORAES<\/li>\n<li><a href=\"https:\/\/wp.ufpel.edu.br\/fisiologiavegetal\/files\/2017\/06\/5466d6a3e5.pdf\">Download<\/a><\/li>\n<\/ul>\n<p>&nbsp;<\/p>\n<ul>\n<li>T\u00edtulo: PROPAGA\u00c7\u00c3O IN VITRO e CARACTERIZA\u00c7\u00c3O MOLECULAR DE GEN\u00d3TIPOS DO G\u00caNERO Alternanthera<\/li>\n<li>Mestrando(a): S\u00cdLVIA RUBIN<\/li>\n<li>Orientador: EUGENIA JACIRA BOLACEL BRAGA<\/li>\n<li><a href=\"https:\/\/wp.ufpel.edu.br\/fisiologiavegetal\/files\/2017\/06\/5ebde671fa.pdf\">Download<\/a><\/li>\n<\/ul>\n<p>&nbsp;<\/p>\n<ul>\n<li>T\u00edtulo: QUALIDADE DE SEMENTES E CRESCIMENTO DE PL\u00c2NTULAS DE ALFACE (Lactuca sativa L.) SUBMETIDAS A ESTRESSE NUTRICIONAL<\/li>\n<li>Mestrando(a): PATR\u00cdCIA MARINI<\/li>\n<li>Orientador: DARIO MUNT DE MORAES<\/li>\n<li><a href=\"https:\/\/wp.ufpel.edu.br\/fisiologiavegetal\/files\/2017\/06\/6f50f7013c.pdf\">Download<\/a><\/li>\n<\/ul>\n<p>&nbsp;<\/p>\n<ul>\n<li>T\u00edtulo: AN\u00c1LISE DA DIVERSIDADE GEN\u00c9TICA ENTRE GEN\u00d3TIPOS DO G\u00caNERO Plectranthus<\/li>\n<li>Mestrando(a): JULIANA DE MAGALH\u00c3ES BANDEIRA<\/li>\n<li>Orientador: EUGENIA JACIRA BOLACEL BRAGA<\/li>\n<li><a href=\"https:\/\/wp.ufpel.edu.br\/fisiologiavegetal\/files\/2017\/06\/e6ed945b16.pdf\">Download<\/a><\/li>\n<\/ul>\n<p>&nbsp;<\/p>\n<ul>\n<li>T\u00edtulo: CARACTERIZA\u00c7\u00c3O FOTOSSINT\u00c9TICA E DO DESENVOLVIMENTO DE PLANTAS DE BATATA-DOCE CULTIVADAS IN VITRO E ACLIMATIZADAS<\/li>\n<li>Mestrando(a): FRANCINE FERREIRA CASSANA<\/li>\n<li>Orientador: JOS\u00c9 ANTONIO PETERS<\/li>\n<li><a href=\"https:\/\/wp.ufpel.edu.br\/fisiologiavegetal\/files\/2017\/06\/a0aa2374e9.pdf\">Download<\/a><\/li>\n<\/ul>\n<p>&nbsp;<\/p>\n<ul>\n<li>T\u00edtulo: CRESCIMENTO E DESENVOLVIMENTO DE ANGIQUINHO (Aeschynomene spp.)<\/li>\n<li>Mestrando(a): CAROLINE LEIVAS MORAES<\/li>\n<li>Orientador: NEI FERNANDES LOPES<\/li>\n<li><a href=\"https:\/\/wp.ufpel.edu.br\/fisiologiavegetal\/files\/2017\/06\/db00be712e.pdf\">Download<\/a><\/li>\n<\/ul>\n<p>&nbsp;<\/p>\n<ul>\n<li>T\u00edtulo: GERMINA\u00c7\u00c3O, VIGOR DE SEMENTES E CRESCIMENTO DE PLANTAS DE TRIGO (Triticum aestivum L.) SUBMETIDAS A DIFERENTES DOSES DE PENDIMETHALIN<\/li>\n<li>Mestrando(a): ANA PAULA DOS SANTOS ZEPKA<\/li>\n<li>Orientador: NEI FERNANDES LOPES<\/li>\n<\/ul>\n<hr \/>\n<h1>2006<\/h1>\n<h2>DISSERTA\u00c7\u00d5ES<\/h2>\n<p>&nbsp;<\/p>\n<ul>\n<li>T\u00edtulo: CRESCIMENTO, ALTERA\u00c7\u00d5ES BIOQU\u00cdMICAS E ASSIMILA\u00c7\u00c3O DE NITRATO E GLUTAMINA EM PLANTAS DE MILHO<\/li>\n<li>Mestrando(a): M\u00e1rcio de Ara\u00fajo Freire<\/li>\n<li>Orientador: RONALDO DO NASCIMENTO<\/li>\n<li><a href=\"https:\/\/wp.ufpel.edu.br\/fisiologiavegetal\/files\/2017\/06\/f6fb9a5e7a.pdf\">Download<\/a><\/li>\n<\/ul>\n<p>&nbsp;<\/p>\n<ul>\n<li>T\u00edtulo: COMPORTAMENTO IN VITRO DE CANAF\u00cdSTULA [Peltophorum dudium (Sprengel) Taubert]<\/li>\n<li>Mestrando(a): Josiana Scherer Bassan<\/li>\n<li>Orientador: BEATRIZ HELENA GOMES ROCHA<\/li>\n<li><a href=\"https:\/\/wp.ufpel.edu.br\/fisiologiavegetal\/files\/2017\/06\/740aed7073.pdf\">Download<\/a><\/li>\n<\/ul>\n<p>&nbsp;<\/p>\n<ul>\n<li>T\u00edtulo: DESENVOLVIMENTO E CARACTERIZA\u00c7\u00c3O FOTOSSINT\u00c9TICA DE PLANTAS DE MACIEIRA \u2018M-9\u2019 CULTIVADAS IN VITRO<\/li>\n<li>Mestrando(a): Ilisandra Zanandrea<\/li>\n<li>Orientador: JOS\u00c9 ANTONIO PETERS<\/li>\n<li><a href=\"https:\/\/wp.ufpel.edu.br\/fisiologiavegetal\/files\/2017\/06\/24b3691a2d.pdf\">Download<\/a><\/li>\n<\/ul>\n<p>&nbsp;<\/p>\n<ul>\n<li>T\u00edtulo: CARACTER\u00cdSTICAS FOTOSSINT\u00c9TICAS DE PLANTAS DE BATATA (Solanum tuberosum L.), CVS. BARONESA E MACACA, TRANSFORMADAS GENETICAMENTE.<\/li>\n<li>Mestrando(a): Douglas Dam\u00e9 Schmitz<\/li>\n<li>Orientador: EUGENIA JACIRA BOLACEL BRAGA<\/li>\n<li><a href=\"https:\/\/wp.ufpel.edu.br\/fisiologiavegetal\/files\/2017\/06\/2723fe945a.pdf\">Download<\/a><\/li>\n<\/ul>\n<p>&nbsp;<\/p>\n<ul>\n<li>T\u00edtulo: MAMONA (Ricinus Communis L.): CULTURA DE ANTERA, VIABILIDADE E CONSERVA\u00c7\u00c3O DE P\u00d3LEN<\/li>\n<li>Mestrando(a): Daiane Peixoto Vargas<\/li>\n<li>Orientador: VERA L\u00daCIA BOBROWSKI<\/li>\n<li><a href=\"https:\/\/wp.ufpel.edu.br\/fisiologiavegetal\/files\/2017\/06\/03559b380b.pdf\">Download<\/a><\/li>\n<\/ul>\n<p>&nbsp;<\/p>\n<ul>\n<li>T\u00edtulo: CARACTERIZA\u00c7\u00c3O BIOQU\u00cdMICA E FISIOL\u00d3GICA DE MAJERIC\u00c3O (Ocimum basilicum L.)<\/li>\n<li>Mestrando(a): Carla Lima Rocha Manosso<\/li>\n<li>Orientador: VERA L\u00daCIA BOBROWSKI<\/li>\n<li><a href=\"https:\/\/wp.ufpel.edu.br\/fisiologiavegetal\/files\/2017\/06\/daea3ed92c.pdf\">Download<\/a><\/li>\n<\/ul>\n<p>&nbsp;<\/p>\n<ul>\n<li>T\u00edtulo: Potencial alelop\u00e1tico de diferentes esp\u00e9cies de plantas sobre a qualidade fisiol\u00f3gica de sementes de arroz e aqu\u00eanios de alface e crescimento de pl\u00e2ntulas de arroz e alface<\/li>\n<li>Mestrando(a): ANDRESSA COMIOTTO<\/li>\n<li>Orientador: DARIO MUNT DE MORAES<\/li>\n<li><a href=\"https:\/\/wp.ufpel.edu.br\/fisiologiavegetal\/files\/2017\/06\/cebb6f5993.pdf\">Download<\/a><\/li>\n<\/ul>\n<p>&nbsp;<\/p>\n<ul>\n<li>T\u00edtulo: MULTIPLICA\u00c7\u00c3O, FLORECIMENTO IN VITRO E ACLIMATIZA\u00c7\u00c3O DE PLANTAS DE Tagetes erecta L.<\/li>\n<li>Mestrando(a): ANDREIA CARINA TURCHETTO ZOLET<\/li>\n<li>Orientador: EUGENIA JACIRA BOLACEL BRAGA<\/li>\n<\/ul>\n<hr \/>\n<h1>2005<\/h1>\n<h2>DISSERTA\u00c7\u00d5ES<\/h2>\n<p>&nbsp;<\/p>\n<ul>\n<li>T\u00edtulo: CARACTER\u00cdSTICAS FISIOL\u00d3GICAS E BIOQU\u00cdMICAS DE PLANTAS DE SOJA [Glycine max (L.) MERRILL] SOB CONDI\u00c7\u00d5ES DE HIPOXIA<\/li>\n<li>Mestrando(a): Rodrigo Nascimento da Silva<\/li>\n<li>Orientador: NEI FERNANDES LOPES<\/li>\n<li><a href=\"https:\/\/wp.ufpel.edu.br\/fisiologiavegetal\/files\/2017\/06\/53c04cd291.pdf\">Download<\/a><\/li>\n<\/ul>\n<p>&nbsp;<\/p>\n<ul>\n<li>T\u00edtulo: EFEITO DO NITRATO, AM\u00d4NIO E LUZ NA ASSIMILA\u00c7\u00c3O DO NITROG\u00caNIO EM PLANTAS DE MILHO<\/li>\n<li>Mestrando(a): Maria Ang\u00e9lica Petrucci Carvalho<\/li>\n<li>Orientador: RONALDO DO NASCIMENTO<\/li>\n<li><a href=\"https:\/\/wp.ufpel.edu.br\/fisiologiavegetal\/files\/2017\/06\/7814f569d2.pdf\">Download<\/a><\/li>\n<\/ul>\n<p>&nbsp;<\/p>\n<ul>\n<li>T\u00edtulo: CRESCIMENTO, PIGMENTOS E FIXA\u00c7\u00c3O DE N2 EM Azolla caroliniana Willd. SUBMETIDA A DIFERENTES DOSES DE ETOXISULFURON.<\/li>\n<li>Mestrando(a): Juliana de Souza Dode<\/li>\n<li>Orientador: NEI FERNANDES LOPES<\/li>\n<li><a href=\"https:\/\/wp.ufpel.edu.br\/fisiologiavegetal\/files\/2017\/06\/ed2dcd1d75.pdf\">Download<\/a><\/li>\n<\/ul>\n<p>&nbsp;<\/p>\n<ul>\n<li>T\u00edtulo: EFEITO DOS HERBICIDAS PENOXSULAM E CLOMAZONE SOBRE ALGUNS ASPECTOS FISIOLO\u00d3GICOS EM SEMENTES E PLANTAS DE ARROZ cv, BRS PELOTA<\/li>\n<li>Mestrando(a): Germani Concen\u00e7o<\/li>\n<li>Orientador: NEI FERNANDES LOPES<\/li>\n<li><a href=\"https:\/\/wp.ufpel.edu.br\/fisiologiavegetal\/files\/2017\/06\/4fd045b98b.pdf\">Download<\/a><\/li>\n<\/ul>\n<p>&nbsp;<\/p>\n<ul>\n<li>T\u00edtulo: ESTABELECIMENTO E PROPAGA\u00c7\u00c3O IN VITRO DE ALGUMAS PLANTAS DE INTERESSE MEDICINAL<\/li>\n<li>Mestrando(a): Fl\u00e1via \u00c2ngelo Beduhn<\/li>\n<li>Orientador: EUGENIA JACIRA BOLACEL BRAGA<\/li>\n<li><a href=\"https:\/\/wp.ufpel.edu.br\/fisiologiavegetal\/files\/2017\/06\/9e0136efe3.pdf\">Download<\/a><\/li>\n<\/ul>\n<p>&nbsp;<\/p>\n<ul>\n<li>T\u00edtulo: INFLU\u00caNCIA DA CONCENTRA\u00c7\u00c3O DE SACAROSE E DA DENSIDADE DE FLUXO DE F\u00d3TONS NA MICROTUBERIZA\u00c7\u00c3O DE BATATA<\/li>\n<li>Mestrando(a): F\u00e1bio Cristiano Trevizol<\/li>\n<li>Orientador: EUGENIA JACIRA BOLACEL BRAGA<\/li>\n<li><a href=\"https:\/\/wp.ufpel.edu.br\/fisiologiavegetal\/files\/2017\/06\/429eebc1fe.pdf\">Download<\/a><\/li>\n<\/ul>\n<hr \/>\n<h1>2004<\/h1>\n<h2>DISSERTA\u00c7\u00d5ES<\/h2>\n<p>&nbsp;<\/p>\n<ul>\n<li>T\u00edtulo: CARACTERIZA\u00c7\u00c3O PARCIAL DA INVERTASE \u00c1CIDA SOL\u00daVEL EM TUB\u00c9RCULOS DE BATATA: ENERGIA DE ATIVA\u00c7\u00c3O E EFEITO DE INIBIDORES<\/li>\n<li>Mestrando(a): Sidnei Deuner<\/li>\n<li>Orientador: MARCOS ANTONIO BACARIN<\/li>\n<li><a href=\"https:\/\/wp.ufpel.edu.br\/fisiologiavegetal\/files\/2017\/06\/87f0f2ca2b.pdf\">Download<\/a><\/li>\n<\/ul>\n<p>&nbsp;<\/p>\n<ul>\n<li>T\u00edtulo: EFEITO DA SALINIDADE NA QUALIDADE FISIOL\u00d3GICA DE SEMENTES DE ARROZ E FEIJ\u00c3O SUBMETIDAS A ESTRESSE SALINO<\/li>\n<li>Mestrando(a): S\u00edlvia Galina<\/li>\n<li>Orientador: DARIO MUNT DE MORAES<\/li>\n<li><a href=\"https:\/\/wp.ufpel.edu.br\/fisiologiavegetal\/files\/2017\/06\/5b99d52f7f.pdf\">Download<\/a><\/li>\n<\/ul>\n<p>&nbsp;<\/p>\n<ul>\n<li>T\u00edtulo: ALTERA\u00c7\u00d5ES NA QUALIDADE FISIOL\u00d3GICAS DE SEMENTES DE TOMATEIRO EXPOSTAS AO NITRATO E NITRITO DE S\u00d3DIO<\/li>\n<li>Mestrando(a): Renato Moraes de Mello<\/li>\n<li>Orientador: DARIO MUNT DE MORAES<\/li>\n<li><a href=\"https:\/\/wp.ufpel.edu.br\/fisiologiavegetal\/files\/2017\/06\/45d5f6e85c.pdf\">Download<\/a><\/li>\n<\/ul>\n<p>&nbsp;<\/p>\n<ul>\n<li>T\u00edtulo: ARMAZENAMENTO E RECONDICIONAMENTO DE TUB\u00c9RCULOS DE BATATA NO AC\u00daMULO DE CARBOIDRATOS N\u00c3O ESTRUTURAIS E A ATIVIDADE INVERT\u00c1SICA.<\/li>\n<li>Mestrando(a): Ladislau Soares Ferreira<\/li>\n<li>Orientador: MARCOS ANTONIO BACARIN<\/li>\n<li><a href=\"https:\/\/wp.ufpel.edu.br\/fisiologiavegetal\/files\/2017\/06\/ed97a45bbe.pdf\">Download<\/a><\/li>\n<\/ul>\n<p>&nbsp;<\/p>\n<ul>\n<li>T\u00edtulo: CULTIVO IN VITRO E CARACTERIZA\u00c7\u00c3O ISOENZIM\u00c1TICA DE ESP\u00c9CIES DE CAMOMILA<\/li>\n<li>Mestrando(a): Joseane Almeida de Souza<\/li>\n<li>Orientador: VERA L\u00daCIA BOBROWSKI<\/li>\n<li><a href=\"https:\/\/wp.ufpel.edu.br\/fisiologiavegetal\/files\/2017\/06\/8d452461cc.pdf\">Download<\/a><\/li>\n<\/ul>\n<p>&nbsp;<\/p>\n<ul>\n<li>T\u00edtulo: ASPECTOS FISIOL\u00d3GICOS DA MATURA\u00c7\u00c3O E DA QUALIDADE DE CAQUI\u2019FUYU\u2019 NA PLANTA E AP\u00d3S A COLHEITA<\/li>\n<li>Mestrando(a): Juliana Golin Krammes<\/li>\n<li>Orientador: MARCOS ANTONIO BACARIN<\/li>\n<li><a href=\"https:\/\/wp.ufpel.edu.br\/fisiologiavegetal\/files\/2017\/06\/3841cf74fd.pdf\">Download<\/a><\/li>\n<\/ul>\n<p>&nbsp;<\/p>\n<ul>\n<li>T\u00edtulo: EFEITOS FISIOL\u00d3GICOS DA RADIA\u00c7\u00c3O GAMA (Co60) EM SEMENTES DE ARROZ<\/li>\n<li>Mestrando(a): Helen L\u00facia da Cruz<\/li>\n<li>Orientador: VERA L\u00daCIA BOBROWSKI<\/li>\n<li><a href=\"https:\/\/wp.ufpel.edu.br\/fisiologiavegetal\/files\/2017\/06\/a2b869a851.pdf\">Download<\/a><\/li>\n<\/ul>\n<p>&nbsp;<\/p>\n<ul>\n<li>T\u00edtulo: CARACTER\u00cdSTICAS FISIOL\u00d3GICAS DE PLANTAS DE SOJA (Glycine Max (L.) MERRILL) SOB CONDI\u00c7\u00d5ES DE DEFICI\u00caNCIA DE OXIG\u00caNIO<\/li>\n<li>Mestrando(a): Evandro Carlos Barros<\/li>\n<li>Orientador: NEI FERNANDES LOPES<\/li>\n<li><a href=\"https:\/\/wp.ufpel.edu.br\/fisiologiavegetal\/files\/2017\/06\/acbc41df76.pdf\">Download<\/a><\/li>\n<\/ul>\n<p>&nbsp;<\/p>\n<ul>\n<li>T\u00edtulo: N\u00cdVEIS DE CARBOIDRATOS, ATIVIDADE DA PEROXIDASE E CONEX\u00c3O VASCULAR EM TECIDOS DE PESSEGUEIRO (Prunus sp.) cv. JUBILEU E RELA\u00c7\u00c3O COM A MORTE-PRECOCE DE PLANTAS.<\/li>\n<li>Mestrando(a): Anderson Carlos Marafon<\/li>\n<li>Orientador: FL\u00c1VIO GILBERTO HERTER<\/li>\n<li><a href=\"https:\/\/wp.ufpel.edu.br\/fisiologiavegetal\/files\/2017\/06\/987ce5ee6c.pdf\">Download<\/a><\/li>\n<\/ul>\n<hr \/>\n<h1>2003<\/h1>\n<h2>DISSERTA\u00c7\u00d5ES<\/h2>\n<p>&nbsp;<\/p>\n<ul>\n<li>T\u00edtulo: Regenera\u00e7\u00e3o in vitro de brota\u00e7\u00f5es de pereira (Pyrus communis L.) cultivar Seleta.<\/li>\n<li>Mestrando(a): PAULO S\u00c9RGIO GOMES DA ROCHA<\/li>\n<li>Orientador: M\u00c1RCIA WULFF SCHUCH<\/li>\n<li><a href=\"https:\/\/wp.ufpel.edu.br\/fisiologiavegetal\/files\/2017\/06\/e1467ef11e.pdf\">Download<\/a><\/li>\n<\/ul>\n<p>&nbsp;<\/p>\n<ul>\n<li>T\u00edtulo: REGENERA\u00c7\u00c3O IN VITRO DE BROTA\u00c7\u00d5ES DE MINI-ROSEIRA (Rosa chinensis) CV. MINIMA<\/li>\n<li>Mestrando(a): Isabel Lopes Vighi<\/li>\n<li>Orientador: M\u00c1RCIA WULFF SCHUCH<\/li>\n<li><a href=\"https:\/\/wp.ufpel.edu.br\/fisiologiavegetal\/files\/2017\/06\/1a5431c118.pdf\">Download<\/a><\/li>\n<\/ul>\n<p>&nbsp;<\/p>\n<ul>\n<li>T\u00edtulo: ESTIMATIVA DO CRESCIMENTO E DA PRODUTIVIDADE DO FEIJOEIRO (Phaseolus vulgaris L.) PELA UTILIZA\u00c7\u00c3O DE MODELO MATEM\u00c1TICOFISIOL\u00d3GICO, PARA ALGUMAS LOCALIDADES DO RIO GRANDE DO SUL.<\/li>\n<li>Mestrando(a): Adriane Alves Lima<\/li>\n<li>Orientador: NEI FERNANDES LOPES<\/li>\n<li><a href=\"https:\/\/wp.ufpel.edu.br\/fisiologiavegetal\/files\/2017\/06\/5e1638c834.pdf\">Download<\/a><\/li>\n<\/ul>\n<hr \/>\n<h1>2002<\/h1>\n<h2>DISSERTA\u00c7\u00d5ES<\/h2>\n<p>&nbsp;<\/p>\n<ul>\n<li>T\u00edtulo: Abortamento de gemas florais e n\u00edveis de carboidratos em gemas e ramos de pereira, cultivar Nijisseiki, no outono e inverno.<\/li>\n<li>Mestrando(a): JO\u00c3O PETERSON PEREIRA GARDIN<\/li>\n<li>Orientador: FL\u00c1VIO GILBERTO HERTER<\/li>\n<li><a href=\"https:\/\/wp.ufpel.edu.br\/fisiologiavegetal\/files\/2017\/06\/db9796048b.pdf\">Download<\/a><\/li>\n<\/ul>\n<p>&nbsp;<\/p>\n<ul>\n<li>T\u00edtulo: PURIFICA\u00c7\u00c3O PARCIAL E ATIVIDADE DA INVERTASE \u00c1CIDA SOL\u00daVEL EM TUB\u00c9RCULOS DE BATATA (Solanum tuberosum L.) ARMAZENADOS SOB REFRIGERA\u00c7\u00c3O<\/li>\n<li>Mestrando(a): Cristina Rodrigues Mendes<\/li>\n<li>Orientador: MARCOS ANTONIO BACARIN<\/li>\n<li><a href=\"https:\/\/wp.ufpel.edu.br\/fisiologiavegetal\/files\/2017\/06\/189cd21449.pdf\">Download<\/a><\/li>\n<\/ul>\n<p>&nbsp;<\/p>\n<ul>\n<li>T\u00edtulo: CARACTER\u00cdSTICAS DE CRESCIMENTO E BIOQU\u00cdMICAS ENTRE DUAS CULTIVARES DE SOJA<\/li>\n<li>Mestrando(a): Sintia Nunes<\/li>\n<li>Orientador: RONALDO DO NASCIMENTO<\/li>\n<li><a href=\"https:\/\/wp.ufpel.edu.br\/fisiologiavegetal\/files\/2017\/06\/7e538e8a52.pdf\">Download<\/a><\/li>\n<\/ul>\n<p>&nbsp;<\/p>\n<ul>\n<li>T\u00edtulo: Crescimento, parti\u00e7\u00e3o de assimilados e teores de carboidratos em duas cultivares de batata-doce (Ipomea batatas (L.) LAM).<\/li>\n<li>Mestrando(a): MELISSA KARAM DA CONCEI\u00c7\u00c3O<\/li>\n<li>Orientador: NEI FERNANDES LOPES<\/li>\n<li><a href=\"https:\/\/wp.ufpel.edu.br\/fisiologiavegetal\/files\/2017\/06\/25ce9ab091.pdf\">Download<\/a><\/li>\n<\/ul>\n<p>&nbsp;<\/p>\n<ul>\n<li>T\u00edtulo: Compara\u00e7\u00e3o entre sistemas de imers\u00e3o tempor\u00e1ria e convencional na micropropaga\u00e7\u00e3o do porta-enxerto de macieira (Malus domestica, BORKH) cv. M-9.<\/li>\n<li>Mestrando(a): MARIO ARIEL CAMACHO POSADA<\/li>\n<li>Orientador: JOS\u00c9 ANTONIO PETERS<\/li>\n<li><a href=\"https:\/\/wp.ufpel.edu.br\/fisiologiavegetal\/files\/2017\/06\/188e8560b7.pdf\">Download<\/a><\/li>\n<\/ul>\n<p>&nbsp;<\/p>\n<ul>\n<li>T\u00edtulo: Sensibilidade de gen\u00f3tipos de arroz (Oryza sativa L.) ao estresse salino.<\/li>\n<li>Mestrando(a): MARIA DA GRA\u00c7A DE SOUZA LIMA<\/li>\n<li>Orientador: MARCOS ANTONIO BACARIN<\/li>\n<li><a href=\"https:\/\/wp.ufpel.edu.br\/fisiologiavegetal\/files\/2017\/06\/69f023af0e.pdf\">Download<\/a><\/li>\n<\/ul>\n<p>&nbsp;<\/p>\n<ul>\n<li>T\u00edtulo: EFEITO DO TIPO DE EXPLANTE E DOS MEIOS DE INDU\u00c7\u00c3O E DE EXPRESS\u00c3O NA REGENERA\u00c7\u00c3O IN VITRO DOS PORTA-ENXERTOS DE MACIEIRA, M-9 E MARUBAKAIDO<\/li>\n<li>Mestrando(a): Eloisa Souza Feij\u00f3<\/li>\n<li>Orientador: M\u00c1RCIA WULFF SCHUCH<\/li>\n<li><a href=\"https:\/\/wp.ufpel.edu.br\/fisiologiavegetal\/files\/2017\/06\/2858f77018.pdf\">Download<\/a><\/li>\n<\/ul>\n<hr \/>\n<h1>2001<\/h1>\n<h2>DISSERTA\u00c7\u00d5ES<\/h2>\n<p>&nbsp;<\/p>\n<ul>\n<li>T\u00edtulo: Altera\u00e7\u00f5es bioqu\u00edmicas e fisiol\u00f3gicas em sementes de trigo (Triticum aestivum L.) induzidas por reguladores de crescimento vegetal.<\/li>\n<li>Mestrando(a): CLAUDIA ROBERTA DAMIANI<\/li>\n<li>Orientador: DARIO MUNT DE MORAES<\/li>\n<li><a href=\"https:\/\/wp.ufpel.edu.br\/fisiologiavegetal\/files\/2017\/06\/5cd947bf51.pdf\">Download<\/a><\/li>\n<\/ul>\n<p>&nbsp;<\/p>\n<ul>\n<li>T\u00edtulo: Efeito de subst\u00e2ncias de crescimento na micropropaga\u00e7\u00e3o e morfog\u00eanese em camomila romana (Anthemis nobilis L.).<\/li>\n<li>Mestrando(a): VERIDIANA KROLOW BOSENBECKER<\/li>\n<li>Orientador: Judith Vi\u00e9gas<\/li>\n<li><a href=\"https:\/\/wp.ufpel.edu.br\/fisiologiavegetal\/files\/2017\/06\/7462ec0127.pdf\">Download<\/a><\/li>\n<\/ul>\n<hr \/>\n<h1>2000<\/h1>\n<h2>DISSERTA\u00c7\u00d5ES<\/h2>\n<p>&nbsp;<\/p>\n<ul>\n<li>T\u00edtulo: Purifica\u00e7\u00e3o e caracteriza\u00e7\u00e3o parcial de lectina de sementes de Bauhinia variegada L<\/li>\n<li>Mestrando(a): LUCIANO DA SILVA PINTO<\/li>\n<li>Orientador: MARCOS ANTONIO BACARIN<\/li>\n<li><a href=\"https:\/\/wp.ufpel.edu.br\/fisiologiavegetal\/files\/2017\/06\/5b92ddefbe.pdf\">Download<\/a><\/li>\n<\/ul>\n<p>&nbsp;<\/p>\n<ul>\n<li>T\u00edtulo: Micropropaga\u00e7\u00e3o dos cultivares porta-enxerto de macieira M-9 e M-26 nos sistemas convencional e imers\u00e3o tempor\u00e1ria.<\/li>\n<li>Mestrando(a): MARCO ANTONIO KARAM LUCAS<\/li>\n<li>Orientador: JOS\u00c9 ANTONIO PETERS<\/li>\n<li><a href=\"https:\/\/wp.ufpel.edu.br\/fisiologiavegetal\/files\/2017\/06\/ac4f834c98.pdf\">Download<\/a><\/li>\n<\/ul>\n<p>&nbsp;<\/p>\n<ul>\n<li>T\u00edtulo: Micropropaga\u00e7\u00e3o de mogno (Swietenia macrophylla King).<\/li>\n<li>Mestrando(a): SEBASTI\u00c3O DA CUNHA LOPES<\/li>\n<li>Orientador: Osmar Alves Lameira<\/li>\n<li><a href=\"https:\/\/wp.ufpel.edu.br\/fisiologiavegetal\/files\/2017\/06\/bfb953bbf7.pdf\">Download<\/a><\/li>\n<\/ul>\n<p>&nbsp;<\/p>\n<ul>\n<li>T\u00edtulo: Micropropaga\u00e7\u00e3o de Gypsophila paniculata (L.).<\/li>\n<li>Mestrando(a): PAULA SEQUEIRA VIANNA BACHETTINI<\/li>\n<li>Orientador: JOS\u00c9 ANTONIO PETERS<\/li>\n<li><a href=\"https:\/\/wp.ufpel.edu.br\/fisiologiavegetal\/files\/2017\/06\/b7f627d791.pdf\">Download<\/a><\/li>\n<\/ul>\n<p>&nbsp;<\/p>\n<ul>\n<li>T\u00edtulo: Altera\u00e7\u00f5es bioqu\u00edmicas em tub\u00e9rculos de batata armazenados sob duas condi\u00e7\u00f5es de temperatura.<\/li>\n<li>Mestrando(a): MARILICE CHAPPER<\/li>\n<li>Orientador: MARCOS ANTONIO BACARIN<\/li>\n<li><a href=\"https:\/\/wp.ufpel.edu.br\/fisiologiavegetal\/files\/2017\/06\/5d21cd1046.pdf\">Download<\/a><\/li>\n<\/ul>\n<p>&nbsp;<\/p>\n<ul>\n<li>T\u00edtulo: CRESCIMENTO, PIGMENTA\u00c7\u00c3O E FIXA\u00c7\u00c3O DO DINITROG\u00caNIO EM Azolla caroliniana SUBMETIDA A DIFERENTES DOSES DE HIBRICIDAS<\/li>\n<li>Mestrando(a): Cristiane Kneib Ferrari<\/li>\n<li>Orientador: NEI FERNANDES LOPES<\/li>\n<li><a href=\"https:\/\/wp.ufpel.edu.br\/fisiologiavegetal\/files\/2017\/06\/d6fc259c9b.pdf\">Download<\/a><\/li>\n<\/ul>\n<p>&nbsp;<\/p>\n<ul>\n<li>T\u00edtulo: CRESCIMENTO DE PLANTAS E METABOLISMO DE CARBOIDRATOS N\u00c3O ESTRUTURAIS EM TUB\u00c9RCULOS N\u00c3O ESTRUTURAIS EM TUB\u00c9RCULOS DE BATATA (Solanum tuberosum L.)<\/li>\n<li>Mestrando(a): Claudete Miranda Abreu<\/li>\n<li>Orientador: MARCOS ANTONIO BACARIN<\/li>\n<li><a href=\"https:\/\/wp.ufpel.edu.br\/fisiologiavegetal\/files\/2017\/06\/d7cefe29a2.pdf\">Download<\/a><\/li>\n<\/ul>\n<p>&nbsp;<\/p>\n<ul>\n<li>T\u00edtulo: COMPOSI\u00c7\u00c3O DE CARBOIDRATOS N\u00c3O ESTRUTURAIS E ATIVIDADE DA INVERTASE EM TUB\u00c9RCULOS DE BATATA (Solanum tuberosum L.)<\/li>\n<li>Mestrando(a): Ana L\u00facia Pereira<\/li>\n<li>Orientador: MARCOS ANTONIO BACARIN<\/li>\n<li><a href=\"https:\/\/wp.ufpel.edu.br\/fisiologiavegetal\/files\/2017\/06\/f8b40abdbe.pdf\">Download<\/a><\/li>\n<\/ul>\n<hr \/>\n<h1>1999<\/h1>\n<h2>DISSERTA\u00c7\u00d5ES<\/h2>\n<p>&nbsp;<\/p>\n<ul>\n<li>T\u00edtulo: Germina\u00e7\u00e3o e vigor de sementes de arroz (Oryza sativa L.) tratadas com \u00e1cido salic\u00edlico.<\/li>\n<li>Mestrando(a): MARIA ANG\u00c9LICA MOREIRA SILVEIRA<\/li>\n<li>Orientador: DARIO MUNT DE MORAES<\/li>\n<li><a href=\"https:\/\/wp.ufpel.edu.br\/fisiologiavegetal\/files\/2017\/06\/e9d5ab92cb.pdf\">Download<\/a><\/li>\n<\/ul>\n<p>&nbsp;<\/p>\n<ul>\n<li>T\u00edtulo: SUPERA\u00c7\u00c3O DA DORM\u00caNCIA EM TUB\u00c9RCULOS DE BATATA (Solanum tuberosum L.) PELO USO DO ETANOL<\/li>\n<li>Mestrando(a): Daniela Guerra Lund<\/li>\n<li>Orientador: MARCOS ANTONIO BACARIN<\/li>\n<li><a href=\"https:\/\/wp.ufpel.edu.br\/fisiologiavegetal\/files\/2017\/06\/d173fc5917.pdf\">Download<\/a><\/li>\n<\/ul>\n<p>&nbsp;<\/p>\n<ul>\n<li>T\u00edtulo: Respostas morfofisiol\u00f3gicas de aveia submetida a condi\u00e7\u00f5es de inunda\u00e7\u00e3o.<\/li>\n<li>Mestrando(a): MARIA DE F\u00c1TIMA DA SILVA PINHEIRO<\/li>\n<li>Orientador: MARCOS ANTONIO BACARIN<\/li>\n<li><a href=\"https:\/\/wp.ufpel.edu.br\/fisiologiavegetal\/files\/2017\/06\/ee4d5518b4.pdf\">Download<\/a><\/li>\n<\/ul>\n<p>&nbsp;<\/p>\n<ul>\n<li>T\u00edtulo: INFLU\u00caNCIA DE BACT\u00c9RIAS APLICADAS EM PR\u00c9-PLANTIO SOBRE O CRESCIIMENTO DE PLANTAS DE ALHO (Allium sativum L.)<\/li>\n<li>Mestrando(a): D\u00e9bora Martins Antunez<\/li>\n<li>Orientador: ANDREA BITTENCOURT MOURA<\/li>\n<li><a href=\"https:\/\/wp.ufpel.edu.br\/fisiologiavegetal\/files\/2017\/06\/33275e6f51.pdf\">Download<\/a><\/li>\n<\/ul>\n<p>&nbsp;<\/p>\n<ul>\n<li>T\u00edtulo: CRESCIMENTO, PIGMENTA\u00c7\u00c3O E COMPOSI\u00c7\u00c3O QU\u00cdMICA DURANTE O DESENVOLVIMENTO DE FRUTOS DE ARA\u00c7\u00c1 (Psidium cattleyanum SABINE)<\/li>\n<li>Mestrando(a): Adriana Silva Galho<\/li>\n<li>Orientador: NEI FERNANDES LOPES<\/li>\n<li><a href=\"https:\/\/wp.ufpel.edu.br\/fisiologiavegetal\/files\/2017\/06\/79936433e0.pdf\">Download<\/a><\/li>\n<\/ul>\n<hr \/>\n<h1>1998<\/h1>\n<h2>DISSERTA\u00c7\u00d5ES<\/h2>\n<p>&nbsp;<\/p>\n<ul>\n<li>T\u00edtulo: Aspectos Fisiol\u00f3gicos e Bioqu\u00edmicos do P\u00eassego [Prunus persica (L) BATSCH], cvs. Riograndense e Eldorado, sob Regime de Frigoconserva\u00e7\u00e3o em embalagens com filmes de PVC.<\/li>\n<li>Mestrando(a): PAULO SOARES DE CARVALHO<\/li>\n<li>Orientador: Bonifacio Hideyuki Nakasu,<\/li>\n<li><a href=\"https:\/\/wp.ufpel.edu.br\/fisiologiavegetal\/files\/2017\/06\/b0e1c9feff.pdf\">Download<\/a><\/li>\n<\/ul>\n<p>&nbsp;<\/p>\n<ul>\n<li>T\u00edtulo: Aspectos fisiol\u00f3gicos do crescimento de Phaseolus vulgaris L., submetidos a diferentes n\u00edveis de f\u00f3sforo<\/li>\n<li>Mestrando(a): LINDAMIR HERNANDEZ PASTORINI<\/li>\n<li>Orientador: MARCOS ANTONIO BACARIN<\/li>\n<li><a href=\"https:\/\/wp.ufpel.edu.br\/fisiologiavegetal\/files\/2017\/06\/477e812752.pdf\">Download<\/a><\/li>\n<\/ul>\n<p>&nbsp;<\/p>\n<ul>\n<li>T\u00edtulo: CRESCIMENTO DO MILHO (Zea mays L.) INOCULADO COM A BACT\u00c9RIA Beijerinckia sp. COMO FONTE DE NITROG\u00caNIO<\/li>\n<li>Mestrando(a): Eug\u00eania Jacira Bolacel Braga<\/li>\n<li>Orientador: CLAIRE TONDO VENDRUSCOLO<\/li>\n<li><a href=\"https:\/\/wp.ufpel.edu.br\/fisiologiavegetal\/files\/2017\/06\/160383327b.pdf\">Download<\/a><\/li>\n<\/ul>\n<p>&nbsp;<\/p>\n<ul>\n<li>T\u00edtulo: ALGUNS ASPECTOS FISIOL\u00d3GICOS DE RAMOS E GEMAS LATENTES DA VIDEIRA (Vitis vinifera L.) CV. THOMPSON SEEDLESS EM JALES, S\u00c3O PAULO<\/li>\n<li>Mestrando(a): Ant\u00f4nio Jos\u00e9 Dias Vieira<\/li>\n<li>Orientador: FL\u00c1VIO GILBERTO HERTER<\/li>\n<li><a href=\"https:\/\/wp.ufpel.edu.br\/fisiologiavegetal\/files\/2017\/06\/0c6f207b98.pdf\">Download<\/a><\/li>\n<\/ul>\n<p>&nbsp;<\/p>\n","protected":false},"excerpt":{"rendered":"<p>2007 DISSERTA\u00c7\u00d5ES &nbsp; T\u00edtulo: GERMINA\u00c7\u00c3O, VIGOR DE SEMENTES E CRESCIMENTO DE PL\u00c2NTULAS DE TOMATEIRO SOB DIFERENTES CONDI\u00c7\u00d5ES NUTRICIONAIS Mestrando(a): TATIANA RAQUEL L\u00d6WE Orientador: DARIO MUNT DE MORAES Download &nbsp; T\u00edtulo: PROPAGA\u00c7\u00c3O IN VITRO e CARACTERIZA\u00c7\u00c3O MOLECULAR DE GEN\u00d3TIPOS DO G\u00caNERO Alternanthera Mestrando(a): S\u00cdLVIA RUBIN Orientador: EUGENIA JACIRA BOLACEL BRAGA Download &nbsp; T\u00edtulo: QUALIDADE DE SEMENTES [&hellip;]<\/p>\n","protected":false},"author":20,"featured_media":0,"parent":0,"menu_order":0,"comment_status":"closed","ping_status":"closed","template":"","meta":{"jetpack_post_was_ever_published":false,"footnotes":""},"class_list":["post-26","page","type-page","status-publish","hentry","post"],"jetpack_sharing_enabled":true,"jetpack_shortlink":"https:\/\/wp.me\/P8OIzg-q","_links":{"self":[{"href":"https:\/\/wp.ufpel.edu.br\/fisiologiavegetal\/wp-json\/wp\/v2\/pages\/26","targetHints":{"allow":["GET"]}}],"collection":[{"href":"https:\/\/wp.ufpel.edu.br\/fisiologiavegetal\/wp-json\/wp\/v2\/pages"}],"about":[{"href":"https:\/\/wp.ufpel.edu.br\/fisiologiavegetal\/wp-json\/wp\/v2\/types\/page"}],"author":[{"embeddable":true,"href":"https:\/\/wp.ufpel.edu.br\/fisiologiavegetal\/wp-json\/wp\/v2\/users\/20"}],"replies":[{"embeddable":true,"href":"https:\/\/wp.ufpel.edu.br\/fisiologiavegetal\/wp-json\/wp\/v2\/comments?post=26"}],"version-history":[{"count":10,"href":"https:\/\/wp.ufpel.edu.br\/fisiologiavegetal\/wp-json\/wp\/v2\/pages\/26\/revisions"}],"predecessor-version":[{"id":191,"href":"https:\/\/wp.ufpel.edu.br\/fisiologiavegetal\/wp-json\/wp\/v2\/pages\/26\/revisions\/191"}],"wp:attachment":[{"href":"https:\/\/wp.ufpel.edu.br\/fisiologiavegetal\/wp-json\/wp\/v2\/media?parent=26"}],"curies":[{"name":"wp","href":"https:\/\/api.w.org\/{rel}","templated":true}]}}