{"id":240,"date":"2017-06-07T11:24:31","date_gmt":"2017-06-07T14:24:31","guid":{"rendered":"https:\/\/wp.ufpel.edu.br\/fisiologiavegetal\/?page_id=240"},"modified":"2025-12-11T09:35:47","modified_gmt":"2025-12-11T12:35:47","slug":"linhas-de-pesquisa","status":"publish","type":"page","link":"https:\/\/wp.ufpel.edu.br\/fisiologiavegetal\/linhas-de-pesquisa\/","title":{"rendered":"Linhas de Pesquisa"},"content":{"rendered":"<h3><strong><i>1- Fisiologia da intera\u00e7\u00e3o planta-ambiente\u00a0<\/i>\u00a0<\/strong><\/h3>\n<p><span data-contrast=\"auto\">Nessa linha de pesquisa fazem parte os projetos relacionados aos aspectos fisiol\u00f3gicos das intera\u00e7\u00f5es das plantas com seu ambiente, considerando fatores abi\u00f3ticos e bi\u00f3ticos, e suas eventuais inter-rela\u00e7\u00f5es. Nesse contexto, s\u00e3o de especial interesse os efeitos causados por varia\u00e7\u00f5es do ambiente que ameacem a sobreviv\u00eancia e\/ou limitem o desenvolvimento das plantas, e que sejam fontes de variabilidade fenot\u00edpica.\u00a0 Por meio de diferentes t\u00e9cnicas de investiga\u00e7\u00e3o envolvendo os n\u00edveis molecular, metab\u00f3lico e fisiol\u00f3gico, busca-se aqui desvendar os processos subjacentes aos mecanismos de resist\u00eancia e\/ou toler\u00e2ncia para a manuten\u00e7\u00e3o da homeostase das plantas, e as eventuais altera\u00e7\u00f5es fenot\u00edpicas.\u00a0\u00a0<\/span><span data-ccp-props=\"{&quot;201341983&quot;:0,&quot;335551550&quot;:6,&quot;335551620&quot;:6,&quot;335559740&quot;:276}\">\u00a0<\/span><\/p>\n<p><span data-contrast=\"auto\">Palavras-chave: fisiologia do estresse, comunica\u00e7\u00e3o, sinaliza\u00e7\u00e3o, plasticidade fenot\u00edpica, metabolismo, biologia molecular e de sistemas.<\/span><span data-ccp-props=\"{&quot;201341983&quot;:0,&quot;335551550&quot;:6,&quot;335551620&quot;:6,&quot;335559740&quot;:276}\">\u00a0<\/span><\/p>\n<p style=\"text-align: justify;\"><strong>Professores que orientam nesta linha de pesquisa:<\/strong><\/p>\n<p style=\"text-align: justify;\"><a href=\"http:\/\/lattes.cnpq.br\/7705049074927773\">Eugenia Jacira Bolacel Braga<\/a><\/p>\n<p><a href=\"http:\/\/lattes.cnpq.br\/3664441705741783\">Gustavo Maia Souza<\/a><\/p>\n<p><a href=\"http:\/\/lattes.cnpq.br\/0414217126348513\">J\u00fanior Borella<\/a><\/p>\n<p><a href=\"http:\/\/lattes.cnpq.br\/2414061342279670\">Luciano do Amarante<\/a><\/p>\n<p><a href=\"http:\/\/lattes.cnpq.br\/2709996475824679\">Marcelo Nogueira do Amaral<\/a><\/p>\n<p><a href=\"http:\/\/lattes.cnpq.br\/2006105552305950\">Marcelo dos Santos Silva<\/a> (colaborador)<\/p>\n<p><a href=\"http:\/\/lattes.cnpq.br\/9778741221243155\">Marcos Antonio Baccarin (colaborador)<\/a><\/p>\n<p><a href=\"http:\/\/lattes.cnpq.br\/0884712531887046\">Raul Antonio Sperotto<\/a><\/p>\n<p style=\"text-align: justify;\"><a href=\"http:\/\/lattes.cnpq.br\/9373170196787637\">Valmor Jo\u00e3o Bianchi<\/a><\/p>\n<p style=\"text-align: justify;\"><a href=\"http:\/\/lattes.cnpq.br\/0681826427201399\">Vanessa Galli<\/a><\/p>\n<p>&nbsp;<\/p>\n<h3><i><span data-contrast=\"auto\">2- Fisiologia aplicada \u00e0 produ\u00e7\u00e3o, conserva\u00e7\u00e3o e uso sustent\u00e1vel de recursos vegetais\u00a0<\/span><\/i><span data-ccp-props=\"{&quot;201341983&quot;:0,&quot;335551550&quot;:6,&quot;335551620&quot;:6,&quot;335559740&quot;:276}\">\u00a0<\/span><\/h3>\n<p><span data-contrast=\"auto\">Atentos \u00e0s mudan\u00e7as clim\u00e1ticas e aumento da demanda global por alimentos, essa linha tem como foco pesquisas voltadas \u00e0 compreens\u00e3o dos fatores que interferem na propaga\u00e7\u00e3o e no crescimento de plantas cultiv\u00e1veis (i.e., plantas tradicionalmente j\u00e1 cultivadas e plantas de diferentes origens que s\u00e3o potencialmente cultiv\u00e1veis para m\u00faltiplos usos), visando a produ\u00e7\u00e3o sustent\u00e1vel e conserva\u00e7\u00e3o de recursos vegetais.\u00a0\u00a0<\/span><span data-ccp-props=\"{&quot;201341983&quot;:0,&quot;335551550&quot;:6,&quot;335551620&quot;:6,&quot;335559740&quot;:276}\"> <span class=\"TextRun SCXW48641167 BCX0\" lang=\"PT-BR\" xml:lang=\"PT-BR\" data-contrast=\"auto\"><span class=\"NormalTextRun SCXW48641167 BCX0\">Para isso, os projetos exploram elementos para a constru\u00e7\u00e3o de modelos produtivos mais eficientes visando o uso eficiente de recursos naturais, bem como suas interrela\u00e7\u00f5es com aspectos do manejo determinantes da produtividade.\u00a0<\/span><\/span><\/span><\/p>\n<p><span class=\"TextRun SCXW66780543 BCX0\" lang=\"PT-BR\" xml:lang=\"PT-BR\" data-contrast=\"auto\"><span class=\"NormalTextRun SCXW66780543 BCX0\">Palavras-chave: nutri\u00e7\u00e3o e aduba\u00e7\u00e3o de plantas, prospec\u00e7\u00e3o e desenvolvimento de novos\u00a0<\/span><span class=\"NormalTextRun SpellingErrorV2Themed SCXW66780543 BCX0\">bio-insumos<\/span><span class=\"NormalTextRun SCXW66780543 BCX0\">, fisiologia de sementes, elicita\u00e7\u00e3o de respostas protetivas, fitorremedia\u00e7\u00e3o, conserva\u00e7\u00e3o de recursos gen\u00e9ticos.\u00a0\u00a0<\/span><\/span><span class=\"EOP SCXW66780543 BCX0\" data-ccp-props=\"{&quot;201341983&quot;:0,&quot;335551550&quot;:6,&quot;335551620&quot;:6,&quot;335559740&quot;:276}\">\u00a0<\/span><\/p>\n<p style=\"text-align: justify;\"><strong>Professores que orientam nesta linha de pesquisa:<\/strong><\/p>\n<p style=\"text-align: justify;\"><a href=\"http:\/\/lattes.cnpq.br\/7705049074927773\">Eugenia Jacira Bolacel Braga<\/a><\/p>\n<p><a href=\"http:\/\/lattes.cnpq.br\/5235553101072050\">Germani Concen\u00e7o (colaborador)<\/a><\/p>\n<p><a href=\"http:\/\/lattes.cnpq.br\/7068605948014565\">Gustavo Heiden<\/a><\/p>\n<p style=\"text-align: justify;\"><a href=\"http:\/\/lattes.cnpq.br\/3664441705741783\">Gustavo Maia Souza<\/a><\/p>\n<p><a href=\"http:\/\/lattes.cnpq.br\/9728029816153245\">Jo\u00e3o Iganci<\/a><\/p>\n<p><a href=\"http:\/\/lattes.cnpq.br\/2936532510261157\">Marcelo Barbosa Malgarim<\/a> (colaborador)<\/p>\n<p style=\"text-align: justify;\"><a href=\"http:\/\/lattes.cnpq.br\/4496821106580866\">Mar\u00edlia Shibata<\/a><\/p>\n<p><a href=\"http:\/\/lattes.cnpq.br\/5245663326931142\">Luis Antonio Avila<\/a><\/p>\n<p><a href=\"http:\/\/lattes.cnpq.br\/0884712531887046\">Raul Antonio Sperotto<\/a><\/p>\n<p><a href=\"http:\/\/lattes.cnpq.br\/2692598960834326\">Sidnei Deuner<\/a><\/p>\n<p><a href=\"http:\/\/lattes.cnpq.br\/9373170196787637\">Valmor Jo\u00e3o Bianchi<\/a><\/p>\n<p>&nbsp;<\/p>\n","protected":false},"excerpt":{"rendered":"<p>1- Fisiologia da intera\u00e7\u00e3o planta-ambiente\u00a0\u00a0 Nessa linha de pesquisa fazem parte os projetos relacionados aos aspectos fisiol\u00f3gicos das intera\u00e7\u00f5es das plantas com seu ambiente, considerando fatores abi\u00f3ticos e bi\u00f3ticos, e suas eventuais inter-rela\u00e7\u00f5es. Nesse contexto, s\u00e3o de especial interesse os efeitos causados por varia\u00e7\u00f5es do ambiente que ameacem a sobreviv\u00eancia e\/ou limitem o desenvolvimento das [&hellip;]<\/p>\n","protected":false},"author":20,"featured_media":0,"parent":0,"menu_order":0,"comment_status":"closed","ping_status":"closed","template":"","meta":{"jetpack_post_was_ever_published":false,"footnotes":""},"class_list":["post-240","page","type-page","status-publish","hentry","post"],"jetpack_sharing_enabled":true,"jetpack_shortlink":"https:\/\/wp.me\/P8OIzg-3S","_links":{"self":[{"href":"https:\/\/wp.ufpel.edu.br\/fisiologiavegetal\/wp-json\/wp\/v2\/pages\/240","targetHints":{"allow":["GET"]}}],"collection":[{"href":"https:\/\/wp.ufpel.edu.br\/fisiologiavegetal\/wp-json\/wp\/v2\/pages"}],"about":[{"href":"https:\/\/wp.ufpel.edu.br\/fisiologiavegetal\/wp-json\/wp\/v2\/types\/page"}],"author":[{"embeddable":true,"href":"https:\/\/wp.ufpel.edu.br\/fisiologiavegetal\/wp-json\/wp\/v2\/users\/20"}],"replies":[{"embeddable":true,"href":"https:\/\/wp.ufpel.edu.br\/fisiologiavegetal\/wp-json\/wp\/v2\/comments?post=240"}],"version-history":[{"count":4,"href":"https:\/\/wp.ufpel.edu.br\/fisiologiavegetal\/wp-json\/wp\/v2\/pages\/240\/revisions"}],"predecessor-version":[{"id":1755,"href":"https:\/\/wp.ufpel.edu.br\/fisiologiavegetal\/wp-json\/wp\/v2\/pages\/240\/revisions\/1755"}],"wp:attachment":[{"href":"https:\/\/wp.ufpel.edu.br\/fisiologiavegetal\/wp-json\/wp\/v2\/media?parent=240"}],"curies":[{"name":"wp","href":"https:\/\/api.w.org\/{rel}","templated":true}]}}