{"id":237,"date":"2017-06-07T11:22:30","date_gmt":"2017-06-07T14:22:30","guid":{"rendered":"https:\/\/wp.ufpel.edu.br\/fisiologiavegetal\/?page_id=237"},"modified":"2026-01-30T09:26:28","modified_gmt":"2026-01-30T12:26:28","slug":"historico","status":"publish","type":"page","link":"https:\/\/wp.ufpel.edu.br\/fisiologiavegetal\/historico\/","title":{"rendered":"Hist\u00f3rico"},"content":{"rendered":"<p>O Programa de P\u00f3s-Gradua\u00e7\u00e3o em Fisiologia Vegetal stricto sensu foi criado em 1995 com o objetivo de apoiar as pesquisas concernentes \u00e0s inter-rela\u00e7\u00f5es de fatores do metabolismo, crescimento e desenvolvimento de esp\u00e9cies vegetais. A inexist\u00eancia, na \u00e9poca, de cursos em n\u00edvel de mestrado na \u00e1rea, possibilitou a implementa\u00e7\u00e3o de um polo de pesquisa visando \u00e0 capacita\u00e7\u00e3o qualificada de recursos humanos engajados, tanto no ensino, como na pesquisa dos aspectos fisiol\u00f3gicos de plantas. A consolida\u00e7\u00e3o das linhas de pesquisas em Fisiologia Vegetal e a forma\u00e7\u00e3o de um centro de excel\u00eancia no estado do Rio Grande do Sul proporcionaram, desde ent\u00e3o, estudos relevantes para o desenvolvimento do agroneg\u00f3cio da regi\u00e3o Sul do Brasil.<\/p>\n<p>Como consequ\u00eancia da boa aceita\u00e7\u00e3o do curso, em n\u00edvel de Mestrado, o programa foi ampliado em 2004, com a institui\u00e7\u00e3o do grau de Doutorado. Durante o per\u00edodo de funcionamento do programa foram titulados 111 Mestres e 20 Doutores. Atualmente, est\u00e3o matriculados 35 discentes, sendo 16 em n\u00edvel de Mestrado e 21 em n\u00edvel de Doutorado.<\/p>\n<p>Desde o in\u00edcio das atividades do Programa de P\u00f3s-Gradua\u00e7\u00e3o em Fisiologia Vegetal existe intera\u00e7\u00e3o e coopera\u00e7\u00e3o com o Centro de Pesquisa Agropecu\u00e1ria de Clima Temperado &#8211; CPACT, atrav\u00e9s de conv\u00eanio firmado entre a EMBRAPA e a UFPel no ano de 1995, possibilitando o interc\u00e2mbio de recursos humanos e cient\u00edficos visando o desenvolvimento de pesquisas de ponta na \u00e1rea da fisiologia vegetal. Conv\u00e9m salientar que o Programa conta com o apoio da CAPES e CNPq, quanto ao fornecimento de bolsas de estudos.<\/p>\n<h3>Na avalia\u00e7\u00e3o quadrienal (2021-2024) o PPGFV recebeu o <strong>CONCEITO 5<\/strong> da CAPES.<\/h3>\n<p>&nbsp;<\/p>\n","protected":false},"excerpt":{"rendered":"<p>O Programa de P\u00f3s-Gradua\u00e7\u00e3o em Fisiologia Vegetal stricto sensu foi criado em 1995 com o objetivo de apoiar as pesquisas concernentes \u00e0s inter-rela\u00e7\u00f5es de fatores do metabolismo, crescimento e desenvolvimento de esp\u00e9cies vegetais. A inexist\u00eancia, na \u00e9poca, de cursos em n\u00edvel de mestrado na \u00e1rea, possibilitou a implementa\u00e7\u00e3o de um polo de pesquisa visando \u00e0 [&hellip;]<\/p>\n","protected":false},"author":20,"featured_media":0,"parent":0,"menu_order":0,"comment_status":"closed","ping_status":"closed","template":"","meta":{"jetpack_post_was_ever_published":false,"footnotes":""},"class_list":["post-237","page","type-page","status-publish","hentry","post"],"jetpack_sharing_enabled":true,"jetpack_shortlink":"https:\/\/wp.me\/P8OIzg-3P","_links":{"self":[{"href":"https:\/\/wp.ufpel.edu.br\/fisiologiavegetal\/wp-json\/wp\/v2\/pages\/237","targetHints":{"allow":["GET"]}}],"collection":[{"href":"https:\/\/wp.ufpel.edu.br\/fisiologiavegetal\/wp-json\/wp\/v2\/pages"}],"about":[{"href":"https:\/\/wp.ufpel.edu.br\/fisiologiavegetal\/wp-json\/wp\/v2\/types\/page"}],"author":[{"embeddable":true,"href":"https:\/\/wp.ufpel.edu.br\/fisiologiavegetal\/wp-json\/wp\/v2\/users\/20"}],"replies":[{"embeddable":true,"href":"https:\/\/wp.ufpel.edu.br\/fisiologiavegetal\/wp-json\/wp\/v2\/comments?post=237"}],"version-history":[{"count":3,"href":"https:\/\/wp.ufpel.edu.br\/fisiologiavegetal\/wp-json\/wp\/v2\/pages\/237\/revisions"}],"predecessor-version":[{"id":1765,"href":"https:\/\/wp.ufpel.edu.br\/fisiologiavegetal\/wp-json\/wp\/v2\/pages\/237\/revisions\/1765"}],"wp:attachment":[{"href":"https:\/\/wp.ufpel.edu.br\/fisiologiavegetal\/wp-json\/wp\/v2\/media?parent=237"}],"curies":[{"name":"wp","href":"https:\/\/api.w.org\/{rel}","templated":true}]}}