{"id":198,"date":"2017-06-02T09:41:16","date_gmt":"2017-06-02T12:41:16","guid":{"rendered":"https:\/\/wp.ufpel.edu.br\/fisiologiavegetal\/?page_id=198"},"modified":"2018-06-04T17:38:13","modified_gmt":"2018-06-04T20:38:13","slug":"dissertacoes-e-teses-2017-2020","status":"publish","type":"page","link":"https:\/\/wp.ufpel.edu.br\/fisiologiavegetal\/dissertacoes-e-teses-2017-2020\/","title":{"rendered":"Disserta\u00e7\u00f5es e Teses 2017 &#8211; 2020"},"content":{"rendered":"<h1>2018<\/h1>\n<h2>DISSERTA\u00c7\u00d5ES<\/h2>\n<ul>\n<li>T\u00edtulo: RESPOSTAS FISIOL\u00d3GICAS E BIOQU\u00cdMICAS DE PLANTAS DE FEIJ\u00c3O (<em>PHASEOLUS VULGARIS <\/em>L.) SUBMETIDAS AO ALAGAMENTO.<\/li>\n<li>Mestrando (a): Douglas Ant\u00f4nio Posso<\/li>\n<li>Orientador: Marcos Ant\u00f4nio Bacarin<\/li>\n<li>Download:\u00a0<a href=\"https:\/\/wp.ufpel.edu.br\/fisiologiavegetal\/files\/2018\/04\/Resumo-1.docx\">Resumo<\/a><\/li>\n<\/ul>\n<h2>TESES<\/h2>\n<ul>\n<li><strong>T\u00edtulo: <\/strong>Altera\u00e7\u00f5es na express\u00e3o de genes da rota de bioss\u00edntese de glicos\u00eddeos de esteviol e no conte\u00fado de compostos bioativos induzidos por elicitores em <em>Stevia rebaudina<\/em> Bertoni (Asteraceae).<\/li>\n<li>Doutoranda: Simone Ribeiro Lucho<\/li>\n<li>Orientadora: Eugenia Jacira Bolacel Braga<\/li>\n<li><a href=\"https:\/\/wp.ufpel.edu.br\/fisiologiavegetal\/files\/2018\/06\/RESUMO-SIMONE.pdf\">RESUMO<\/a><\/li>\n<\/ul>\n<h1>2017<\/h1>\n<h2>DISSERTA\u00c7\u00d5ES<\/h2>\n<p>&nbsp;<\/p>\n<ul>\n<li>T\u00edtulo: CRIOCONSERVA\u00c7\u00c3O <em>IN VITRO<\/em> DE BATATA-DOCE<\/li>\n<li>Mestrando(a): Daniele de Souza Masiero<\/li>\n<li>Orientador: Leonardo Ferreira Dutra<\/li>\n<li>Download:\u00a0<a href=\"https:\/\/wp.ufpel.edu.br\/fisiologiavegetal\/files\/2017\/12\/Resumo.pdf\">Resumo<\/a><\/li>\n<\/ul>\n<p>&nbsp;<\/p>\n<ul>\n<li>T\u00edtulo:\u00a0CONDICIONAMENTO DE SEMENTES DE ARROZ COM EXTRATO DE CENOURA<\/li>\n<li>Mestrando(a): Sheila Bigolin Teixeira<\/li>\n<li>Orientador: Sidnei Deuner<\/li>\n<li>Download:\u00a0<a href=\"https:\/\/wp.ufpel.edu.br\/fisiologiavegetal\/files\/2017\/12\/Resumo-1.pdf\">Resumo<\/a><\/li>\n<\/ul>\n<p>&nbsp;<\/p>\n<ul>\n<li>T\u00edtulo:\u00a0INFLU\u00caNCIA DA ELEVADA CONCENTRA\u00c7\u00c3O DE CO2 ATMOSF\u00c9RICO NAS RESPOSTAS FISIOL\u00d3GICAS DE PLANTAS DE SOJA SUBMETIDAS AO D\u00c9FICIT H\u00cdDRICO<\/li>\n<li>Mestrando (a): Roberta Bartz Kneib<\/li>\n<li>Orientador: Gustavo Maia Souza<\/li>\n<li>Download:\u00a0<a href=\"https:\/\/wp.ufpel.edu.br\/fisiologiavegetal\/files\/2018\/03\/Resumo.pdf\">Resumo<\/a><\/li>\n<\/ul>\n<h2>TESES<\/h2>\n<p>&nbsp;<\/p>\n<ul>\n<li>T\u00edtulo:\u00a0ASPECTOS FISIOL\u00d3GICOS E MORFOM\u00c9TRICOS DE GEN\u00d3TIPOS DE ARROZ\u00a0EM RESPOSTA AO ESTRESSE T\u00c9RMICO<\/li>\n<li>Doutorando(a): Diogo da Silva Moura<\/li>\n<li>Orientador: Sidnei Deuner<\/li>\n<li>Download:\u00a0<a href=\"https:\/\/wp.ufpel.edu.br\/fisiologiavegetal\/files\/2018\/01\/Resumo-1.pdf\">Resumo<\/a><\/li>\n<\/ul>\n<p>&nbsp;<\/p>\n<p>&nbsp;<\/p>\n<ul>\n<li>T\u00edtulo: ALTERA\u00c7\u00d5ES FISIOL\u00d3GICAS E BIOQU\u00cdMICAS EM PLANTAS\u00a0DE SOJA SUBMETIDAS \u00c0 TOXIDEZ POR FERRO EM\u00a0CONDI\u00c7\u00d5ES DE NORM\u00d3XIA E HIP\u00d3XIA<\/li>\n<li>Doutorando(a): Dominique dos Santos Delias<\/li>\n<li>Orientador: Luciano do Amarante<\/li>\n<li>Download:\u00a0<a href=\"https:\/\/wp.ufpel.edu.br\/fisiologiavegetal\/files\/2017\/12\/Resumo-2.pdf\">Resumo<\/a><\/li>\n<\/ul>\n<p>&nbsp;<\/p>\n<ul>\n<li>T\u00edtulo:\u00a0ESTRESSE POR BAIXA TEMPERATURA EM ARROZ: ASPECTOS\u00a0MOLECULARES, BIOQU\u00cdMICOS E FISIOL\u00d3GICOS<\/li>\n<li>Doutorando(a):Gabriela Peres de Moraes<\/li>\n<li>Orientador: Eugenia Jacira Bolacel Braga<\/li>\n<li>Download:\u00a0<a href=\"https:\/\/wp.ufpel.edu.br\/fisiologiavegetal\/files\/2017\/12\/Resumo-3.pdf\">Resumo<\/a><\/li>\n<\/ul>\n<p>&nbsp;<\/p>\n<ul>\n<li>T\u00edtulo: GEN\u00d3TIPOS DE SOJA SOB CONDI\u00c7\u00d5ES DE HIP\u00d3XIA: DESEMPENHO GERMINATIVO E ALTERA\u00c7\u00d5ES FISIOL\u00d3GICAS E BIOQU\u00cdMICAS<\/li>\n<li>Doutorando(a): Kassia Luiza Teixeira Cocco<\/li>\n<li>Orientador: Luciano do Amarante<\/li>\n<li>Download:\u00a0<a href=\"https:\/\/wp.ufpel.edu.br\/fisiologiavegetal\/files\/2018\/01\/Resumo.pdf\">Resumo<\/a><\/li>\n<\/ul>\n<p>&nbsp;<\/p>\n<ul>\n<li>T\u00edtulo: CONSERVA\u00c7\u00c3O\u00a0<em>IN VITRO <\/em>DE MORANGUEIRO VIA CRESCIMENTO LENTO E CRIOPRESERVA\u00c7\u00c3O<\/li>\n<li>Doutorando(a): Liana Viviam Ferreira<\/li>\n<li>Orientador: Leonardo Ferreira Dutra<\/li>\n<li>Download:\u00a0<a href=\"https:\/\/wp.ufpel.edu.br\/fisiologiavegetal\/files\/2017\/12\/Resumo-4.pdf\">Resumo<\/a><\/li>\n<\/ul>\n<p>&nbsp;<\/p>\n<ul>\n<li>T\u00edtulo: AN\u00c1LISE FISIOL\u00d3GICA, NUTRICIONAL E DE EXPRESS\u00c3O G\u00caNICA EM CULTIVARES DE AVEIA-BRANCA SUBMETIDAS AO EXCESSO DE FERRO<\/li>\n<li>Doutorando(a): Nat\u00e1lia Dias Gomes da Silva<\/li>\n<li>Orientador: Valmor Jo\u00e3o Bianchi<\/li>\n<li>Download:\u00a0<a href=\"https:\/\/wp.ufpel.edu.br\/fisiologiavegetal\/files\/2017\/12\/resumo.pdf\">resumo<\/a><\/li>\n<\/ul>\n<p>&nbsp;<\/p>\n<ul>\n<li>T\u00edtulo:\u00a0DESEMPENHO FISIOL\u00d3GICO DAS FORRAGEIRAS CORNICH\u00c3O E TREVO<br \/>\nVERMELHO EM FUN\u00c7\u00c3O DO CONTROLE QU\u00cdMICO<\/li>\n<li>Doutorando(a): Nat\u00e1lia Silveira<\/li>\n<li>Orientador: Dario Munt de Moraes<\/li>\n<li>Download:\u00a0<a href=\"https:\/\/wp.ufpel.edu.br\/fisiologiavegetal\/files\/2017\/12\/resumo-1.pdf\">resumo<\/a><\/li>\n<\/ul>\n","protected":false},"excerpt":{"rendered":"<p>2018 DISSERTA\u00c7\u00d5ES T\u00edtulo: RESPOSTAS FISIOL\u00d3GICAS E BIOQU\u00cdMICAS DE PLANTAS DE FEIJ\u00c3O (PHASEOLUS VULGARIS L.) SUBMETIDAS AO ALAGAMENTO. Mestrando (a): Douglas Ant\u00f4nio Posso Orientador: Marcos Ant\u00f4nio Bacarin Download:\u00a0Resumo TESES T\u00edtulo: Altera\u00e7\u00f5es na express\u00e3o de genes da rota de bioss\u00edntese de glicos\u00eddeos de esteviol e no conte\u00fado de compostos bioativos induzidos por elicitores em Stevia rebaudina Bertoni [&hellip;]<\/p>\n","protected":false},"author":20,"featured_media":0,"parent":0,"menu_order":0,"comment_status":"closed","ping_status":"closed","template":"","meta":{"jetpack_post_was_ever_published":false,"footnotes":""},"class_list":["post-198","page","type-page","status-publish","hentry","post"],"jetpack_sharing_enabled":true,"jetpack_shortlink":"https:\/\/wp.me\/P8OIzg-3c","_links":{"self":[{"href":"https:\/\/wp.ufpel.edu.br\/fisiologiavegetal\/wp-json\/wp\/v2\/pages\/198","targetHints":{"allow":["GET"]}}],"collection":[{"href":"https:\/\/wp.ufpel.edu.br\/fisiologiavegetal\/wp-json\/wp\/v2\/pages"}],"about":[{"href":"https:\/\/wp.ufpel.edu.br\/fisiologiavegetal\/wp-json\/wp\/v2\/types\/page"}],"author":[{"embeddable":true,"href":"https:\/\/wp.ufpel.edu.br\/fisiologiavegetal\/wp-json\/wp\/v2\/users\/20"}],"replies":[{"embeddable":true,"href":"https:\/\/wp.ufpel.edu.br\/fisiologiavegetal\/wp-json\/wp\/v2\/comments?post=198"}],"version-history":[{"count":22,"href":"https:\/\/wp.ufpel.edu.br\/fisiologiavegetal\/wp-json\/wp\/v2\/pages\/198\/revisions"}],"predecessor-version":[{"id":659,"href":"https:\/\/wp.ufpel.edu.br\/fisiologiavegetal\/wp-json\/wp\/v2\/pages\/198\/revisions\/659"}],"wp:attachment":[{"href":"https:\/\/wp.ufpel.edu.br\/fisiologiavegetal\/wp-json\/wp\/v2\/media?parent=198"}],"curies":[{"name":"wp","href":"https:\/\/api.w.org\/{rel}","templated":true}]}}