{"id":1343,"date":"2023-11-24T12:10:36","date_gmt":"2023-11-24T15:10:36","guid":{"rendered":"https:\/\/wp.ufpel.edu.br\/fisiologiavegetal\/?page_id=1343"},"modified":"2023-11-25T17:50:31","modified_gmt":"2023-11-25T20:50:31","slug":"localizacao","status":"publish","type":"page","link":"https:\/\/wp.ufpel.edu.br\/fisiologiavegetal\/localizacao\/","title":{"rendered":"Localiza\u00e7\u00e3o"},"content":{"rendered":"<p>Campus Universit\u00e1rio, S\/N &#8211; Cap\u00e3o do Le\u00e3o, RS<\/p>\n<p>CEP: 96160-000<\/p>\n<p><a href=\"https:\/\/wp.ufpel.edu.br\/fisiologiavegetal\/files\/2023\/11\/fachada-13-1-1.jpg\"><img loading=\"lazy\" decoding=\"async\" class=\"alignnone size-medium wp-image-1425\" src=\"https:\/\/wp.ufpel.edu.br\/fisiologiavegetal\/files\/2023\/11\/fachada-13-1-1-400x225.jpg\" alt=\"\" width=\"400\" height=\"225\" srcset=\"https:\/\/wp.ufpel.edu.br\/fisiologiavegetal\/files\/2023\/11\/fachada-13-1-1-400x225.jpg 400w, https:\/\/wp.ufpel.edu.br\/fisiologiavegetal\/files\/2023\/11\/fachada-13-1-1-1024x576.jpg 1024w, https:\/\/wp.ufpel.edu.br\/fisiologiavegetal\/files\/2023\/11\/fachada-13-1-1-768x432.jpg 768w, https:\/\/wp.ufpel.edu.br\/fisiologiavegetal\/files\/2023\/11\/fachada-13-1-1.jpg 1182w\" sizes=\"auto, (max-width: 400px) 100vw, 400px\" \/><\/a><\/p>\n","protected":false},"excerpt":{"rendered":"<p>Campus Universit\u00e1rio, S\/N &#8211; Cap\u00e3o do Le\u00e3o, RS CEP: 96160-000<\/p>\n","protected":false},"author":407,"featured_media":0,"parent":0,"menu_order":0,"comment_status":"closed","ping_status":"closed","template":"","meta":{"jetpack_post_was_ever_published":false,"footnotes":""},"class_list":["post-1343","page","type-page","status-publish","hentry","post"],"jetpack_sharing_enabled":true,"jetpack_shortlink":"https:\/\/wp.me\/P8OIzg-lF","_links":{"self":[{"href":"https:\/\/wp.ufpel.edu.br\/fisiologiavegetal\/wp-json\/wp\/v2\/pages\/1343","targetHints":{"allow":["GET"]}}],"collection":[{"href":"https:\/\/wp.ufpel.edu.br\/fisiologiavegetal\/wp-json\/wp\/v2\/pages"}],"about":[{"href":"https:\/\/wp.ufpel.edu.br\/fisiologiavegetal\/wp-json\/wp\/v2\/types\/page"}],"author":[{"embeddable":true,"href":"https:\/\/wp.ufpel.edu.br\/fisiologiavegetal\/wp-json\/wp\/v2\/users\/407"}],"replies":[{"embeddable":true,"href":"https:\/\/wp.ufpel.edu.br\/fisiologiavegetal\/wp-json\/wp\/v2\/comments?post=1343"}],"version-history":[{"count":5,"href":"https:\/\/wp.ufpel.edu.br\/fisiologiavegetal\/wp-json\/wp\/v2\/pages\/1343\/revisions"}],"predecessor-version":[{"id":1420,"href":"https:\/\/wp.ufpel.edu.br\/fisiologiavegetal\/wp-json\/wp\/v2\/pages\/1343\/revisions\/1420"}],"wp:attachment":[{"href":"https:\/\/wp.ufpel.edu.br\/fisiologiavegetal\/wp-json\/wp\/v2\/media?parent=1343"}],"curies":[{"name":"wp","href":"https:\/\/api.w.org\/{rel}","templated":true}]}}