{"id":1338,"date":"2023-11-24T12:10:36","date_gmt":"2023-11-24T15:10:36","guid":{"rendered":"https:\/\/wp.ufpel.edu.br\/fisiologiavegetal\/?page_id=1338"},"modified":"2023-11-28T13:53:08","modified_gmt":"2023-11-28T16:53:08","slug":"grupos-de-pesquisa","status":"publish","type":"page","link":"https:\/\/wp.ufpel.edu.br\/fisiologiavegetal\/grupos-de-pesquisa\/","title":{"rendered":"Grupos de Pesquisa"},"content":{"rendered":"<h3><strong>Laborat\u00f3rio de Cultura de Tecidos de Plantas (LCTP)<\/strong><\/h3>\n<p>Coordena\u00e7\u00e3o: Professora Doutora Eugenia Jacira Bolacel Braga e professor Doutor Valmor Bianchi.<\/p>\n<p><a href=\"https:\/\/instagram.com\/lctp_ufpel?igshid=NGVhN2U2NjQ0Yg==\"><img loading=\"lazy\" decoding=\"async\" class=\"alignnone size-medium wp-image-1439\" src=\"https:\/\/wp.ufpel.edu.br\/fisiologiavegetal\/files\/2023\/11\/LCTP-logo-400x202.png\" alt=\"\" width=\"400\" height=\"202\" srcset=\"https:\/\/wp.ufpel.edu.br\/fisiologiavegetal\/files\/2023\/11\/LCTP-logo-400x202.png 400w, https:\/\/wp.ufpel.edu.br\/fisiologiavegetal\/files\/2023\/11\/LCTP-logo.png 482w\" sizes=\"auto, (max-width: 400px) 100vw, 400px\" \/><\/a><\/p>\n<h3><strong>Laborat\u00f3rio de Cogni\u00e7\u00e3o e Eletrofisiologia Vegetal (LACEV)<\/strong><\/h3>\n<p>Coordena\u00e7\u00e3o: Professor Doutor Gustavo Maia Souza.<\/p>\n<p><a href=\"https:\/\/wp.ufpel.edu.br\/lacev\/\"><img loading=\"lazy\" decoding=\"async\" class=\"alignnone size-full wp-image-1440\" src=\"https:\/\/wp.ufpel.edu.br\/fisiologiavegetal\/files\/2023\/11\/download.png\" alt=\"\" width=\"225\" height=\"225\" srcset=\"https:\/\/wp.ufpel.edu.br\/fisiologiavegetal\/files\/2023\/11\/download.png 225w, https:\/\/wp.ufpel.edu.br\/fisiologiavegetal\/files\/2023\/11\/download-200x200.png 200w\" sizes=\"auto, (max-width: 225px) 100vw, 225px\" \/><\/a><\/p>\n<p>&nbsp;<\/p>\n<p>Projetos de Extens\u00e3o: Vegetando<\/p>\n<p><a href=\"https:\/\/instagram.com\/vegetando.lacev?igshid=NGVhN2U2NjQ0Yg==\"><img loading=\"lazy\" decoding=\"async\" class=\"alignnone wp-image-1505 size-thumbnail\" src=\"https:\/\/wp.ufpel.edu.br\/fisiologiavegetal\/files\/2023\/11\/image-removebg-preview-34-1-200x200.png\" alt=\"\" width=\"200\" height=\"200\" srcset=\"https:\/\/wp.ufpel.edu.br\/fisiologiavegetal\/files\/2023\/11\/image-removebg-preview-34-1-200x200.png 200w, https:\/\/wp.ufpel.edu.br\/fisiologiavegetal\/files\/2023\/11\/image-removebg-preview-34-1-400x400.png 400w, https:\/\/wp.ufpel.edu.br\/fisiologiavegetal\/files\/2023\/11\/image-removebg-preview-34-1.png 500w\" sizes=\"auto, (max-width: 200px) 100vw, 200px\" \/><\/a><\/p>\n<p>&nbsp;<\/p>\n<h3><strong>Laborat\u00f3rio de Nutri\u00e7\u00e3o de Plantas (NutriPlant)<\/strong><\/h3>\n<p>Coordena\u00e7\u00e3o: Professor Doutor Sidnei Deuner.<\/p>\n<p><a href=\"https:\/\/instagram.com\/lab.nutriplant?igshid=NGVhN2U2NjQ0Yg==\"><img loading=\"lazy\" decoding=\"async\" class=\"alignnone wp-image-1510 size-medium\" src=\"https:\/\/wp.ufpel.edu.br\/fisiologiavegetal\/files\/2023\/11\/WhatsApp_Image_2023-11-28_at_13.28.06-removebg-preview-400x400.png\" alt=\"\" width=\"400\" height=\"400\" srcset=\"https:\/\/wp.ufpel.edu.br\/fisiologiavegetal\/files\/2023\/11\/WhatsApp_Image_2023-11-28_at_13.28.06-removebg-preview-400x400.png 400w, https:\/\/wp.ufpel.edu.br\/fisiologiavegetal\/files\/2023\/11\/WhatsApp_Image_2023-11-28_at_13.28.06-removebg-preview-200x200.png 200w, https:\/\/wp.ufpel.edu.br\/fisiologiavegetal\/files\/2023\/11\/WhatsApp_Image_2023-11-28_at_13.28.06-removebg-preview.png 500w\" sizes=\"auto, (max-width: 400px) 100vw, 400px\" \/><\/a><\/p>\n<p><strong>Laborat\u00f3rio de Sistem\u00e1tica e Evolu\u00e7\u00e3o de Plantas\u00a0<\/strong><\/p>\n<p>Coordena\u00e7\u00e3o: Professor Doutor Jo\u00e3o Iganci.<\/p>\n<p><a href=\"https:\/\/wp.ufpel.edu.br\/fisiologiavegetal\/files\/2023\/11\/logo.png\"><img loading=\"lazy\" decoding=\"async\" class=\"alignnone size-medium wp-image-1504\" src=\"https:\/\/wp.ufpel.edu.br\/fisiologiavegetal\/files\/2023\/11\/logo-400x276.png\" alt=\"\" width=\"400\" height=\"276\" srcset=\"https:\/\/wp.ufpel.edu.br\/fisiologiavegetal\/files\/2023\/11\/logo-400x276.png 400w, https:\/\/wp.ufpel.edu.br\/fisiologiavegetal\/files\/2023\/11\/logo-1024x707.png 1024w, https:\/\/wp.ufpel.edu.br\/fisiologiavegetal\/files\/2023\/11\/logo-768x530.png 768w, https:\/\/wp.ufpel.edu.br\/fisiologiavegetal\/files\/2023\/11\/logo.png 1494w\" sizes=\"auto, (max-width: 400px) 100vw, 400px\" \/><\/a><\/p>\n<p>Projetos de Extens\u00e3o: NIC &#8211; N\u00facleo de Ilustra\u00e7\u00e3o Cient\u00edfica e Pampa Singular<\/p>\n<p>&nbsp;<\/p>\n<p><strong><a href=\"https:\/\/wp.ufpel.edu.br\/fisiologiavegetal\/files\/2023\/11\/NIC_2023.png\"><img loading=\"lazy\" decoding=\"async\" class=\"wp-image-1499 alignleft\" src=\"https:\/\/wp.ufpel.edu.br\/fisiologiavegetal\/files\/2023\/11\/NIC_2023.png\" alt=\"\" width=\"251\" height=\"251\" \/><\/a> <a href=\"https:\/\/instagram.com\/pampasingular?igshid=NGVhN2U2NjQ0Yg==\">\u00a0 \u00a0 \u00a0<img loading=\"lazy\" decoding=\"async\" class=\"alignnone size-medium wp-image-1500\" src=\"https:\/\/wp.ufpel.edu.br\/fisiologiavegetal\/files\/2023\/11\/Pampa_Singular_Horizontal_RGB-400x131.png\" alt=\"\" width=\"400\" height=\"131\" srcset=\"https:\/\/wp.ufpel.edu.br\/fisiologiavegetal\/files\/2023\/11\/Pampa_Singular_Horizontal_RGB-400x131.png 400w, https:\/\/wp.ufpel.edu.br\/fisiologiavegetal\/files\/2023\/11\/Pampa_Singular_Horizontal_RGB-1024x335.png 1024w, https:\/\/wp.ufpel.edu.br\/fisiologiavegetal\/files\/2023\/11\/Pampa_Singular_Horizontal_RGB-768x251.png 768w, https:\/\/wp.ufpel.edu.br\/fisiologiavegetal\/files\/2023\/11\/Pampa_Singular_Horizontal_RGB-1536x502.png 1536w, https:\/\/wp.ufpel.edu.br\/fisiologiavegetal\/files\/2023\/11\/Pampa_Singular_Horizontal_RGB-2048x670.png 2048w\" sizes=\"auto, (max-width: 400px) 100vw, 400px\" \/><\/a>\u00a0 \u00a0\u00a0<\/strong><\/p>\n<p>&nbsp;<\/p>\n<p>&nbsp;<\/p>\n<p>&nbsp;<\/p>\n<h3>Laborat\u00f3rio de Bioqu\u00edmica Vegetal<\/h3>\n<p>Coordena\u00e7\u00e3o: Professor Doutor Luciano do Amarante.<\/p>\n<p>&nbsp;<\/p>\n<p><a href=\"https:\/\/wp.ufpel.edu.br\/fisiologiavegetal\/files\/2023\/11\/Logo-para-Apresentacoes-e-Banners-Laboratorio-de-Bioquimica-Vegetal-1.png\"><img loading=\"lazy\" decoding=\"async\" class=\"alignnone  wp-image-1507\" src=\"https:\/\/wp.ufpel.edu.br\/fisiologiavegetal\/files\/2023\/11\/Logo-para-Apresentacoes-e-Banners-Laboratorio-de-Bioquimica-Vegetal-1.png\" alt=\"\" width=\"197\" height=\"179\" \/><\/a><\/p>\n","protected":false},"excerpt":{"rendered":"<p>Laborat\u00f3rio de Cultura de Tecidos de Plantas (LCTP) Coordena\u00e7\u00e3o: Professora Doutora Eugenia Jacira Bolacel Braga e professor Doutor Valmor Bianchi. Laborat\u00f3rio de Cogni\u00e7\u00e3o e Eletrofisiologia Vegetal (LACEV) Coordena\u00e7\u00e3o: Professor Doutor Gustavo Maia Souza. &nbsp; Projetos de Extens\u00e3o: Vegetando &nbsp; Laborat\u00f3rio de Nutri\u00e7\u00e3o de Plantas (NutriPlant) Coordena\u00e7\u00e3o: Professor Doutor Sidnei Deuner. Laborat\u00f3rio de Sistem\u00e1tica e Evolu\u00e7\u00e3o [&hellip;]<\/p>\n","protected":false},"author":407,"featured_media":0,"parent":0,"menu_order":0,"comment_status":"closed","ping_status":"closed","template":"","meta":{"jetpack_post_was_ever_published":false,"footnotes":""},"class_list":["post-1338","page","type-page","status-publish","hentry","post"],"jetpack_sharing_enabled":true,"jetpack_shortlink":"https:\/\/wp.me\/P8OIzg-lA","_links":{"self":[{"href":"https:\/\/wp.ufpel.edu.br\/fisiologiavegetal\/wp-json\/wp\/v2\/pages\/1338","targetHints":{"allow":["GET"]}}],"collection":[{"href":"https:\/\/wp.ufpel.edu.br\/fisiologiavegetal\/wp-json\/wp\/v2\/pages"}],"about":[{"href":"https:\/\/wp.ufpel.edu.br\/fisiologiavegetal\/wp-json\/wp\/v2\/types\/page"}],"author":[{"embeddable":true,"href":"https:\/\/wp.ufpel.edu.br\/fisiologiavegetal\/wp-json\/wp\/v2\/users\/407"}],"replies":[{"embeddable":true,"href":"https:\/\/wp.ufpel.edu.br\/fisiologiavegetal\/wp-json\/wp\/v2\/comments?post=1338"}],"version-history":[{"count":12,"href":"https:\/\/wp.ufpel.edu.br\/fisiologiavegetal\/wp-json\/wp\/v2\/pages\/1338\/revisions"}],"predecessor-version":[{"id":1513,"href":"https:\/\/wp.ufpel.edu.br\/fisiologiavegetal\/wp-json\/wp\/v2\/pages\/1338\/revisions\/1513"}],"wp:attachment":[{"href":"https:\/\/wp.ufpel.edu.br\/fisiologiavegetal\/wp-json\/wp\/v2\/media?parent=1338"}],"curies":[{"name":"wp","href":"https:\/\/api.w.org\/{rel}","templated":true}]}}