{"id":1336,"date":"2023-11-24T12:10:36","date_gmt":"2023-11-24T15:10:36","guid":{"rendered":"https:\/\/wp.ufpel.edu.br\/fisiologiavegetal\/?page_id=1336"},"modified":"2023-11-28T13:47:35","modified_gmt":"2023-11-28T16:47:35","slug":"eventos","status":"publish","type":"page","link":"https:\/\/wp.ufpel.edu.br\/fisiologiavegetal\/eventos\/","title":{"rendered":"Eventos"},"content":{"rendered":"<h3><strong>2\u00ba <\/strong>Workshop de Fisiologia Vegetal da Regi\u00e3o Sul: Intera\u00e7\u00e3o Academia &#8211; Empresa<\/h3>\n<p><a href=\"https:\/\/www.sbfv.org.br\/eventos\/\"><img loading=\"lazy\" decoding=\"async\" class=\"alignnone size-medium wp-image-1434\" src=\"https:\/\/wp.ufpel.edu.br\/fisiologiavegetal\/files\/2023\/11\/c100d37b-f75b-4b05-b9e3-906b13699c40-400x400.jpg\" alt=\"\" width=\"400\" height=\"400\" srcset=\"https:\/\/wp.ufpel.edu.br\/fisiologiavegetal\/files\/2023\/11\/c100d37b-f75b-4b05-b9e3-906b13699c40-400x400.jpg 400w, https:\/\/wp.ufpel.edu.br\/fisiologiavegetal\/files\/2023\/11\/c100d37b-f75b-4b05-b9e3-906b13699c40-1024x1024.jpg 1024w, https:\/\/wp.ufpel.edu.br\/fisiologiavegetal\/files\/2023\/11\/c100d37b-f75b-4b05-b9e3-906b13699c40-200x200.jpg 200w, https:\/\/wp.ufpel.edu.br\/fisiologiavegetal\/files\/2023\/11\/c100d37b-f75b-4b05-b9e3-906b13699c40-768x768.jpg 768w, https:\/\/wp.ufpel.edu.br\/fisiologiavegetal\/files\/2023\/11\/c100d37b-f75b-4b05-b9e3-906b13699c40.jpg 1080w\" sizes=\"auto, (max-width: 400px) 100vw, 400px\" \/><\/a><\/p>\n<p><strong>Data:<\/strong> 18 de dezembro de 2023<br \/>\n<strong>Hor\u00e1rio:<\/strong> das 09:00 \u00e0s 12:00<br \/>\n<strong>Formato:<\/strong> On-line<\/p>\n<p><strong><u>Cronograma<\/u>:<\/strong><\/p>\n<p style=\"text-align: justify;\"><strong>9h00<\/strong>\u00a0Abertura<br \/>\n<strong>9h10<\/strong>\u00a0<em>Da bancada ao campo: como a fisiologia vegetal pode contribuir para uma agricultura mais sustent\u00e1vel.<\/em><br \/>\n<strong>Palestrante:<\/strong>\u00a0Gustavo Maia \u2013 Professor e pesquisador do PPG Fisiologia Vegetal da UFPel<br \/>\n<strong>9h40<\/strong>\u00a0<em>Universidade &amp; Yara: pesquisas que trazem inova\u00e7\u00e3o e rentabilidade ao produtor.<\/em><br \/>\n<strong>Palestrante:<\/strong>\u00a0Let\u00edcia Signor \u2013 Especialista em desenvolvimento de mercado \u2013 Yara Brasil Fertilizantes<br \/>\n<strong>10h10<\/strong>\u00a0Pausa para caf\u00e9 \/ ch\u00e1 \/ mate<br \/>\n<strong>10h20<\/strong>\u00a0<em>Fisiologia vegetal e p\u00f3s colheita: inova\u00e7\u00e3o e colabora\u00e7\u00e3o com o setor privado.<\/em><br \/>\n<strong>Palestrante:<\/strong>\u00a0Cristiano Andr\u00e9 Steffens \u2013 Professor e pesquisador do PPG Produ\u00e7\u00e3o Vegetal da UDESC<br \/>\n<strong>10h50<\/strong>\u00a0<em>ICL: parcerias com foco em inova\u00e7\u00e3o.<\/em><br \/>\n<strong>Palestrante:<\/strong>\u00a0Andersom Milech Einhardt \u2013 Consultor de desenvolvimento de mercado s\u00eanior \u2013 ICL Am\u00e9rica do Sul<br \/>\n<strong>11h20<\/strong>\u00a0<em>Roda de conversa interativa na forma de perguntas e respostas.<\/em><br \/>\n<strong>11h50<\/strong>\u00a0Encerramento.<\/p>\n<p style=\"text-align: justify;\"><strong>Inscreva-se para receber o certificado.<\/strong><\/p>\n<h3><\/h3>\n<h3><strong>V Simp\u00f3sio de Ecofisiologia Sist\u00eamica (SES)<\/strong><\/h3>\n<p style=\"text-align: justify;\">Vem a\u00ed o V Simp\u00f3sio de Ecofisiologia Sist\u00eamica (SES). O evento ser\u00e1 realizado de <strong>05 a 08 de dezembro de 2023,<\/strong> no Hotel Brasil Tropical, em Fortaleza-CE.<\/p>\n<p style=\"text-align: justify;\">O SES \u00e9 um dos principais eventos na \u00e1rea de Fisiologia Vegetal do pa\u00eds, sendo um evento em que t\u00f3picos multidisciplinares e pouco comuns em eventos t\u00e9cnico-cient\u00edficos de biologia vegetal s\u00e3o explorados.<\/p>\n<p style=\"text-align: justify;\">As palestras ser\u00e3o distribu\u00eddas em diferentes sess\u00f5es, dentro do tema principal do evento: plantas no espa\u00e7o e tempo.<\/p>\n<p style=\"text-align: justify;\">Visite o site <strong>(https:\/\/linktr.ee\/vses2023)<\/strong> e as redes sociais do evento para mais informa\u00e7\u00f5es.<\/p>\n<p style=\"text-align: justify;\"><a href=\"https:\/\/ses2023.vercel.app\/home\"><img loading=\"lazy\" decoding=\"async\" class=\"alignnone size-medium wp-image-1431\" src=\"https:\/\/wp.ufpel.edu.br\/fisiologiavegetal\/files\/2023\/11\/v-ses-2023-400x400.jpeg\" alt=\"\" width=\"400\" height=\"400\" srcset=\"https:\/\/wp.ufpel.edu.br\/fisiologiavegetal\/files\/2023\/11\/v-ses-2023-400x400.jpeg 400w, https:\/\/wp.ufpel.edu.br\/fisiologiavegetal\/files\/2023\/11\/v-ses-2023-1024x1024.jpeg 1024w, https:\/\/wp.ufpel.edu.br\/fisiologiavegetal\/files\/2023\/11\/v-ses-2023-200x200.jpeg 200w, https:\/\/wp.ufpel.edu.br\/fisiologiavegetal\/files\/2023\/11\/v-ses-2023-768x768.jpeg 768w, https:\/\/wp.ufpel.edu.br\/fisiologiavegetal\/files\/2023\/11\/v-ses-2023.jpeg 1209w\" sizes=\"auto, (max-width: 400px) 100vw, 400px\" \/><\/a><\/p>\n","protected":false},"excerpt":{"rendered":"<p>2\u00ba Workshop de Fisiologia Vegetal da Regi\u00e3o Sul: Intera\u00e7\u00e3o Academia &#8211; Empresa Data: 18 de dezembro de 2023 Hor\u00e1rio: das 09:00 \u00e0s 12:00 Formato: On-line Cronograma: 9h00\u00a0Abertura 9h10\u00a0Da bancada ao campo: como a fisiologia vegetal pode contribuir para uma agricultura mais sustent\u00e1vel. Palestrante:\u00a0Gustavo Maia \u2013 Professor e pesquisador do PPG Fisiologia Vegetal da UFPel 9h40\u00a0Universidade [&hellip;]<\/p>\n","protected":false},"author":407,"featured_media":0,"parent":0,"menu_order":0,"comment_status":"closed","ping_status":"closed","template":"","meta":{"jetpack_post_was_ever_published":false,"footnotes":""},"class_list":["post-1336","page","type-page","status-publish","hentry","post"],"jetpack_sharing_enabled":true,"jetpack_shortlink":"https:\/\/wp.me\/P8OIzg-ly","_links":{"self":[{"href":"https:\/\/wp.ufpel.edu.br\/fisiologiavegetal\/wp-json\/wp\/v2\/pages\/1336","targetHints":{"allow":["GET"]}}],"collection":[{"href":"https:\/\/wp.ufpel.edu.br\/fisiologiavegetal\/wp-json\/wp\/v2\/pages"}],"about":[{"href":"https:\/\/wp.ufpel.edu.br\/fisiologiavegetal\/wp-json\/wp\/v2\/types\/page"}],"author":[{"embeddable":true,"href":"https:\/\/wp.ufpel.edu.br\/fisiologiavegetal\/wp-json\/wp\/v2\/users\/407"}],"replies":[{"embeddable":true,"href":"https:\/\/wp.ufpel.edu.br\/fisiologiavegetal\/wp-json\/wp\/v2\/comments?post=1336"}],"version-history":[{"count":7,"href":"https:\/\/wp.ufpel.edu.br\/fisiologiavegetal\/wp-json\/wp\/v2\/pages\/1336\/revisions"}],"predecessor-version":[{"id":1512,"href":"https:\/\/wp.ufpel.edu.br\/fisiologiavegetal\/wp-json\/wp\/v2\/pages\/1336\/revisions\/1512"}],"wp:attachment":[{"href":"https:\/\/wp.ufpel.edu.br\/fisiologiavegetal\/wp-json\/wp\/v2\/media?parent=1336"}],"curies":[{"name":"wp","href":"https:\/\/api.w.org\/{rel}","templated":true}]}}