{"id":1335,"date":"2023-11-24T12:10:36","date_gmt":"2023-11-24T15:10:36","guid":{"rendered":"https:\/\/wp.ufpel.edu.br\/fisiologiavegetal\/?page_id=1335"},"modified":"2023-11-25T18:29:41","modified_gmt":"2023-11-25T21:29:41","slug":"internacionalizacao","status":"publish","type":"page","link":"https:\/\/wp.ufpel.edu.br\/fisiologiavegetal\/internacionalizacao\/","title":{"rendered":"Internacionaliza\u00e7\u00e3o"},"content":{"rendered":"<p style=\"text-align: justify;\">A internacionaliza\u00e7\u00e3o na p\u00f3s-gradua\u00e7\u00e3o e na pesquisa desempenha um papel crucial no desenvolvimento acad\u00eamico e profissional. Ao proporcionar oportunidades de interc\u00e2mbio e colabora\u00e7\u00e3o com institui\u00e7\u00f5es estrangeiras, esse processo enriquece a forma\u00e7\u00e3o dos estudantes e pesquisadores, oferecendo uma perspectiva global que transcende fronteiras. A exposi\u00e7\u00e3o a diferentes culturas, m\u00e9todos de pesquisa e abordagens acad\u00eamicas n\u00e3o apenas amplia o horizonte individual, mas tamb\u00e9m contribui para a diversifica\u00e7\u00e3o do conhecimento e a cria\u00e7\u00e3o de redes de colabora\u00e7\u00e3o internacionais. Essas experi\u00eancias n\u00e3o s\u00f3 elevam a qualidade da pesquisa, permitindo a integra\u00e7\u00e3o de diversas vis\u00f5es e expertise, mas tamb\u00e9m preparam os profissionais para enfrentar desafios complexos em um mundo cada vez mais interconectado.<\/p>\n<p>&nbsp;<\/p>\n","protected":false},"excerpt":{"rendered":"<p>A internacionaliza\u00e7\u00e3o na p\u00f3s-gradua\u00e7\u00e3o e na pesquisa desempenha um papel crucial no desenvolvimento acad\u00eamico e profissional. Ao proporcionar oportunidades de interc\u00e2mbio e colabora\u00e7\u00e3o com institui\u00e7\u00f5es estrangeiras, esse processo enriquece a forma\u00e7\u00e3o dos estudantes e pesquisadores, oferecendo uma perspectiva global que transcende fronteiras. A exposi\u00e7\u00e3o a diferentes culturas, m\u00e9todos de pesquisa e abordagens acad\u00eamicas n\u00e3o apenas [&hellip;]<\/p>\n","protected":false},"author":407,"featured_media":0,"parent":0,"menu_order":0,"comment_status":"closed","ping_status":"closed","template":"","meta":{"jetpack_post_was_ever_published":false,"footnotes":""},"class_list":["post-1335","page","type-page","status-publish","hentry","post"],"jetpack_sharing_enabled":true,"jetpack_shortlink":"https:\/\/wp.me\/P8OIzg-lx","_links":{"self":[{"href":"https:\/\/wp.ufpel.edu.br\/fisiologiavegetal\/wp-json\/wp\/v2\/pages\/1335","targetHints":{"allow":["GET"]}}],"collection":[{"href":"https:\/\/wp.ufpel.edu.br\/fisiologiavegetal\/wp-json\/wp\/v2\/pages"}],"about":[{"href":"https:\/\/wp.ufpel.edu.br\/fisiologiavegetal\/wp-json\/wp\/v2\/types\/page"}],"author":[{"embeddable":true,"href":"https:\/\/wp.ufpel.edu.br\/fisiologiavegetal\/wp-json\/wp\/v2\/users\/407"}],"replies":[{"embeddable":true,"href":"https:\/\/wp.ufpel.edu.br\/fisiologiavegetal\/wp-json\/wp\/v2\/comments?post=1335"}],"version-history":[{"count":2,"href":"https:\/\/wp.ufpel.edu.br\/fisiologiavegetal\/wp-json\/wp\/v2\/pages\/1335\/revisions"}],"predecessor-version":[{"id":1437,"href":"https:\/\/wp.ufpel.edu.br\/fisiologiavegetal\/wp-json\/wp\/v2\/pages\/1335\/revisions\/1437"}],"wp:attachment":[{"href":"https:\/\/wp.ufpel.edu.br\/fisiologiavegetal\/wp-json\/wp\/v2\/media?parent=1335"}],"curies":[{"name":"wp","href":"https:\/\/api.w.org\/{rel}","templated":true}]}}