{"id":945,"date":"2024-10-17T15:59:21","date_gmt":"2024-10-17T18:59:21","guid":{"rendered":"https:\/\/wp.ufpel.edu.br\/fisicabacharelado\/?page_id=945"},"modified":"2026-03-06T16:01:48","modified_gmt":"2026-03-06T19:01:48","slug":"tccs","status":"publish","type":"page","link":"https:\/\/wp.ufpel.edu.br\/fisicabacharelado\/tccs\/","title":{"rendered":"TCC"},"content":{"rendered":"<p><strong>Trabalhos de Conclus\u00e3o de Curso defendidos<\/strong><\/p>\n<ol>\n<li><a href=\"https:\/\/pergamum.ufpel.edu.br\/acervo\/118723\">Estrutura e estabilidade das estrelas estranhas<\/a> (2019)<\/li>\n<li><a href=\"https:\/\/pergamum.ufpel.edu.br\/acervo\/118719\">A evolu\u00e7\u00e3o do universo primordial para diferentes geometrias e composi\u00e7\u00f5es<\/a> (2019)<\/li>\n<li><a href=\"https:\/\/pergamum.ufpel.edu.br\/acervo\/120083\">A mec\u00e2nica newtoniana modificada como alternativa \u00e0 mat\u00e9ria escura<\/a> (2021)<\/li>\n<li><a href=\"https:\/\/pergamum.ufpel.edu.br\/acervo\/120085\">Vidro de spin e o modelo Hopfield<\/a> (2021)<\/li>\n<li><a href=\"https:\/\/pergamum.ufpel.edu.br\/acervo\/120087\">Estudo sobre as oscila\u00e7\u00f5es de Langmuir em sistemas feixe-plasma n\u00e3o maxwellianos<\/a> (2021)<\/li>\n<li><a href=\"https:\/\/pergamum.ufpel.edu.br\/acervo\/120086\">Estudo da adsor\u00e7\u00e3o molecular e efeitos de ambientes qu\u00edmicos em nanoclusters de Ir_n (n = 2 &#8211; 7 \u00e1tomos) via Teoria do Funcional da Densidade<\/a> (2021)<\/li>\n<li><a href=\"https:\/\/pergamum.ufpel.edu.br\/acervo\/124632\">Estudo da teoria magnetohidrodin\u00e2mica e sua aplica\u00e7\u00e3o no equil\u00edbrio de plasmas confinados<\/a> (2022)<\/li>\n<li><a href=\"https:\/\/pergamum.ufpel.edu.br\/acervo\/124631\">Derretimento em um s\u00f3lido bidimensional : um estudo computacional da fase Kagome<\/a> (2022)<\/li>\n<li><a href=\"https:\/\/pergamum.ufpel.edu.br\/acervo\/124633\">Transi\u00e7\u00e3o g\u00e1s-l\u00edquido do di\u00f3xido de carbono: um estudo via din\u00e2mica molecular<\/a> (2022)<\/li>\n<li><a href=\"https:\/\/pergamum.ufpel.edu.br\/acervo\/127275\">O efeito da substitui\u00e7\u00e3o parcial do Y por Pr na densidade de energia cin\u00e9tica de condensa\u00e7\u00e3o das superpart\u00edculas do supercondutor Y_0,95Pr_0,05Ba_2Cu_3O_7-d<\/a> (2023)<\/li>\n<li><a href=\"https:\/\/pergamum.ufpel.edu.br\/acervo\/127268\">Revis\u00e3o te\u00f3rica e computacional do modelo frustrado J_1-J_2<\/a> (2023)<\/li>\n<li><a href=\"https:\/\/pergamum.ufpel.edu.br\/acervo\/129627\">Constru\u00e7\u00e3o te\u00f3rica e abordagem computacional do modelo de encontro bin\u00e1rio-Bethe<\/a> (2024)<\/li>\n<li>Valida\u00e7\u00e3o de t\u00e9cnica de moldagem de gr\u00e3os-propelentes s\u00f3lidos de KNSu com o uso de acetona em motores-foguetes de baixa pot\u00eancia (2024) (Acesso Restrito)<\/li>\n<li><a href=\"https:\/\/pergamum.ufpel.edu.br\/acervo\/129626\">M\u00e9todo dos f\u00f3tons equivalentes: revis\u00e3o e aplica\u00e7\u00f5es<\/a>\u00a0(2025)<\/li>\n<li><a href=\"https:\/\/pergamum.ufpel.edu.br\/acervo\/129821\">Uma introdu\u00e7\u00e3o \u00e0 estrelas compactas formadas por mat\u00e9ria escura<\/a> (2025)<\/li>\n<li><a href=\"https:\/\/pergamum.ufpel.edu.br\/acervo\/129822\">Estudo dos modos fundamentais de ondas em plasmas frios<\/a> (2025)<\/li>\n<li><a href=\"https:\/\/pergamum.ufpel.edu.br\/acervo\/129823\">Evolu\u00e7\u00e3o longitudinal de chuveiros atmosf\u00e9ricos extensos gerados por raios c\u00f3smicos ultra energ\u00e9ticos<\/a> (2025)<\/li>\n<li><a href=\"https:\/\/pergamum.ufpel.edu.br\/acervo\/129646\">Teoria eletromagn\u00e9tica dos monopolos<\/a> (2025)<\/li>\n<li><a href=\"https:\/\/pergamum.ufpel.edu.br\/acervo\/131536\">Espalhamento de p\u00f3sitrons por gases nobres<\/a>\u00a0(2025)<\/li>\n<\/ol>\n","protected":false},"excerpt":{"rendered":"<p>Trabalhos de Conclus\u00e3o de Curso defendidos Estrutura e estabilidade das estrelas estranhas (2019) A evolu\u00e7\u00e3o do universo primordial para diferentes geometrias e composi\u00e7\u00f5es (2019) A mec\u00e2nica newtoniana modificada como alternativa \u00e0 mat\u00e9ria escura (2021) Vidro de spin e o modelo Hopfield (2021) Estudo sobre as oscila\u00e7\u00f5es de Langmuir em sistemas feixe-plasma n\u00e3o maxwellianos (2021) Estudo [&hellip;]<\/p>\n","protected":false},"author":1146,"featured_media":0,"parent":0,"menu_order":0,"comment_status":"closed","ping_status":"closed","template":"","meta":{"jetpack_post_was_ever_published":false,"footnotes":""},"class_list":["post-945","page","type-page","status-publish","hentry"],"jetpack_sharing_enabled":true,"_links":{"self":[{"href":"https:\/\/wp.ufpel.edu.br\/fisicabacharelado\/wp-json\/wp\/v2\/pages\/945","targetHints":{"allow":["GET"]}}],"collection":[{"href":"https:\/\/wp.ufpel.edu.br\/fisicabacharelado\/wp-json\/wp\/v2\/pages"}],"about":[{"href":"https:\/\/wp.ufpel.edu.br\/fisicabacharelado\/wp-json\/wp\/v2\/types\/page"}],"author":[{"embeddable":true,"href":"https:\/\/wp.ufpel.edu.br\/fisicabacharelado\/wp-json\/wp\/v2\/users\/1146"}],"replies":[{"embeddable":true,"href":"https:\/\/wp.ufpel.edu.br\/fisicabacharelado\/wp-json\/wp\/v2\/comments?post=945"}],"version-history":[{"count":3,"href":"https:\/\/wp.ufpel.edu.br\/fisicabacharelado\/wp-json\/wp\/v2\/pages\/945\/revisions"}],"predecessor-version":[{"id":1137,"href":"https:\/\/wp.ufpel.edu.br\/fisicabacharelado\/wp-json\/wp\/v2\/pages\/945\/revisions\/1137"}],"wp:attachment":[{"href":"https:\/\/wp.ufpel.edu.br\/fisicabacharelado\/wp-json\/wp\/v2\/media?parent=945"}],"curies":[{"name":"wp","href":"https:\/\/api.w.org\/{rel}","templated":true}]}}