{"id":82,"date":"2016-05-20T13:41:32","date_gmt":"2016-05-20T16:41:32","guid":{"rendered":"https:\/\/wp.ufpel.edu.br\/fisicabacharelado\/?page_id=82"},"modified":"2018-02-23T14:50:51","modified_gmt":"2018-02-23T17:50:51","slug":"disciplinas-optativas","status":"publish","type":"page","link":"https:\/\/wp.ufpel.edu.br\/fisicabacharelado\/disciplinas-optativas\/","title":{"rendered":"Disciplinas Optativas"},"content":{"rendered":"<table class=\" alignleft\" style=\"height: 1740px\" width=\"751\">\n<tbody>\n<tr>\n<td style=\"height: 20px;width: 20px;text-align: center;vertical-align: middle\" width=\"98\"><span style=\"font-family: arial, helvetica, sans-serif;font-size: 10pt;color: #000000\"><strong>C\u00d3DIGO<\/strong><\/span><\/td>\n<td style=\"height: 20px;width: 350px;text-align: center;vertical-align: middle\" width=\"178\"><span style=\"font-family: arial, helvetica, sans-serif;font-size: 10pt;color: #000000\"><strong>DISCIPLINA<\/strong><\/span><\/td>\n<td style=\"height: 20px;width: 50px;text-align: center;vertical-align: middle\" width=\"140\"><span style=\"font-family: arial, helvetica, sans-serif;font-size: 10pt;color: #000000\"><strong>CH<\/strong><\/span><\/td>\n<td style=\"height: 20px;width: 50px;text-align: center;vertical-align: middle\" width=\"34\"><span style=\"font-family: arial, helvetica, sans-serif;font-size: 10pt;color: #000000\"><strong>CR<\/strong><\/span><\/td>\n<td style=\"height: 20px;width: 55px;text-align: center;vertical-align: middle\" width=\"76\"><span style=\"font-family: arial, helvetica, sans-serif;font-size: 10pt;color: #000000\"><strong>PR\u00c9-REQ<\/strong><\/span><\/td>\n<\/tr>\n<tr>\n<td style=\"height: 20px;text-align: center;vertical-align: middle\" width=\"98\"><span style=\"font-family: arial, helvetica, sans-serif;font-size: 10pt;color: #000000\">0090098<\/span><\/td>\n<td style=\"height: 20px;text-align: center;vertical-align: middle\" width=\"178\"><span style=\"font-family: arial, helvetica, sans-serif\"><span style=\"font-size: 10pt;color: #000000\">Fundamentos de Astronomia <\/span><span style=\"font-size: 10pt;color: #000000\">e Astrof\u00edsica<\/span><\/span><\/td>\n<td style=\"height: 20px;text-align: center;vertical-align: middle\" width=\"38\"><span style=\"font-family: arial, helvetica, sans-serif;font-size: 10pt;color: #000000\">102<\/span><\/td>\n<td style=\"height: 20px;text-align: center;vertical-align: middle\" width=\"34\"><span style=\"font-family: arial, helvetica, sans-serif;font-size: 10pt;color: #000000\">6<\/span><\/td>\n<td style=\"height: 20px;text-align: center;vertical-align: middle\" width=\"76\"><span style=\"font-family: arial, helvetica, sans-serif;font-size: 10pt;color: #000000\">0090184<\/span><\/td>\n<\/tr>\n<tr>\n<td style=\"height: 20px;text-align: center;vertical-align: middle\" width=\"98\"><span style=\"font-family: arial, helvetica, sans-serif;font-size: 10pt;color: #000000\">0090103<\/span><\/td>\n<td style=\"height: 20px;text-align: center;vertical-align: middle\" width=\"178\"><span style=\"font-family: arial, helvetica, sans-serif;font-size: 10pt;color: #000000\">Introdu\u00e7\u00e3o \u00e0 Relatividade<\/span><\/td>\n<td style=\"height: 20px;text-align: center;vertical-align: middle\" width=\"38\"><span style=\"font-family: arial, helvetica, sans-serif;font-size: 10pt;color: #000000\">68<\/span><\/td>\n<td style=\"height: 20px;text-align: center;vertical-align: middle\" width=\"34\"><span style=\"font-family: arial, helvetica, sans-serif;font-size: 10pt;color: #000000\">4<\/span><\/td>\n<td style=\"height: 20px;text-align: center;vertical-align: middle\" width=\"76\"><span style=\"font-family: arial, helvetica, sans-serif;font-size: 10pt;color: #000000\">0090184 0090040<\/span><\/td>\n<\/tr>\n<tr>\n<td style=\"height: 20px;text-align: center;vertical-align: middle\" width=\"98\"><span style=\"font-family: arial, helvetica, sans-serif;font-size: 10pt;color: #000000\">0090106<\/span><\/td>\n<td style=\"height: 20px;text-align: center;vertical-align: middle\" width=\"178\"><span style=\"font-family: arial, helvetica, sans-serif;font-size: 10pt;color: #000000\">Estrutura da Mat\u00e9ria<\/span><\/td>\n<td style=\"height: 20px;text-align: center;vertical-align: middle\" width=\"38\"><span style=\"font-family: arial, helvetica, sans-serif;font-size: 10pt;color: #000000\">68<\/span><\/td>\n<td style=\"height: 20px;text-align: center;vertical-align: middle\" width=\"34\"><span style=\"font-family: arial, helvetica, sans-serif;font-size: 10pt;color: #000000\">4<\/span><\/td>\n<td style=\"height: 20px;text-align: center;vertical-align: middle\" width=\"76\"><span style=\"font-family: arial, helvetica, sans-serif;font-size: 10pt;color: #000000\">0090130<\/span><\/td>\n<\/tr>\n<tr>\n<td style=\"height: 20px;text-align: center;vertical-align: middle\" width=\"98\"><span style=\"font-family: arial, helvetica, sans-serif;font-size: 10pt;color: #000000\">0090124<\/span><\/td>\n<td style=\"height: 20px;text-align: center;vertical-align: middle\" width=\"178\"><span style=\"font-family: arial, helvetica, sans-serif;font-size: 10pt;color: #000000\">F\u00edsica do Estado S\u00f3lido<\/span><\/td>\n<td style=\"height: 20px;text-align: center;vertical-align: middle\" width=\"38\"><span style=\"font-family: arial, helvetica, sans-serif;font-size: 10pt;color: #000000\">68<\/span><\/td>\n<td style=\"height: 20px;text-align: center;vertical-align: middle\" width=\"34\"><span style=\"font-family: arial, helvetica, sans-serif;font-size: 10pt;color: #000000\">4<\/span><\/td>\n<td style=\"height: 20px;text-align: center;vertical-align: middle\" width=\"76\"><span style=\"font-family: arial, helvetica, sans-serif;font-size: 10pt;color: #000000\">0090110 0090101 0090130<\/span><\/td>\n<\/tr>\n<tr>\n<td style=\"height: 20px;text-align: center;vertical-align: middle\" width=\"98\"><span style=\"font-family: arial, helvetica, sans-serif;font-size: 10pt;color: #000000\">0090125<\/span><\/td>\n<td style=\"height: 20px;text-align: center;vertical-align: middle\" width=\"178\"><span style=\"font-family: arial, helvetica, sans-serif;font-size: 10pt;color: #000000\">F\u00edsica dos Plasmas<\/span><\/td>\n<td style=\"height: 20px;text-align: center;vertical-align: middle\" width=\"38\"><span style=\"font-family: arial, helvetica, sans-serif;font-size: 10pt;color: #000000\">68<\/span><\/td>\n<td style=\"height: 20px;text-align: center;vertical-align: middle\" width=\"34\"><span style=\"font-family: arial, helvetica, sans-serif;font-size: 10pt;color: #000000\">4<\/span><\/td>\n<td style=\"height: 20px;text-align: center;vertical-align: middle\" width=\"76\"><span style=\"font-family: arial, helvetica, sans-serif;font-size: 10pt;color: #000000\">0090184 0090136<\/span><\/td>\n<\/tr>\n<tr>\n<td style=\"height: 20px;text-align: center;vertical-align: middle\" width=\"98\"><span style=\"font-family: arial, helvetica, sans-serif;font-size: 10pt;color: #000000\">0090126<\/span><\/td>\n<td style=\"height: 20px;text-align: center;vertical-align: middle\" width=\"178\"><span style=\"font-family: arial, helvetica, sans-serif\"><span style=\"font-size: 10pt;color: #000000\">Introdu\u00e7\u00e3o \u00e0 F\u00edsica <\/span><span style=\"font-size: 10pt;color: #000000\">de Part\u00edculas<\/span><\/span><\/td>\n<td style=\"height: 20px;text-align: center;vertical-align: middle\" width=\"38\"><span style=\"font-family: arial, helvetica, sans-serif;font-size: 10pt;color: #000000\">68<\/span><\/td>\n<td style=\"height: 20px;text-align: center;vertical-align: middle\" width=\"34\"><span style=\"font-family: arial, helvetica, sans-serif;font-size: 10pt;color: #000000\">4<\/span><\/td>\n<td style=\"height: 20px;text-align: center;vertical-align: middle\" width=\"76\"><span style=\"font-family: arial, helvetica, sans-serif;font-size: 10pt;color: #000000\">0090130<\/span><\/td>\n<\/tr>\n<tr>\n<td style=\"height: 20px;text-align: center;vertical-align: middle\" width=\"98\"><span style=\"font-family: arial, helvetica, sans-serif;font-size: 10pt;color: #000000\">0090128<\/span><\/td>\n<td style=\"height: 20px;text-align: center;vertical-align: middle\" width=\"178\"><span style=\"font-family: arial, helvetica, sans-serif;font-size: 10pt;color: #000000\">Introdu\u00e7\u00e3o a Sistemas Complexos<\/span><\/td>\n<td style=\"height: 20px;text-align: center;vertical-align: middle\" width=\"38\"><span style=\"font-family: arial, helvetica, sans-serif;font-size: 10pt;color: #000000\">68<\/span><\/td>\n<td style=\"height: 20px;text-align: center;vertical-align: middle\" width=\"34\"><span style=\"font-family: arial, helvetica, sans-serif;font-size: 10pt;color: #000000\">4<\/span><\/td>\n<td style=\"height: 20px;text-align: center;vertical-align: middle\" width=\"76\"><span style=\"font-family: arial, helvetica, sans-serif;font-size: 10pt;color: #000000\">0090110<\/span><\/td>\n<\/tr>\n<tr>\n<td style=\"height: 20px;text-align: center;vertical-align: middle\" width=\"98\"><span style=\"font-family: arial, helvetica, sans-serif;font-size: 10pt;color: #000000\">0090134<\/span><\/td>\n<td style=\"height: 20px;text-align: center;vertical-align: middle\" width=\"178\"><span style=\"font-family: arial, helvetica, sans-serif;font-size: 10pt;color: #000000\">Hidrodin\u00e2mica Avan\u00e7ada<\/span><\/td>\n<td style=\"height: 20px;text-align: center;vertical-align: middle\" width=\"38\"><span style=\"font-family: arial, helvetica, sans-serif;font-size: 10pt;color: #000000\">102<\/span><\/td>\n<td style=\"height: 20px;text-align: center;vertical-align: middle\" width=\"34\"><span style=\"font-family: arial, helvetica, sans-serif;font-size: 10pt;color: #000000\">6<\/span><\/td>\n<td style=\"height: 20px;text-align: center;vertical-align: middle\" width=\"76\"><span style=\"font-family: arial, helvetica, sans-serif\"><span style=\"font-size: 10pt;color: #000000\">0090040 <\/span><span style=\"font-size: 10pt;color: #000000\">0100269<\/span><\/span><\/td>\n<\/tr>\n<tr>\n<td style=\"height: 20px;text-align: center;vertical-align: middle\" width=\"98\"><span style=\"font-family: arial, helvetica, sans-serif;font-size: 10pt;color: #000000\">0090171<\/span><\/td>\n<td style=\"height: 20px;text-align: center;vertical-align: middle\" width=\"178\"><span style=\"font-family: arial, helvetica, sans-serif;font-size: 10pt;color: #000000\">Introdu\u00e7\u00e3o ao Pensamento F\u00edsico<\/span><\/td>\n<td style=\"height: 20px;text-align: center;vertical-align: middle\" width=\"38\"><span style=\"font-family: arial, helvetica, sans-serif;font-size: 10pt;color: #000000\">68<\/span><\/td>\n<td style=\"height: 20px;text-align: center;vertical-align: middle\" width=\"34\"><span style=\"font-family: arial, helvetica, sans-serif;font-size: 10pt;color: #000000\">4<\/span><\/td>\n<td style=\"height: 20px;text-align: center;vertical-align: middle\" width=\"76\"><span style=\"font-family: arial, helvetica, sans-serif;font-size: 10pt;color: #000000\">&#8211;<\/span><\/td>\n<\/tr>\n<tr>\n<td style=\"height: 20px;text-align: center;vertical-align: middle\" width=\"98\"><span style=\"font-family: arial, helvetica, sans-serif;font-size: 10pt;color: #000000\">0090172<\/span><\/td>\n<td style=\"height: 20px;text-align: center;vertical-align: middle\" width=\"178\"><span style=\"font-family: arial, helvetica, sans-serif;font-size: 10pt;color: #000000\">Hist\u00f3ria e Filosofia da F\u00edsica I<\/span><\/td>\n<td style=\"height: 20px;text-align: center;vertical-align: middle\" width=\"38\"><span style=\"font-family: arial, helvetica, sans-serif;font-size: 10pt;color: #000000\">68<\/span><\/td>\n<td style=\"height: 20px;text-align: center;vertical-align: middle\" width=\"34\"><span style=\"font-family: arial, helvetica, sans-serif;font-size: 10pt;color: #000000\">4<\/span><\/td>\n<td style=\"height: 20px;text-align: center;vertical-align: middle\" width=\"76\"><span style=\"font-family: arial, helvetica, sans-serif;font-size: 10pt;color: #000000\">0090161 0090132<\/span><\/td>\n<\/tr>\n<tr>\n<td style=\"height: 20px;text-align: center;vertical-align: middle\" width=\"98\"><span style=\"font-family: arial, helvetica, sans-serif;font-size: 10pt;color: #000000\">0090173<\/span><\/td>\n<td style=\"height: 20px;text-align: center;vertical-align: middle\" width=\"178\"><span style=\"font-family: arial, helvetica, sans-serif;font-size: 10pt;color: #000000\">Hist\u00f3ria e Filosofia da F\u00edsica II<\/span><\/td>\n<td style=\"height: 20px;text-align: center;vertical-align: middle\" width=\"38\"><span style=\"font-family: arial, helvetica, sans-serif;font-size: 10pt;color: #000000\">68<\/span><\/td>\n<td style=\"height: 20px;text-align: center;vertical-align: middle\" width=\"34\"><span style=\"font-family: arial, helvetica, sans-serif;font-size: 10pt;color: #000000\">4<\/span><\/td>\n<td style=\"height: 20px;text-align: center;vertical-align: middle\" width=\"76\"><span style=\"font-family: arial, helvetica, sans-serif;font-size: 10pt;color: #000000\">0090172 0090184<\/span><\/td>\n<\/tr>\n<tr>\n<td style=\"height: 20px;text-align: center;vertical-align: middle\" width=\"98\"><span style=\"font-family: arial, helvetica, sans-serif;font-size: 10pt;color: #000000\">0090174<\/span><\/td>\n<td style=\"height: 20px;text-align: center;vertical-align: middle\" width=\"178\"><span style=\"font-family: arial, helvetica, sans-serif;font-size: 10pt;color: #000000\">Introdu\u00e7\u00e3o \u00e0 Din\u00e2mica Molecular de Sistemas F\u00edsicos<\/span><\/td>\n<td style=\"height: 20px;text-align: center;vertical-align: middle\" width=\"38\"><span style=\"font-family: arial, helvetica, sans-serif;font-size: 10pt;color: #000000\">68<\/span><\/td>\n<td style=\"height: 20px;text-align: center;vertical-align: middle\" width=\"34\"><span style=\"font-family: arial, helvetica, sans-serif;font-size: 10pt;color: #000000\">4<\/span><\/td>\n<td style=\"height: 20px;text-align: center;vertical-align: middle\" width=\"76\"><span style=\"font-family: arial, helvetica, sans-serif;font-size: 10pt;color: #000000\">0090138<\/span><\/td>\n<\/tr>\n<tr>\n<td style=\"height: 20px;text-align: center;vertical-align: middle\" width=\"98\"><span style=\"font-family: arial, helvetica, sans-serif;font-size: 10pt;color: #000000\">0090177<\/span><\/td>\n<td style=\"height: 20px;text-align: center;vertical-align: middle\" width=\"178\"><span style=\"font-family: arial, helvetica, sans-serif;font-size: 10pt;color: #000000\">F\u00edsica dos Materiais<\/span><\/td>\n<td style=\"height: 20px;text-align: center;vertical-align: middle\" width=\"38\"><span style=\"font-family: arial, helvetica, sans-serif;font-size: 10pt;color: #000000\">68<\/span><\/td>\n<td style=\"height: 20px;text-align: center;vertical-align: middle\" width=\"34\"><span style=\"font-family: arial, helvetica, sans-serif;font-size: 10pt;color: #000000\">4<\/span><\/td>\n<td style=\"height: 20px;text-align: center;vertical-align: middle\" width=\"76\"><span style=\"font-family: arial, helvetica, sans-serif;font-size: 10pt;color: #000000\">0090184<\/span><\/td>\n<\/tr>\n<tr>\n<td style=\"height: 20px;text-align: center;vertical-align: middle\" width=\"98\"><span style=\"font-family: arial, helvetica, sans-serif;font-size: 10pt;color: #000000\">0090178<\/span><\/td>\n<td style=\"height: 20px;text-align: center;vertical-align: middle\" width=\"178\"><span style=\"font-family: arial, helvetica, sans-serif;font-size: 10pt;color: #000000\">M\u00e9todos Num\u00e9ricos Avan\u00e7ados para a F\u00edsica<\/span><\/td>\n<td style=\"height: 20px;text-align: center;vertical-align: middle\" width=\"38\"><span style=\"font-family: arial, helvetica, sans-serif;font-size: 10pt;color: #000000\">68<\/span><\/td>\n<td style=\"height: 20px;text-align: center;vertical-align: middle\" width=\"34\"><span style=\"font-family: arial, helvetica, sans-serif;font-size: 10pt;color: #000000\">4<\/span><\/td>\n<td style=\"height: 20px;text-align: center;vertical-align: middle\" width=\"76\"><span style=\"font-family: arial, helvetica, sans-serif;font-size: 10pt;color: #000000\">0090139<\/span><\/td>\n<\/tr>\n<tr>\n<td style=\"height: 20px;text-align: center;vertical-align: middle\" width=\"98\"><span style=\"font-family: arial, helvetica, sans-serif;font-size: 10pt;color: #000000\">0090179<\/span><\/td>\n<td style=\"height: 20px;text-align: center;vertical-align: middle\" width=\"178\"><span style=\"font-family: arial, helvetica, sans-serif;font-size: 10pt;color: #000000\">Laborat\u00f3rio de Eletr\u00f4nica<\/span><\/td>\n<td style=\"height: 20px;text-align: center;vertical-align: middle\" width=\"38\"><span style=\"font-family: arial, helvetica, sans-serif;font-size: 10pt;color: #000000\">34<\/span><\/td>\n<td style=\"height: 20px;text-align: center;vertical-align: middle\" width=\"34\"><span style=\"font-family: arial, helvetica, sans-serif;font-size: 10pt;color: #000000\">2<\/span><\/td>\n<td style=\"height: 20px;text-align: center;vertical-align: middle\" width=\"76\"><span style=\"font-family: arial, helvetica, sans-serif;font-size: 10pt;color: #000000\">0090163 0090035<\/span><\/td>\n<\/tr>\n<tr>\n<td style=\"height: 20px;text-align: center;vertical-align: middle\" width=\"98\"><span style=\"font-family: arial, helvetica, sans-serif;font-size: 10pt;color: #000000\">0090180<\/span><\/td>\n<td style=\"height: 20px;text-align: center;vertical-align: middle\" width=\"178\"><span style=\"font-family: arial, helvetica, sans-serif;font-size: 10pt;color: #000000\">Relatividade Geral e Cosmologia<\/span><\/td>\n<td style=\"height: 20px;text-align: center;vertical-align: middle\" width=\"38\"><span style=\"font-family: arial, helvetica, sans-serif;font-size: 10pt;color: #000000\">68<\/span><\/td>\n<td style=\"height: 20px;text-align: center;vertical-align: middle\" width=\"34\"><span style=\"font-family: arial, helvetica, sans-serif;font-size: 10pt;color: #000000\">4<\/span><\/td>\n<td style=\"height: 20px;text-align: center;vertical-align: middle\" width=\"76\"><span style=\"font-family: arial, helvetica, sans-serif;font-size: 10pt;color: #000000\">0090184 0090104<\/span><\/td>\n<\/tr>\n<tr>\n<td style=\"height: 20px;text-align: center;vertical-align: middle\" width=\"98\"><span style=\"font-family: arial, helvetica, sans-serif;font-size: 10pt;color: #000000\">0090181<\/span><\/td>\n<td style=\"height: 20px;text-align: center;vertical-align: middle\" width=\"178\"><span style=\"font-family: arial, helvetica, sans-serif;font-size: 10pt;color: #000000\">Teoria Eletromagn\u00e9tica Avan\u00e7ada<\/span><\/td>\n<td style=\"height: 20px;text-align: center;vertical-align: middle\" width=\"38\"><span style=\"font-family: arial, helvetica, sans-serif;font-size: 10pt;color: #000000\">68<\/span><\/td>\n<td style=\"height: 20px;text-align: center;vertical-align: middle\" width=\"34\"><span style=\"font-family: arial, helvetica, sans-serif;font-size: 10pt;color: #000000\">4<\/span><\/td>\n<td style=\"height: 20px;text-align: center;vertical-align: middle\" width=\"76\"><span style=\"font-family: arial, helvetica, sans-serif;font-size: 10pt;color: #000000\">0090101<\/span><\/td>\n<\/tr>\n<tr>\n<td style=\"height: 20px;text-align: center;vertical-align: middle\" width=\"98\"><span style=\"font-family: arial, helvetica, sans-serif;font-size: 10pt;color: #000000\">0090182<\/span><\/td>\n<td style=\"height: 20px;text-align: center;vertical-align: middle\" width=\"178\"><span style=\"font-family: arial, helvetica, sans-serif;font-size: 10pt;color: #000000\">F\u00edsica Experimental Avan\u00e7ada<\/span><\/td>\n<td style=\"height: 20px;text-align: center;vertical-align: middle\" width=\"38\"><span style=\"font-family: arial, helvetica, sans-serif;font-size: 10pt;color: #000000\">34<\/span><\/td>\n<td style=\"height: 20px;text-align: center;vertical-align: middle\" width=\"34\"><span style=\"font-family: arial, helvetica, sans-serif;font-size: 10pt;color: #000000\">2<\/span><\/td>\n<td style=\"height: 20px;text-align: center;vertical-align: middle\" width=\"76\"><span style=\"font-family: arial, helvetica, sans-serif;font-size: 10pt;color: #000000\">0090184 0090185<\/span><\/td>\n<\/tr>\n<tr>\n<td style=\"height: 20px;text-align: center;vertical-align: middle\" width=\"98\"><span style=\"font-family: arial, helvetica, sans-serif;font-size: 10pt;color: #000000\">0090183<\/span><\/td>\n<td style=\"height: 20px;text-align: center;vertical-align: middle\" width=\"178\"><span style=\"font-family: arial, helvetica, sans-serif\"><span style=\"font-size: 10pt;color: #000000\">Simula\u00e7\u00e3o Monte Carlo <\/span><span style=\"font-size: 10pt;color: #000000\">de Sistemas F\u00edsicos<\/span><\/span><\/td>\n<td style=\"height: 20px;text-align: center;vertical-align: middle\" width=\"38\"><span style=\"font-family: arial, helvetica, sans-serif;font-size: 10pt;color: #000000\">68<\/span><\/td>\n<td style=\"height: 20px;text-align: center;vertical-align: middle\" width=\"34\"><span style=\"font-family: arial, helvetica, sans-serif;font-size: 10pt;color: #000000\">4<\/span><\/td>\n<td style=\"height: 20px;text-align: center;vertical-align: middle\" width=\"76\"><span style=\"font-family: arial, helvetica, sans-serif;font-size: 10pt;color: #000000\">0090139 0090135<\/span><\/td>\n<\/tr>\n<tr>\n<td style=\"height: 20px;text-align: center;vertical-align: middle\" width=\"98\"><span style=\"font-family: arial, helvetica, sans-serif;font-size: 10pt;color: #000000\">0100226<\/span><\/td>\n<td style=\"height: 20px;text-align: center;vertical-align: middle\" width=\"178\"><span style=\"font-family: arial, helvetica, sans-serif;font-size: 10pt;color: #000000\">Estat\u00edstica B\u00e1sica<\/span><\/td>\n<td style=\"height: 20px;text-align: center;vertical-align: middle\" width=\"38\"><span style=\"font-family: arial, helvetica, sans-serif;font-size: 10pt;color: #000000\">68<\/span><\/td>\n<td style=\"height: 20px;text-align: center;vertical-align: middle\" width=\"34\"><span style=\"font-family: arial, helvetica, sans-serif;font-size: 10pt;color: #000000\">4<\/span><\/td>\n<td style=\"height: 20px;text-align: center;vertical-align: middle\" width=\"76\"><span style=\"font-family: arial, helvetica, sans-serif;font-size: 10pt;color: #000000\">0100302<\/span><\/td>\n<\/tr>\n<tr>\n<td style=\"height: 20px;text-align: center;vertical-align: middle\" width=\"98\"><span style=\"font-family: arial, helvetica, sans-serif;font-size: 10pt;color: #000000\">0150100<\/span><\/td>\n<td style=\"height: 20px;text-align: center;vertical-align: middle\" width=\"178\"><span style=\"font-family: arial, helvetica, sans-serif;font-size: 10pt;color: #000000\">Qu\u00edmica Geral<\/span><\/td>\n<td style=\"height: 20px;text-align: center;vertical-align: middle\" width=\"38\"><span style=\"font-family: arial, helvetica, sans-serif;font-size: 10pt;color: #000000\">68<\/span><\/td>\n<td style=\"height: 20px;text-align: center;vertical-align: middle\" width=\"34\"><span style=\"font-family: arial, helvetica, sans-serif;font-size: 10pt;color: #000000\">4<\/span><\/td>\n<td style=\"height: 20px;text-align: center;vertical-align: middle\" width=\"76\"><span style=\"font-family: arial, helvetica, sans-serif;font-size: 10pt;color: #000000\">&#8211;<\/span><\/td>\n<\/tr>\n<tr>\n<td style=\"height: 20px;text-align: center;vertical-align: middle\" width=\"98\"><span style=\"font-family: arial, helvetica, sans-serif;font-size: 10pt;color: #000000\">1310277<\/span><\/td>\n<td style=\"height: 20px;text-align: center;vertical-align: middle\" width=\"178\"><span style=\"font-family: arial, helvetica, sans-serif;font-size: 10pt;color: #000000\">L\u00edngua Brasileira de Sinais I<\/span><\/td>\n<td style=\"height: 20px;text-align: center;vertical-align: middle\" width=\"38\"><span style=\"font-family: arial, helvetica, sans-serif;font-size: 10pt;color: #000000\">68<\/span><\/td>\n<td style=\"height: 20px;text-align: center;vertical-align: middle\" width=\"34\"><span style=\"font-family: arial, helvetica, sans-serif;font-size: 10pt;color: #000000\">4<\/span><\/td>\n<td style=\"height: 20px;text-align: center;vertical-align: middle\" width=\"76\"><span style=\"font-family: arial, helvetica, sans-serif;font-size: 10pt;color: #000000\">&#8211;<\/span><\/td>\n<\/tr>\n<\/tbody>\n<\/table>\n<p>&nbsp;<\/p>\n","protected":false},"excerpt":{"rendered":"<p>C\u00d3DIGO DISCIPLINA CH CR PR\u00c9-REQ 0090098 Fundamentos de Astronomia e Astrof\u00edsica 102 6 0090184 0090103 Introdu\u00e7\u00e3o \u00e0 Relatividade 68 4 0090184 0090040 0090106 Estrutura da Mat\u00e9ria 68 4 0090130 0090124 F\u00edsica do Estado S\u00f3lido 68 4 0090110 0090101 0090130 0090125 F\u00edsica dos Plasmas 68 4 0090184 0090136 0090126 Introdu\u00e7\u00e3o \u00e0 F\u00edsica de Part\u00edculas 68 4 [&hellip;]<\/p>\n","protected":false},"author":366,"featured_media":0,"parent":0,"menu_order":0,"comment_status":"closed","ping_status":"closed","template":"","meta":{"jetpack_post_was_ever_published":false,"footnotes":""},"class_list":["post-82","page","type-page","status-publish","hentry"],"jetpack_sharing_enabled":true,"_links":{"self":[{"href":"https:\/\/wp.ufpel.edu.br\/fisicabacharelado\/wp-json\/wp\/v2\/pages\/82","targetHints":{"allow":["GET"]}}],"collection":[{"href":"https:\/\/wp.ufpel.edu.br\/fisicabacharelado\/wp-json\/wp\/v2\/pages"}],"about":[{"href":"https:\/\/wp.ufpel.edu.br\/fisicabacharelado\/wp-json\/wp\/v2\/types\/page"}],"author":[{"embeddable":true,"href":"https:\/\/wp.ufpel.edu.br\/fisicabacharelado\/wp-json\/wp\/v2\/users\/366"}],"replies":[{"embeddable":true,"href":"https:\/\/wp.ufpel.edu.br\/fisicabacharelado\/wp-json\/wp\/v2\/comments?post=82"}],"version-history":[{"count":12,"href":"https:\/\/wp.ufpel.edu.br\/fisicabacharelado\/wp-json\/wp\/v2\/pages\/82\/revisions"}],"predecessor-version":[{"id":294,"href":"https:\/\/wp.ufpel.edu.br\/fisicabacharelado\/wp-json\/wp\/v2\/pages\/82\/revisions\/294"}],"wp:attachment":[{"href":"https:\/\/wp.ufpel.edu.br\/fisicabacharelado\/wp-json\/wp\/v2\/media?parent=82"}],"curies":[{"name":"wp","href":"https:\/\/api.w.org\/{rel}","templated":true}]}}