{"id":319,"date":"2018-02-23T15:18:12","date_gmt":"2018-02-23T18:18:12","guid":{"rendered":"https:\/\/wp.ufpel.edu.br\/fisicabacharelado\/?page_id=319"},"modified":"2024-08-05T15:13:24","modified_gmt":"2024-08-05T18:13:24","slug":"projeto-pedagogico-do-curso","status":"publish","type":"page","link":"https:\/\/wp.ufpel.edu.br\/fisicabacharelado\/projeto-pedagogico-do-curso\/","title":{"rendered":"PROJETO PEDAG\u00d3GICO DO CURSO"},"content":{"rendered":"<p><span style=\"font-family: arial, helvetica, sans-serif; font-size: 12pt; color: #000000;\">Confira na \u00edntegra a vers\u00e3o mais atualizada do Projeto Pedag\u00f3gico do Curso de Bacharelado em F\u00edsica.<\/span><\/p>\n<p><span style=\"font-family: arial, helvetica, sans-serif; font-size: 12pt;\"><a href=\"https:\/\/wp.ufpel.edu.br\/fisicabacharelado\/files\/2018\/02\/PPC_BachFisica_atualizado.pdf\" target=\"_blank\" rel=\"noopener\"><span style=\"color: #0000ff;\">PPC_Fisica_Bacharelado.pdf<\/span><\/a><\/span><\/p>\n","protected":false},"excerpt":{"rendered":"<p>Confira na \u00edntegra a vers\u00e3o mais atualizada do Projeto Pedag\u00f3gico do Curso de Bacharelado em F\u00edsica. PPC_Fisica_Bacharelado.pdf<\/p>\n","protected":false},"author":366,"featured_media":0,"parent":0,"menu_order":0,"comment_status":"closed","ping_status":"closed","template":"","meta":{"jetpack_post_was_ever_published":false,"footnotes":""},"class_list":["post-319","page","type-page","status-publish","hentry"],"jetpack_sharing_enabled":true,"_links":{"self":[{"href":"https:\/\/wp.ufpel.edu.br\/fisicabacharelado\/wp-json\/wp\/v2\/pages\/319","targetHints":{"allow":["GET"]}}],"collection":[{"href":"https:\/\/wp.ufpel.edu.br\/fisicabacharelado\/wp-json\/wp\/v2\/pages"}],"about":[{"href":"https:\/\/wp.ufpel.edu.br\/fisicabacharelado\/wp-json\/wp\/v2\/types\/page"}],"author":[{"embeddable":true,"href":"https:\/\/wp.ufpel.edu.br\/fisicabacharelado\/wp-json\/wp\/v2\/users\/366"}],"replies":[{"embeddable":true,"href":"https:\/\/wp.ufpel.edu.br\/fisicabacharelado\/wp-json\/wp\/v2\/comments?post=319"}],"version-history":[{"count":5,"href":"https:\/\/wp.ufpel.edu.br\/fisicabacharelado\/wp-json\/wp\/v2\/pages\/319\/revisions"}],"predecessor-version":[{"id":796,"href":"https:\/\/wp.ufpel.edu.br\/fisicabacharelado\/wp-json\/wp\/v2\/pages\/319\/revisions\/796"}],"wp:attachment":[{"href":"https:\/\/wp.ufpel.edu.br\/fisicabacharelado\/wp-json\/wp\/v2\/media?parent=319"}],"curies":[{"name":"wp","href":"https:\/\/api.w.org\/{rel}","templated":true}]}}