{"id":314,"date":"2018-02-23T15:12:06","date_gmt":"2018-02-23T18:12:06","guid":{"rendered":"https:\/\/wp.ufpel.edu.br\/fisicabacharelado\/?page_id=314"},"modified":"2018-02-23T15:12:06","modified_gmt":"2018-02-23T18:12:06","slug":"perfil-do-egresso","status":"publish","type":"page","link":"https:\/\/wp.ufpel.edu.br\/fisicabacharelado\/perfil-do-egresso\/","title":{"rendered":"PERFIL DO EGRESSO"},"content":{"rendered":"<p style=\"text-align: justify\"><span style=\"font-family: arial, helvetica, sans-serif;font-size: 10pt;color: #000000\">Ao final do Curso objetivamos que o egresso do Curso de Bacharelado em F\u00edsica da UFPel seja um profissional integrado no meio cient\u00edfico e social, identificado com o perfil de F\u00edsico-Pesquisador. Segundo o Parecer CES\/CNE 1.304\/2001, este profissional \u00e9 definido como:<\/span><\/p>\n<p style=\"text-align: justify\">\n<p style=\"text-align: justify;padding-left: 210px\"><span style=\"font-family: arial, helvetica, sans-serif;font-size: 10pt;color: #000000\">F\u00edsico-Pesquisador: ocupa-se preferencialmente de pesquisa, b\u00e1sica ou aplicada, em universidades e centros de pesquisa. Esse \u00e9, com certeza, o campo de atua\u00e7\u00e3o mais bem definido e o que tradicionalmente tem representado o perfil profissional idealizado na maior parte dos cursos de gradua\u00e7\u00e3o que conduzem ao Bacharelado em F\u00edsica.<\/span><\/p>\n","protected":false},"excerpt":{"rendered":"<p>Ao final do Curso objetivamos que o egresso do Curso de Bacharelado em F\u00edsica da UFPel seja um profissional integrado no meio cient\u00edfico e social, identificado com o perfil de F\u00edsico-Pesquisador. Segundo o Parecer CES\/CNE 1.304\/2001, este profissional \u00e9 definido como: F\u00edsico-Pesquisador: ocupa-se preferencialmente de pesquisa, b\u00e1sica ou aplicada, em universidades e centros de pesquisa. [&hellip;]<\/p>\n","protected":false},"author":366,"featured_media":0,"parent":0,"menu_order":0,"comment_status":"closed","ping_status":"closed","template":"","meta":{"jetpack_post_was_ever_published":false,"footnotes":""},"class_list":["post-314","page","type-page","status-publish","hentry"],"jetpack_sharing_enabled":true,"_links":{"self":[{"href":"https:\/\/wp.ufpel.edu.br\/fisicabacharelado\/wp-json\/wp\/v2\/pages\/314","targetHints":{"allow":["GET"]}}],"collection":[{"href":"https:\/\/wp.ufpel.edu.br\/fisicabacharelado\/wp-json\/wp\/v2\/pages"}],"about":[{"href":"https:\/\/wp.ufpel.edu.br\/fisicabacharelado\/wp-json\/wp\/v2\/types\/page"}],"author":[{"embeddable":true,"href":"https:\/\/wp.ufpel.edu.br\/fisicabacharelado\/wp-json\/wp\/v2\/users\/366"}],"replies":[{"embeddable":true,"href":"https:\/\/wp.ufpel.edu.br\/fisicabacharelado\/wp-json\/wp\/v2\/comments?post=314"}],"version-history":[{"count":1,"href":"https:\/\/wp.ufpel.edu.br\/fisicabacharelado\/wp-json\/wp\/v2\/pages\/314\/revisions"}],"predecessor-version":[{"id":316,"href":"https:\/\/wp.ufpel.edu.br\/fisicabacharelado\/wp-json\/wp\/v2\/pages\/314\/revisions\/316"}],"wp:attachment":[{"href":"https:\/\/wp.ufpel.edu.br\/fisicabacharelado\/wp-json\/wp\/v2\/media?parent=314"}],"curies":[{"name":"wp","href":"https:\/\/api.w.org\/{rel}","templated":true}]}}