{"id":306,"date":"2018-02-23T15:06:37","date_gmt":"2018-02-23T18:06:37","guid":{"rendered":"https:\/\/wp.ufpel.edu.br\/fisicabacharelado\/?page_id=306"},"modified":"2018-02-23T15:06:37","modified_gmt":"2018-02-23T18:06:37","slug":"objetivos","status":"publish","type":"page","link":"https:\/\/wp.ufpel.edu.br\/fisicabacharelado\/objetivos\/","title":{"rendered":"OBJETIVOS"},"content":{"rendered":"<p><span style=\"font-family: arial, helvetica, sans-serif;font-size: 10pt;color: #000000\"><strong>Geral<\/strong><\/span><\/p>\n<p style=\"text-align: justify\"><span style=\"font-family: arial, helvetica, sans-serif;font-size: 10pt;color: #000000\">O Curso de Bacharelado em F\u00edsica da UFPel tem por objetivo geral formar Bachar\u00e9is em F\u00edsica &#8211; com conhecimentos, habilidades e atitudes inerentes a um profissional capacitado para atua\u00e7\u00e3o na \u00e1rea de pesquisa especializada em F\u00edsica, e na doc\u00eancia no n\u00edvel superior, com capacidade de transforma\u00e7\u00e3o, atrav\u00e9s da a\u00e7\u00e3o profissional baseada no m\u00e9todo cient\u00edfico e na an\u00e1lise cr\u00edtica da realidade, que contribua para o desenvolvimento cient\u00edfico\/tecnol\u00f3gico do estado do Rio Grande do Sul e do Brasil.<\/span><\/p>\n<p>&nbsp;<\/p>\n<p style=\"text-align: justify\"><span style=\"font-family: arial, helvetica, sans-serif;font-size: 10pt;color: #000000\"><strong>Espec\u00edficos<\/strong><\/span><\/p>\n<p style=\"text-align: justify\"><span style=\"font-family: arial, helvetica, sans-serif;font-size: 10pt;color: #000000\">Considerando a forma como a pesquisa em F\u00edsica \u00e9 desenvolvida atualmente, o Curso de Bacharelado em F\u00edsica da UFPel tem como objetivos espec\u00edficos:<\/span><\/p>\n<ul style=\"text-align: justify\">\n<li><span style=\"font-family: arial, helvetica, sans-serif;font-size: 10pt;color: #000000\">Oferecer um s\u00f3lido embasamento te\u00f3rico e experimental da \u00e1rea de F\u00edsica, envolvendo sua evolu\u00e7\u00e3o hist\u00f3rica e suas aplica\u00e7\u00f5es;<\/span><\/li>\n<li><span style=\"font-family: arial, helvetica, sans-serif;font-size: 10pt;color: #000000\">promover propostas de inicia\u00e7\u00e3o para a pesquisa que permitam aos Bachar\u00e9is assumir a condu\u00e7\u00e3o do processo cient\u00edfico\/tecnol\u00f3gico de forma adequada;<\/span><\/li>\n<li><span style=\"font-family: arial, helvetica, sans-serif;font-size: 10pt;color: #000000\">promover o comprometimento do Bacharel com o desenvolvimento cient\u00edfico\/tecnol\u00f3gico do estado do Rio Grande do Sul, atrav\u00e9s de atividades que possibilitem a amplia\u00e7\u00e3o do conhecimento na \u00e1rea, e sua aplica\u00e7\u00e3o em projetos de interesse social, pol\u00edtico e econ\u00f4mico;<\/span><\/li>\n<li><span style=\"font-family: arial, helvetica, sans-serif;font-size: 10pt;color: #000000\">capacitar o Bacharel de acordo com os conhecimentos produzidos na \u00e1rea de pesquisa contempor\u00e2nea em F\u00edsica, ou seja, os conhecimentos sobre novas abordagens, novas metodologias e novos conte\u00fados para o desenvolvimento da pesquisa em F\u00edsica;<\/span><\/li>\n<li><span style=\"font-family: arial, helvetica, sans-serif;font-size: 10pt;color: #000000\">contextualizar o Curso de forma a manter o Bacharel em contato com a realidade da pesquisa contempor\u00e2nea em F\u00edsica, preparando-o para atuar nessa realidade;<\/span><\/li>\n<li><span style=\"font-family: arial, helvetica, sans-serif;font-size: 10pt;color: #000000\">propiciar aos egressos base para forma\u00e7\u00e3o de futuros pesquisadores, com vistas ao desenvolvimento pleno em cursos de P\u00f3s-Gradua\u00e7\u00e3o.<\/span><\/li>\n<\/ul>\n","protected":false},"excerpt":{"rendered":"<p>Geral O Curso de Bacharelado em F\u00edsica da UFPel tem por objetivo geral formar Bachar\u00e9is em F\u00edsica &#8211; com conhecimentos, habilidades e atitudes inerentes a um profissional capacitado para atua\u00e7\u00e3o na \u00e1rea de pesquisa especializada em F\u00edsica, e na doc\u00eancia no n\u00edvel superior, com capacidade de transforma\u00e7\u00e3o, atrav\u00e9s da a\u00e7\u00e3o profissional baseada no m\u00e9todo cient\u00edfico [&hellip;]<\/p>\n","protected":false},"author":366,"featured_media":0,"parent":0,"menu_order":0,"comment_status":"closed","ping_status":"closed","template":"","meta":{"jetpack_post_was_ever_published":false,"footnotes":""},"class_list":["post-306","page","type-page","status-publish","hentry"],"jetpack_sharing_enabled":true,"_links":{"self":[{"href":"https:\/\/wp.ufpel.edu.br\/fisicabacharelado\/wp-json\/wp\/v2\/pages\/306","targetHints":{"allow":["GET"]}}],"collection":[{"href":"https:\/\/wp.ufpel.edu.br\/fisicabacharelado\/wp-json\/wp\/v2\/pages"}],"about":[{"href":"https:\/\/wp.ufpel.edu.br\/fisicabacharelado\/wp-json\/wp\/v2\/types\/page"}],"author":[{"embeddable":true,"href":"https:\/\/wp.ufpel.edu.br\/fisicabacharelado\/wp-json\/wp\/v2\/users\/366"}],"replies":[{"embeddable":true,"href":"https:\/\/wp.ufpel.edu.br\/fisicabacharelado\/wp-json\/wp\/v2\/comments?post=306"}],"version-history":[{"count":1,"href":"https:\/\/wp.ufpel.edu.br\/fisicabacharelado\/wp-json\/wp\/v2\/pages\/306\/revisions"}],"predecessor-version":[{"id":308,"href":"https:\/\/wp.ufpel.edu.br\/fisicabacharelado\/wp-json\/wp\/v2\/pages\/306\/revisions\/308"}],"wp:attachment":[{"href":"https:\/\/wp.ufpel.edu.br\/fisicabacharelado\/wp-json\/wp\/v2\/media?parent=306"}],"curies":[{"name":"wp","href":"https:\/\/api.w.org\/{rel}","templated":true}]}}