{"id":300,"date":"2018-02-23T15:03:42","date_gmt":"2018-02-23T18:03:42","guid":{"rendered":"https:\/\/wp.ufpel.edu.br\/fisicabacharelado\/?page_id=300"},"modified":"2018-02-23T15:03:42","modified_gmt":"2018-02-23T18:03:42","slug":"justificativa","status":"publish","type":"page","link":"https:\/\/wp.ufpel.edu.br\/fisicabacharelado\/justificativa\/","title":{"rendered":"JUSTIFICATIVA"},"content":{"rendered":"<p style=\"text-align: justify\"><span style=\"font-family: arial, helvetica, sans-serif;font-size: 10pt;color: #000000\">A justificativa para a cria\u00e7\u00e3o de um Curso de Bacharelado em F\u00edsica surgiu da necessidade de integra\u00e7\u00e3o da gradua\u00e7\u00e3o em F\u00edsica dentro da UFPel com os cursos de Mestrado e Doutorado em F\u00edsica do Programa de P\u00f3s-Gradua\u00e7\u00e3o em F\u00edsica da UFPel.<\/span><\/p>\n<p style=\"text-align: justify\"><span style=\"font-family: arial, helvetica, sans-serif;font-size: 10pt;color: #000000\">Outro fator relevante que justificou a necessidade de cria\u00e7\u00e3o de um Curso de Bacharelado em F\u00edsica na UFPel foram as observa\u00e7\u00f5es feitas pela comiss\u00e3o avaliadora da \u00e1rea de Astronomia e F\u00edsica da CAPES no tri\u00eanio 2007-2009 e 2010-2012, destinadas \u00e0 avalia\u00e7\u00e3o do Curso de Mestrado em F\u00edsica. Estas recomenda\u00e7\u00f5es explicitaram a necessidade de cria\u00e7\u00e3o de um Curso de Bacharelado em F\u00edsica na UFPel. Outra raz\u00e3o foi a necessidade de diferencia\u00e7\u00e3o do perfil de Bacharel, do perfil de Licenciado do Curso de Licenciatura em F\u00edsica.<\/span><\/p>\n","protected":false},"excerpt":{"rendered":"<p>A justificativa para a cria\u00e7\u00e3o de um Curso de Bacharelado em F\u00edsica surgiu da necessidade de integra\u00e7\u00e3o da gradua\u00e7\u00e3o em F\u00edsica dentro da UFPel com os cursos de Mestrado e Doutorado em F\u00edsica do Programa de P\u00f3s-Gradua\u00e7\u00e3o em F\u00edsica da UFPel. Outro fator relevante que justificou a necessidade de cria\u00e7\u00e3o de um Curso de Bacharelado [&hellip;]<\/p>\n","protected":false},"author":366,"featured_media":0,"parent":0,"menu_order":0,"comment_status":"closed","ping_status":"closed","template":"","meta":{"jetpack_post_was_ever_published":false,"footnotes":""},"class_list":["post-300","page","type-page","status-publish","hentry"],"jetpack_sharing_enabled":true,"_links":{"self":[{"href":"https:\/\/wp.ufpel.edu.br\/fisicabacharelado\/wp-json\/wp\/v2\/pages\/300","targetHints":{"allow":["GET"]}}],"collection":[{"href":"https:\/\/wp.ufpel.edu.br\/fisicabacharelado\/wp-json\/wp\/v2\/pages"}],"about":[{"href":"https:\/\/wp.ufpel.edu.br\/fisicabacharelado\/wp-json\/wp\/v2\/types\/page"}],"author":[{"embeddable":true,"href":"https:\/\/wp.ufpel.edu.br\/fisicabacharelado\/wp-json\/wp\/v2\/users\/366"}],"replies":[{"embeddable":true,"href":"https:\/\/wp.ufpel.edu.br\/fisicabacharelado\/wp-json\/wp\/v2\/comments?post=300"}],"version-history":[{"count":1,"href":"https:\/\/wp.ufpel.edu.br\/fisicabacharelado\/wp-json\/wp\/v2\/pages\/300\/revisions"}],"predecessor-version":[{"id":302,"href":"https:\/\/wp.ufpel.edu.br\/fisicabacharelado\/wp-json\/wp\/v2\/pages\/300\/revisions\/302"}],"wp:attachment":[{"href":"https:\/\/wp.ufpel.edu.br\/fisicabacharelado\/wp-json\/wp\/v2\/media?parent=300"}],"curies":[{"name":"wp","href":"https:\/\/api.w.org\/{rel}","templated":true}]}}