{"id":282,"date":"2018-02-23T14:31:57","date_gmt":"2018-02-23T17:31:57","guid":{"rendered":"https:\/\/wp.ufpel.edu.br\/fisicabacharelado\/?page_id=282"},"modified":"2018-02-23T14:46:35","modified_gmt":"2018-02-23T17:46:35","slug":"historico-do-curso","status":"publish","type":"page","link":"https:\/\/wp.ufpel.edu.br\/fisicabacharelado\/historico-do-curso\/","title":{"rendered":"HIST\u00d3RICO DO CURSO"},"content":{"rendered":"<p style=\"text-align: justify\"><span style=\"font-family: arial, helvetica, sans-serif;font-size: 10pt;color: #000000\">O Curso de Bacharelado em F\u00edsica, vinculado \u00e0 UFPel, se insere na regi\u00e3o de abrang\u00eancia do munic\u00edpio de Pelotas, considerado como uma das capitais regionais do Brasil,\u00a0\u00a0 dada a sua relev\u00e2ncia econ\u00f4mica e pol\u00edtica. Atualmente, o munic\u00edpio conta com 6 institui\u00e7\u00f5es de Ensino Superior e 3 grandes escolas t\u00e9cnicas, o que o potencializa como um grande centro formador de profissionais, aptos a serem absorvidos pelo mercado de trabalho nas mais diversas \u00e1reas do conhecimento. Al\u00e9m disso, a cidade conta ainda com 2 teatros, 1 biblioteca p\u00fablica, 23 museus, 2 jornais de circula\u00e7\u00e3o di\u00e1ria, 3 emissoras de televis\u00e3o, diversas emissoras de r\u00e1dio AM e FM, 1 aeroporto e 1 porto fluviolacustre. Embora a voca\u00e7\u00e3o hist\u00f3rica do munic\u00edpio seja voltada ao agroneg\u00f3cio e ao com\u00e9rcio, o munic\u00edpio vem passando por importantes altera\u00e7\u00f5es nas suas potencialidades.<\/span><\/p>\n<p style=\"text-align: justify\"><span style=\"font-family: arial, helvetica, sans-serif;font-size: 10pt;color: #000000\">Com rela\u00e7\u00e3o aos aspectos econ\u00f4micos, embora a regi\u00e3o possua uma expressiva atua\u00e7\u00e3o no setor prim\u00e1rio, o setor secund\u00e1rio mostra-se importante, dada a presen\u00e7a de ind\u00fastrias ligadas ao setor de agroneg\u00f3cios, t\u00eaxtil, curtimento de couro e tamb\u00e9m na \u00e1rea de panifica\u00e7\u00e3o. Recentemente, gra\u00e7as aos programas de incentivo ao reflorestamento para a produ\u00e7\u00e3o de papel e celulose, a regi\u00e3o vem experimentando neste setor uma importante atividade econ\u00f4mica emergente. J\u00e1 com rela\u00e7\u00e3o ao setor terci\u00e1rio, a regi\u00e3o abriga o mais importante centro comercial da regi\u00e3o sul do Rio grande do Sul.<\/span><\/p>\n<p style=\"text-align: justify\"><span style=\"font-family: arial, helvetica, sans-serif;font-size: 10pt;color: #000000\">A cidade de Pelotas exerce uma forte e marcante posi\u00e7\u00e3o de lideran\u00e7a no cen\u00e1rio pol\u00edtico da metade sul do Rio Grande do Sul, sendo polo estrat\u00e9gico para a integra\u00e7\u00e3o com os pa\u00edses da regi\u00e3o do Cone Sul. Diante deste cen\u00e1rio, a UFPel possui um papel de destaque na forma\u00e7\u00e3o de recursos humanos, principalmente para alavancar o desenvolvimento cient\u00edfico e tecnol\u00f3gico da regi\u00e3o, cuja car\u00eancia de profissionais qualificados se faz presente. \u00c9 nesse contexto que est\u00e1 inserido o Curso de Bacharelado em F\u00edsica da UFPel, como agente transformador do cen\u00e1rio regional atrav\u00e9s da forma\u00e7\u00e3o de um profissional com perfil cr\u00edtico do papel de F\u00edsico-Pesquisador, por\u00e9m integrado \u00e0 sua realidade.<\/span><\/p>\n<p style=\"text-align: justify\"><span style=\"font-family: arial, helvetica, sans-serif;font-size: 10pt;color: #000000\">No que diz respeito ao contexto da UFPel, tal integra\u00e7\u00e3o se faz presente \u00e0 medida que o egresso estar\u00e1 claramente em sintonia com os cursos de P\u00f3s-Gradua\u00e7\u00e3o em F\u00edsica, a n\u00edvel de Mestrado e Doutorado, existentes na institui\u00e7\u00e3o, de maneira que este possa ter um perfil adequado e com a qualifica\u00e7\u00e3o necess\u00e1ria para exercer atividades de pesquisa. A sua inser\u00e7\u00e3o na UFPel est\u00e1, portanto, em perfeita conson\u00e2ncia com as atividades de pesquisa em F\u00edsica j\u00e1 desenvolvidas na institui\u00e7\u00e3o, bem como futuras atividades que poder\u00e3o vir a serem desenvolvidas.<\/span><\/p>\n<p style=\"text-align: justify\"><span style=\"font-family: arial, helvetica, sans-serif;font-size: 10pt;color: #000000\">Ao longo de 2014, foi estabelecida no \u00e2mbito do Instituto de F\u00edsica e Matem\u00e1tica, uma Comiss\u00e3o de Estudo para a abertura do Curso de Bacharelado em F\u00edsica. Tendo seu relat\u00f3rio recomendando a abertura do Curso de Bacharelado sido apreciado e aprovado pelo Departamento de F\u00edsica e pelo Conselho Departamental do IFM, foi constitu\u00edda uma Comiss\u00e3o de Elabora\u00e7\u00e3o de um Projeto de Curso, precursor do presente documento. O Projeto foi apreciado e aprovado nas inst\u00e2ncias competentes da Universidade, culminando na cria\u00e7\u00e3o do Curso de Bacharelado em F\u00edsica pela Resolu\u00e7\u00e3o do Conselho Universit\u00e1rio n. 11, de 10\/11\/2015. O primeiro ingresso ocorreu via SISU, no primeiro semestre de 2016.<\/span><\/p>\n","protected":false},"excerpt":{"rendered":"<p>O Curso de Bacharelado em F\u00edsica, vinculado \u00e0 UFPel, se insere na regi\u00e3o de abrang\u00eancia do munic\u00edpio de Pelotas, considerado como uma das capitais regionais do Brasil,\u00a0\u00a0 dada a sua relev\u00e2ncia econ\u00f4mica e pol\u00edtica. Atualmente, o munic\u00edpio conta com 6 institui\u00e7\u00f5es de Ensino Superior e 3 grandes escolas t\u00e9cnicas, o que o potencializa como um [&hellip;]<\/p>\n","protected":false},"author":366,"featured_media":0,"parent":0,"menu_order":0,"comment_status":"closed","ping_status":"closed","template":"","meta":{"jetpack_post_was_ever_published":false,"footnotes":""},"class_list":["post-282","page","type-page","status-publish","hentry"],"jetpack_sharing_enabled":true,"_links":{"self":[{"href":"https:\/\/wp.ufpel.edu.br\/fisicabacharelado\/wp-json\/wp\/v2\/pages\/282","targetHints":{"allow":["GET"]}}],"collection":[{"href":"https:\/\/wp.ufpel.edu.br\/fisicabacharelado\/wp-json\/wp\/v2\/pages"}],"about":[{"href":"https:\/\/wp.ufpel.edu.br\/fisicabacharelado\/wp-json\/wp\/v2\/types\/page"}],"author":[{"embeddable":true,"href":"https:\/\/wp.ufpel.edu.br\/fisicabacharelado\/wp-json\/wp\/v2\/users\/366"}],"replies":[{"embeddable":true,"href":"https:\/\/wp.ufpel.edu.br\/fisicabacharelado\/wp-json\/wp\/v2\/comments?post=282"}],"version-history":[{"count":2,"href":"https:\/\/wp.ufpel.edu.br\/fisicabacharelado\/wp-json\/wp\/v2\/pages\/282\/revisions"}],"predecessor-version":[{"id":292,"href":"https:\/\/wp.ufpel.edu.br\/fisicabacharelado\/wp-json\/wp\/v2\/pages\/282\/revisions\/292"}],"wp:attachment":[{"href":"https:\/\/wp.ufpel.edu.br\/fisicabacharelado\/wp-json\/wp\/v2\/media?parent=282"}],"curies":[{"name":"wp","href":"https:\/\/api.w.org\/{rel}","templated":true}]}}